{"id":19684,"date":"2026-04-17T09:37:50","date_gmt":"2026-04-17T09:37:50","guid":{"rendered":"https:\/\/www.isqe.com\/?page_id=19684"},"modified":"2026-04-17T09:40:38","modified_gmt":"2026-04-17T09:40:38","slug":"international-project-charlie","status":"publish","type":"page","link":"https:\/\/www.isqe.com\/fr\/international-project-charlie\/","title":{"rendered":"International Project Charlie"},"content":{"rendered":"<div class=\"wpb-content-wrapper\"><div class=\"vc_row wpb_row section vc_row-fluid  vc_custom_1641394844318\" style=' text-align:left;'><div class=\"full_section_inner clearfix\"><div class=\"wpb_column vc_column_container vc_col-sm-12\"><div class=\"vc_column-inner\"><div class=\"wpb_wrapper\"><div class='q_elements_holder two_columns eh_two_columns_66_33 responsive_mode_from_768' ><div class='q_elements_item' data-animation='no' data-item-class='q_elements_holder_custom_298038' style='background-image: url(https:\/\/www.isqe.com\/wp-content\/uploads\/2026\/04\/proj_int_charlie.jpg);background-position: center;background-size: cover;'><div class='q_elements_item_inner'><div class='q_elements_item_content q_elements_holder_custom_298038'><\/div><\/div><\/div><div class='q_elements_item' data-animation='no' data-item-class='q_elements_holder_custom_367666' style='background-color:#ed1b34;'><div class='q_elements_item_inner'><div class='q_elements_item_content q_elements_holder_custom_367666' style='padding:20% 10% 20% 10%'>\n\t<div class=\"wpb_text_column wpb_content_element\">\n\t\t<div class=\"wpb_wrapper\">\n\t\t\t<h2 style=\"text-align: left;\"><span style=\"color: #fff; font-size: 74px; text-transform: lowercase; letter-spacing: -4px; line-height: 0.9em;\">Charlie<br \/>\n<\/span><\/h2>\n\n\t\t<\/div>\n\t<\/div><div class=\"separator  small left\" style=\"margin-top: 12px;background-color: #9d0b0f;\"><\/div><div class=\"vc_empty_space\"  style=\"height: 100px\" >\n\t<span class=\"vc_empty_space_inner\">\n\t\t<span class=\"empty_space_image\"  ><\/span>\n\t<\/span>\n<\/div><\/div><\/div><\/div><\/div><\/div><\/div><\/div><\/div><\/div><div      class=\"vc_row wpb_row section vc_row-fluid  grid_section\" style='background-color:#ffffff; padding-top:87px; padding-bottom:0px; text-align:left;'><div class=\"section_inner clearfix\"><div class='section_inner_margin clearfix'><div class=\"wpb_column vc_column_container vc_col-sm-12\"><div class=\"vc_column-inner\"><div class=\"wpb_wrapper\"><div      class=\"vc_row wpb_row section vc_row-fluid vc_inner\" style=' text-align:left;'><div class=\"full_section_inner clearfix\"><div class=\"wpb_column vc_column_container vc_col-sm-12\"><div class=\"vc_column-inner\"><div class=\"wpb_wrapper\">\n\t<div class=\"wpb_text_column wpb_content_element\">\n\t\t<div class=\"wpb_wrapper\">\n\t\t\t<p><b>CHARLIE \u2014 Challenging Bias in Big Data used for AI and Machine Learning<\/b><br \/>\n<b><\/b><\/p>\n<p>&nbsp;<\/p>\n<p><b>Refer\u00eancia<\/b><b>:<\/b> 2022-1-ES01-KA220-HED-000085257<br \/>\n<b>In\u00edcio<\/b><b>:<\/b> 30\/12\/2022<br \/>\n<b>Fim:<\/b> 29\/06\/2025<br \/>\n<b>Dur\u00e9e<\/b><b>:<\/b> 30 meses<br \/>\n<b>Status:<\/b> closed<br \/>\n<b>Grant total:<\/b> 400,000 \u20ac<br \/>\n<b>Cons\u00f3rcio:<\/b> Universitat de les Illes Balears, ISQe, Innovation Training Center, Helixconnect Europe, Aarhus Universitet e VAMK.<br \/>\n<b><\/b><\/p>\n<p>&nbsp;<\/p>\n<p><b>Resumo<\/b><b>:<\/b> O CHARLIE foi desenvolvido para refor\u00e7ar a capacidade de institui\u00e7\u00f5es e p\u00fablicos educativos para compreender, identificar e enfrentar enviesamentos em big data e em sistemas de intelig\u00eancia artificial e machine learning. O projeto assumiu uma abordagem socio-t\u00e9cnica \u00e0 \u00e9tica da IA, procurando n\u00e3o apenas explicar riscos de bias, mas tamb\u00e9m promover compet\u00eancias pr\u00e1ticas para medir, gerir e reduzir esses riscos em diferentes contextos. Os seus resultados incluem matrizes de compet\u00eancias, materiais formativos e recursos pedag\u00f3gicos orientados para Ethical AI e algorithmic bias, concebidos para apoiar uma transforma\u00e7\u00e3o digital mais cr\u00edtica, justa e respons\u00e1vel.<br \/>\n<b><\/b><\/p>\n<p>&nbsp;<\/p>\n<p><b>Website:<\/b> <a href=\"https:\/\/charlie-project.uib.es\">charlie-project.uib.es<\/a><\/p>\n\n\t\t<\/div>\n\t<\/div><div class=\"separator  transparent\" style=\"\"><\/div><\/div><\/div><\/div><\/div><\/div><\/div><\/div><\/div><\/div><\/div><\/div><div      class=\"vc_row wpb_row section vc_row-fluid\" style=' text-align:left;'><div class=\"full_section_inner clearfix\"><div class=\"wpb_column vc_column_container vc_col-sm-4\"><div class=\"vc_column-inner\"><div class=\"wpb_wrapper\">\n\t<div class=\"wpb_text_column wpb_content_element\">\n\t\t<div class=\"wpb_wrapper\">\n\t\t\t\n\t\t<\/div>\n\t<\/div><\/div><\/div><\/div><div class=\"wpb_column vc_column_container vc_col-sm-4\"><div class=\"vc_column-inner\"><div class=\"wpb_wrapper\"><\/div><\/div><\/div><div class=\"wpb_column vc_column_container vc_col-sm-4\"><div class=\"vc_column-inner\"><div class=\"wpb_wrapper\">\n\t<div class=\"wpb_single_image wpb_content_element vc_align_center\">\n\t\t<div class=\"wpb_wrapper\">\n\t\t\t\n\t\t\t<div class=\"vc_single_image-wrapper   vc_box_border_grey\"><img loading=\"lazy\" decoding=\"async\" width=\"300\" height=\"63\" src=\"https:\/\/www.isqe.com\/wp-content\/uploads\/2022\/05\/EN-Co-Funded-by-the-EU_POS-300x63.png\" class=\"vc_single_image-img attachment-medium\" alt=\"\" title=\"EN Co-Funded by the EU_POS\" srcset=\"https:\/\/www.isqe.com\/wp-content\/uploads\/2022\/05\/EN-Co-Funded-by-the-EU_POS-300x63.png 300w, https:\/\/www.isqe.com\/wp-content\/uploads\/2022\/05\/EN-Co-Funded-by-the-EU_POS-1024x215.png 1024w, https:\/\/www.isqe.com\/wp-content\/uploads\/2022\/05\/EN-Co-Funded-by-the-EU_POS-768x161.png 768w, https:\/\/www.isqe.com\/wp-content\/uploads\/2022\/05\/EN-Co-Funded-by-the-EU_POS-1536x322.png 1536w, https:\/\/www.isqe.com\/wp-content\/uploads\/2022\/05\/EN-Co-Funded-by-the-EU_POS-2048x430.png 2048w, https:\/\/www.isqe.com\/wp-content\/uploads\/2022\/05\/EN-Co-Funded-by-the-EU_POS-18x4.png 18w, https:\/\/www.isqe.com\/wp-content\/uploads\/2022\/05\/EN-Co-Funded-by-the-EU_POS-700x147.png 700w\" sizes=\"auto, (max-width: 300px) 100vw, 300px\" \/><\/div>\n\t\t<\/div>\n\t<\/div>\n<\/div><\/div><\/div><\/div><\/div><div      class=\"vc_row wpb_row section vc_row-fluid\" style=' text-align:left;'><div class=\"full_section_inner clearfix\"><div class=\"wpb_column vc_column_container vc_col-sm-12\"><div class=\"vc_column-inner\"><div class=\"wpb_wrapper\"><div class=\"separator  transparent\" style=\"\"><\/div><\/div><\/div><\/div><\/div><\/div><div      class=\"vc_row wpb_row section vc_row-fluid\" style=' text-align:left;'><div class=\"full_section_inner clearfix\"><div class=\"wpb_column vc_column_container vc_col-sm-12\"><div class=\"vc_column-inner\"><div class=\"wpb_wrapper\"><div class=\"separator  transparent\" style=\"\"><\/div><\/div><\/div><\/div><\/div><\/div>\n<\/div>","protected":false},"excerpt":{"rendered":"Charlie CHARLIE \u2014 Challenging Bias in Big Data used for AI and Machine Learning &nbsp; Refer\u00eancia: 2022-1-ES01-KA220-HED-000085257 In\u00edcio: 30\/12\/2022 Fim: 29\/06\/2025 Dura\u00e7\u00e3o: 30 meses Status: closed Grant total: 400,000 \u20ac Cons\u00f3rcio: Universitat de les Illes Balears, ISQe, Innovation Training Center, Helixconnect Europe, Aarhus Universitet e...","protected":false},"author":10,"featured_media":19676,"parent":0,"menu_order":0,"comment_status":"open","ping_status":"closed","template":"full_width.php","meta":{"_monsterinsights_skip_tracking":false,"_monsterinsights_sitenote_active":false,"_monsterinsights_sitenote_note":"","_monsterinsights_sitenote_category":0,"footnotes":""},"class_list":["post-19684","page","type-page","status-publish","has-post-thumbnail","hentry"],"yoast_head":"<!-- This site is optimized with the Yoast SEO plugin v26.6 - https:\/\/yoast.com\/wordpress\/plugins\/seo\/ -->\n<title>International Project Charlie - ISQe<\/title>\n<meta name=\"description\" content=\"O projeto DIYouth pretende formar jovens com compet\u00eancias-chave para a inser\u00e7\u00e3o no mercado de trabalho na industria cultural e criativa.\" \/>\n<meta name=\"robots\" content=\"index, follow, max-snippet:-1, max-image-preview:large, max-video-preview:-1\" \/>\n<link rel=\"canonical\" href=\"https:\/\/www.isqe.com\/fr\/international-project-charlie\/\" \/>\n<meta property=\"og:locale\" content=\"fr_FR\" \/>\n<meta property=\"og:type\" content=\"article\" \/>\n<meta property=\"og:title\" content=\"International Project Charlie - ISQe\" \/>\n<meta property=\"og:description\" content=\"O projeto DIYouth pretende formar jovens com compet\u00eancias-chave para a inser\u00e7\u00e3o no mercado de trabalho na industria cultural e criativa.\" \/>\n<meta property=\"og:url\" content=\"https:\/\/www.isqe.com\/fr\/international-project-charlie\/\" \/>\n<meta property=\"og:site_name\" content=\"ISQe\" \/>\n<meta property=\"article:publisher\" content=\"https:\/\/www.facebook.com\/ISQe.Engaging.People\" \/>\n<meta property=\"article:modified_time\" content=\"2026-04-17T09:40:38+00:00\" \/>\n<meta property=\"og:image\" content=\"https:\/\/www.isqe.com\/wp-content\/uploads\/2026\/04\/proj_int_charlie.jpg\" \/>\n\t<meta property=\"og:image:width\" content=\"1440\" \/>\n\t<meta property=\"og:image:height\" content=\"617\" \/>\n\t<meta property=\"og:image:type\" content=\"image\/jpeg\" \/>\n<meta name=\"twitter:card\" content=\"summary_large_image\" \/>\n<meta name=\"twitter:label1\" content=\"Dur\u00e9e de lecture estim\u00e9e\" \/>\n\t<meta name=\"twitter:data1\" content=\"2 minutes\" \/>\n<script type=\"application\/ld+json\" class=\"yoast-schema-graph\">{\"@context\":\"https:\/\/schema.org\",\"@graph\":[{\"@type\":\"WebPage\",\"@id\":\"https:\/\/www.isqe.com\/international-project-charlie\/\",\"url\":\"https:\/\/www.isqe.com\/international-project-charlie\/\",\"name\":\"International Project Charlie - ISQe\",\"isPartOf\":{\"@id\":\"https:\/\/www.isqe.com\/#website\"},\"primaryImageOfPage\":{\"@id\":\"https:\/\/www.isqe.com\/international-project-charlie\/#primaryimage\"},\"image\":{\"@id\":\"https:\/\/www.isqe.com\/international-project-charlie\/#primaryimage\"},\"thumbnailUrl\":\"https:\/\/www.isqe.com\/wp-content\/uploads\/2026\/04\/proj_int_charlie.jpg\",\"datePublished\":\"2026-04-17T09:37:50+00:00\",\"dateModified\":\"2026-04-17T09:40:38+00:00\",\"description\":\"O projeto DIYouth pretende formar jovens com compet\u00eancias-chave para a inser\u00e7\u00e3o no mercado de trabalho na industria cultural e criativa.\",\"breadcrumb\":{\"@id\":\"https:\/\/www.isqe.com\/international-project-charlie\/#breadcrumb\"},\"inLanguage\":\"fr-FR\",\"potentialAction\":[{\"@type\":\"ReadAction\",\"target\":[\"https:\/\/www.isqe.com\/international-project-charlie\/\"]}]},{\"@type\":\"ImageObject\",\"inLanguage\":\"fr-FR\",\"@id\":\"https:\/\/www.isqe.com\/international-project-charlie\/#primaryimage\",\"url\":\"https:\/\/www.isqe.com\/wp-content\/uploads\/2026\/04\/proj_int_charlie.jpg\",\"contentUrl\":\"https:\/\/www.isqe.com\/wp-content\/uploads\/2026\/04\/proj_int_charlie.jpg\",\"width\":1440,\"height\":617},{\"@type\":\"BreadcrumbList\",\"@id\":\"https:\/\/www.isqe.com\/international-project-charlie\/#breadcrumb\",\"itemListElement\":[{\"@type\":\"ListItem\",\"position\":1,\"name\":\"In\u00edcio\",\"item\":\"https:\/\/www.isqe.com\/\"},{\"@type\":\"ListItem\",\"position\":2,\"name\":\"International Project Charlie\"}]},{\"@type\":\"WebSite\",\"@id\":\"https:\/\/www.isqe.com\/#website\",\"url\":\"https:\/\/www.isqe.com\/\",\"name\":\"ISQe\",\"description\":\"Engaging People\",\"publisher\":{\"@id\":\"https:\/\/www.isqe.com\/#organization\"},\"potentialAction\":[{\"@type\":\"SearchAction\",\"target\":{\"@type\":\"EntryPoint\",\"urlTemplate\":\"https:\/\/www.isqe.com\/?s={search_term_string}\"},\"query-input\":{\"@type\":\"PropertyValueSpecification\",\"valueRequired\":true,\"valueName\":\"search_term_string\"}}],\"inLanguage\":\"fr-FR\"},{\"@type\":\"Organization\",\"@id\":\"https:\/\/www.isqe.com\/#organization\",\"name\":\"ISQe\",\"url\":\"https:\/\/www.isqe.com\/\",\"logo\":{\"@type\":\"ImageObject\",\"inLanguage\":\"fr-FR\",\"@id\":\"https:\/\/www.isqe.com\/#\/schema\/logo\/image\/\",\"url\":\"https:\/\/www.isqe.com\/wp-content\/uploads\/2022\/01\/ISQe-logotipo-web.png\",\"contentUrl\":\"https:\/\/www.isqe.com\/wp-content\/uploads\/2022\/01\/ISQe-logotipo-web.png\",\"width\":842,\"height\":596,\"caption\":\"ISQe\"},\"image\":{\"@id\":\"https:\/\/www.isqe.com\/#\/schema\/logo\/image\/\"},\"sameAs\":[\"https:\/\/www.facebook.com\/ISQe.Engaging.People\",\"https:\/\/www.instagram.com\/isqe.engage.people\/\",\"https:\/\/pt.linkedin.com\/company\/isqe\",\"https:\/\/www.youtube.com\/channel\/UChrGaLoIk_sh__ZEoCzBjxA\/featured\"]}]}<\/script>\n<!-- \/ Yoast SEO plugin. -->","yoast_head_json":{"title":"International Project Charlie - ISQe","description":"O projeto DIYouth pretende formar jovens com compet\u00eancias-chave para a inser\u00e7\u00e3o no mercado de trabalho na industria cultural e criativa.","robots":{"index":"index","follow":"follow","max-snippet":"max-snippet:-1","max-image-preview":"max-image-preview:large","max-video-preview":"max-video-preview:-1"},"canonical":"https:\/\/www.isqe.com\/fr\/international-project-charlie\/","og_locale":"fr_FR","og_type":"article","og_title":"International Project Charlie - ISQe","og_description":"O projeto DIYouth pretende formar jovens com compet\u00eancias-chave para a inser\u00e7\u00e3o no mercado de trabalho na industria cultural e criativa.","og_url":"https:\/\/www.isqe.com\/fr\/international-project-charlie\/","og_site_name":"ISQe","article_publisher":"https:\/\/www.facebook.com\/ISQe.Engaging.People","article_modified_time":"2026-04-17T09:40:38+00:00","og_image":[{"width":1440,"height":617,"url":"https:\/\/www.isqe.com\/wp-content\/uploads\/2026\/04\/proj_int_charlie.jpg","type":"image\/jpeg"}],"twitter_card":"summary_large_image","twitter_misc":{"Dur\u00e9e de lecture estim\u00e9e":"2 minutes"},"schema":{"@context":"https:\/\/schema.org","@graph":[{"@type":"WebPage","@id":"https:\/\/www.isqe.com\/international-project-charlie\/","url":"https:\/\/www.isqe.com\/international-project-charlie\/","name":"International Project Charlie - ISQe","isPartOf":{"@id":"https:\/\/www.isqe.com\/#website"},"primaryImageOfPage":{"@id":"https:\/\/www.isqe.com\/international-project-charlie\/#primaryimage"},"image":{"@id":"https:\/\/www.isqe.com\/international-project-charlie\/#primaryimage"},"thumbnailUrl":"https:\/\/www.isqe.com\/wp-content\/uploads\/2026\/04\/proj_int_charlie.jpg","datePublished":"2026-04-17T09:37:50+00:00","dateModified":"2026-04-17T09:40:38+00:00","description":"O projeto DIYouth pretende formar jovens com compet\u00eancias-chave para a inser\u00e7\u00e3o no mercado de trabalho na industria cultural e criativa.","breadcrumb":{"@id":"https:\/\/www.isqe.com\/international-project-charlie\/#breadcrumb"},"inLanguage":"fr-FR","potentialAction":[{"@type":"ReadAction","target":["https:\/\/www.isqe.com\/international-project-charlie\/"]}]},{"@type":"ImageObject","inLanguage":"fr-FR","@id":"https:\/\/www.isqe.com\/international-project-charlie\/#primaryimage","url":"https:\/\/www.isqe.com\/wp-content\/uploads\/2026\/04\/proj_int_charlie.jpg","contentUrl":"https:\/\/www.isqe.com\/wp-content\/uploads\/2026\/04\/proj_int_charlie.jpg","width":1440,"height":617},{"@type":"BreadcrumbList","@id":"https:\/\/www.isqe.com\/international-project-charlie\/#breadcrumb","itemListElement":[{"@type":"ListItem","position":1,"name":"In\u00edcio","item":"https:\/\/www.isqe.com\/"},{"@type":"ListItem","position":2,"name":"International Project Charlie"}]},{"@type":"WebSite","@id":"https:\/\/www.isqe.com\/#website","url":"https:\/\/www.isqe.com\/","name":"ISQe","description":"Engaging People","publisher":{"@id":"https:\/\/www.isqe.com\/#organization"},"potentialAction":[{"@type":"SearchAction","target":{"@type":"EntryPoint","urlTemplate":"https:\/\/www.isqe.com\/?s={search_term_string}"},"query-input":{"@type":"PropertyValueSpecification","valueRequired":true,"valueName":"search_term_string"}}],"inLanguage":"fr-FR"},{"@type":"Organization","@id":"https:\/\/www.isqe.com\/#organization","name":"ISQe","url":"https:\/\/www.isqe.com\/","logo":{"@type":"ImageObject","inLanguage":"fr-FR","@id":"https:\/\/www.isqe.com\/#\/schema\/logo\/image\/","url":"https:\/\/www.isqe.com\/wp-content\/uploads\/2022\/01\/ISQe-logotipo-web.png","contentUrl":"https:\/\/www.isqe.com\/wp-content\/uploads\/2022\/01\/ISQe-logotipo-web.png","width":842,"height":596,"caption":"ISQe"},"image":{"@id":"https:\/\/www.isqe.com\/#\/schema\/logo\/image\/"},"sameAs":["https:\/\/www.facebook.com\/ISQe.Engaging.People","https:\/\/www.instagram.com\/isqe.engage.people\/","https:\/\/pt.linkedin.com\/company\/isqe","https:\/\/www.youtube.com\/channel\/UChrGaLoIk_sh__ZEoCzBjxA\/featured"]}]}},"_links":{"self":[{"href":"https:\/\/www.isqe.com\/fr\/wp-json\/wp\/v2\/pages\/19684","targetHints":{"allow":["GET"]}}],"collection":[{"href":"https:\/\/www.isqe.com\/fr\/wp-json\/wp\/v2\/pages"}],"about":[{"href":"https:\/\/www.isqe.com\/fr\/wp-json\/wp\/v2\/types\/page"}],"author":[{"embeddable":true,"href":"https:\/\/www.isqe.com\/fr\/wp-json\/wp\/v2\/users\/10"}],"replies":[{"embeddable":true,"href":"https:\/\/www.isqe.com\/fr\/wp-json\/wp\/v2\/comments?post=19684"}],"version-history":[{"count":3,"href":"https:\/\/www.isqe.com\/fr\/wp-json\/wp\/v2\/pages\/19684\/revisions"}],"predecessor-version":[{"id":19720,"href":"https:\/\/www.isqe.com\/fr\/wp-json\/wp\/v2\/pages\/19684\/revisions\/19720"}],"wp:featuredmedia":[{"embeddable":true,"href":"https:\/\/www.isqe.com\/fr\/wp-json\/wp\/v2\/media\/19676"}],"wp:attachment":[{"href":"https:\/\/www.isqe.com\/fr\/wp-json\/wp\/v2\/media?parent=19684"}],"curies":[{"name":"wp","href":"https:\/\/api.w.org\/{rel}","templated":true}]}}