{"id":17315,"date":"2022-05-23T19:05:03","date_gmt":"2022-05-23T19:05:03","guid":{"rendered":"https:\/\/www.isqe.com\/?page_id=17315"},"modified":"2026-04-16T15:47:46","modified_gmt":"2026-04-16T15:47:46","slug":"quest","status":"publish","type":"page","link":"https:\/\/www.isqe.com\/fr\/quest\/","title":{"rendered":"QUEST"},"content":{"rendered":"<div class=\"wpb-content-wrapper\"><div class=\"vc_row wpb_row section vc_row-fluid  vc_custom_1641394844318\" style=' text-align:left;'><div class=\"full_section_inner clearfix\"><div class=\"wpb_column vc_column_container vc_col-sm-12\"><div class=\"vc_column-inner\"><div class=\"wpb_wrapper\"><div class='q_elements_holder two_columns eh_two_columns_66_33 responsive_mode_from_768' ><div class='q_elements_item' data-animation='no' data-item-class='q_elements_holder_custom_906288' style='background-image: url(https:\/\/www.isqe.com\/wp-content\/uploads\/2022\/05\/Quest.png);background-position: center;background-size: cover;'><div class='q_elements_item_inner'><div class='q_elements_item_content q_elements_holder_custom_906288'><\/div><\/div><\/div><div class='q_elements_item' data-animation='no' data-item-class='q_elements_holder_custom_550786' style='background-color:#ed1b34;'><div class='q_elements_item_inner'><div class='q_elements_item_content q_elements_holder_custom_550786' style='padding:20% 10% 20% 10%'>\n\t<div class=\"wpb_text_column wpb_content_element\">\n\t\t<div class=\"wpb_wrapper\">\n\t\t\t<h2 style=\"text-align: left;\"><span style=\"color: #fff; font-size: 74px; text-transform: lowercase; letter-spacing: -4px; line-height: 0.9em;\">QUEST<br \/>\n<\/span><\/h2>\n\n\t\t<\/div>\n\t<\/div><div class=\"separator  small left\" style=\"margin-top: 12px;background-color: #9d0b0f;\"><\/div><div class=\"vc_empty_space\"  style=\"height: 100px\" >\n\t<span class=\"vc_empty_space_inner\">\n\t\t<span class=\"empty_space_image\"  ><\/span>\n\t<\/span>\n<\/div><\/div><\/div><\/div><\/div><\/div><\/div><\/div><\/div><\/div><div      class=\"vc_row wpb_row section vc_row-fluid  grid_section\" style='background-color:#ffffff; padding-top:87px; padding-bottom:0px; text-align:left;'><div class=\"section_inner clearfix\"><div class='section_inner_margin clearfix'><div class=\"wpb_column vc_column_container vc_col-sm-12\"><div class=\"vc_column-inner\"><div class=\"wpb_wrapper\"><div      class=\"vc_row wpb_row section vc_row-fluid vc_inner\" style=' text-align:left;'><div class=\"full_section_inner clearfix\"><div class=\"wpb_column vc_column_container vc_col-sm-12\"><div class=\"vc_column-inner\"><div class=\"wpb_wrapper\">\n\t<div class=\"wpb_text_column wpb_content_element\">\n\t\t<div class=\"wpb_wrapper\">\n\t\t\t<p><b>QUEST \u2014 Qualifying for the Ultimate Engaging Smart Training<\/b><br \/>\n<b><\/b><\/p>\n<p>&nbsp;<\/p>\n<p><b>Refer\u00eancia:<\/b> 2021-1-PT01-KA220-VET-000034676<br \/>\n<b>In\u00edcio:<\/b> 01\/11\/2021<br \/>\n<b>Fin:<\/b> 01\/11\/2023<br \/>\n<b>Dura\u00e7\u00e3o:<\/b> 24 mois<br \/>\n<b>Statut :<\/b> ferm\u00e9<br \/>\n<b>Subvention totale :<\/b> 288,341 \u20ac<br \/>\n<b>Consortium :<\/b> ISQe, IADE, University of Turku, Future in Perspective, EFCoCert Foundation e EDEN DLE.<br \/>\n<b><\/b><\/p>\n<p>&nbsp;<\/p>\n<p><b>R\u00e9sum\u00e9:<\/b><\/p>\n<p>QUEST avait pour ambition de structurer et de l\u00e9gitimer, \u00e0 l\u2019\u00e9chelle europ\u00e9enne, le profil professionnel de l\u2019Instructional Designer, une fonction de plus en plus centrale pour la qualit\u00e9 de l\u2019apprentissage num\u00e9rique, mais encore peu harmonis\u00e9e entre les pays et les contextes. Le projet visait \u00e0 contribuer \u00e0 l\u2019harmonisation des comp\u00e9tences, \u00e0 soutenir la mobilit\u00e9 des professionnels dans ce domaine et \u00e0 renforcer la capacit\u00e9 europ\u00e9enne \u00e0 d\u00e9velopper des exp\u00e9riences d\u2019e-learning plus attractives et plus efficaces. Parmi ses r\u00e9sultats figurent des avanc\u00e9es dans le d\u00e9veloppement du profil professionnel europ\u00e9en de l\u2019Instructional Designer, de la qualification correspondante, d\u2019un processus de reconnaissance des acquis ant\u00e9rieurs et d\u2019autres produits associ\u00e9s \u00e0 la professionnalisation de cette fonction.<\/p>\n<p>&nbsp;<\/p>\n<p><b>Website:<\/b> <a href=\"https:\/\/quest-project.com\/\">https:\/\/quest-project.com\/<\/a><\/p>\n\n\t\t<\/div>\n\t<\/div><div class=\"separator  transparent\" style=\"margin-top: 30px;margin-bottom: 0px;\"><\/div><span class='q_social_icon_holder circle_social' data-color=\"#c3161c\" data-hover-background-color=\"#77b4b5\" data-hover-color=\"#ffffff\"><a itemprop='url' href='https:\/\/www.facebook.com\/questeuproject' target='_self'><span class='fa-stack fa-lg' style='background-color: #828282;'><i class=\"qode_icon_font_awesome fa fa-facebook\" style=\"color: #c3161c;\" ><\/i><\/span><\/a><\/span><span class='q_social_icon_holder circle_social' data-color=\"#c3161c\" data-hover-background-color=\"#77b4b5\" data-hover-color=\"#ffffff\"><a itemprop='url' href='https:\/\/www.linkedin.com\/company\/quest-e-project\/' target='_self'><span class='fa-stack fa-lg' style='background-color: #828282;'><i class=\"qode_icon_font_awesome fa fa-linkedin\" style=\"color: #c3161c;\" ><\/i><\/span><\/a><\/span><span class='q_social_icon_holder circle_social' data-color=\"#c3161c\" data-hover-background-color=\"#77b4b5\" data-hover-color=\"#ffffff\"><a itemprop='url' href='https:\/\/twitter.com\/QUEST_project_' target='_self'><span class='fa-stack fa-lg' style='background-color: #828282;'><i class=\"qode_icon_font_awesome fa fa-twitter\" style=\"color: #c3161c;\" ><\/i><\/span><\/a><\/span><div class=\"separator  transparent\" style=\"\"><\/div><div class=\"separator  transparent\" style=\"\"><\/div><\/div><\/div><\/div><\/div><\/div><\/div><\/div><\/div><\/div><\/div><\/div><div      class=\"vc_row wpb_row section vc_row-fluid\" style=' text-align:left;'><div class=\"full_section_inner clearfix\"><div class=\"wpb_column vc_column_container vc_col-sm-4\"><div class=\"vc_column-inner\"><div class=\"wpb_wrapper\">\n\t<div class=\"wpb_text_column wpb_content_element\">\n\t\t<div class=\"wpb_wrapper\">\n\t\t\t\n\t\t<\/div>\n\t<\/div><\/div><\/div><\/div><div class=\"wpb_column vc_column_container vc_col-sm-4\"><div class=\"vc_column-inner\"><div class=\"wpb_wrapper\"><\/div><\/div><\/div><div class=\"wpb_column vc_column_container vc_col-sm-4\"><div class=\"vc_column-inner\"><div class=\"wpb_wrapper\">\n\t<div class=\"wpb_single_image wpb_content_element vc_align_center\">\n\t\t<div class=\"wpb_wrapper\">\n\t\t\t\n\t\t\t<div class=\"vc_single_image-wrapper   vc_box_border_grey\"><img loading=\"lazy\" decoding=\"async\" width=\"300\" height=\"63\" src=\"https:\/\/www.isqe.com\/wp-content\/uploads\/2022\/05\/EN-Co-Funded-by-the-EU_POS-300x63.png\" class=\"vc_single_image-img attachment-medium\" alt=\"\" title=\"EN Co-Funded by the EU_POS\" srcset=\"https:\/\/www.isqe.com\/wp-content\/uploads\/2022\/05\/EN-Co-Funded-by-the-EU_POS-300x63.png 300w, https:\/\/www.isqe.com\/wp-content\/uploads\/2022\/05\/EN-Co-Funded-by-the-EU_POS-1024x215.png 1024w, https:\/\/www.isqe.com\/wp-content\/uploads\/2022\/05\/EN-Co-Funded-by-the-EU_POS-768x161.png 768w, https:\/\/www.isqe.com\/wp-content\/uploads\/2022\/05\/EN-Co-Funded-by-the-EU_POS-1536x322.png 1536w, https:\/\/www.isqe.com\/wp-content\/uploads\/2022\/05\/EN-Co-Funded-by-the-EU_POS-2048x430.png 2048w, https:\/\/www.isqe.com\/wp-content\/uploads\/2022\/05\/EN-Co-Funded-by-the-EU_POS-18x4.png 18w, https:\/\/www.isqe.com\/wp-content\/uploads\/2022\/05\/EN-Co-Funded-by-the-EU_POS-700x147.png 700w\" sizes=\"auto, (max-width: 300px) 100vw, 300px\" \/><\/div>\n\t\t<\/div>\n\t<\/div>\n<\/div><\/div><\/div><\/div><\/div><div      class=\"vc_row wpb_row section vc_row-fluid\" style=' text-align:left;'><div class=\"full_section_inner clearfix\"><div class=\"wpb_column vc_column_container vc_col-sm-12\"><div class=\"vc_column-inner\"><div class=\"wpb_wrapper\"><div class=\"separator  transparent\" style=\"\"><\/div><\/div><\/div><\/div><\/div><\/div><div      class=\"vc_row wpb_row section vc_row-fluid\" style=' text-align:left;'><div class=\"full_section_inner clearfix\"><div class=\"wpb_column vc_column_container vc_col-sm-12\"><div class=\"vc_column-inner\"><div class=\"wpb_wrapper\"><div class=\"separator  transparent\" style=\"\"><\/div><\/div><\/div><\/div><\/div><\/div>\n<\/div>","protected":false},"excerpt":{"rendered":"QUEST QUEST \u2014 Qualifying for the Ultimate Engaging Smart Training &nbsp; Refer\u00eancia: 2021-1-PT01-KA220-VET-000034676 In\u00edcio: 01\/11\/2021 Fim: 01\/11\/2023 Dura\u00e7\u00e3o: 24 meses Status: closed Grant total: 288,341 \u20ac Cons\u00f3rcio: ISQe, IADE, University of Turku, Future in Perspective, EFCoCert Foundation e EDEN DLE. &nbsp; Resumo: O QUEST teve...","protected":false},"author":7,"featured_media":17350,"parent":0,"menu_order":0,"comment_status":"open","ping_status":"open","template":"full_width.php","meta":{"_monsterinsights_skip_tracking":false,"_monsterinsights_sitenote_active":false,"_monsterinsights_sitenote_note":"","_monsterinsights_sitenote_category":0,"footnotes":""},"class_list":["post-17315","page","type-page","status-publish","has-post-thumbnail","hentry"],"yoast_head":"<!-- This site is optimized with the Yoast SEO plugin v26.6 - https:\/\/yoast.com\/wordpress\/plugins\/seo\/ -->\n<title>QUEST - ISQe<\/title>\n<meta name=\"description\" content=\"O projeto QUEST pretende melhorar a qualidade do ensino e forma\u00e7\u00e3o \u00e0 distancia. O novo perfil profissional Europeu Instructional Designer ...\" \/>\n<meta name=\"robots\" content=\"index, follow, max-snippet:-1, max-image-preview:large, max-video-preview:-1\" \/>\n<link rel=\"canonical\" href=\"https:\/\/www.isqe.com\/fr\/quest\/\" \/>\n<meta property=\"og:locale\" content=\"fr_FR\" \/>\n<meta property=\"og:type\" content=\"article\" \/>\n<meta property=\"og:title\" content=\"QUEST - ISQe\" \/>\n<meta property=\"og:description\" content=\"O projeto QUEST pretende melhorar a qualidade do ensino e forma\u00e7\u00e3o \u00e0 distancia. O novo perfil profissional Europeu Instructional Designer ...\" \/>\n<meta property=\"og:url\" content=\"https:\/\/www.isqe.com\/fr\/quest\/\" \/>\n<meta property=\"og:site_name\" content=\"ISQe\" \/>\n<meta property=\"article:publisher\" content=\"https:\/\/www.facebook.com\/ISQe.Engaging.People\" \/>\n<meta property=\"article:modified_time\" content=\"2026-04-16T15:47:46+00:00\" \/>\n<meta property=\"og:image\" content=\"https:\/\/www.isqe.com\/wp-content\/uploads\/2022\/05\/Quest.png\" \/>\n\t<meta property=\"og:image:width\" content=\"1440\" \/>\n\t<meta property=\"og:image:height\" content=\"617\" \/>\n\t<meta property=\"og:image:type\" content=\"image\/png\" \/>\n<meta name=\"twitter:card\" content=\"summary_large_image\" \/>\n<meta name=\"twitter:label1\" content=\"Dur\u00e9e de lecture estim\u00e9e\" \/>\n\t<meta name=\"twitter:data1\" content=\"2 minutes\" \/>\n<script type=\"application\/ld+json\" class=\"yoast-schema-graph\">{\"@context\":\"https:\/\/schema.org\",\"@graph\":[{\"@type\":\"WebPage\",\"@id\":\"https:\/\/www.isqe.com\/quest\/\",\"url\":\"https:\/\/www.isqe.com\/quest\/\",\"name\":\"QUEST - ISQe\",\"isPartOf\":{\"@id\":\"https:\/\/www.isqe.com\/#website\"},\"primaryImageOfPage\":{\"@id\":\"https:\/\/www.isqe.com\/quest\/#primaryimage\"},\"image\":{\"@id\":\"https:\/\/www.isqe.com\/quest\/#primaryimage\"},\"thumbnailUrl\":\"https:\/\/www.isqe.com\/wp-content\/uploads\/2022\/05\/Quest.png\",\"datePublished\":\"2022-05-23T19:05:03+00:00\",\"dateModified\":\"2026-04-16T15:47:46+00:00\",\"description\":\"O projeto QUEST pretende melhorar a qualidade do ensino e forma\u00e7\u00e3o \u00e0 distancia. O novo perfil profissional Europeu Instructional Designer ...\",\"breadcrumb\":{\"@id\":\"https:\/\/www.isqe.com\/quest\/#breadcrumb\"},\"inLanguage\":\"fr-FR\",\"potentialAction\":[{\"@type\":\"ReadAction\",\"target\":[\"https:\/\/www.isqe.com\/quest\/\"]}]},{\"@type\":\"ImageObject\",\"inLanguage\":\"fr-FR\",\"@id\":\"https:\/\/www.isqe.com\/quest\/#primaryimage\",\"url\":\"https:\/\/www.isqe.com\/wp-content\/uploads\/2022\/05\/Quest.png\",\"contentUrl\":\"https:\/\/www.isqe.com\/wp-content\/uploads\/2022\/05\/Quest.png\",\"width\":1440,\"height\":617},{\"@type\":\"BreadcrumbList\",\"@id\":\"https:\/\/www.isqe.com\/quest\/#breadcrumb\",\"itemListElement\":[{\"@type\":\"ListItem\",\"position\":1,\"name\":\"In\u00edcio\",\"item\":\"https:\/\/www.isqe.com\/\"},{\"@type\":\"ListItem\",\"position\":2,\"name\":\"QUEST\"}]},{\"@type\":\"WebSite\",\"@id\":\"https:\/\/www.isqe.com\/#website\",\"url\":\"https:\/\/www.isqe.com\/\",\"name\":\"ISQe\",\"description\":\"Engaging People\",\"publisher\":{\"@id\":\"https:\/\/www.isqe.com\/#organization\"},\"potentialAction\":[{\"@type\":\"SearchAction\",\"target\":{\"@type\":\"EntryPoint\",\"urlTemplate\":\"https:\/\/www.isqe.com\/?s={search_term_string}\"},\"query-input\":{\"@type\":\"PropertyValueSpecification\",\"valueRequired\":true,\"valueName\":\"search_term_string\"}}],\"inLanguage\":\"fr-FR\"},{\"@type\":\"Organization\",\"@id\":\"https:\/\/www.isqe.com\/#organization\",\"name\":\"ISQe\",\"url\":\"https:\/\/www.isqe.com\/\",\"logo\":{\"@type\":\"ImageObject\",\"inLanguage\":\"fr-FR\",\"@id\":\"https:\/\/www.isqe.com\/#\/schema\/logo\/image\/\",\"url\":\"https:\/\/www.isqe.com\/wp-content\/uploads\/2022\/01\/ISQe-logotipo-web.png\",\"contentUrl\":\"https:\/\/www.isqe.com\/wp-content\/uploads\/2022\/01\/ISQe-logotipo-web.png\",\"width\":842,\"height\":596,\"caption\":\"ISQe\"},\"image\":{\"@id\":\"https:\/\/www.isqe.com\/#\/schema\/logo\/image\/\"},\"sameAs\":[\"https:\/\/www.facebook.com\/ISQe.Engaging.People\",\"https:\/\/www.instagram.com\/isqe.engage.people\/\",\"https:\/\/pt.linkedin.com\/company\/isqe\",\"https:\/\/www.youtube.com\/channel\/UChrGaLoIk_sh__ZEoCzBjxA\/featured\"]}]}<\/script>\n<!-- \/ Yoast SEO plugin. -->","yoast_head_json":{"title":"QUEST - ISQe","description":"O projeto QUEST pretende melhorar a qualidade do ensino e forma\u00e7\u00e3o \u00e0 distancia. O novo perfil profissional Europeu Instructional Designer ...","robots":{"index":"index","follow":"follow","max-snippet":"max-snippet:-1","max-image-preview":"max-image-preview:large","max-video-preview":"max-video-preview:-1"},"canonical":"https:\/\/www.isqe.com\/fr\/quest\/","og_locale":"fr_FR","og_type":"article","og_title":"QUEST - ISQe","og_description":"O projeto QUEST pretende melhorar a qualidade do ensino e forma\u00e7\u00e3o \u00e0 distancia. O novo perfil profissional Europeu Instructional Designer ...","og_url":"https:\/\/www.isqe.com\/fr\/quest\/","og_site_name":"ISQe","article_publisher":"https:\/\/www.facebook.com\/ISQe.Engaging.People","article_modified_time":"2026-04-16T15:47:46+00:00","og_image":[{"width":1440,"height":617,"url":"https:\/\/www.isqe.com\/wp-content\/uploads\/2022\/05\/Quest.png","type":"image\/png"}],"twitter_card":"summary_large_image","twitter_misc":{"Dur\u00e9e de lecture estim\u00e9e":"2 minutes"},"schema":{"@context":"https:\/\/schema.org","@graph":[{"@type":"WebPage","@id":"https:\/\/www.isqe.com\/quest\/","url":"https:\/\/www.isqe.com\/quest\/","name":"QUEST - ISQe","isPartOf":{"@id":"https:\/\/www.isqe.com\/#website"},"primaryImageOfPage":{"@id":"https:\/\/www.isqe.com\/quest\/#primaryimage"},"image":{"@id":"https:\/\/www.isqe.com\/quest\/#primaryimage"},"thumbnailUrl":"https:\/\/www.isqe.com\/wp-content\/uploads\/2022\/05\/Quest.png","datePublished":"2022-05-23T19:05:03+00:00","dateModified":"2026-04-16T15:47:46+00:00","description":"O projeto QUEST pretende melhorar a qualidade do ensino e forma\u00e7\u00e3o \u00e0 distancia. O novo perfil profissional Europeu Instructional Designer ...","breadcrumb":{"@id":"https:\/\/www.isqe.com\/quest\/#breadcrumb"},"inLanguage":"fr-FR","potentialAction":[{"@type":"ReadAction","target":["https:\/\/www.isqe.com\/quest\/"]}]},{"@type":"ImageObject","inLanguage":"fr-FR","@id":"https:\/\/www.isqe.com\/quest\/#primaryimage","url":"https:\/\/www.isqe.com\/wp-content\/uploads\/2022\/05\/Quest.png","contentUrl":"https:\/\/www.isqe.com\/wp-content\/uploads\/2022\/05\/Quest.png","width":1440,"height":617},{"@type":"BreadcrumbList","@id":"https:\/\/www.isqe.com\/quest\/#breadcrumb","itemListElement":[{"@type":"ListItem","position":1,"name":"In\u00edcio","item":"https:\/\/www.isqe.com\/"},{"@type":"ListItem","position":2,"name":"QUEST"}]},{"@type":"WebSite","@id":"https:\/\/www.isqe.com\/#website","url":"https:\/\/www.isqe.com\/","name":"ISQe","description":"Engaging People","publisher":{"@id":"https:\/\/www.isqe.com\/#organization"},"potentialAction":[{"@type":"SearchAction","target":{"@type":"EntryPoint","urlTemplate":"https:\/\/www.isqe.com\/?s={search_term_string}"},"query-input":{"@type":"PropertyValueSpecification","valueRequired":true,"valueName":"search_term_string"}}],"inLanguage":"fr-FR"},{"@type":"Organization","@id":"https:\/\/www.isqe.com\/#organization","name":"ISQe","url":"https:\/\/www.isqe.com\/","logo":{"@type":"ImageObject","inLanguage":"fr-FR","@id":"https:\/\/www.isqe.com\/#\/schema\/logo\/image\/","url":"https:\/\/www.isqe.com\/wp-content\/uploads\/2022\/01\/ISQe-logotipo-web.png","contentUrl":"https:\/\/www.isqe.com\/wp-content\/uploads\/2022\/01\/ISQe-logotipo-web.png","width":842,"height":596,"caption":"ISQe"},"image":{"@id":"https:\/\/www.isqe.com\/#\/schema\/logo\/image\/"},"sameAs":["https:\/\/www.facebook.com\/ISQe.Engaging.People","https:\/\/www.instagram.com\/isqe.engage.people\/","https:\/\/pt.linkedin.com\/company\/isqe","https:\/\/www.youtube.com\/channel\/UChrGaLoIk_sh__ZEoCzBjxA\/featured"]}]}},"_links":{"self":[{"href":"https:\/\/www.isqe.com\/fr\/wp-json\/wp\/v2\/pages\/17315","targetHints":{"allow":["GET"]}}],"collection":[{"href":"https:\/\/www.isqe.com\/fr\/wp-json\/wp\/v2\/pages"}],"about":[{"href":"https:\/\/www.isqe.com\/fr\/wp-json\/wp\/v2\/types\/page"}],"author":[{"embeddable":true,"href":"https:\/\/www.isqe.com\/fr\/wp-json\/wp\/v2\/users\/7"}],"replies":[{"embeddable":true,"href":"https:\/\/www.isqe.com\/fr\/wp-json\/wp\/v2\/comments?post=17315"}],"version-history":[{"count":7,"href":"https:\/\/www.isqe.com\/fr\/wp-json\/wp\/v2\/pages\/17315\/revisions"}],"predecessor-version":[{"id":19651,"href":"https:\/\/www.isqe.com\/fr\/wp-json\/wp\/v2\/pages\/17315\/revisions\/19651"}],"wp:featuredmedia":[{"embeddable":true,"href":"https:\/\/www.isqe.com\/fr\/wp-json\/wp\/v2\/media\/17350"}],"wp:attachment":[{"href":"https:\/\/www.isqe.com\/fr\/wp-json\/wp\/v2\/media?parent=17315"}],"curies":[{"name":"wp","href":"https:\/\/api.w.org\/{rel}","templated":true}]}}