{"id":16544,"date":"2022-01-17T14:56:10","date_gmt":"2022-01-17T14:56:10","guid":{"rendered":"https:\/\/www.isqe.com\/?page_id=16544"},"modified":"2026-04-16T15:31:03","modified_gmt":"2026-04-16T15:31:03","slug":"teachpaas","status":"publish","type":"page","link":"https:\/\/www.isqe.com\/fr\/teachpaas\/","title":{"rendered":"TeachPaaS"},"content":{"rendered":"<div class=\"wpb-content-wrapper\"><div class=\"vc_row wpb_row section vc_row-fluid  vc_custom_1641394844318\" style=' text-align:left;'><div class=\"full_section_inner clearfix\"><div class=\"wpb_column vc_column_container vc_col-sm-12\"><div class=\"vc_column-inner\"><div class=\"wpb_wrapper\"><div class='q_elements_holder two_columns eh_two_columns_66_33 responsive_mode_from_768' ><div class='q_elements_item' data-animation='no' data-item-class='q_elements_holder_custom_160538' style='background-image: url(https:\/\/www.isqe.com\/wp-content\/uploads\/2022\/05\/TeachPaaS-1.png);background-position: center;background-size: cover;'><div class='q_elements_item_inner'><div class='q_elements_item_content q_elements_holder_custom_160538'><\/div><\/div><\/div><div class='q_elements_item' data-animation='no' data-item-class='q_elements_holder_custom_333513' style='background-color:#ed1b34;'><div class='q_elements_item_inner'><div class='q_elements_item_content q_elements_holder_custom_333513' style='padding:20% 10% 20% 10%'>\n\t<div class=\"wpb_text_column wpb_content_element\">\n\t\t<div class=\"wpb_wrapper\">\n\t\t\t<h2 style=\"text-align: left;\"><span style=\"color: #fff; font-size: 74px; text-transform: lowercase; letter-spacing: -4px; line-height: 0.9em;\">TeachPaaS<br \/>\n<\/span><\/h2>\n\n\t\t<\/div>\n\t<\/div><div class=\"separator  small left\" style=\"margin-top: 12px;background-color: #9d0b0f;\"><\/div><div class=\"vc_empty_space\"  style=\"height: 100px\" >\n\t<span class=\"vc_empty_space_inner\">\n\t\t<span class=\"empty_space_image\"  ><\/span>\n\t<\/span>\n<\/div><\/div><\/div><\/div><\/div><\/div><\/div><\/div><\/div><\/div><div      class=\"vc_row wpb_row section vc_row-fluid  grid_section\" style='background-color:#ffffff; padding-top:87px; padding-bottom:0px; text-align:left;'><div class=\"section_inner clearfix\"><div class='section_inner_margin clearfix'><div class=\"wpb_column vc_column_container vc_col-sm-12\"><div class=\"vc_column-inner\"><div class=\"wpb_wrapper\"><div      class=\"vc_row wpb_row section vc_row-fluid vc_inner\" style=' text-align:left;'><div class=\"full_section_inner clearfix\"><div class=\"wpb_column vc_column_container vc_col-sm-12\"><div class=\"vc_column-inner\"><div class=\"wpb_wrapper\">\n\t<div class=\"wpb_text_column wpb_content_element\">\n\t\t<div class=\"wpb_wrapper\">\n\t\t\t<p><b>EU-TeachPaaS \u2014 Pan-EU network of digital education passport centres in higher education<\/b><br \/>\n<b><\/b><\/p>\n<p>&nbsp;<\/p>\n<p><b>Refer\u00eancia:<\/b> 2020-1-ES01-KA226-HE-095035<br \/>\n<b>In\u00edcio:<\/b> 01\/03\/2021<br \/>\n<b>Fin:<\/b> 31\/08\/2022<br \/>\n<b>Dura\u00e7\u00e3o:<\/b> 18 mois<br \/>\n<b>Statut :<\/b> ferm\u00e9<br \/>\n<b>Subvention totale :<\/b> 210,685 \u20ac<br \/>\n<b>Consortium :<\/b> Universidad de Almer\u00eda, ISQe, ACEEU, YET, Universit\u00e0 Telematica Internazionale UNINETTUNO, Universidad Rey Juan Carlos e Helixconnect Europe.<br \/>\n<b><\/b><\/p>\n<p>&nbsp;<\/p>\n<p><b>R\u00e9sum\u00e9:<\/b><\/p>\n<p>EU-TeachPaaS est n\u00e9 dans le contexte de l\u2019acc\u00e9l\u00e9ration de la transformation num\u00e9rique de l\u2019enseignement sup\u00e9rieur et avait pour objectif de renforcer la pr\u00e9paration num\u00e9rique des universit\u00e9s afin qu\u2019elles puissent offrir un enseignement en ligne de haute qualit\u00e9, inclusif et p\u00e9dagogiquement coh\u00e9rent. Au lieu de se concentrer uniquement sur les enseignants, le projet a adopt\u00e9 une approche syst\u00e9mique, en travaillant les comp\u00e9tences num\u00e9riques de trois groupes cl\u00e9s : les enseignants universitaires, les administrateurs et les \u00e9tudiants. Son principal r\u00e9sultat a \u00e9t\u00e9 la cr\u00e9ation du concept et de la base op\u00e9rationnelle d\u2019un r\u00e9seau paneurop\u00e9en de six centres de certification en \u00e9ducation num\u00e9rique dans l\u2019enseignement sup\u00e9rieur, fond\u00e9 sur DigComp et DigCompEdu, capable d\u2019offrir une formation et une certification adapt\u00e9es aux besoins locaux et de promouvoir des \u00ab passeports \u00bb d\u2019excellence en \u00e9ducation en ligne.<br \/>\n<b><\/b><\/p>\n<p>&nbsp;<\/p>\n<p><b>Website:<\/b><a href=\"https:\/\/teachpaas.eu\/\"> https:\/\/teachpaas.eu\/<\/a><\/p>\n\n\t\t<\/div>\n\t<\/div><div class=\"separator  transparent\" style=\"margin-top: 30px;margin-bottom: 0px;\"><\/div><span class='q_social_icon_holder circle_social' data-color=\"#c3161c\" data-hover-background-color=\"#77b4b5\" data-hover-color=\"#ffffff\"><a itemprop='url' href='https:\/\/www.facebook.com\/TeachPaaS\/' target='_self'><span class='fa-stack fa-lg' style='background-color: #828282;'><i class=\"qode_icon_font_awesome fa fa-facebook\" style=\"color: #c3161c;\" ><\/i><\/span><\/a><\/span><span class='q_social_icon_holder circle_social' data-color=\"#c3161c\" data-hover-background-color=\"#77b4b5\" data-hover-color=\"#ffffff\"><a itemprop='url' href='https:\/\/www.linkedin.com\/company\/teachpaas\/' target='_self'><span class='fa-stack fa-lg' style='background-color: #828282;'><i class=\"qode_icon_font_awesome fa fa-linkedin\" style=\"color: #c3161c;\" ><\/i><\/span><\/a><\/span><div class=\"separator  transparent\" style=\"\"><\/div><div class=\"separator  transparent\" style=\"\"><\/div><\/div><\/div><\/div><\/div><\/div><\/div><\/div><\/div><\/div><\/div><\/div><div      class=\"vc_row wpb_row section vc_row-fluid\" style=' text-align:left;'><div class=\"full_section_inner clearfix\"><div class=\"wpb_column vc_column_container vc_col-sm-4\"><div class=\"vc_column-inner\"><div class=\"wpb_wrapper\">\n\t<div class=\"wpb_text_column wpb_content_element\">\n\t\t<div class=\"wpb_wrapper\">\n\t\t\t\n\t\t<\/div>\n\t<\/div><\/div><\/div><\/div><div class=\"wpb_column vc_column_container vc_col-sm-4\"><div class=\"vc_column-inner\"><div class=\"wpb_wrapper\"><\/div><\/div><\/div><div class=\"wpb_column vc_column_container vc_col-sm-4\"><div class=\"vc_column-inner\"><div class=\"wpb_wrapper\">\n\t<div class=\"wpb_single_image wpb_content_element vc_align_center\">\n\t\t<div class=\"wpb_wrapper\">\n\t\t\t\n\t\t\t<div class=\"vc_single_image-wrapper   vc_box_border_grey\"><img loading=\"lazy\" decoding=\"async\" width=\"300\" height=\"63\" src=\"https:\/\/www.isqe.com\/wp-content\/uploads\/2022\/05\/EN-Co-Funded-by-the-EU_POS-300x63.png\" class=\"vc_single_image-img attachment-medium\" alt=\"\" title=\"EN Co-Funded by the EU_POS\" srcset=\"https:\/\/www.isqe.com\/wp-content\/uploads\/2022\/05\/EN-Co-Funded-by-the-EU_POS-300x63.png 300w, https:\/\/www.isqe.com\/wp-content\/uploads\/2022\/05\/EN-Co-Funded-by-the-EU_POS-1024x215.png 1024w, https:\/\/www.isqe.com\/wp-content\/uploads\/2022\/05\/EN-Co-Funded-by-the-EU_POS-768x161.png 768w, https:\/\/www.isqe.com\/wp-content\/uploads\/2022\/05\/EN-Co-Funded-by-the-EU_POS-1536x322.png 1536w, https:\/\/www.isqe.com\/wp-content\/uploads\/2022\/05\/EN-Co-Funded-by-the-EU_POS-2048x430.png 2048w, https:\/\/www.isqe.com\/wp-content\/uploads\/2022\/05\/EN-Co-Funded-by-the-EU_POS-18x4.png 18w, https:\/\/www.isqe.com\/wp-content\/uploads\/2022\/05\/EN-Co-Funded-by-the-EU_POS-700x147.png 700w\" sizes=\"auto, (max-width: 300px) 100vw, 300px\" \/><\/div>\n\t\t<\/div>\n\t<\/div>\n<\/div><\/div><\/div><\/div><\/div><div      class=\"vc_row wpb_row section vc_row-fluid\" style=' text-align:left;'><div class=\"full_section_inner clearfix\"><div class=\"wpb_column vc_column_container vc_col-sm-12\"><div class=\"vc_column-inner\"><div class=\"wpb_wrapper\"><div class=\"separator  transparent\" style=\"\"><\/div><\/div><\/div><\/div><\/div><\/div><div      class=\"vc_row wpb_row section vc_row-fluid\" style=' text-align:left;'><div class=\"full_section_inner clearfix\"><div class=\"wpb_column vc_column_container vc_col-sm-12\"><div class=\"vc_column-inner\"><div class=\"wpb_wrapper\"><div class=\"separator  transparent\" style=\"\"><\/div><\/div><\/div><\/div><\/div><\/div>\n<\/div>","protected":false},"excerpt":{"rendered":"TeachPaaS EU-TeachPaaS \u2014 Pan-EU network of digital education passport centres in higher education &nbsp; Refer\u00eancia: 2020-1-ES01-KA226-HE-095035 In\u00edcio: 01\/03\/2021 Fim: 31\/08\/2022 Dura\u00e7\u00e3o: 18 meses Status: closed Grant total: 210,685 \u20ac Cons\u00f3rcio: Universidad de Almer\u00eda, ISQe, ACEEU, YET, Universit\u00e0 Telematica Internazionale UNINETTUNO, Universidad Rey Juan Carlos e...","protected":false},"author":3,"featured_media":17336,"parent":0,"menu_order":0,"comment_status":"open","ping_status":"open","template":"full_width.php","meta":{"_monsterinsights_skip_tracking":false,"_monsterinsights_sitenote_active":false,"_monsterinsights_sitenote_note":"","_monsterinsights_sitenote_category":0,"footnotes":""},"class_list":["post-16544","page","type-page","status-publish","has-post-thumbnail","hentry"],"yoast_head":"<!-- This site is optimized with the Yoast SEO plugin v26.6 - https:\/\/yoast.com\/wordpress\/plugins\/seo\/ -->\n<title>TeachPaaS - ISQe<\/title>\n<meta name=\"description\" content=\"O projeto EU-TeachPaaS visa alcan\u00e7ar um resultado hol\u00edstico e sist\u00e9mico para impulsionar a prontid\u00e3o digital das universidades...\" \/>\n<meta name=\"robots\" content=\"index, follow, max-snippet:-1, max-image-preview:large, max-video-preview:-1\" \/>\n<link rel=\"canonical\" href=\"https:\/\/www.isqe.com\/fr\/teachpaas\/\" \/>\n<meta property=\"og:locale\" content=\"fr_FR\" \/>\n<meta property=\"og:type\" content=\"article\" \/>\n<meta property=\"og:title\" content=\"TeachPaaS - ISQe\" \/>\n<meta property=\"og:description\" content=\"O projeto EU-TeachPaaS visa alcan\u00e7ar um resultado hol\u00edstico e sist\u00e9mico para impulsionar a prontid\u00e3o digital das universidades...\" \/>\n<meta property=\"og:url\" content=\"https:\/\/www.isqe.com\/fr\/teachpaas\/\" \/>\n<meta property=\"og:site_name\" content=\"ISQe\" \/>\n<meta property=\"article:publisher\" content=\"https:\/\/www.facebook.com\/ISQe.Engaging.People\" \/>\n<meta property=\"article:modified_time\" content=\"2026-04-16T15:31:03+00:00\" \/>\n<meta property=\"og:image\" content=\"https:\/\/www.isqe.com\/wp-content\/uploads\/2022\/05\/TeachPaaS-1.png\" \/>\n\t<meta property=\"og:image:width\" content=\"1440\" \/>\n\t<meta property=\"og:image:height\" content=\"617\" \/>\n\t<meta property=\"og:image:type\" content=\"image\/png\" \/>\n<meta name=\"twitter:card\" content=\"summary_large_image\" \/>\n<meta name=\"twitter:label1\" content=\"Dur\u00e9e de lecture estim\u00e9e\" \/>\n\t<meta name=\"twitter:data1\" content=\"2 minutes\" \/>\n<script type=\"application\/ld+json\" class=\"yoast-schema-graph\">{\"@context\":\"https:\/\/schema.org\",\"@graph\":[{\"@type\":\"WebPage\",\"@id\":\"https:\/\/www.isqe.com\/teachpaas\/\",\"url\":\"https:\/\/www.isqe.com\/teachpaas\/\",\"name\":\"TeachPaaS - ISQe\",\"isPartOf\":{\"@id\":\"https:\/\/www.isqe.com\/#website\"},\"primaryImageOfPage\":{\"@id\":\"https:\/\/www.isqe.com\/teachpaas\/#primaryimage\"},\"image\":{\"@id\":\"https:\/\/www.isqe.com\/teachpaas\/#primaryimage\"},\"thumbnailUrl\":\"https:\/\/www.isqe.com\/wp-content\/uploads\/2022\/05\/TeachPaaS-1.png\",\"datePublished\":\"2022-01-17T14:56:10+00:00\",\"dateModified\":\"2026-04-16T15:31:03+00:00\",\"description\":\"O projeto EU-TeachPaaS visa alcan\u00e7ar um resultado hol\u00edstico e sist\u00e9mico para impulsionar a prontid\u00e3o digital das universidades...\",\"breadcrumb\":{\"@id\":\"https:\/\/www.isqe.com\/teachpaas\/#breadcrumb\"},\"inLanguage\":\"fr-FR\",\"potentialAction\":[{\"@type\":\"ReadAction\",\"target\":[\"https:\/\/www.isqe.com\/teachpaas\/\"]}]},{\"@type\":\"ImageObject\",\"inLanguage\":\"fr-FR\",\"@id\":\"https:\/\/www.isqe.com\/teachpaas\/#primaryimage\",\"url\":\"https:\/\/www.isqe.com\/wp-content\/uploads\/2022\/05\/TeachPaaS-1.png\",\"contentUrl\":\"https:\/\/www.isqe.com\/wp-content\/uploads\/2022\/05\/TeachPaaS-1.png\",\"width\":1440,\"height\":617},{\"@type\":\"BreadcrumbList\",\"@id\":\"https:\/\/www.isqe.com\/teachpaas\/#breadcrumb\",\"itemListElement\":[{\"@type\":\"ListItem\",\"position\":1,\"name\":\"In\u00edcio\",\"item\":\"https:\/\/www.isqe.com\/\"},{\"@type\":\"ListItem\",\"position\":2,\"name\":\"TeachPaaS\"}]},{\"@type\":\"WebSite\",\"@id\":\"https:\/\/www.isqe.com\/#website\",\"url\":\"https:\/\/www.isqe.com\/\",\"name\":\"ISQe\",\"description\":\"Engaging People\",\"publisher\":{\"@id\":\"https:\/\/www.isqe.com\/#organization\"},\"potentialAction\":[{\"@type\":\"SearchAction\",\"target\":{\"@type\":\"EntryPoint\",\"urlTemplate\":\"https:\/\/www.isqe.com\/?s={search_term_string}\"},\"query-input\":{\"@type\":\"PropertyValueSpecification\",\"valueRequired\":true,\"valueName\":\"search_term_string\"}}],\"inLanguage\":\"fr-FR\"},{\"@type\":\"Organization\",\"@id\":\"https:\/\/www.isqe.com\/#organization\",\"name\":\"ISQe\",\"url\":\"https:\/\/www.isqe.com\/\",\"logo\":{\"@type\":\"ImageObject\",\"inLanguage\":\"fr-FR\",\"@id\":\"https:\/\/www.isqe.com\/#\/schema\/logo\/image\/\",\"url\":\"https:\/\/www.isqe.com\/wp-content\/uploads\/2022\/01\/ISQe-logotipo-web.png\",\"contentUrl\":\"https:\/\/www.isqe.com\/wp-content\/uploads\/2022\/01\/ISQe-logotipo-web.png\",\"width\":842,\"height\":596,\"caption\":\"ISQe\"},\"image\":{\"@id\":\"https:\/\/www.isqe.com\/#\/schema\/logo\/image\/\"},\"sameAs\":[\"https:\/\/www.facebook.com\/ISQe.Engaging.People\",\"https:\/\/www.instagram.com\/isqe.engage.people\/\",\"https:\/\/pt.linkedin.com\/company\/isqe\",\"https:\/\/www.youtube.com\/channel\/UChrGaLoIk_sh__ZEoCzBjxA\/featured\"]}]}<\/script>\n<!-- \/ Yoast SEO plugin. -->","yoast_head_json":{"title":"TeachPaaS - ISQe","description":"O projeto EU-TeachPaaS visa alcan\u00e7ar um resultado hol\u00edstico e sist\u00e9mico para impulsionar a prontid\u00e3o digital das universidades...","robots":{"index":"index","follow":"follow","max-snippet":"max-snippet:-1","max-image-preview":"max-image-preview:large","max-video-preview":"max-video-preview:-1"},"canonical":"https:\/\/www.isqe.com\/fr\/teachpaas\/","og_locale":"fr_FR","og_type":"article","og_title":"TeachPaaS - ISQe","og_description":"O projeto EU-TeachPaaS visa alcan\u00e7ar um resultado hol\u00edstico e sist\u00e9mico para impulsionar a prontid\u00e3o digital das universidades...","og_url":"https:\/\/www.isqe.com\/fr\/teachpaas\/","og_site_name":"ISQe","article_publisher":"https:\/\/www.facebook.com\/ISQe.Engaging.People","article_modified_time":"2026-04-16T15:31:03+00:00","og_image":[{"width":1440,"height":617,"url":"https:\/\/www.isqe.com\/wp-content\/uploads\/2022\/05\/TeachPaaS-1.png","type":"image\/png"}],"twitter_card":"summary_large_image","twitter_misc":{"Dur\u00e9e de lecture estim\u00e9e":"2 minutes"},"schema":{"@context":"https:\/\/schema.org","@graph":[{"@type":"WebPage","@id":"https:\/\/www.isqe.com\/teachpaas\/","url":"https:\/\/www.isqe.com\/teachpaas\/","name":"TeachPaaS - ISQe","isPartOf":{"@id":"https:\/\/www.isqe.com\/#website"},"primaryImageOfPage":{"@id":"https:\/\/www.isqe.com\/teachpaas\/#primaryimage"},"image":{"@id":"https:\/\/www.isqe.com\/teachpaas\/#primaryimage"},"thumbnailUrl":"https:\/\/www.isqe.com\/wp-content\/uploads\/2022\/05\/TeachPaaS-1.png","datePublished":"2022-01-17T14:56:10+00:00","dateModified":"2026-04-16T15:31:03+00:00","description":"O projeto EU-TeachPaaS visa alcan\u00e7ar um resultado hol\u00edstico e sist\u00e9mico para impulsionar a prontid\u00e3o digital das universidades...","breadcrumb":{"@id":"https:\/\/www.isqe.com\/teachpaas\/#breadcrumb"},"inLanguage":"fr-FR","potentialAction":[{"@type":"ReadAction","target":["https:\/\/www.isqe.com\/teachpaas\/"]}]},{"@type":"ImageObject","inLanguage":"fr-FR","@id":"https:\/\/www.isqe.com\/teachpaas\/#primaryimage","url":"https:\/\/www.isqe.com\/wp-content\/uploads\/2022\/05\/TeachPaaS-1.png","contentUrl":"https:\/\/www.isqe.com\/wp-content\/uploads\/2022\/05\/TeachPaaS-1.png","width":1440,"height":617},{"@type":"BreadcrumbList","@id":"https:\/\/www.isqe.com\/teachpaas\/#breadcrumb","itemListElement":[{"@type":"ListItem","position":1,"name":"In\u00edcio","item":"https:\/\/www.isqe.com\/"},{"@type":"ListItem","position":2,"name":"TeachPaaS"}]},{"@type":"WebSite","@id":"https:\/\/www.isqe.com\/#website","url":"https:\/\/www.isqe.com\/","name":"ISQe","description":"Engaging People","publisher":{"@id":"https:\/\/www.isqe.com\/#organization"},"potentialAction":[{"@type":"SearchAction","target":{"@type":"EntryPoint","urlTemplate":"https:\/\/www.isqe.com\/?s={search_term_string}"},"query-input":{"@type":"PropertyValueSpecification","valueRequired":true,"valueName":"search_term_string"}}],"inLanguage":"fr-FR"},{"@type":"Organization","@id":"https:\/\/www.isqe.com\/#organization","name":"ISQe","url":"https:\/\/www.isqe.com\/","logo":{"@type":"ImageObject","inLanguage":"fr-FR","@id":"https:\/\/www.isqe.com\/#\/schema\/logo\/image\/","url":"https:\/\/www.isqe.com\/wp-content\/uploads\/2022\/01\/ISQe-logotipo-web.png","contentUrl":"https:\/\/www.isqe.com\/wp-content\/uploads\/2022\/01\/ISQe-logotipo-web.png","width":842,"height":596,"caption":"ISQe"},"image":{"@id":"https:\/\/www.isqe.com\/#\/schema\/logo\/image\/"},"sameAs":["https:\/\/www.facebook.com\/ISQe.Engaging.People","https:\/\/www.instagram.com\/isqe.engage.people\/","https:\/\/pt.linkedin.com\/company\/isqe","https:\/\/www.youtube.com\/channel\/UChrGaLoIk_sh__ZEoCzBjxA\/featured"]}]}},"_links":{"self":[{"href":"https:\/\/www.isqe.com\/fr\/wp-json\/wp\/v2\/pages\/16544","targetHints":{"allow":["GET"]}}],"collection":[{"href":"https:\/\/www.isqe.com\/fr\/wp-json\/wp\/v2\/pages"}],"about":[{"href":"https:\/\/www.isqe.com\/fr\/wp-json\/wp\/v2\/types\/page"}],"author":[{"embeddable":true,"href":"https:\/\/www.isqe.com\/fr\/wp-json\/wp\/v2\/users\/3"}],"replies":[{"embeddable":true,"href":"https:\/\/www.isqe.com\/fr\/wp-json\/wp\/v2\/comments?post=16544"}],"version-history":[{"count":7,"href":"https:\/\/www.isqe.com\/fr\/wp-json\/wp\/v2\/pages\/16544\/revisions"}],"predecessor-version":[{"id":19650,"href":"https:\/\/www.isqe.com\/fr\/wp-json\/wp\/v2\/pages\/16544\/revisions\/19650"}],"wp:featuredmedia":[{"embeddable":true,"href":"https:\/\/www.isqe.com\/fr\/wp-json\/wp\/v2\/media\/17336"}],"wp:attachment":[{"href":"https:\/\/www.isqe.com\/fr\/wp-json\/wp\/v2\/media?parent=16544"}],"curies":[{"name":"wp","href":"https:\/\/api.w.org\/{rel}","templated":true}]}}