{"id":15431,"date":"2021-12-30T10:40:16","date_gmt":"2021-12-30T10:40:16","guid":{"rendered":"https:\/\/www.isqe.com\/?page_id=15431"},"modified":"2022-06-09T20:03:40","modified_gmt":"2022-06-09T20:03:40","slug":"software-development","status":"publish","type":"page","link":"https:\/\/www.isqe.com\/fr\/software-development\/","title":{"rendered":"D\u00e9veloppement de logiciels"},"content":{"rendered":"<div class=\"wpb-content-wrapper\"><div class=\"vc_row wpb_row section vc_row-fluid  vc_custom_1641394844318\" style=' text-align:left;'><div class=\"full_section_inner clearfix\"><div class=\"wpb_column vc_column_container vc_col-sm-12\"><div class=\"vc_column-inner\"><div class=\"wpb_wrapper\"><div class='q_elements_holder two_columns eh_two_columns_66_33 responsive_mode_from_768' ><div class='q_elements_item' data-animation='no' data-item-class='q_elements_holder_custom_507725' style='background-image: url(https:\/\/www.isqe.com\/wp-content\/uploads\/2022\/01\/software-development-isqe.jpg);background-position: center;background-size: cover;'><div class='q_elements_item_inner'><div class='q_elements_item_content q_elements_holder_custom_507725'><\/div><\/div><\/div><div class='q_elements_item' data-animation='no' data-item-class='q_elements_holder_custom_230312' style='background-color:#ed1b34;'><div class='q_elements_item_inner'><div class='q_elements_item_content q_elements_holder_custom_230312' style='padding:20% 10% 20% 10%'>\n\t<div class=\"wpb_text_column wpb_content_element\">\n\t\t<div class=\"wpb_wrapper\">\n\t\t\t<h2 style=\"text-align: left;\"><span style=\"color: #fff; font-size: 74px; text-transform: lowercase; letter-spacing: -4px; line-height: 0.9em;\">D\u00e9veloppement de logiciels<\/span><\/h2>\n\n\t\t<\/div>\n\t<\/div><div class=\"separator  small left\" style=\"margin-top: 12px;background-color: #9d0b0f;\"><\/div><div class=\"vc_empty_space\"  style=\"height: 100px\" >\n\t<span class=\"vc_empty_space_inner\">\n\t\t<span class=\"empty_space_image\"  ><\/span>\n\t<\/span>\n<\/div><\/div><\/div><\/div><\/div><\/div><\/div><\/div><\/div><\/div><div      class=\"vc_row wpb_row section vc_row-fluid  grid_section\" style='background-color:#ffffff; padding-top:87px; padding-bottom:0px; text-align:left;'><div class=\"section_inner clearfix\"><div class='section_inner_margin clearfix'><div class=\"wpb_column vc_column_container vc_col-sm-12\"><div class=\"vc_column-inner\"><div class=\"wpb_wrapper\"><div      class=\"vc_row wpb_row section vc_row-fluid vc_inner\" style=' text-align:left;'><div class=\"full_section_inner clearfix\"><div class=\"wpb_column vc_column_container vc_col-sm-12\"><div class=\"vc_column-inner\"><div class=\"wpb_wrapper\"><div class=\"separator  transparent\" style=\"margin-top: 31px;margin-bottom: 0px;\"><\/div>\n\t<div class=\"wpb_text_column wpb_content_element\">\n\t\t<div class=\"wpb_wrapper\">\n\t\t\t<p>Chez ISQe, nous sommes convaincus qu\u2019il ne suffit pas de r\u00e9pondre aux besoins des clients, nous souhaitons les d\u00e9passer. Nous cherchons \u00e0 renforcer les liens entre les Personnes et les Marques, en cr\u00e9ant des solutions num\u00e9riques de communication.<\/p>\n\n\t\t<\/div>\n\t<\/div><div class=\"separator  transparent\" style=\"margin-top: 31px;margin-bottom: 0px;\"><\/div>\n\t<div class=\"wpb_text_column wpb_content_element\">\n\t\t<div class=\"wpb_wrapper\">\n\t\t\t<p>Nous \u00e9tablissons des strat\u00e9gies et des objectifs que nous r\u00e9alisons gr\u00e2ce \u00e0 nos diff\u00e9rentes comp\u00e9tences:<\/p>\n\n\t\t<\/div>\n\t<\/div><div class=\"separator  transparent\" style=\"margin-top: 50px;margin-bottom: 0px;\"><\/div><\/div><\/div><\/div><\/div><\/div><div      class=\"vc_row wpb_row section vc_row-fluid vc_inner\" style=' text-align:left;'><div class=\"full_section_inner clearfix\"><div class=\"wpb_column vc_column_container vc_col-sm-3\"><div class=\"vc_column-inner\"><div class=\"wpb_wrapper\"><div class=\"separator  small center\" style=\"margin-top: 2px;background-color: #000000;\"><\/div>\n\t<div class=\"wpb_text_column wpb_content_element\">\n\t\t<div class=\"wpb_wrapper\">\n\t\t\t<p style=\"text-align: center;\"><strong>WEB\/DESIGN<\/strong><\/p>\n<p>&nbsp;<\/p>\n<p style=\"text-align: center;\">Des projets au design unique et professionnel<\/p>\n\n\t\t<\/div>\n\t<\/div><\/div><\/div><\/div><div class=\"wpb_column vc_column_container vc_col-sm-3\"><div class=\"vc_column-inner\"><div class=\"wpb_wrapper\"><div class=\"separator  small center\" style=\"margin-top: 2px;background-color: #000000;\"><\/div>\n\t<div class=\"wpb_text_column wpb_content_element\">\n\t\t<div class=\"wpb_wrapper\">\n\t\t\t<p style=\"text-align: center;\"><strong>MOBILE<\/strong><\/p>\n<p>&nbsp;<\/p>\n<p style=\"text-align: center;\">Votre entreprise au creux de la main de vos clients<\/p>\n\n\t\t<\/div>\n\t<\/div><\/div><\/div><\/div><div class=\"wpb_column vc_column_container vc_col-sm-3\"><div class=\"vc_column-inner\"><div class=\"wpb_wrapper\"><div class=\"separator  small center\" style=\"margin-top: 2px;background-color: #000000;\"><\/div>\n\t<div class=\"wpb_text_column wpb_content_element\">\n\t\t<div class=\"wpb_wrapper\">\n\t\t\t<p style=\"text-align: center;\"><strong>LOGICIEL<\/strong><\/p>\n<p>&nbsp;<\/p>\n<p class=\"p-detail\" style=\"text-align: center;\">Nous organisons vos id\u00e9es et d\u00e9veloppons les outils appropri\u00e9s pour vous aider \u00e0 les r\u00e9aliser<\/p>\n\n\t\t<\/div>\n\t<\/div><\/div><\/div><\/div><div class=\"wpb_column vc_column_container vc_col-sm-3\"><div class=\"vc_column-inner\"><div class=\"wpb_wrapper\"><div class=\"separator  small center\" style=\"margin-top: 2px;background-color: #000000;\"><\/div>\n\t<div class=\"wpb_text_column wpb_content_element\">\n\t\t<div class=\"wpb_wrapper\">\n\t\t\t<p style=\"text-align: center;\"><strong>MARKETING \u00c9LECTRONIQUE<\/strong><\/p>\n<p>&nbsp;<\/p>\n<p style=\"text-align: center;\">Nous rapprochons votre entreprise du consommateur<\/p>\n\n\t\t<\/div>\n\t<\/div><\/div><\/div><\/div><\/div><\/div><div class=\"separator  transparent\" style=\"margin-top: 50px;margin-bottom: 0px;\"><\/div><\/div><\/div><\/div><\/div><\/div><\/div>\n<\/div>","protected":false},"excerpt":{"rendered":"software development No ISQe acreditamos que n\u00e3o basta chegar \u00e0s necessidades dos clientes, mas sim ultrapass\u00e1-las. Procuramos fortalecer la\u00e7os entre Pessoas e Marcas criando solu\u00e7\u00f5es digitais de comunica\u00e7\u00e3o. Estabelecemos estrat\u00e9gias e objetivos, que materializamos atrav\u00e9s das nossas diversas compet\u00eancias: WEB\/DESIGN &nbsp; Projetos com design \u00fanico...","protected":false},"author":3,"featured_media":16005,"parent":0,"menu_order":0,"comment_status":"open","ping_status":"open","template":"full_width.php","meta":{"_monsterinsights_skip_tracking":false,"_monsterinsights_sitenote_active":false,"_monsterinsights_sitenote_note":"","_monsterinsights_sitenote_category":0,"footnotes":""},"class_list":["post-15431","page","type-page","status-publish","has-post-thumbnail","hentry"],"yoast_head":"<!-- This site is optimized with the Yoast SEO plugin v26.6 - https:\/\/yoast.com\/wordpress\/plugins\/seo\/ -->\n<title>Software Development - ISQe<\/title>\n<meta name=\"description\" content=\"No ISQe acreditamos que n\u00e3o basta chegar \u00e0s necessidades dos clientes. Estabelecemos estrat\u00e9gias de Software Development.\" \/>\n<meta name=\"robots\" content=\"index, follow, max-snippet:-1, max-image-preview:large, max-video-preview:-1\" \/>\n<link rel=\"canonical\" href=\"https:\/\/www.isqe.com\/fr\/software-development\/\" \/>\n<meta property=\"og:locale\" content=\"fr_FR\" \/>\n<meta property=\"og:type\" content=\"article\" \/>\n<meta property=\"og:title\" content=\"Software Development - ISQe\" \/>\n<meta property=\"og:description\" content=\"No ISQe acreditamos que n\u00e3o basta chegar \u00e0s necessidades dos clientes. Estabelecemos estrat\u00e9gias de Software Development.\" \/>\n<meta property=\"og:url\" content=\"https:\/\/www.isqe.com\/fr\/software-development\/\" \/>\n<meta property=\"og:site_name\" content=\"ISQe\" \/>\n<meta property=\"article:publisher\" content=\"https:\/\/www.facebook.com\/ISQe.Engaging.People\" \/>\n<meta property=\"article:modified_time\" content=\"2022-06-09T20:03:40+00:00\" \/>\n<meta property=\"og:image\" content=\"https:\/\/www.isqe.com\/wp-content\/uploads\/2022\/01\/software-development-isqe.jpg\" \/>\n\t<meta property=\"og:image:width\" content=\"1289\" \/>\n\t<meta property=\"og:image:height\" content=\"468\" \/>\n\t<meta property=\"og:image:type\" content=\"image\/jpeg\" \/>\n<meta name=\"twitter:card\" content=\"summary_large_image\" \/>\n<meta name=\"twitter:label1\" content=\"Dur\u00e9e de lecture estim\u00e9e\" \/>\n\t<meta name=\"twitter:data1\" content=\"1 minute\" \/>\n<script type=\"application\/ld+json\" class=\"yoast-schema-graph\">{\"@context\":\"https:\/\/schema.org\",\"@graph\":[{\"@type\":\"WebPage\",\"@id\":\"https:\/\/www.isqe.com\/software-development\/\",\"url\":\"https:\/\/www.isqe.com\/software-development\/\",\"name\":\"Software Development - ISQe\",\"isPartOf\":{\"@id\":\"https:\/\/www.isqe.com\/#website\"},\"primaryImageOfPage\":{\"@id\":\"https:\/\/www.isqe.com\/software-development\/#primaryimage\"},\"image\":{\"@id\":\"https:\/\/www.isqe.com\/software-development\/#primaryimage\"},\"thumbnailUrl\":\"https:\/\/www.isqe.com\/wp-content\/uploads\/2022\/01\/software-development-isqe.jpg\",\"datePublished\":\"2021-12-30T10:40:16+00:00\",\"dateModified\":\"2022-06-09T20:03:40+00:00\",\"description\":\"No ISQe acreditamos que n\u00e3o basta chegar \u00e0s necessidades dos clientes. Estabelecemos estrat\u00e9gias de Software Development.\",\"breadcrumb\":{\"@id\":\"https:\/\/www.isqe.com\/software-development\/#breadcrumb\"},\"inLanguage\":\"fr-FR\",\"potentialAction\":[{\"@type\":\"ReadAction\",\"target\":[\"https:\/\/www.isqe.com\/software-development\/\"]}]},{\"@type\":\"ImageObject\",\"inLanguage\":\"fr-FR\",\"@id\":\"https:\/\/www.isqe.com\/software-development\/#primaryimage\",\"url\":\"https:\/\/www.isqe.com\/wp-content\/uploads\/2022\/01\/software-development-isqe.jpg\",\"contentUrl\":\"https:\/\/www.isqe.com\/wp-content\/uploads\/2022\/01\/software-development-isqe.jpg\",\"width\":1289,\"height\":468},{\"@type\":\"BreadcrumbList\",\"@id\":\"https:\/\/www.isqe.com\/software-development\/#breadcrumb\",\"itemListElement\":[{\"@type\":\"ListItem\",\"position\":1,\"name\":\"In\u00edcio\",\"item\":\"https:\/\/www.isqe.com\/\"},{\"@type\":\"ListItem\",\"position\":2,\"name\":\"Software Development\"}]},{\"@type\":\"WebSite\",\"@id\":\"https:\/\/www.isqe.com\/#website\",\"url\":\"https:\/\/www.isqe.com\/\",\"name\":\"ISQe\",\"description\":\"Engaging People\",\"publisher\":{\"@id\":\"https:\/\/www.isqe.com\/#organization\"},\"potentialAction\":[{\"@type\":\"SearchAction\",\"target\":{\"@type\":\"EntryPoint\",\"urlTemplate\":\"https:\/\/www.isqe.com\/?s={search_term_string}\"},\"query-input\":{\"@type\":\"PropertyValueSpecification\",\"valueRequired\":true,\"valueName\":\"search_term_string\"}}],\"inLanguage\":\"fr-FR\"},{\"@type\":\"Organization\",\"@id\":\"https:\/\/www.isqe.com\/#organization\",\"name\":\"ISQe\",\"url\":\"https:\/\/www.isqe.com\/\",\"logo\":{\"@type\":\"ImageObject\",\"inLanguage\":\"fr-FR\",\"@id\":\"https:\/\/www.isqe.com\/#\/schema\/logo\/image\/\",\"url\":\"https:\/\/www.isqe.com\/wp-content\/uploads\/2022\/01\/ISQe-logotipo-web.png\",\"contentUrl\":\"https:\/\/www.isqe.com\/wp-content\/uploads\/2022\/01\/ISQe-logotipo-web.png\",\"width\":842,\"height\":596,\"caption\":\"ISQe\"},\"image\":{\"@id\":\"https:\/\/www.isqe.com\/#\/schema\/logo\/image\/\"},\"sameAs\":[\"https:\/\/www.facebook.com\/ISQe.Engaging.People\",\"https:\/\/www.instagram.com\/isqe.engage.people\/\",\"https:\/\/pt.linkedin.com\/company\/isqe\",\"https:\/\/www.youtube.com\/channel\/UChrGaLoIk_sh__ZEoCzBjxA\/featured\"]}]}<\/script>\n<!-- \/ Yoast SEO plugin. -->","yoast_head_json":{"title":"Software Development - ISQe","description":"No ISQe acreditamos que n\u00e3o basta chegar \u00e0s necessidades dos clientes. Estabelecemos estrat\u00e9gias de Software Development.","robots":{"index":"index","follow":"follow","max-snippet":"max-snippet:-1","max-image-preview":"max-image-preview:large","max-video-preview":"max-video-preview:-1"},"canonical":"https:\/\/www.isqe.com\/fr\/software-development\/","og_locale":"fr_FR","og_type":"article","og_title":"Software Development - ISQe","og_description":"No ISQe acreditamos que n\u00e3o basta chegar \u00e0s necessidades dos clientes. Estabelecemos estrat\u00e9gias de Software Development.","og_url":"https:\/\/www.isqe.com\/fr\/software-development\/","og_site_name":"ISQe","article_publisher":"https:\/\/www.facebook.com\/ISQe.Engaging.People","article_modified_time":"2022-06-09T20:03:40+00:00","og_image":[{"width":1289,"height":468,"url":"https:\/\/www.isqe.com\/wp-content\/uploads\/2022\/01\/software-development-isqe.jpg","type":"image\/jpeg"}],"twitter_card":"summary_large_image","twitter_misc":{"Dur\u00e9e de lecture estim\u00e9e":"1 minute"},"schema":{"@context":"https:\/\/schema.org","@graph":[{"@type":"WebPage","@id":"https:\/\/www.isqe.com\/software-development\/","url":"https:\/\/www.isqe.com\/software-development\/","name":"Software Development - ISQe","isPartOf":{"@id":"https:\/\/www.isqe.com\/#website"},"primaryImageOfPage":{"@id":"https:\/\/www.isqe.com\/software-development\/#primaryimage"},"image":{"@id":"https:\/\/www.isqe.com\/software-development\/#primaryimage"},"thumbnailUrl":"https:\/\/www.isqe.com\/wp-content\/uploads\/2022\/01\/software-development-isqe.jpg","datePublished":"2021-12-30T10:40:16+00:00","dateModified":"2022-06-09T20:03:40+00:00","description":"No ISQe acreditamos que n\u00e3o basta chegar \u00e0s necessidades dos clientes. Estabelecemos estrat\u00e9gias de Software Development.","breadcrumb":{"@id":"https:\/\/www.isqe.com\/software-development\/#breadcrumb"},"inLanguage":"fr-FR","potentialAction":[{"@type":"ReadAction","target":["https:\/\/www.isqe.com\/software-development\/"]}]},{"@type":"ImageObject","inLanguage":"fr-FR","@id":"https:\/\/www.isqe.com\/software-development\/#primaryimage","url":"https:\/\/www.isqe.com\/wp-content\/uploads\/2022\/01\/software-development-isqe.jpg","contentUrl":"https:\/\/www.isqe.com\/wp-content\/uploads\/2022\/01\/software-development-isqe.jpg","width":1289,"height":468},{"@type":"BreadcrumbList","@id":"https:\/\/www.isqe.com\/software-development\/#breadcrumb","itemListElement":[{"@type":"ListItem","position":1,"name":"In\u00edcio","item":"https:\/\/www.isqe.com\/"},{"@type":"ListItem","position":2,"name":"Software Development"}]},{"@type":"WebSite","@id":"https:\/\/www.isqe.com\/#website","url":"https:\/\/www.isqe.com\/","name":"ISQe","description":"Engaging People","publisher":{"@id":"https:\/\/www.isqe.com\/#organization"},"potentialAction":[{"@type":"SearchAction","target":{"@type":"EntryPoint","urlTemplate":"https:\/\/www.isqe.com\/?s={search_term_string}"},"query-input":{"@type":"PropertyValueSpecification","valueRequired":true,"valueName":"search_term_string"}}],"inLanguage":"fr-FR"},{"@type":"Organization","@id":"https:\/\/www.isqe.com\/#organization","name":"ISQe","url":"https:\/\/www.isqe.com\/","logo":{"@type":"ImageObject","inLanguage":"fr-FR","@id":"https:\/\/www.isqe.com\/#\/schema\/logo\/image\/","url":"https:\/\/www.isqe.com\/wp-content\/uploads\/2022\/01\/ISQe-logotipo-web.png","contentUrl":"https:\/\/www.isqe.com\/wp-content\/uploads\/2022\/01\/ISQe-logotipo-web.png","width":842,"height":596,"caption":"ISQe"},"image":{"@id":"https:\/\/www.isqe.com\/#\/schema\/logo\/image\/"},"sameAs":["https:\/\/www.facebook.com\/ISQe.Engaging.People","https:\/\/www.instagram.com\/isqe.engage.people\/","https:\/\/pt.linkedin.com\/company\/isqe","https:\/\/www.youtube.com\/channel\/UChrGaLoIk_sh__ZEoCzBjxA\/featured"]}]}},"_links":{"self":[{"href":"https:\/\/www.isqe.com\/fr\/wp-json\/wp\/v2\/pages\/15431","targetHints":{"allow":["GET"]}}],"collection":[{"href":"https:\/\/www.isqe.com\/fr\/wp-json\/wp\/v2\/pages"}],"about":[{"href":"https:\/\/www.isqe.com\/fr\/wp-json\/wp\/v2\/types\/page"}],"author":[{"embeddable":true,"href":"https:\/\/www.isqe.com\/fr\/wp-json\/wp\/v2\/users\/3"}],"replies":[{"embeddable":true,"href":"https:\/\/www.isqe.com\/fr\/wp-json\/wp\/v2\/comments?post=15431"}],"version-history":[{"count":8,"href":"https:\/\/www.isqe.com\/fr\/wp-json\/wp\/v2\/pages\/15431\/revisions"}],"predecessor-version":[{"id":16206,"href":"https:\/\/www.isqe.com\/fr\/wp-json\/wp\/v2\/pages\/15431\/revisions\/16206"}],"wp:featuredmedia":[{"embeddable":true,"href":"https:\/\/www.isqe.com\/fr\/wp-json\/wp\/v2\/media\/16005"}],"wp:attachment":[{"href":"https:\/\/www.isqe.com\/fr\/wp-json\/wp\/v2\/media?parent=15431"}],"curies":[{"name":"wp","href":"https:\/\/api.w.org\/{rel}","templated":true}]}}