{"id":15398,"date":"2021-12-30T08:53:01","date_gmt":"2021-12-30T08:53:01","guid":{"rendered":"https:\/\/www.isqe.com\/?page_id=15398"},"modified":"2022-04-01T16:04:33","modified_gmt":"2022-04-01T16:04:33","slug":"content-services","status":"publish","type":"page","link":"https:\/\/www.isqe.com\/fr\/content-services\/","title":{"rendered":"Services de contenu"},"content":{"rendered":"<div class=\"wpb-content-wrapper\"><div class=\"vc_row wpb_row section vc_row-fluid  vc_custom_1641394844318\" style=' text-align:left;'><div class=\"full_section_inner clearfix\"><div class=\"wpb_column vc_column_container vc_col-sm-12\"><div class=\"vc_column-inner\"><div class=\"wpb_wrapper\"><div class='q_elements_holder two_columns eh_two_columns_66_33 responsive_mode_from_768' ><div class='q_elements_item' data-animation='no' data-item-class='q_elements_holder_custom_433608' style='background-image: url(https:\/\/www.isqe.com\/wp-content\/uploads\/2022\/01\/content-services_1_isqe.jpg);background-position: center;background-size: cover;'><div class='q_elements_item_inner'><div class='q_elements_item_content q_elements_holder_custom_433608'><\/div><\/div><\/div><div class='q_elements_item' data-animation='no' data-item-class='q_elements_holder_custom_505325' style='background-color:#ed1b34;'><div class='q_elements_item_inner'><div class='q_elements_item_content q_elements_holder_custom_505325' style='padding:20% 10% 20% 10%'>\n\t<div class=\"wpb_text_column wpb_content_element\">\n\t\t<div class=\"wpb_wrapper\">\n\t\t\t<h2 style=\"text-align: left;\"><span style=\"color: #fff; font-size: 74px; text-transform: lowercase; letter-spacing: -4px; line-height: 0.9em;\">Services de contenu<\/span><\/h2>\n\n\t\t<\/div>\n\t<\/div><div class=\"separator  small left\" style=\"margin-top: 12px;background-color: #9d0b0f;\"><\/div><div class=\"vc_empty_space\"  style=\"height: 100px\" >\n\t<span class=\"vc_empty_space_inner\">\n\t\t<span class=\"empty_space_image\"  ><\/span>\n\t<\/span>\n<\/div><\/div><\/div><\/div><\/div><\/div><\/div><\/div><\/div><\/div><div      class=\"vc_row wpb_row section vc_row-fluid  grid_section\" style='background-color:#ffffff; padding-top:87px; padding-bottom:0px; text-align:left;'><div class=\"section_inner clearfix\"><div class='section_inner_margin clearfix'><div class=\"wpb_column vc_column_container vc_col-sm-12\"><div class=\"vc_column-inner\"><div class=\"wpb_wrapper\">\n\t<div class=\"wpb_text_column wpb_content_element\">\n\t\t<div class=\"wpb_wrapper\">\n\t\t\t<p style=\"text-align: center; font-size: 24px;\"><strong><b>\u00c9quipe pluridisciplinaire, sp\u00e9cialis\u00e9e en conception p\u00e9dagogique, en d\u00e9veloppement de contenus multim\u00e9dias et en assurance de la qualit\u00e9<\/b><\/strong><\/p>\n\n\t\t<\/div>\n\t<\/div><div class=\"separator  transparent\" style=\"margin-top: 31px;margin-bottom: 19px;\"><\/div>\n\t<div class=\"wpb_text_column wpb_content_element\">\n\t\t<div class=\"wpb_wrapper\">\n\t\t\t<p>Nous concentrons sur la cr\u00e9ation d\u2019exp\u00e9riences d\u2019apprentissage ayant un sens et un impact positif, c\u2019est-\u00e0-dire des exp\u00e9riences g\u00e9n\u00e9ratrices d\u2019enthousiasme envers la th\u00e9matique, l\u2019engagement envers le parcours d\u2019apprentissage et la promotion de l\u2019apprentissage sur le long terme.<\/p>\n<p>&nbsp;<\/p>\n<p>Nous concevons des exp\u00e9riences d\u2019apprentissage m\u00e9morables et innovantes en vue de la formation et du d\u00e9veloppement de comp\u00e9tences des collaborateurs dans les entreprises.<\/p>\n\n\t\t<\/div>\n\t<\/div><div class=\"separator  transparent\" style=\"margin-top: 20px;margin-bottom: 0px;\"><\/div><div class=\"separator  transparent\" style=\"margin-top: 20px;margin-bottom: 0px;\"><\/div><div      class=\"vc_row wpb_row section vc_row-fluid vc_inner\" style=' text-align:left;'><div class=\"full_section_inner clearfix\"><div class=\"wpb_column vc_column_container vc_col-sm-12\"><div class=\"vc_column-inner\"><div class=\"wpb_wrapper\">\n\t<div class=\"wpb_text_column wpb_content_element\">\n\t\t<div class=\"wpb_wrapper\">\n\t\t\t<p style=\"text-align: center; font-size: 24px;\"><strong>Exp\u00e9rience et accent sur des solutions qui respectent les objectifs<\/strong><\/p>\n\n\t\t<\/div>\n\t<\/div><div class=\"separator  transparent\" style=\"margin-top: 31px;margin-bottom: 0px;\"><\/div>\n\t<div class=\"wpb_text_column wpb_content_element\">\n\t\t<div class=\"wpb_wrapper\">\n\t\t\t<p>ISQe est dot\u00e9e d\u2019une vaste exp\u00e9rience dans le d\u00e9veloppement de solutions de formation et le d\u00e9veloppement de contenus sp\u00e9cialis\u00e9s. L\u2019exp\u00e9rience accumul\u00e9e de plusieurs ann\u00e9es sur le march\u00e9 avec des entreprises de diff\u00e9rents secteurs se traduit par un plusieurs avantages de travailler chez nous :<\/p>\n\n\t\t<\/div>\n\t<\/div><div class=\"separator  transparent\" style=\"margin-top: 50px;margin-bottom: 0px;\"><\/div><\/div><\/div><\/div><\/div><\/div><div      class=\"vc_row wpb_row section vc_row-fluid vc_inner\" style=' text-align:left;'><div class=\"full_section_inner clearfix\"><div class=\"wpb_column vc_column_container vc_col-sm-3\"><div class=\"vc_column-inner\"><div class=\"wpb_wrapper\"><div class=\"separator  small left\" style=\"margin-top: 2px;background-color: #000000;\"><\/div>\n\t<div class=\"wpb_text_column wpb_content_element\">\n\t\t<div class=\"wpb_wrapper\">\n\t\t\t<p><strong>Digital Learning Experience<\/strong><\/p>\n<p>&nbsp;<\/p>\n<p>Conception d\u2019exp\u00e9riences num\u00e9riques enrichissantes \u2013 parcours d\u2019apprentissage m\u00e9morables (UX et UI Design).<\/p>\n<p>&nbsp;<\/p>\n<p>D\u00e9veloppement de contenus d\u2019apprentissage sur mesure aux diff\u00e9rents formats (exp\u00e9riences immersives VR\/AR ; gamification, jeux, vid\u00e9os interactives, microlearning, quizz, infographies, plans de communication et engagement).<\/p>\n\n\t\t<\/div>\n\t<\/div><\/div><\/div><\/div><div class=\"wpb_column vc_column_container vc_col-sm-3\"><div class=\"vc_column-inner\"><div class=\"wpb_wrapper\"><div class=\"separator  small left\" style=\"margin-top: 2px;background-color: #000000;\"><\/div>\n\t<div class=\"wpb_text_column wpb_content_element\">\n\t\t<div class=\"wpb_wrapper\">\n\t\t\t<p><strong>Biblioth\u00e8que de contenus num\u00e9riques<\/strong><\/p>\n<p>&nbsp;<\/p>\n<p>Formations standards pour l\u2019octroi de licence dans diff\u00e9rents secteurs th\u00e9matiques (formations eLearning)<\/p>\n<p>&nbsp;<\/p>\n<p>Inscriptions Catalogue de formations Contenu n\u2019importe quand ou \u00ab \u00c0 la carte \u00bb de partenaires<\/p>\n\n\t\t<\/div>\n\t<\/div><\/div><\/div><\/div><div class=\"wpb_column vc_column_container vc_col-sm-3\"><div class=\"vc_column-inner\"><div class=\"wpb_wrapper\"><div class=\"separator  small left\" style=\"margin-top: 2px;background-color: #000000;\"><\/div>\n\t<div class=\"wpb_text_column wpb_content_element\">\n\t\t<div class=\"wpb_wrapper\">\n\t\t\t<p><strong>Formation de professionnels de L&amp;D<\/strong><\/p>\n<p>&nbsp;<\/p>\n<p class=\"p-detail\">Renforcement des capacit\u00e9s d\u2019\u00e9quipes internes consacr\u00e9es \u00e0 la Formation et au D\u00e9veloppement :<br \/>\nFramework de d\u00e9veloppement de contenus ;<br \/>\nConception institutionnelle ;<br \/>\nE-Tutor ;<br \/>\nOutils d\u2019auteur (Storyline)<\/p>\n\n\t\t<\/div>\n\t<\/div><\/div><\/div><\/div><div class=\"wpb_column vc_column_container vc_col-sm-3\"><div class=\"vc_column-inner\"><div class=\"wpb_wrapper\"><div class=\"separator  small left\" style=\"margin-top: 2px;background-color: #000000;\"><\/div>\n\t<div class=\"wpb_text_column wpb_content_element\">\n\t\t<div class=\"wpb_wrapper\">\n\t\t\t<p><strong>Externalisation<\/strong><\/p>\n<p>&nbsp;<\/p>\n<p>Services d\u2019externalisation pour les secteurs de Conception institutionnelle, D\u00e9veloppement technologique Web et Mobile, Administration de plateformes et Assistance technique.<\/p>\n\n\t\t<\/div>\n\t<\/div><\/div><\/div><\/div><\/div><\/div><\/div><\/div><\/div><\/div><\/div><\/div><div      class=\"vc_row wpb_row section vc_row-fluid  grid_section\" style='background-color:#ffffff; padding-top:87px; padding-bottom:0px; text-align:center;'><div class=\"section_inner clearfix\"><div class='section_inner_margin clearfix'><div class=\"wpb_column vc_column_container vc_col-sm-12\"><div class=\"vc_column-inner\"><div class=\"wpb_wrapper\">\n\t<div class=\"wpb_text_column wpb_content_element\">\n\t\t<div class=\"wpb_wrapper\">\n\t\t\t<h5 class=\"margin-top-20\" align=\"center\"><strong>M\u00e9thodologie de travail<\/strong><\/h5>\n<p>&nbsp;<\/p>\n<h2 class=\"p-subsubdetail margin-top-20\" align=\"center\"><strong>Framework digital learning<\/strong><\/h2>\n\n\t\t<\/div>\n\t<\/div><div class=\"separator  transparent\" style=\"margin-top: 31px;margin-bottom: 19px;\"><\/div>\n\t<div class=\"wpb_single_image wpb_content_element vc_align_center\">\n\t\t<div class=\"wpb_wrapper\">\n\t\t\t\n\t\t\t<div class=\"vc_single_image-wrapper   vc_box_border_grey\"><img decoding=\"async\" class=\"vc_single_image-img\" src=\"https:\/\/www.isqe.com\/wp-content\/uploads\/2021\/12\/framework_dle-1110x323.png\" width=\"1110\" height=\"323\" alt=\"Framework Digital\" title=\"framework_dle\" loading=\"lazy\" \/><\/div>\n\t\t<\/div>\n\t<\/div>\n<div class=\"separator  transparent\" style=\"margin-top: 31px;margin-bottom: 19px;\"><\/div>\n\t<div class=\"wpb_single_image wpb_content_element vc_align_center\">\n\t\t<div class=\"wpb_wrapper\">\n\t\t\t\n\t\t\t<div class=\"vc_single_image-wrapper   vc_box_border_grey\"><img loading=\"lazy\" decoding=\"async\" width=\"425\" height=\"270\" src=\"https:\/\/www.isqe.com\/wp-content\/uploads\/2021\/12\/Imagem12.png\" class=\"vc_single_image-img attachment-full\" alt=\"oferta de conteudos digitais\" title=\"Imagem1(2)\" srcset=\"https:\/\/www.isqe.com\/wp-content\/uploads\/2021\/12\/Imagem12.png 425w, https:\/\/www.isqe.com\/wp-content\/uploads\/2021\/12\/Imagem12-300x191.png 300w\" sizes=\"auto, (max-width: 425px) 100vw, 425px\" \/><\/div>\n\t\t<\/div>\n\t<\/div>\n<div class=\"separator  transparent\" style=\"margin-top: 31px;margin-bottom: 19px;\"><\/div>\n\t<div class=\"wpb_text_column wpb_content_element\">\n\t\t<div class=\"wpb_wrapper\">\n\t\t\t<p style=\"text-align: center;\">L\u2019offre de contenus num\u00e9riques est compl\u00e9t\u00e9e par le catalogue de formations Contenu n\u2019importe o\u00f9, promu par notre partenaire Cornerstone. Il s\u2019agit d\u2019un r\u00e9pertoire de contenus pr\u00e9d\u00e9finis et catalogu\u00e9s qui permettent d\u2019avoir acc\u00e8s au vaste ensemble de th\u00e8mes et contenus, selon l\u2019int\u00e9r\u00eat du Client.<\/p>\n\n\t\t<\/div>\n\t<\/div><div class=\"separator  transparent\" style=\"margin-top: 31px;margin-bottom: 19px;\"><\/div><a  itemprop=\"url\" href=\"https:\/\/www.isqe.com\/fr\/documents\/files\/CCA_Overview_ISQe.pdf\/\" target=\"_self\" data-hover-background-color=\"#000000\" data-hover-border-color=\"#000000\" data-hover-color=\"#ffffff\" class=\"qbutton  default\" style=\"\">CORNERSTONE CONTENT ANYTIME<\/a><div class=\"separator  transparent\" style=\"margin-top: 50px;margin-bottom: 0px;\"><\/div><\/div><\/div><\/div><\/div><\/div><\/div>\n<\/div>","protected":false},"excerpt":{"rendered":"Content Services Equipa multidisciplinar, especialista em desenho pedag\u00f3gico, desenvolvimento de conte\u00fados multim\u00e9dia e quality assurance O nosso foco consiste em criar experi\u00eancias de aprendizagem com significado e impacto positivo, isto \u00e9, que geram entusiasmo com o tema, o engagement com a learning journey e promove...","protected":false},"author":3,"featured_media":16002,"parent":0,"menu_order":0,"comment_status":"open","ping_status":"open","template":"full_width.php","meta":{"_monsterinsights_skip_tracking":false,"_monsterinsights_sitenote_active":false,"_monsterinsights_sitenote_note":"","_monsterinsights_sitenote_category":0,"footnotes":""},"class_list":["post-15398","page","type-page","status-publish","has-post-thumbnail","hentry"],"yoast_head":"<!-- This site is optimized with the Yoast SEO plugin v26.6 - https:\/\/yoast.com\/wordpress\/plugins\/seo\/ -->\n<title>Content Services - ISQe<\/title>\n<meta name=\"description\" content=\"O nosso foco \u00e9 criar experi\u00eancias de aprendizagem com significado e impacto positivo. Desenvolvemos conte\u00fados multim\u00e9dia e quality assurance.\" \/>\n<meta name=\"robots\" content=\"index, follow, max-snippet:-1, max-image-preview:large, max-video-preview:-1\" \/>\n<link rel=\"canonical\" href=\"https:\/\/www.isqe.com\/fr\/content-services\/\" \/>\n<meta property=\"og:locale\" content=\"fr_FR\" \/>\n<meta property=\"og:type\" content=\"article\" \/>\n<meta property=\"og:title\" content=\"Content Services - ISQe\" \/>\n<meta property=\"og:description\" content=\"O nosso foco \u00e9 criar experi\u00eancias de aprendizagem com significado e impacto positivo. Desenvolvemos conte\u00fados multim\u00e9dia e quality assurance.\" \/>\n<meta property=\"og:url\" content=\"https:\/\/www.isqe.com\/fr\/content-services\/\" \/>\n<meta property=\"og:site_name\" content=\"ISQe\" \/>\n<meta property=\"article:publisher\" content=\"https:\/\/www.facebook.com\/ISQe.Engaging.People\" \/>\n<meta property=\"article:modified_time\" content=\"2022-04-01T16:04:33+00:00\" \/>\n<meta property=\"og:image\" content=\"https:\/\/www.isqe.com\/wp-content\/uploads\/2022\/01\/content-services_1_isqe.jpg\" \/>\n\t<meta property=\"og:image:width\" content=\"1289\" \/>\n\t<meta property=\"og:image:height\" content=\"468\" \/>\n\t<meta property=\"og:image:type\" content=\"image\/jpeg\" \/>\n<meta name=\"twitter:card\" content=\"summary_large_image\" \/>\n<meta name=\"twitter:label1\" content=\"Dur\u00e9e de lecture estim\u00e9e\" \/>\n\t<meta name=\"twitter:data1\" content=\"3 minutes\" \/>\n<script type=\"application\/ld+json\" class=\"yoast-schema-graph\">{\"@context\":\"https:\/\/schema.org\",\"@graph\":[{\"@type\":\"WebPage\",\"@id\":\"https:\/\/www.isqe.com\/content-services\/\",\"url\":\"https:\/\/www.isqe.com\/content-services\/\",\"name\":\"Content Services - ISQe\",\"isPartOf\":{\"@id\":\"https:\/\/www.isqe.com\/#website\"},\"primaryImageOfPage\":{\"@id\":\"https:\/\/www.isqe.com\/content-services\/#primaryimage\"},\"image\":{\"@id\":\"https:\/\/www.isqe.com\/content-services\/#primaryimage\"},\"thumbnailUrl\":\"https:\/\/www.isqe.com\/wp-content\/uploads\/2022\/01\/content-services_1_isqe.jpg\",\"datePublished\":\"2021-12-30T08:53:01+00:00\",\"dateModified\":\"2022-04-01T16:04:33+00:00\",\"description\":\"O nosso foco \u00e9 criar experi\u00eancias de aprendizagem com significado e impacto positivo. Desenvolvemos conte\u00fados multim\u00e9dia e quality assurance.\",\"breadcrumb\":{\"@id\":\"https:\/\/www.isqe.com\/content-services\/#breadcrumb\"},\"inLanguage\":\"fr-FR\",\"potentialAction\":[{\"@type\":\"ReadAction\",\"target\":[\"https:\/\/www.isqe.com\/content-services\/\"]}]},{\"@type\":\"ImageObject\",\"inLanguage\":\"fr-FR\",\"@id\":\"https:\/\/www.isqe.com\/content-services\/#primaryimage\",\"url\":\"https:\/\/www.isqe.com\/wp-content\/uploads\/2022\/01\/content-services_1_isqe.jpg\",\"contentUrl\":\"https:\/\/www.isqe.com\/wp-content\/uploads\/2022\/01\/content-services_1_isqe.jpg\",\"width\":1289,\"height\":468,\"caption\":\"Content Services\"},{\"@type\":\"BreadcrumbList\",\"@id\":\"https:\/\/www.isqe.com\/content-services\/#breadcrumb\",\"itemListElement\":[{\"@type\":\"ListItem\",\"position\":1,\"name\":\"In\u00edcio\",\"item\":\"https:\/\/www.isqe.com\/\"},{\"@type\":\"ListItem\",\"position\":2,\"name\":\"Content Services\"}]},{\"@type\":\"WebSite\",\"@id\":\"https:\/\/www.isqe.com\/#website\",\"url\":\"https:\/\/www.isqe.com\/\",\"name\":\"ISQe\",\"description\":\"Engaging People\",\"publisher\":{\"@id\":\"https:\/\/www.isqe.com\/#organization\"},\"potentialAction\":[{\"@type\":\"SearchAction\",\"target\":{\"@type\":\"EntryPoint\",\"urlTemplate\":\"https:\/\/www.isqe.com\/?s={search_term_string}\"},\"query-input\":{\"@type\":\"PropertyValueSpecification\",\"valueRequired\":true,\"valueName\":\"search_term_string\"}}],\"inLanguage\":\"fr-FR\"},{\"@type\":\"Organization\",\"@id\":\"https:\/\/www.isqe.com\/#organization\",\"name\":\"ISQe\",\"url\":\"https:\/\/www.isqe.com\/\",\"logo\":{\"@type\":\"ImageObject\",\"inLanguage\":\"fr-FR\",\"@id\":\"https:\/\/www.isqe.com\/#\/schema\/logo\/image\/\",\"url\":\"https:\/\/www.isqe.com\/wp-content\/uploads\/2022\/01\/ISQe-logotipo-web.png\",\"contentUrl\":\"https:\/\/www.isqe.com\/wp-content\/uploads\/2022\/01\/ISQe-logotipo-web.png\",\"width\":842,\"height\":596,\"caption\":\"ISQe\"},\"image\":{\"@id\":\"https:\/\/www.isqe.com\/#\/schema\/logo\/image\/\"},\"sameAs\":[\"https:\/\/www.facebook.com\/ISQe.Engaging.People\",\"https:\/\/www.instagram.com\/isqe.engage.people\/\",\"https:\/\/pt.linkedin.com\/company\/isqe\",\"https:\/\/www.youtube.com\/channel\/UChrGaLoIk_sh__ZEoCzBjxA\/featured\"]}]}<\/script>\n<!-- \/ Yoast SEO plugin. -->","yoast_head_json":{"title":"Content Services - ISQe","description":"O nosso foco \u00e9 criar experi\u00eancias de aprendizagem com significado e impacto positivo. Desenvolvemos conte\u00fados multim\u00e9dia e quality assurance.","robots":{"index":"index","follow":"follow","max-snippet":"max-snippet:-1","max-image-preview":"max-image-preview:large","max-video-preview":"max-video-preview:-1"},"canonical":"https:\/\/www.isqe.com\/fr\/content-services\/","og_locale":"fr_FR","og_type":"article","og_title":"Content Services - ISQe","og_description":"O nosso foco \u00e9 criar experi\u00eancias de aprendizagem com significado e impacto positivo. Desenvolvemos conte\u00fados multim\u00e9dia e quality assurance.","og_url":"https:\/\/www.isqe.com\/fr\/content-services\/","og_site_name":"ISQe","article_publisher":"https:\/\/www.facebook.com\/ISQe.Engaging.People","article_modified_time":"2022-04-01T16:04:33+00:00","og_image":[{"width":1289,"height":468,"url":"https:\/\/www.isqe.com\/wp-content\/uploads\/2022\/01\/content-services_1_isqe.jpg","type":"image\/jpeg"}],"twitter_card":"summary_large_image","twitter_misc":{"Dur\u00e9e de lecture estim\u00e9e":"3 minutes"},"schema":{"@context":"https:\/\/schema.org","@graph":[{"@type":"WebPage","@id":"https:\/\/www.isqe.com\/content-services\/","url":"https:\/\/www.isqe.com\/content-services\/","name":"Content Services - ISQe","isPartOf":{"@id":"https:\/\/www.isqe.com\/#website"},"primaryImageOfPage":{"@id":"https:\/\/www.isqe.com\/content-services\/#primaryimage"},"image":{"@id":"https:\/\/www.isqe.com\/content-services\/#primaryimage"},"thumbnailUrl":"https:\/\/www.isqe.com\/wp-content\/uploads\/2022\/01\/content-services_1_isqe.jpg","datePublished":"2021-12-30T08:53:01+00:00","dateModified":"2022-04-01T16:04:33+00:00","description":"O nosso foco \u00e9 criar experi\u00eancias de aprendizagem com significado e impacto positivo. Desenvolvemos conte\u00fados multim\u00e9dia e quality assurance.","breadcrumb":{"@id":"https:\/\/www.isqe.com\/content-services\/#breadcrumb"},"inLanguage":"fr-FR","potentialAction":[{"@type":"ReadAction","target":["https:\/\/www.isqe.com\/content-services\/"]}]},{"@type":"ImageObject","inLanguage":"fr-FR","@id":"https:\/\/www.isqe.com\/content-services\/#primaryimage","url":"https:\/\/www.isqe.com\/wp-content\/uploads\/2022\/01\/content-services_1_isqe.jpg","contentUrl":"https:\/\/www.isqe.com\/wp-content\/uploads\/2022\/01\/content-services_1_isqe.jpg","width":1289,"height":468,"caption":"Content Services"},{"@type":"BreadcrumbList","@id":"https:\/\/www.isqe.com\/content-services\/#breadcrumb","itemListElement":[{"@type":"ListItem","position":1,"name":"In\u00edcio","item":"https:\/\/www.isqe.com\/"},{"@type":"ListItem","position":2,"name":"Content Services"}]},{"@type":"WebSite","@id":"https:\/\/www.isqe.com\/#website","url":"https:\/\/www.isqe.com\/","name":"ISQe","description":"Engaging People","publisher":{"@id":"https:\/\/www.isqe.com\/#organization"},"potentialAction":[{"@type":"SearchAction","target":{"@type":"EntryPoint","urlTemplate":"https:\/\/www.isqe.com\/?s={search_term_string}"},"query-input":{"@type":"PropertyValueSpecification","valueRequired":true,"valueName":"search_term_string"}}],"inLanguage":"fr-FR"},{"@type":"Organization","@id":"https:\/\/www.isqe.com\/#organization","name":"ISQe","url":"https:\/\/www.isqe.com\/","logo":{"@type":"ImageObject","inLanguage":"fr-FR","@id":"https:\/\/www.isqe.com\/#\/schema\/logo\/image\/","url":"https:\/\/www.isqe.com\/wp-content\/uploads\/2022\/01\/ISQe-logotipo-web.png","contentUrl":"https:\/\/www.isqe.com\/wp-content\/uploads\/2022\/01\/ISQe-logotipo-web.png","width":842,"height":596,"caption":"ISQe"},"image":{"@id":"https:\/\/www.isqe.com\/#\/schema\/logo\/image\/"},"sameAs":["https:\/\/www.facebook.com\/ISQe.Engaging.People","https:\/\/www.instagram.com\/isqe.engage.people\/","https:\/\/pt.linkedin.com\/company\/isqe","https:\/\/www.youtube.com\/channel\/UChrGaLoIk_sh__ZEoCzBjxA\/featured"]}]}},"_links":{"self":[{"href":"https:\/\/www.isqe.com\/fr\/wp-json\/wp\/v2\/pages\/15398","targetHints":{"allow":["GET"]}}],"collection":[{"href":"https:\/\/www.isqe.com\/fr\/wp-json\/wp\/v2\/pages"}],"about":[{"href":"https:\/\/www.isqe.com\/fr\/wp-json\/wp\/v2\/types\/page"}],"author":[{"embeddable":true,"href":"https:\/\/www.isqe.com\/fr\/wp-json\/wp\/v2\/users\/3"}],"replies":[{"embeddable":true,"href":"https:\/\/www.isqe.com\/fr\/wp-json\/wp\/v2\/comments?post=15398"}],"version-history":[{"count":45,"href":"https:\/\/www.isqe.com\/fr\/wp-json\/wp\/v2\/pages\/15398\/revisions"}],"predecessor-version":[{"id":17110,"href":"https:\/\/www.isqe.com\/fr\/wp-json\/wp\/v2\/pages\/15398\/revisions\/17110"}],"wp:featuredmedia":[{"embeddable":true,"href":"https:\/\/www.isqe.com\/fr\/wp-json\/wp\/v2\/media\/16002"}],"wp:attachment":[{"href":"https:\/\/www.isqe.com\/fr\/wp-json\/wp\/v2\/media?parent=15398"}],"curies":[{"name":"wp","href":"https:\/\/api.w.org\/{rel}","templated":true}]}}