{"id":15347,"date":"2021-12-29T16:18:03","date_gmt":"2021-12-29T16:18:03","guid":{"rendered":"https:\/\/www.isqe.com\/?page_id=15347"},"modified":"2022-07-18T12:13:54","modified_gmt":"2022-07-18T12:13:54","slug":"learning-experience","status":"publish","type":"page","link":"https:\/\/www.isqe.com\/fr\/learning-experience\/","title":{"rendered":"Exp\u00e9rience d'apprentissage"},"content":{"rendered":"<div class=\"wpb-content-wrapper\"><div class=\"vc_row wpb_row section vc_row-fluid  vc_custom_1641394844318\" style=' text-align:left;'><div class=\"full_section_inner clearfix\"><div class=\"wpb_column vc_column_container vc_col-sm-12\"><div class=\"vc_column-inner\"><div class=\"wpb_wrapper\"><div class='q_elements_holder two_columns eh_two_columns_66_33 responsive_mode_from_768' ><div class='q_elements_item' data-animation='no' data-item-class='q_elements_holder_custom_860919' style='background-image: url(https:\/\/www.isqe.com\/wp-content\/uploads\/2022\/01\/learning-experience-ISQE.jpg);background-position: center;background-size: cover;'><div class='q_elements_item_inner'><div class='q_elements_item_content q_elements_holder_custom_860919'><\/div><\/div><\/div><div class='q_elements_item' data-animation='no' data-item-class='q_elements_holder_custom_896776' style='background-color:#ed1b34;'><div class='q_elements_item_inner'><div class='q_elements_item_content q_elements_holder_custom_896776' style='padding:20% 10% 20% 10%'>\n\t<div class=\"wpb_text_column wpb_content_element\">\n\t\t<div class=\"wpb_wrapper\">\n\t\t\t<h2 style=\"text-align: left;\"><span style=\"color: #fff; font-size: 74px; text-transform: lowercase; letter-spacing: -4px; line-height: 0.9em;\">Exp\u00e9rience d'apprentissage<\/span><\/h2>\n\n\t\t<\/div>\n\t<\/div><div class=\"separator  small left\" style=\"margin-top: 12px;background-color: #9d0b0f;\"><\/div><div class=\"vc_empty_space\"  style=\"height: 100px\" >\n\t<span class=\"vc_empty_space_inner\">\n\t\t<span class=\"empty_space_image\"  ><\/span>\n\t<\/span>\n<\/div><\/div><\/div><\/div><\/div><\/div><\/div><\/div><\/div><\/div><div      class=\"vc_row wpb_row section vc_row-fluid  grid_section\" style='background-color:#ffffff; padding-top:87px; padding-bottom:0px; text-align:left;'><div class=\"section_inner clearfix\"><div class='section_inner_margin clearfix'><div class=\"wpb_column vc_column_container vc_col-sm-12\"><div class=\"vc_column-inner\"><div class=\"wpb_wrapper\"><div      class=\"vc_row wpb_row section vc_row-fluid vc_inner\" style=' text-align:left;'><div class=\"full_section_inner clearfix\"><div class=\"wpb_column vc_column_container vc_col-sm-6\"><div class=\"vc_column-inner\"><div class=\"wpb_wrapper\">\n\t<div class=\"wpb_text_column wpb_content_element\">\n\t\t<div class=\"wpb_wrapper\">\n\t\t\t<p class=\"p-detail\">Le concept d\u2019Exp\u00e9rience d\u2019apprentissage num\u00e9rique (Digital Learning Experience) permet un apprentissage dans un environnement num\u00e9rique et\/ou en ligne, centr\u00e9e sur l\u2019utilisateur, o\u00f9 la dimension sociale du processus d\u2019apprentissage est mise en valeur, reconnaissant la valeur du peer-learning, assurant une exp\u00e9rience d\u2019apprentissage globale qui conduit \u00e0 des taux de r\u00e9tention et de conclusion \u00e9lev\u00e9s. Dans un contexte d\u2019entreprise, le renforcement des capacit\u00e9s des personnes via une Exp\u00e9rience d\u2019apprentissage num\u00e9rique repr\u00e9sente le d\u00e9ploiement d\u2019un cycle d\u2019apprentissage continu, permettant l\u2019amplification des connaissances et des comp\u00e9tences dans les domaines les plus diversifi\u00e9s, contribuant \u00e9galement \u00e0 l\u2019am\u00e9lioration de comp\u00e9tences transversales, telles que l\u2019accroissement de la comp\u00e9tence de r\u00e9solution de probl\u00e8mes, qui avantage in\u00e9vitablement le d\u00e9veloppement cognitif.<\/p>\n\n\t\t<\/div>\n\t<\/div><div class=\"separator  transparent\" style=\"margin-top: 30px;margin-bottom: 0px;\"><\/div>\n\t<div class=\"wpb_text_column wpb_content_element\">\n\t\t<div class=\"wpb_wrapper\">\n\t\t\t<p class=\"p-detail\"><strong>Chez ISQe, l\u2019\u00e9quipe de Digital Learning Experience con\u00e7oit, d\u00e9veloppe et d\u00e9ploie des exp\u00e9riences d\u2019apprentissage num\u00e9riques faites sur mesure pour le client<\/strong>reposant sur des contenus p\u00e9dagogiques innovants, adapt\u00e9s aux contextes d\u2019appareils multiples. La conception de nos solutions de formation est intuitive, avec des instructions interactives, des bookmarks de contenus et la syst\u00e9matisation de connaissances, ce qui assure la satisfaction de nos clients et surtout de leurs collaborateurs. ISQe mise fortement sur le recours \u00e0 la gamification, l\u2019une des m\u00e9thodes qui prouve clairement avoir des niveaux d\u2019engagement sup\u00e9rieurs aux diff\u00e9rentes approches plus traditionnelles, comme garantie de succ\u00e8s des parcours de formation et de d\u00e9veloppement des comp\u00e9tences des ressources humaines de nos clients.<\/p>\n\n\t\t<\/div>\n\t<\/div><div class=\"separator  transparent\" style=\"margin-top: 30px;margin-bottom: 0px;\"><\/div><\/div><\/div><\/div><div class=\"wpb_column vc_column_container vc_col-sm-6\"><div class=\"vc_column-inner\"><div class=\"wpb_wrapper\">\n\t<div class=\"wpb_text_column wpb_content_element\">\n\t\t<div class=\"wpb_wrapper\">\n\t\t\t<p class=\"p-detail\">En phase avec l\u2019innovation continue n\u00e9cessaire en processus de formation et de gestion de talents, la r\u00e9tention des collaborateurs \u00e9tant \u00e9galement l\u2019un des grands d\u00e9fis actuels des entreprises et qui d\u00e9pend en grande partie du d\u00e9veloppement personnel que l\u2019entreprise accorde au collaborateur, l\u2019introduction de nouvelles approches de cette forme de distribution des connaissances en ayant recours \u00e0 ladite gamification, \u00e0 la r\u00e9alit\u00e9 augment\u00e9e ou \u00e0 des syst\u00e8mes qui int\u00e8grent l\u2019intelligence artificielle, permettent d\u2019aller au-del\u00e0 des approches traditionnelles du d\u00e9veloppement de contenus, ce qui en fait une exp\u00e9rience utilisateur beaucoup plus attrayante et gratifiante en raison de sa personnalisation.<\/p>\n\n\t\t<\/div>\n\t<\/div><div class=\"separator  transparent\" style=\"margin-top: 30px;margin-bottom: 0px;\"><\/div>\n\t<div class=\"wpb_text_column wpb_content_element\">\n\t\t<div class=\"wpb_wrapper\">\n\t\t\t<p class=\"p-detail\">Le segment entreprise du march\u00e9 du digital learning et de la gestion de talents, celui o\u00f9 ISQe se place en grande partie, s\u2019est d\u00e9velopp\u00e9 de mani\u00e8re coh\u00e9rente \u00e0 l\u2019\u00e9chelle globale, o\u00f9 les entreprises investissent d\u00e9sormais de fa\u00e7on strat\u00e9gique dans des plateformes SaaS (Software as a Service) pour le d\u00e9veloppement de carri\u00e8re de leurs collaborateurs. Cette observation permet de conclure que le SaaS est aujourd\u2019hui un facteur d\u00e9terminant dans la connexion des organisations et des personnes au moyen de plateformes cloud et deviendra rapidement le support \u00e0 plus forte expression pour le d\u00e9ploiement de plateformes de d\u00e9veloppement de talents et de formation.<\/p>\n\n\t\t<\/div>\n\t<\/div><div class=\"separator  transparent\" style=\"margin-top: 30px;margin-bottom: 0px;\"><\/div><\/div><\/div><\/div><\/div><\/div><\/div><\/div><\/div><\/div><\/div><\/div><div      class=\"vc_row wpb_row section vc_row-fluid  vc_custom_1640781262414 grid_section\" style=' padding-top:87px; padding-bottom:34px; text-align:left;'><div class=\"section_inner clearfix\"><div class='section_inner_margin clearfix'><div class=\"wpb_column vc_column_container vc_col-sm-12\"><div class=\"vc_column-inner\"><div class=\"wpb_wrapper\">\n\t<div class=\"wpb_video_widget wpb_content_element vc_clearfix   vc_video-aspect-ratio-169 vc_video-el-width-100 vc_video-align-center\" >\n\t\t<div class=\"wpb_wrapper\">\n\t\t\t\n\t\t\t<div class=\"wpb_video_wrapper\"><iframe loading=\"lazy\" title=\"ISQe Digital Learning Experience\" width=\"500\" height=\"281\" src=\"https:\/\/www.youtube.com\/embed\/IJrXqTYeSU4?feature=oembed\" frameborder=\"0\" allow=\"accelerometer; autoplay; clipboard-write; encrypted-media; gyroscope; picture-in-picture; web-share\" referrerpolicy=\"strict-origin-when-cross-origin\" allowfullscreen><\/iframe><\/div>\n\t\t<\/div>\n\t<\/div>\n<div class=\"separator  transparent\" style=\"margin-top: 93px;margin-bottom: 0px;\"><\/div>\n\t<div class=\"wpb_text_column wpb_content_element\">\n\t\t<div class=\"wpb_wrapper\">\n\t\t\t<p class=\"p-detail\">Tous ces indicateurs nous permettent de poursuivre notre voie en toute confiance. ISQe concentre son offre de march\u00e9 sur les solutions de gestion de talents, ainsi que sur le d\u00e9veloppement de contenus pour digital learning. Elle a ainsi d\u00e9velopp\u00e9 plus de 80 projets de d\u00e9ploiement des modules de Recrutement, \u00c9valuation de performance et R\u00e9mun\u00e9ration, ainsi que des modules de gestion de formation blended learning et Ressources Humaines de la suite de gestion de talents, tous selon le mod\u00e8le SaaS de notre partenaire Cornerstone (reconnu par des analystes du march\u00e9 tels que Gartner ou Forrester comme leader du segment des solutions de gestion de talents), une solution cloud unifi\u00e9e qui couvre tout le cycle de vie du collaborateur au sein de l\u2019organisation. Les plus de 500 formations en e-learning d\u00e9velopp\u00e9es en ayant recours \u00e0 des technologies et \u00e0 des m\u00e9thodologies innovantes, outre d\u2019innombrables applications d\u2019entreprise sur mesure pour diff\u00e9rents clients, nous permettent aujourd\u2019hui d\u2019envisager l\u2019avenir en toute confiance, notamment en raison de notre exp\u00e9rience et de la demande actuelle du march\u00e9.<\/p>\n<p>&nbsp;<\/p>\n<p class=\"p-detail\">La formation \u00e0 distance assist\u00e9e par la technologie est depuis longtemps une m\u00e9thodologie de formation assum\u00e9e par un grand nombre d\u2019entreprises ou d\u2019\u00e9tablissements d\u2019enseignement et de formation. Bon nombre de ces organisations assument en outre un mod\u00e8le mixte de formation, entre la formation pr\u00e9sentielle et en ligne (b-learning ou blended learning), comme \u00e9tant le mod\u00e8le de formation le plus ad\u00e9quat pour leurs collaborateurs ou leurs \u00e9l\u00e8ves, notamment en raison d\u2019une meilleure adaptation aux disciplines \u00e9tudi\u00e9es, de la pratique professionnelle ou de la dispersion g\u00e9ographique des intervenants :<\/p>\n\n\t\t<\/div>\n\t<\/div><\/div><\/div><\/div><\/div><\/div><\/div><div      class=\"vc_row wpb_row section vc_row-fluid  grid_section\" style='background-color:#ffffff; padding-top:87px; padding-bottom:0px; text-align:left;'><div class=\"section_inner clearfix\"><div class='section_inner_margin clearfix'><div class=\"wpb_column vc_column_container vc_col-sm-12\"><div class=\"vc_column-inner\"><div class=\"wpb_wrapper\">\n\t<div class=\"wpb_single_image wpb_content_element vc_align_center\">\n\t\t<div class=\"wpb_wrapper\">\n\t\t\t\n\t\t\t<div class=\"vc_single_image-wrapper   vc_box_border_grey\"><img loading=\"lazy\" decoding=\"async\" width=\"900\" height=\"124\" src=\"https:\/\/www.isqe.com\/wp-content\/uploads\/2021\/12\/separador-passaro.png\" class=\"vc_single_image-img attachment-full\" alt=\"separador-isqe\" title=\"separador-passaro\" srcset=\"https:\/\/www.isqe.com\/wp-content\/uploads\/2021\/12\/separador-passaro.png 900w, https:\/\/www.isqe.com\/wp-content\/uploads\/2021\/12\/separador-passaro-300x41.png 300w, https:\/\/www.isqe.com\/wp-content\/uploads\/2021\/12\/separador-passaro-768x106.png 768w, https:\/\/www.isqe.com\/wp-content\/uploads\/2021\/12\/separador-passaro-700x96.png 700w\" sizes=\"auto, (max-width: 900px) 100vw, 900px\" \/><\/div>\n\t\t<\/div>\n\t<\/div>\n<div class=\"separator  transparent\" style=\"margin-top: 80px;\"><\/div>\n\t<div class=\"wpb_text_column wpb_content_element\">\n\t\t<div class=\"wpb_wrapper\">\n\t\t\t<h2 class=\"padding-top-50 padding-bottom-20\" align=\"center\"><strong>DIGITAL LEARNING LORS D\u2019UNE PAND\u00c9MIE<\/strong><\/h2>\n\n\t\t<\/div>\n\t<\/div><div class=\"separator  small center\" style=\"margin-top: 6px;background-color: #9d0b0f;\"><\/div><div class=\"separator  transparent\" style=\"margin-top: 31px;margin-bottom: 19px;\"><\/div><div      class=\"vc_row wpb_row section vc_row-fluid vc_inner\" style=' text-align:left;'><div class=\"full_section_inner clearfix\"><div class=\"wpb_column vc_column_container vc_col-sm-12\"><div class=\"vc_column-inner\"><div class=\"wpb_wrapper\">\n\t<div class=\"wpb_text_column wpb_content_element\">\n\t\t<div class=\"wpb_wrapper\">\n\t\t\t<div class=\"col-lg-12 col-sm-12 column\">\n<div class=\"ge-content ge-content-type-ckeditor\" data-ge-content-type=\"ckeditor\">\n<p class=\"p-detail\">La situation \u00e9conomique et sociale actuelle associ\u00e9e \u00e0 la pand\u00e9mie et \u00e0 une impr\u00e9visibilit\u00e9 r\u00e9sultante nous pousse aujourd\u2019hui \u00e0 revoir les pr\u00e9visions de croissance de cette m\u00e9thode de formation et d\u2019apprentissage. Dans ce sens, le march\u00e9 du digital learning se d\u00e9veloppe de plus en plus, surtout en raison de la hausse de la demande de plateformes de formation en ligne d\u00e9coulant du confinement, le t\u00e9l\u00e9travail \u00e9tant assum\u00e9 comme la solution de continuit\u00e9 des entreprises dans de nombreux secteurs du march\u00e9. D\u2019autre part, ce boost attendu devra avoir un effet de plateau \u00e0 un moment donn\u00e9 de la phase de reprise et se stabiliser conform\u00e9ment aux pr\u00e9visions pr\u00e9pand\u00e9mie.<\/p>\n<\/div>\n<\/div>\n<div class=\"col-lg-12 col-sm-12 col-12 column padding-top-40\">\n<div class=\"ge-content ge-content-type-ckeditor\" data-ge-content-type=\"ckeditor\"><\/div>\n<\/div>\n\n\t\t<\/div>\n\t<\/div><\/div><\/div><\/div><\/div><\/div><\/div><\/div><\/div><\/div><\/div><\/div><div      class=\"vc_row wpb_row section vc_row-fluid  grid_section\" style='background-color:#ffffff; padding-top:87px; padding-bottom:0px; text-align:center;'><div class=\"section_inner clearfix\"><div class='section_inner_margin clearfix'><div class=\"wpb_column vc_column_container vc_col-sm-12\"><div class=\"vc_column-inner\"><div class=\"wpb_wrapper\">\n\t<div class=\"wpb_text_column wpb_content_element\">\n\t\t<div class=\"wpb_wrapper\">\n\t\t\t<p style=\"text-align: center;\">Pour en savoir plus sur nos services, cliquez sur le bouton En savoir plus.<\/p>\n\n\t\t<\/div>\n\t<\/div><div class=\"separator  transparent\" style=\"margin-top: 20px;\"><\/div><a  itemprop=\"url\" href=\"https:\/\/www.isqe.com\/fr\/content-services\/\" target=\"_self\" data-hover-background-color=\"#000000\" data-hover-border-color=\"#000000\" data-hover-color=\"#ffffff\" class=\"qbutton  default\" style=\"\">savoir plus<\/a><div class=\"separator  transparent\" style=\"margin-top: 35px;margin-bottom: 17px;\"><\/div><\/div><\/div><\/div><\/div><\/div><\/div><div      class=\"vc_row wpb_row section vc_row-fluid\" style=' text-align:left;'><div class=\"full_section_inner clearfix\"><div class=\"wpb_column vc_column_container vc_col-sm-12\"><div class=\"vc_column-inner\"><div class=\"wpb_wrapper\">\n\t<div class=\"wpb_text_column wpb_content_element\">\n\t\t<div class=\"wpb_wrapper\">\n\t\t\t<h2 style=\"text-align: left;\"><span style=\"color: #fff; font-size: 74px; text-transform: lowercase; letter-spacing: -4px; line-height: 0.9em;\">Exp\u00e9rience d'apprentissage<\/span><\/h2>\n\n\t\t<\/div>\n\t<\/div><\/div><\/div><\/div><\/div><\/div>\n<\/div>","protected":false},"excerpt":{"rendered":"Learning Experience O conceito de Experi\u00eancia de Aprendizagem Digital (Digital Learning Experience) permite uma aprendizagem em ambiente digital e\/ou online, centrada no utilizador, onde a dimens\u00e3o social do processo de aprendizagem \u00e9 valorizada, reconhecendo o valor do peer-learning, garantindo uma experi\u00eancia de aprendizagem envolvente que...","protected":false},"author":3,"featured_media":15994,"parent":0,"menu_order":0,"comment_status":"open","ping_status":"open","template":"full_width.php","meta":{"_monsterinsights_skip_tracking":false,"_monsterinsights_sitenote_active":false,"_monsterinsights_sitenote_note":"","_monsterinsights_sitenote_category":0,"footnotes":""},"class_list":["post-15347","page","type-page","status-publish","has-post-thumbnail","hentry"],"yoast_head":"<!-- This site is optimized with the Yoast SEO plugin v26.6 - https:\/\/yoast.com\/wordpress\/plugins\/seo\/ -->\n<title>Learning Experience - ISQe<\/title>\n<meta name=\"description\" content=\"Experi\u00eancia de Aprendizagem Digital (Digital Learning Experience) permite uma aprendizagem em ambiente digital centrada no utilizador.\" \/>\n<meta name=\"robots\" content=\"index, follow, max-snippet:-1, max-image-preview:large, max-video-preview:-1\" \/>\n<link rel=\"canonical\" href=\"https:\/\/www.isqe.com\/fr\/learning-experience\/\" \/>\n<meta property=\"og:locale\" content=\"fr_FR\" \/>\n<meta property=\"og:type\" content=\"article\" \/>\n<meta property=\"og:title\" content=\"Learning Experience - ISQe\" \/>\n<meta property=\"og:description\" content=\"Experi\u00eancia de Aprendizagem Digital (Digital Learning Experience) permite uma aprendizagem em ambiente digital centrada no utilizador.\" \/>\n<meta property=\"og:url\" content=\"https:\/\/www.isqe.com\/fr\/learning-experience\/\" \/>\n<meta property=\"og:site_name\" content=\"ISQe\" \/>\n<meta property=\"article:publisher\" content=\"https:\/\/www.facebook.com\/ISQe.Engaging.People\" \/>\n<meta property=\"article:modified_time\" content=\"2022-07-18T12:13:54+00:00\" \/>\n<meta property=\"og:image\" content=\"https:\/\/www.isqe.com\/wp-content\/uploads\/2022\/01\/learning-experience-ISQE.jpg\" \/>\n\t<meta property=\"og:image:width\" content=\"1289\" \/>\n\t<meta property=\"og:image:height\" content=\"468\" \/>\n\t<meta property=\"og:image:type\" content=\"image\/jpeg\" \/>\n<meta name=\"twitter:card\" content=\"summary_large_image\" \/>\n<meta name=\"twitter:label1\" content=\"Dur\u00e9e de lecture estim\u00e9e\" \/>\n\t<meta name=\"twitter:data1\" content=\"6 minutes\" \/>\n<script type=\"application\/ld+json\" class=\"yoast-schema-graph\">{\"@context\":\"https:\/\/schema.org\",\"@graph\":[{\"@type\":\"WebPage\",\"@id\":\"https:\/\/www.isqe.com\/learning-experience\/\",\"url\":\"https:\/\/www.isqe.com\/learning-experience\/\",\"name\":\"Learning Experience - ISQe\",\"isPartOf\":{\"@id\":\"https:\/\/www.isqe.com\/#website\"},\"primaryImageOfPage\":{\"@id\":\"https:\/\/www.isqe.com\/learning-experience\/#primaryimage\"},\"image\":{\"@id\":\"https:\/\/www.isqe.com\/learning-experience\/#primaryimage\"},\"thumbnailUrl\":\"https:\/\/www.isqe.com\/wp-content\/uploads\/2022\/01\/learning-experience-ISQE.jpg\",\"datePublished\":\"2021-12-29T16:18:03+00:00\",\"dateModified\":\"2022-07-18T12:13:54+00:00\",\"description\":\"Experi\u00eancia de Aprendizagem Digital (Digital Learning Experience) permite uma aprendizagem em ambiente digital centrada no utilizador.\",\"breadcrumb\":{\"@id\":\"https:\/\/www.isqe.com\/learning-experience\/#breadcrumb\"},\"inLanguage\":\"fr-FR\",\"potentialAction\":[{\"@type\":\"ReadAction\",\"target\":[\"https:\/\/www.isqe.com\/learning-experience\/\"]}]},{\"@type\":\"ImageObject\",\"inLanguage\":\"fr-FR\",\"@id\":\"https:\/\/www.isqe.com\/learning-experience\/#primaryimage\",\"url\":\"https:\/\/www.isqe.com\/wp-content\/uploads\/2022\/01\/learning-experience-ISQE.jpg\",\"contentUrl\":\"https:\/\/www.isqe.com\/wp-content\/uploads\/2022\/01\/learning-experience-ISQE.jpg\",\"width\":1289,\"height\":468},{\"@type\":\"BreadcrumbList\",\"@id\":\"https:\/\/www.isqe.com\/learning-experience\/#breadcrumb\",\"itemListElement\":[{\"@type\":\"ListItem\",\"position\":1,\"name\":\"In\u00edcio\",\"item\":\"https:\/\/www.isqe.com\/\"},{\"@type\":\"ListItem\",\"position\":2,\"name\":\"Learning Experience\"}]},{\"@type\":\"WebSite\",\"@id\":\"https:\/\/www.isqe.com\/#website\",\"url\":\"https:\/\/www.isqe.com\/\",\"name\":\"ISQe\",\"description\":\"Engaging People\",\"publisher\":{\"@id\":\"https:\/\/www.isqe.com\/#organization\"},\"potentialAction\":[{\"@type\":\"SearchAction\",\"target\":{\"@type\":\"EntryPoint\",\"urlTemplate\":\"https:\/\/www.isqe.com\/?s={search_term_string}\"},\"query-input\":{\"@type\":\"PropertyValueSpecification\",\"valueRequired\":true,\"valueName\":\"search_term_string\"}}],\"inLanguage\":\"fr-FR\"},{\"@type\":\"Organization\",\"@id\":\"https:\/\/www.isqe.com\/#organization\",\"name\":\"ISQe\",\"url\":\"https:\/\/www.isqe.com\/\",\"logo\":{\"@type\":\"ImageObject\",\"inLanguage\":\"fr-FR\",\"@id\":\"https:\/\/www.isqe.com\/#\/schema\/logo\/image\/\",\"url\":\"https:\/\/www.isqe.com\/wp-content\/uploads\/2022\/01\/ISQe-logotipo-web.png\",\"contentUrl\":\"https:\/\/www.isqe.com\/wp-content\/uploads\/2022\/01\/ISQe-logotipo-web.png\",\"width\":842,\"height\":596,\"caption\":\"ISQe\"},\"image\":{\"@id\":\"https:\/\/www.isqe.com\/#\/schema\/logo\/image\/\"},\"sameAs\":[\"https:\/\/www.facebook.com\/ISQe.Engaging.People\",\"https:\/\/www.instagram.com\/isqe.engage.people\/\",\"https:\/\/pt.linkedin.com\/company\/isqe\",\"https:\/\/www.youtube.com\/channel\/UChrGaLoIk_sh__ZEoCzBjxA\/featured\"]}]}<\/script>\n<!-- \/ Yoast SEO plugin. -->","yoast_head_json":{"title":"Learning Experience - ISQe","description":"Experi\u00eancia de Aprendizagem Digital (Digital Learning Experience) permite uma aprendizagem em ambiente digital centrada no utilizador.","robots":{"index":"index","follow":"follow","max-snippet":"max-snippet:-1","max-image-preview":"max-image-preview:large","max-video-preview":"max-video-preview:-1"},"canonical":"https:\/\/www.isqe.com\/fr\/learning-experience\/","og_locale":"fr_FR","og_type":"article","og_title":"Learning Experience - ISQe","og_description":"Experi\u00eancia de Aprendizagem Digital (Digital Learning Experience) permite uma aprendizagem em ambiente digital centrada no utilizador.","og_url":"https:\/\/www.isqe.com\/fr\/learning-experience\/","og_site_name":"ISQe","article_publisher":"https:\/\/www.facebook.com\/ISQe.Engaging.People","article_modified_time":"2022-07-18T12:13:54+00:00","og_image":[{"width":1289,"height":468,"url":"https:\/\/www.isqe.com\/wp-content\/uploads\/2022\/01\/learning-experience-ISQE.jpg","type":"image\/jpeg"}],"twitter_card":"summary_large_image","twitter_misc":{"Dur\u00e9e de lecture estim\u00e9e":"6 minutes"},"schema":{"@context":"https:\/\/schema.org","@graph":[{"@type":"WebPage","@id":"https:\/\/www.isqe.com\/learning-experience\/","url":"https:\/\/www.isqe.com\/learning-experience\/","name":"Learning Experience - ISQe","isPartOf":{"@id":"https:\/\/www.isqe.com\/#website"},"primaryImageOfPage":{"@id":"https:\/\/www.isqe.com\/learning-experience\/#primaryimage"},"image":{"@id":"https:\/\/www.isqe.com\/learning-experience\/#primaryimage"},"thumbnailUrl":"https:\/\/www.isqe.com\/wp-content\/uploads\/2022\/01\/learning-experience-ISQE.jpg","datePublished":"2021-12-29T16:18:03+00:00","dateModified":"2022-07-18T12:13:54+00:00","description":"Experi\u00eancia de Aprendizagem Digital (Digital Learning Experience) permite uma aprendizagem em ambiente digital centrada no utilizador.","breadcrumb":{"@id":"https:\/\/www.isqe.com\/learning-experience\/#breadcrumb"},"inLanguage":"fr-FR","potentialAction":[{"@type":"ReadAction","target":["https:\/\/www.isqe.com\/learning-experience\/"]}]},{"@type":"ImageObject","inLanguage":"fr-FR","@id":"https:\/\/www.isqe.com\/learning-experience\/#primaryimage","url":"https:\/\/www.isqe.com\/wp-content\/uploads\/2022\/01\/learning-experience-ISQE.jpg","contentUrl":"https:\/\/www.isqe.com\/wp-content\/uploads\/2022\/01\/learning-experience-ISQE.jpg","width":1289,"height":468},{"@type":"BreadcrumbList","@id":"https:\/\/www.isqe.com\/learning-experience\/#breadcrumb","itemListElement":[{"@type":"ListItem","position":1,"name":"In\u00edcio","item":"https:\/\/www.isqe.com\/"},{"@type":"ListItem","position":2,"name":"Learning Experience"}]},{"@type":"WebSite","@id":"https:\/\/www.isqe.com\/#website","url":"https:\/\/www.isqe.com\/","name":"ISQe","description":"Engaging People","publisher":{"@id":"https:\/\/www.isqe.com\/#organization"},"potentialAction":[{"@type":"SearchAction","target":{"@type":"EntryPoint","urlTemplate":"https:\/\/www.isqe.com\/?s={search_term_string}"},"query-input":{"@type":"PropertyValueSpecification","valueRequired":true,"valueName":"search_term_string"}}],"inLanguage":"fr-FR"},{"@type":"Organization","@id":"https:\/\/www.isqe.com\/#organization","name":"ISQe","url":"https:\/\/www.isqe.com\/","logo":{"@type":"ImageObject","inLanguage":"fr-FR","@id":"https:\/\/www.isqe.com\/#\/schema\/logo\/image\/","url":"https:\/\/www.isqe.com\/wp-content\/uploads\/2022\/01\/ISQe-logotipo-web.png","contentUrl":"https:\/\/www.isqe.com\/wp-content\/uploads\/2022\/01\/ISQe-logotipo-web.png","width":842,"height":596,"caption":"ISQe"},"image":{"@id":"https:\/\/www.isqe.com\/#\/schema\/logo\/image\/"},"sameAs":["https:\/\/www.facebook.com\/ISQe.Engaging.People","https:\/\/www.instagram.com\/isqe.engage.people\/","https:\/\/pt.linkedin.com\/company\/isqe","https:\/\/www.youtube.com\/channel\/UChrGaLoIk_sh__ZEoCzBjxA\/featured"]}]}},"_links":{"self":[{"href":"https:\/\/www.isqe.com\/fr\/wp-json\/wp\/v2\/pages\/15347","targetHints":{"allow":["GET"]}}],"collection":[{"href":"https:\/\/www.isqe.com\/fr\/wp-json\/wp\/v2\/pages"}],"about":[{"href":"https:\/\/www.isqe.com\/fr\/wp-json\/wp\/v2\/types\/page"}],"author":[{"embeddable":true,"href":"https:\/\/www.isqe.com\/fr\/wp-json\/wp\/v2\/users\/3"}],"replies":[{"embeddable":true,"href":"https:\/\/www.isqe.com\/fr\/wp-json\/wp\/v2\/comments?post=15347"}],"version-history":[{"count":26,"href":"https:\/\/www.isqe.com\/fr\/wp-json\/wp\/v2\/pages\/15347\/revisions"}],"predecessor-version":[{"id":16524,"href":"https:\/\/www.isqe.com\/fr\/wp-json\/wp\/v2\/pages\/15347\/revisions\/16524"}],"wp:featuredmedia":[{"embeddable":true,"href":"https:\/\/www.isqe.com\/fr\/wp-json\/wp\/v2\/media\/15994"}],"wp:attachment":[{"href":"https:\/\/www.isqe.com\/fr\/wp-json\/wp\/v2\/media?parent=15347"}],"curies":[{"name":"wp","href":"https:\/\/api.w.org\/{rel}","templated":true}]}}