{"id":3,"date":"2022-06-14T19:00:34","date_gmt":"2022-06-14T19:00:34","guid":{"rendered":"https:\/\/www.isqe.com\/?page_id=3"},"modified":"2025-09-25T16:24:15","modified_gmt":"2025-09-25T16:24:15","slug":"politica-privacidade","status":"publish","type":"page","link":"https:\/\/www.isqe.com\/es\/politica-privacidade\/","title":{"rendered":"Pol\u00edtica de privacidade"},"content":{"rendered":"<div class=\"wpb-content-wrapper\"><div      class=\"vc_row wpb_row section vc_row-fluid  vc_custom_1641549143511\" style=' text-align:left;'><div class=\"full_section_inner clearfix\"><div class=\"wpb_column vc_column_container vc_col-sm-12 vc_col-has-fill\"><div class=\"vc_column-inner vc_custom_1640876880078\"><div class=\"wpb_wrapper\">\n\t<div class=\"wpb_text_column wpb_content_element\">\n\t\t<div class=\"wpb_wrapper\">\n\t\t\t<h2 class=\"padding-top-50 padding-bottom-20\" align=\"center\"><strong>Pol\u00edtica de Privacidade e Seguran\u00e7a da Informa\u00e7\u00e3o\u00a0do ISQe<\/strong><\/h2>\n\n\t\t<\/div>\n\t<\/div><div class=\"separator  transparent\" style=\"margin-top: 30px;\"><\/div>\n\t<div class=\"wpb_text_column wpb_content_element  vc_custom_1758817431650\">\n\t\t<div class=\"wpb_wrapper\">\n\t\t\t<p>A Pol\u00edtica de Privacidade e Seguran\u00e7a da Informa\u00e7\u00e3o do ISQe, define os princ\u00edpios gerais que orientam a protec\u00e7\u00e3o e a gest\u00e3o dos activos sob a responsabilidade do ISQe, no \u00e2mbito da sua Gest\u00e3o da Privacidade e Seguran\u00e7a da Informa\u00e7\u00e3o, assegurando uma abordagem sistem\u00e1tica e eficaz para garantir a confidencialidade, integridade, disponibilidade e qualidade dos dados e sistemas sob a sua gest\u00e3o. A Direc\u00e7\u00e3o do ISQe ao estabelecer o Sistema de Gest\u00e3o Privacidade e Seguran\u00e7a (SI) assume os compromissos definidos na presente pol\u00edtica integrada no Sistema de Gest\u00e3o Integrado (SI), alinhado com as seguintes normas e requisitos:<\/p>\n<p>&nbsp;<\/p>\n<p>\u2022 ISO\/IEC 27001:2022 \u2013 Seguran\u00e7a da Informa\u00e7\u00e3o, Ciberseguran\u00e7a e Prote\u00e7\u00e3o da Privacidade: Sistemas de Gest\u00e3o da Seguran\u00e7a da Informa\u00e7\u00e3o (Requisitos).<br \/>\n\u2022 ISO\/IEC 27701:2019 \u2013 Extens\u00e3o para Gest\u00e3o de Informa\u00e7\u00e3o Privada (Privacy Information Management).<br \/>\n\u2022 Legisla\u00e7\u00e3o e regulamenta\u00e7\u00e3o aplic\u00e1veis em mat\u00e9ria de seguran\u00e7a da informa\u00e7\u00e3o, ciberseguran\u00e7a e prote\u00e7\u00e3o de dados.<\/p>\n<p>&nbsp;<\/p>\n<p>A perda ou roubo de informa\u00e7\u00e3o ou dados pessoais pode ter consequ\u00eancias graves a n\u00edvel legal, financeiro e\/ou reputacional, estando o ISQe comprometido com a salvaguarda da privacidade, confidencialidade, integridade e disponibilidade da sua informa\u00e7\u00e3o ou de parceiros de neg\u00f3cio, sendo essa informa\u00e7\u00e3o um activo essencial para o ISQe, assumindo diversas formas, como documentos f\u00edsicos, registos eletr\u00f3nicos ou comunica\u00e7\u00f5es transmitidas por meios digitais. Independentemente do suporte, uso ou formato, \u00e9 imprescind\u00edvel garantir a prote\u00e7\u00e3o adequada da informa\u00e7\u00e3o com base na sua relev\u00e2ncia e valor.<\/p>\n<p>Este compromisso inclui a integra\u00e7\u00e3o dos requisitos de privacidade e seguran\u00e7a da informa\u00e7\u00e3o nos processos organizacionais e a garantia de que os recursos necess\u00e1rios para a sua implementa\u00e7\u00e3o est\u00e3o devidamente assegurados. A Direc\u00e7\u00e3o reconhece tamb\u00e9m a sua responsabilidade perante as partes interessadas, comprometendo-se a assegurar que:<\/p>\n<p>\u2022 Existe uma gest\u00e3o adequada no \u00e2mbito da Seguran\u00e7a da Informa\u00e7\u00e3o, Ciberseguran\u00e7a e Prote\u00e7\u00e3o da Privacidade;<br \/>\n\u2022 A informa\u00e7\u00e3o est\u00e1 protegida contra acessos n\u00e3o autorizados;<br \/>\n\u2022 A informa\u00e7\u00e3o s\u00f3 est\u00e1 acess\u00edvel por pessoas e processos devidamente autorizadas para o efeito;<br \/>\n\u2022 A integridade da informa\u00e7\u00e3o \u00e9 mantida atrav\u00e9s da exatid\u00e3o da informa\u00e7\u00e3o e dos m\u00e9todos de processamento;<br \/>\n\u2022 Todas as leis e regulamentos aplic\u00e1veis s\u00e3o respeitados;<br \/>\n\u2022 A Seguran\u00e7a da informa\u00e7\u00e3o quando em continuidade de neg\u00f3cio \u00e9 apropriada, mantida e testada regularmente;<br \/>\n\u2022 Todas as quebras de seguran\u00e7a da informa\u00e7\u00e3o detetadas ou sob suspeita, s\u00e3o investigadas pelas \u00e1reas com compet\u00eancia para o efeito;<br \/>\n\u2022 Todos os seus parceiros de neg\u00f3cio conhecem, a cada momento, as regras e princ\u00edpios relativos \u00e0 protec\u00e7\u00e3o e tratamento de dados pessoais (transpar\u00eancia);<br \/>\n\u2022 Os dados pessoais s\u00e3o processados licitamente e de forma imparcial (licitude e lealdade);<br \/>\n\u2022 Os dados pessoais s\u00e3o recolhidos e processados para finalidades determinadas, espec\u00edficas, expl\u00edcitas e leg\u00edtimas (limita\u00e7\u00e3o das finalidades) e conservados apenas durante o per\u00edodo necess\u00e1rio (limita\u00e7\u00e3o da conserva\u00e7\u00e3o);<\/p>\n<p>\u2022 Os dados pessoais s\u00e3o os adequados, relevantes e limitados ao necess\u00e1rio tendo em conta os objetivos para os quais s\u00e3o processados (minimiza\u00e7\u00e3o de dados);<br \/>\n\u2022 Os dados pessoais s\u00e3o exatos e, sempre que necess\u00e1rio, retificados e atualizados (exatid\u00e3o).<\/p>\n<p>&nbsp;<\/p>\n<p>Garantindo esse compromisso, o ISQe mant\u00e9m um Sistema Integrado de Gest\u00e3o da Privacidade e Seguran\u00e7a da Informa\u00e7\u00e3o (tamb\u00e9m designado por Sistema Integrado-SI) constitu\u00eddo por esta pol\u00edtica e outras informa\u00e7\u00f5es documentadas relacionadas, sendo que o mesmo foi desenhado para manter, rever e continuamente melhorar a privacidade e seguran\u00e7a da informa\u00e7\u00e3o, tendo por base uma avalia\u00e7\u00e3o e tratamento dos riscos existentes e garantindo o cumprimento do Ciclo de Melhoria Continua apresentado no Modelo de Governo do ISQe.<\/p>\n<p>&nbsp;<\/p>\n<p><strong>1.1. Objectivos do Sistema Integrado<\/strong><br \/>\nO SI tem como principais objetivos:<\/p>\n<p>1. Proporcionar seguran\u00e7a da informa\u00e7\u00e3o, de acordo com os requisitos de neg\u00f3cio, leis e regulamenta\u00e7\u00f5es relevantes;<br \/>\n2. Gerir os ativos da organiza\u00e7\u00e3o mantendo responsabilidades de prote\u00e7\u00e3o apropriadas;<br \/>\n3. Assegurar que a informa\u00e7\u00e3o recebe um n\u00edvel adequado de prote\u00e7\u00e3o, de acordo com a sua import\u00e2ncia para a organiza\u00e7\u00e3o;<br \/>\n4. Assegurar o acesso de utilizadores autorizados e prevenir o acesso n\u00e3o autorizado a sistemas e servi\u00e7os;<br \/>\n5. Prevenir o acesso f\u00edsico n\u00e3o autorizado, os danos e as interfer\u00eancias na informa\u00e7\u00e3o e nos recursos de processamento de informa\u00e7\u00e3o da organiza\u00e7\u00e3o;<br \/>\n6. Prevenir a explora\u00e7\u00e3o de vulnerabilidades t\u00e9cnicas;<br \/>\n7. Assegurar que a seguran\u00e7a da informa\u00e7\u00e3o \u00e9 concebida e implementada no \u00e2mbito do ciclo de vida do desenvolvimento de sistemas de informa\u00e7\u00e3o;<br \/>\n8. Assegurar uma abordagem consistente e eficaz \u00e0 gest\u00e3o de incidentes de seguran\u00e7a da informa\u00e7\u00e3o, incluindo a comunica\u00e7\u00e3o de eventos e pontos fracos de seguran\u00e7a;<br \/>\n9. Assegurar a continuidade de seguran\u00e7a da informa\u00e7\u00e3o nos sistemas de gest\u00e3o da continuidade do neg\u00f3cio da organiza\u00e7\u00e3o;<br \/>\n10. Contribuir para uma cultura de seguran\u00e7a de informa\u00e7\u00e3o, numa l\u00f3gica de melhoria cont\u00ednua;<br \/>\n11. Garantir que o tratamento dos dados \u00e9 feito de forma licita, leal e transparente;<br \/>\n12. Garantir que os dados s\u00e3o exactos e actualizados sempre que necess\u00e1rio;<br \/>\n13. Garantir que o per\u00edodo de reten\u00e7\u00e3o dos dados pessoais \u00e9 o m\u00ednimo de acordo com as exig\u00eancias legais ou de continuidade de neg\u00f3cio;<br \/>\n14. Garantir que os dados pessoais s\u00e3o tratados de forma a manter a sua integridade e confidencialidade.<\/p>\n<p>&nbsp;<\/p>\n<p><strong>2. Responsabilidades<\/strong><\/p>\n<p>No contexto do SI, o \u00f3rg\u00e3o m\u00e1ximo da empresa \u00e9 o seu Managing Director, que ser\u00e1 respons\u00e1vel por:<\/p>\n<p>\u2022 Garantir que o SI faz parte de e est\u00e1 integrado com os processos da organiza\u00e7\u00e3o e com a estrutura de gest\u00e3o global;<\/p>\n<p>\u2022 Manter formalmente operacional um Comit\u00e9 de Privacidade e Seguran\u00e7a da Informa\u00e7\u00e3o, com a responsabilidade de planear, orientar, definir, acompanhar e controlar iniciativas e medidas relacionadas com a privacidade e seguran\u00e7a da informa\u00e7\u00e3o;<br \/>\n\u2022 Manter formalmente nomeado o Chief Information Security Officer (CISO) que ser\u00e1 o interlocutor privilegiado com as restantes estruturas da organiza\u00e7\u00e3o nas atividades de gest\u00e3o do SI no \u00e2mbito da seguran\u00e7a da informa\u00e7\u00e3o;<br \/>\n\u2022 Manter formalmente nomeado o Data Protection Officer (DPO) \u2013 Encarregado da Protec\u00e7\u00e3o de Dados que ser\u00e1 o interlocutor privilegiado com as restantes estruturas da organiza\u00e7\u00e3o nas atividades de gest\u00e3o do SI no \u00e2mbito da privacidade dos dados.<\/p>\n<p>Todos os Coordenadores de Departamento devem estar conscientes da necessidade dos processos de neg\u00f3cio e de suporte estarem em conformidade com as pol\u00edticas de privacidade e seguran\u00e7a de informa\u00e7\u00e3o da organiza\u00e7\u00e3o, assim como da obriga\u00e7\u00e3o em implementar, nas suas \u00e1reas, as iniciativas que para tal se revelem necess\u00e1rias.<\/p>\n<p>Todos os colaboradores, bem como terceiros, que de alguma forma possam interagir com informa\u00e7\u00e3o de parceiros de neg\u00f3cio, colaboradores e do pr\u00f3prio ISQe, est\u00e3o obrigados a cumprir e a fazer cumprir todas as normas de privacidade e seguran\u00e7a da informa\u00e7\u00e3o, devendo prontamente reportar ao CISO ou DPO qualquer evento que possa provocar, ou que tenha provocado, uma quebra de privacidade ou seguran\u00e7a da informa\u00e7\u00e3o via email para infosec@ISQe.com.<\/p>\n<p>Os colaboradores, bem como terceiros, poder\u00e3o ser disciplinarmente ou judicialmente responsabilizados em caso de incumprimento com pol\u00edticas e normas de privacidade e seguran\u00e7a da informa\u00e7\u00e3o estabelecidas pelo ISQe.<\/p>\n<p>&nbsp;<\/p>\n<p><strong>3. Manuten\u00e7\u00e3o<\/strong><\/p>\n<p>A Pol\u00edtica de Privacidade e Seguran\u00e7a da Informa\u00e7\u00e3o \u00e9 periodicamente revista garantindo que continua adequada ao ISQe, sendo comunicada e disponibilizada a todos os colaboradores, e outras partes interessadas caso seja necess\u00e1rio.<\/p>\n<p>Nome: Pedro Correia<br \/>\nManaging Director<\/p>\n\n\t\t<\/div>\n\t<\/div><div class=\"separator  transparent\" style=\"margin-top: 30px;\"><\/div><div class=\"separator  transparent\" style=\"\"><\/div>\n\t<div class=\"wpb_text_column wpb_content_element\">\n\t\t<div class=\"wpb_wrapper\">\n\t\t\t\n\t\t<\/div>\n\t<\/div><\/div><\/div><\/div><\/div><\/div>\n<\/div>","protected":false},"excerpt":{"rendered":"Pol\u00edtica de Privacidade e Seguran\u00e7a da Informa\u00e7\u00e3o\u00a0do ISQe A Pol\u00edtica de Privacidade e Seguran\u00e7a da Informa\u00e7\u00e3o do ISQe, define os princ\u00edpios gerais que orientam a protec\u00e7\u00e3o e a gest\u00e3o dos activos sob a responsabilidade do ISQe, no \u00e2mbito da sua Gest\u00e3o da Privacidade e Seguran\u00e7a...","protected":false},"author":3,"featured_media":0,"parent":0,"menu_order":0,"comment_status":"closed","ping_status":"open","template":"","meta":{"_monsterinsights_skip_tracking":false,"_monsterinsights_sitenote_active":false,"_monsterinsights_sitenote_note":"","_monsterinsights_sitenote_category":0,"footnotes":""},"class_list":["post-3","page","type-page","status-publish","hentry"],"yoast_head":"<!-- This site is optimized with the Yoast SEO plugin v26.6 - https:\/\/yoast.com\/wordpress\/plugins\/seo\/ -->\n<title>Pol\u00edtica de privacidade - ISQe<\/title>\n<meta name=\"description\" content=\"A prote\u00e7\u00e3o no tratamento de informa\u00e7\u00e3o de parceiros de neg\u00f3cio e dados pessoais sob responsabilidade do ISQe de forma consistente com os ...\" \/>\n<meta name=\"robots\" content=\"index, follow, max-snippet:-1, max-image-preview:large, max-video-preview:-1\" \/>\n<link rel=\"canonical\" href=\"https:\/\/www.isqe.com\/es\/politica-privacidade\/\" \/>\n<meta property=\"og:locale\" content=\"es_ES\" \/>\n<meta property=\"og:type\" content=\"article\" \/>\n<meta property=\"og:title\" content=\"Pol\u00edtica de privacidade - ISQe\" \/>\n<meta property=\"og:description\" content=\"A prote\u00e7\u00e3o no tratamento de informa\u00e7\u00e3o de parceiros de neg\u00f3cio e dados pessoais sob responsabilidade do ISQe de forma consistente com os ...\" \/>\n<meta property=\"og:url\" content=\"https:\/\/www.isqe.com\/es\/politica-privacidade\/\" \/>\n<meta property=\"og:site_name\" content=\"ISQe\" \/>\n<meta property=\"article:publisher\" content=\"https:\/\/www.facebook.com\/ISQe.Engaging.People\" \/>\n<meta property=\"article:modified_time\" content=\"2025-09-25T16:24:15+00:00\" \/>\n<meta name=\"twitter:card\" content=\"summary_large_image\" \/>\n<meta name=\"twitter:label1\" content=\"Tiempo de lectura\" \/>\n\t<meta name=\"twitter:data1\" content=\"7 minutos\" \/>\n<script type=\"application\/ld+json\" class=\"yoast-schema-graph\">{\"@context\":\"https:\/\/schema.org\",\"@graph\":[{\"@type\":\"WebPage\",\"@id\":\"https:\/\/www.isqe.com\/politica-privacidade\/\",\"url\":\"https:\/\/www.isqe.com\/politica-privacidade\/\",\"name\":\"Pol\u00edtica de privacidade - ISQe\",\"isPartOf\":{\"@id\":\"https:\/\/www.isqe.com\/#website\"},\"datePublished\":\"2022-06-14T19:00:34+00:00\",\"dateModified\":\"2025-09-25T16:24:15+00:00\",\"description\":\"A prote\u00e7\u00e3o no tratamento de informa\u00e7\u00e3o de parceiros de neg\u00f3cio e dados pessoais sob responsabilidade do ISQe de forma consistente com os ...\",\"breadcrumb\":{\"@id\":\"https:\/\/www.isqe.com\/politica-privacidade\/#breadcrumb\"},\"inLanguage\":\"es\",\"potentialAction\":[{\"@type\":\"ReadAction\",\"target\":[\"https:\/\/www.isqe.com\/politica-privacidade\/\"]}]},{\"@type\":\"BreadcrumbList\",\"@id\":\"https:\/\/www.isqe.com\/politica-privacidade\/#breadcrumb\",\"itemListElement\":[{\"@type\":\"ListItem\",\"position\":1,\"name\":\"In\u00edcio\",\"item\":\"https:\/\/www.isqe.com\/\"},{\"@type\":\"ListItem\",\"position\":2,\"name\":\"Pol\u00edtica de privacidade\"}]},{\"@type\":\"WebSite\",\"@id\":\"https:\/\/www.isqe.com\/#website\",\"url\":\"https:\/\/www.isqe.com\/\",\"name\":\"ISQe\",\"description\":\"Engaging People\",\"publisher\":{\"@id\":\"https:\/\/www.isqe.com\/#organization\"},\"potentialAction\":[{\"@type\":\"SearchAction\",\"target\":{\"@type\":\"EntryPoint\",\"urlTemplate\":\"https:\/\/www.isqe.com\/?s={search_term_string}\"},\"query-input\":{\"@type\":\"PropertyValueSpecification\",\"valueRequired\":true,\"valueName\":\"search_term_string\"}}],\"inLanguage\":\"es\"},{\"@type\":\"Organization\",\"@id\":\"https:\/\/www.isqe.com\/#organization\",\"name\":\"ISQe\",\"url\":\"https:\/\/www.isqe.com\/\",\"logo\":{\"@type\":\"ImageObject\",\"inLanguage\":\"es\",\"@id\":\"https:\/\/www.isqe.com\/#\/schema\/logo\/image\/\",\"url\":\"https:\/\/www.isqe.com\/wp-content\/uploads\/2022\/01\/ISQe-logotipo-web.png\",\"contentUrl\":\"https:\/\/www.isqe.com\/wp-content\/uploads\/2022\/01\/ISQe-logotipo-web.png\",\"width\":842,\"height\":596,\"caption\":\"ISQe\"},\"image\":{\"@id\":\"https:\/\/www.isqe.com\/#\/schema\/logo\/image\/\"},\"sameAs\":[\"https:\/\/www.facebook.com\/ISQe.Engaging.People\",\"https:\/\/www.instagram.com\/isqe.engage.people\/\",\"https:\/\/pt.linkedin.com\/company\/isqe\",\"https:\/\/www.youtube.com\/channel\/UChrGaLoIk_sh__ZEoCzBjxA\/featured\"]}]}<\/script>\n<!-- \/ Yoast SEO plugin. -->","yoast_head_json":{"title":"Pol\u00edtica de privacidade - ISQe","description":"A prote\u00e7\u00e3o no tratamento de informa\u00e7\u00e3o de parceiros de neg\u00f3cio e dados pessoais sob responsabilidade do ISQe de forma consistente com os ...","robots":{"index":"index","follow":"follow","max-snippet":"max-snippet:-1","max-image-preview":"max-image-preview:large","max-video-preview":"max-video-preview:-1"},"canonical":"https:\/\/www.isqe.com\/es\/politica-privacidade\/","og_locale":"es_ES","og_type":"article","og_title":"Pol\u00edtica de privacidade - ISQe","og_description":"A prote\u00e7\u00e3o no tratamento de informa\u00e7\u00e3o de parceiros de neg\u00f3cio e dados pessoais sob responsabilidade do ISQe de forma consistente com os ...","og_url":"https:\/\/www.isqe.com\/es\/politica-privacidade\/","og_site_name":"ISQe","article_publisher":"https:\/\/www.facebook.com\/ISQe.Engaging.People","article_modified_time":"2025-09-25T16:24:15+00:00","twitter_card":"summary_large_image","twitter_misc":{"Tiempo de lectura":"7 minutos"},"schema":{"@context":"https:\/\/schema.org","@graph":[{"@type":"WebPage","@id":"https:\/\/www.isqe.com\/politica-privacidade\/","url":"https:\/\/www.isqe.com\/politica-privacidade\/","name":"Pol\u00edtica de privacidade - ISQe","isPartOf":{"@id":"https:\/\/www.isqe.com\/#website"},"datePublished":"2022-06-14T19:00:34+00:00","dateModified":"2025-09-25T16:24:15+00:00","description":"A prote\u00e7\u00e3o no tratamento de informa\u00e7\u00e3o de parceiros de neg\u00f3cio e dados pessoais sob responsabilidade do ISQe de forma consistente com os ...","breadcrumb":{"@id":"https:\/\/www.isqe.com\/politica-privacidade\/#breadcrumb"},"inLanguage":"es","potentialAction":[{"@type":"ReadAction","target":["https:\/\/www.isqe.com\/politica-privacidade\/"]}]},{"@type":"BreadcrumbList","@id":"https:\/\/www.isqe.com\/politica-privacidade\/#breadcrumb","itemListElement":[{"@type":"ListItem","position":1,"name":"In\u00edcio","item":"https:\/\/www.isqe.com\/"},{"@type":"ListItem","position":2,"name":"Pol\u00edtica de privacidade"}]},{"@type":"WebSite","@id":"https:\/\/www.isqe.com\/#website","url":"https:\/\/www.isqe.com\/","name":"ISQe","description":"Engaging People","publisher":{"@id":"https:\/\/www.isqe.com\/#organization"},"potentialAction":[{"@type":"SearchAction","target":{"@type":"EntryPoint","urlTemplate":"https:\/\/www.isqe.com\/?s={search_term_string}"},"query-input":{"@type":"PropertyValueSpecification","valueRequired":true,"valueName":"search_term_string"}}],"inLanguage":"es"},{"@type":"Organization","@id":"https:\/\/www.isqe.com\/#organization","name":"ISQe","url":"https:\/\/www.isqe.com\/","logo":{"@type":"ImageObject","inLanguage":"es","@id":"https:\/\/www.isqe.com\/#\/schema\/logo\/image\/","url":"https:\/\/www.isqe.com\/wp-content\/uploads\/2022\/01\/ISQe-logotipo-web.png","contentUrl":"https:\/\/www.isqe.com\/wp-content\/uploads\/2022\/01\/ISQe-logotipo-web.png","width":842,"height":596,"caption":"ISQe"},"image":{"@id":"https:\/\/www.isqe.com\/#\/schema\/logo\/image\/"},"sameAs":["https:\/\/www.facebook.com\/ISQe.Engaging.People","https:\/\/www.instagram.com\/isqe.engage.people\/","https:\/\/pt.linkedin.com\/company\/isqe","https:\/\/www.youtube.com\/channel\/UChrGaLoIk_sh__ZEoCzBjxA\/featured"]}]}},"_links":{"self":[{"href":"https:\/\/www.isqe.com\/es\/wp-json\/wp\/v2\/pages\/3","targetHints":{"allow":["GET"]}}],"collection":[{"href":"https:\/\/www.isqe.com\/es\/wp-json\/wp\/v2\/pages"}],"about":[{"href":"https:\/\/www.isqe.com\/es\/wp-json\/wp\/v2\/types\/page"}],"author":[{"embeddable":true,"href":"https:\/\/www.isqe.com\/es\/wp-json\/wp\/v2\/users\/3"}],"replies":[{"embeddable":true,"href":"https:\/\/www.isqe.com\/es\/wp-json\/wp\/v2\/comments?post=3"}],"version-history":[{"count":22,"href":"https:\/\/www.isqe.com\/es\/wp-json\/wp\/v2\/pages\/3\/revisions"}],"predecessor-version":[{"id":19188,"href":"https:\/\/www.isqe.com\/es\/wp-json\/wp\/v2\/pages\/3\/revisions\/19188"}],"wp:attachment":[{"href":"https:\/\/www.isqe.com\/es\/wp-json\/wp\/v2\/media?parent=3"}],"curies":[{"name":"wp","href":"https:\/\/api.w.org\/{rel}","templated":true}]}}