{"id":18121,"date":"2022-12-20T09:54:24","date_gmt":"2022-12-20T09:54:24","guid":{"rendered":"https:\/\/www.isqe.com\/?page_id=18121"},"modified":"2026-04-17T08:25:23","modified_gmt":"2026-04-17T08:25:23","slug":"ciscofy-3","status":"publish","type":"page","link":"https:\/\/www.isqe.com\/es\/ciscofy-3\/","title":{"rendered":"ciscofy"},"content":{"rendered":"<div class=\"wpb-content-wrapper\"><div class=\"vc_row wpb_row section vc_row-fluid  vc_custom_1641394844318\" style=' text-align:left;'><div class=\"full_section_inner clearfix\"><div class=\"wpb_column vc_column_container vc_col-sm-12\"><div class=\"vc_column-inner\"><div class=\"wpb_wrapper\"><div class='q_elements_holder two_columns eh_two_columns_66_33 responsive_mode_from_768' ><div class='q_elements_item' data-animation='no' data-item-class='q_elements_holder_custom_787153' style='background-image: url(https:\/\/www.isqe.com\/wp-content\/uploads\/2022\/12\/ciscofy.png);background-position: center;background-size: cover;'><div class='q_elements_item_inner'><div class='q_elements_item_content q_elements_holder_custom_787153'><\/div><\/div><\/div><div class='q_elements_item' data-animation='no' data-item-class='q_elements_holder_custom_159540' style='background-color:#ed1b34;'><div class='q_elements_item_inner'><div class='q_elements_item_content q_elements_holder_custom_159540' style='padding:20% 10% 20% 10%'>\n\t<div class=\"wpb_text_column wpb_content_element\">\n\t\t<div class=\"wpb_wrapper\">\n\t\t\t<h2 style=\"text-align: left;\"><span style=\"color: #fff; font-size: 74px; text-transform: lowercase; letter-spacing: -4px; line-height: 0.9em;\">ciscofy<br \/>\n<\/span><\/h2>\n\n\t\t<\/div>\n\t<\/div><div class=\"separator  small left\" style=\"margin-top: 12px;background-color: #9d0b0f;\"><\/div><div class=\"vc_empty_space\"  style=\"height: 100px\" >\n\t<span class=\"vc_empty_space_inner\">\n\t\t<span class=\"empty_space_image\"  ><\/span>\n\t<\/span>\n<\/div><\/div><\/div><\/div><\/div><\/div><\/div><\/div><\/div><\/div><div      class=\"vc_row wpb_row section vc_row-fluid  grid_section\" style='background-color:#ffffff; padding-top:87px; padding-bottom:0px; text-align:left;'><div class=\"section_inner clearfix\"><div class='section_inner_margin clearfix'><div class=\"wpb_column vc_column_container vc_col-sm-12\"><div class=\"vc_column-inner\"><div class=\"wpb_wrapper\"><div      class=\"vc_row wpb_row section vc_row-fluid vc_inner\" style=' text-align:left;'><div class=\"full_section_inner clearfix\"><div class=\"wpb_column vc_column_container vc_col-sm-12\"><div class=\"vc_column-inner\"><div class=\"wpb_wrapper\">\n\t<div class=\"wpb_text_column wpb_content_element\">\n\t\t<div class=\"wpb_wrapper\">\n\t\t\t<p><b>CISCOFY \u2014 Digital Skills Certificates<\/b><\/p>\n<p>&nbsp;<\/p>\n<p><b>Refer\u00eancia:<\/b> 2021-1-ES01-KA220-HED-000022911<br \/>\n<b>In\u00edcio:<\/b> 01\/11\/2021<br \/>\n<b>Fin:<\/b> 30\/04\/2023<br \/>\n<b>Dura\u00e7\u00e3o:<\/b> 18 meses<br \/>\n<b>Estado:<\/b> cerrado<br \/>\n<b>Subvenci\u00f3n total:<\/b> 200,315 \u20ac<br \/>\n<b>Consorcio:<\/b> consorcio europeo coordinado por la Universidad de Almer\u00eda, con participaci\u00f3n de ISQe y otros socios de la educaci\u00f3n superior y la innovaci\u00f3n educativa.<\/p>\n<p>&nbsp;<\/p>\n<p><b>Resumen:<\/b> CISCOFY fue dise\u00f1ado para responder a las carencias que muchos docentes de la educaci\u00f3n superior segu\u00edan afrontando en la transici\u00f3n hacia la ense\u00f1anza en l\u00ednea, especialmente en la creaci\u00f3n de entornos virtuales de aprendizaje m\u00e1s conectivos, inclusivos, personalizados y pedag\u00f3gicamente s\u00f3lidos. El proyecto tuvo como objetivo desarrollar un modelo de \u201ctrain the trainers\u201d con opciones de certificaci\u00f3n, ayudando al profesorado a mejorar sus competencias en ense\u00f1anza s\u00edncrona y as\u00edncrona, en el intercambio y la coconstrucci\u00f3n de OER, en la elecci\u00f3n adecuada de recursos digitales y en la capacidad para llegar a p\u00fablicos en riesgo de exclusi\u00f3n. El resultado central fue una propuesta de formaci\u00f3n certificable y orientada a transformar las pr\u00e1cticas de ense\u00f1anza superior en entornos digitales, con transferibilidad tambi\u00e9n a contextos de educaci\u00f3n de personas adultas.<\/p>\n<p>&nbsp;<\/p>\n<p><b>Website:<\/b> <a href=\"https:\/\/ciscofy.eu\/\">https:\/\/ciscofy.eu\/<\/a><\/p>\n\n\t\t<\/div>\n\t<\/div><div class=\"separator  transparent\" style=\"margin-top: 30px;margin-bottom: 0px;\"><\/div><span class='q_social_icon_holder circle_social' data-color=\"#c3161c\" data-hover-background-color=\"#77b4b5\" data-hover-color=\"#ffffff\"><a itemprop='url' href='https:\/\/www.facebook.com\/ciscofy' target='_self'><span class='fa-stack fa-lg' style='background-color: #828282;'><i class=\"qode_icon_font_awesome fa fa-facebook\" style=\"color: #c3161c;\" ><\/i><\/span><\/a><\/span><span class='q_social_icon_holder circle_social' data-color=\"#c3161c\" data-hover-background-color=\"#77b4b5\" data-hover-color=\"#ffffff\"><a itemprop='url' href='https:\/\/www.linkedin.com\/showcase\/ciscofy\/about\/' target='_self'><span class='fa-stack fa-lg' style='background-color: #828282;'><i class=\"qode_icon_font_awesome fa fa-linkedin\" style=\"color: #c3161c;\" ><\/i><\/span><\/a><\/span><div class=\"separator  transparent\" style=\"\"><\/div><div class=\"separator  transparent\" style=\"\"><\/div><\/div><\/div><\/div><\/div><\/div><\/div><\/div><\/div><\/div><\/div><\/div><div      class=\"vc_row wpb_row section vc_row-fluid\" style=' text-align:left;'><div class=\"full_section_inner clearfix\"><div class=\"wpb_column vc_column_container vc_col-sm-4\"><div class=\"vc_column-inner\"><div class=\"wpb_wrapper\">\n\t<div class=\"wpb_text_column wpb_content_element\">\n\t\t<div class=\"wpb_wrapper\">\n\t\t\t\n\t\t<\/div>\n\t<\/div><\/div><\/div><\/div><div class=\"wpb_column vc_column_container vc_col-sm-4\"><div class=\"vc_column-inner\"><div class=\"wpb_wrapper\"><\/div><\/div><\/div><div class=\"wpb_column vc_column_container vc_col-sm-4\"><div class=\"vc_column-inner\"><div class=\"wpb_wrapper\">\n\t<div class=\"wpb_single_image wpb_content_element vc_align_center\">\n\t\t<div class=\"wpb_wrapper\">\n\t\t\t\n\t\t\t<div class=\"vc_single_image-wrapper   vc_box_border_grey\"><img loading=\"lazy\" decoding=\"async\" width=\"300\" height=\"63\" src=\"https:\/\/www.isqe.com\/wp-content\/uploads\/2022\/05\/EN-Co-Funded-by-the-EU_POS-300x63.png\" class=\"vc_single_image-img attachment-medium\" alt=\"\" title=\"EN Co-Funded by the EU_POS\" srcset=\"https:\/\/www.isqe.com\/wp-content\/uploads\/2022\/05\/EN-Co-Funded-by-the-EU_POS-300x63.png 300w, https:\/\/www.isqe.com\/wp-content\/uploads\/2022\/05\/EN-Co-Funded-by-the-EU_POS-1024x215.png 1024w, https:\/\/www.isqe.com\/wp-content\/uploads\/2022\/05\/EN-Co-Funded-by-the-EU_POS-768x161.png 768w, https:\/\/www.isqe.com\/wp-content\/uploads\/2022\/05\/EN-Co-Funded-by-the-EU_POS-1536x322.png 1536w, https:\/\/www.isqe.com\/wp-content\/uploads\/2022\/05\/EN-Co-Funded-by-the-EU_POS-2048x430.png 2048w, https:\/\/www.isqe.com\/wp-content\/uploads\/2022\/05\/EN-Co-Funded-by-the-EU_POS-18x4.png 18w, https:\/\/www.isqe.com\/wp-content\/uploads\/2022\/05\/EN-Co-Funded-by-the-EU_POS-700x147.png 700w\" sizes=\"auto, (max-width: 300px) 100vw, 300px\" \/><\/div>\n\t\t<\/div>\n\t<\/div>\n<\/div><\/div><\/div><\/div><\/div><div      class=\"vc_row wpb_row section vc_row-fluid\" style=' text-align:left;'><div class=\"full_section_inner clearfix\"><div class=\"wpb_column vc_column_container vc_col-sm-12\"><div class=\"vc_column-inner\"><div class=\"wpb_wrapper\"><div class=\"separator  transparent\" style=\"\"><\/div><\/div><\/div><\/div><\/div><\/div><div      class=\"vc_row wpb_row section vc_row-fluid\" style=' text-align:left;'><div class=\"full_section_inner clearfix\"><div class=\"wpb_column vc_column_container vc_col-sm-12\"><div class=\"vc_column-inner\"><div class=\"wpb_wrapper\"><div class=\"separator  transparent\" style=\"\"><\/div><\/div><\/div><\/div><\/div><\/div>\n<\/div>","protected":false},"excerpt":{"rendered":"ciscofy CISCOFY \u2014 Digital Skills Certificates &nbsp; Refer\u00eancia: 2021-1-ES01-KA220-HED-000022911 In\u00edcio: 01\/11\/2021 Fim: 30\/04\/2023 Dura\u00e7\u00e3o: 18 meses Status: closed Grant total: 200,315 \u20ac Cons\u00f3rcio: cons\u00f3rcio europeu coordenado pela Universidad de Almer\u00eda, com participa\u00e7\u00e3o da ISQe e outros parceiros do ensino superior e da inova\u00e7\u00e3o educativa. &nbsp;...","protected":false},"author":7,"featured_media":18119,"parent":0,"menu_order":0,"comment_status":"open","ping_status":"open","template":"full_width.php","meta":{"_monsterinsights_skip_tracking":false,"_monsterinsights_sitenote_active":false,"_monsterinsights_sitenote_note":"","_monsterinsights_sitenote_category":0,"footnotes":""},"class_list":["post-18121","page","type-page","status-publish","has-post-thumbnail","hentry"],"yoast_head":"<!-- This site is optimized with the Yoast SEO plugin v26.6 - https:\/\/yoast.com\/wordpress\/plugins\/seo\/ -->\n<title>ciscofy - ISQe<\/title>\n<meta name=\"description\" content=\"O Projeto ciscofy visa impulsionar a prontid\u00e3o digital, a resili\u00eancia e as compet\u00eancias para melhorar a educa\u00e7\u00e3o online em tr\u00eas pilares...\" \/>\n<meta name=\"robots\" content=\"index, follow, max-snippet:-1, max-image-preview:large, max-video-preview:-1\" \/>\n<link rel=\"canonical\" href=\"https:\/\/www.isqe.com\/es\/ciscofy-3\/\" \/>\n<meta property=\"og:locale\" content=\"es_ES\" \/>\n<meta property=\"og:type\" content=\"article\" \/>\n<meta property=\"og:title\" content=\"ciscofy - ISQe\" \/>\n<meta property=\"og:description\" content=\"O Projeto ciscofy visa impulsionar a prontid\u00e3o digital, a resili\u00eancia e as compet\u00eancias para melhorar a educa\u00e7\u00e3o online em tr\u00eas pilares...\" \/>\n<meta property=\"og:url\" content=\"https:\/\/www.isqe.com\/es\/ciscofy-3\/\" \/>\n<meta property=\"og:site_name\" content=\"ISQe\" \/>\n<meta property=\"article:publisher\" content=\"https:\/\/www.facebook.com\/ISQe.Engaging.People\" \/>\n<meta property=\"article:modified_time\" content=\"2026-04-17T08:25:23+00:00\" \/>\n<meta property=\"og:image\" content=\"https:\/\/www.isqe.com\/wp-content\/uploads\/2022\/12\/ciscofy.png\" \/>\n\t<meta property=\"og:image:width\" content=\"1440\" \/>\n\t<meta property=\"og:image:height\" content=\"617\" \/>\n\t<meta property=\"og:image:type\" content=\"image\/png\" \/>\n<meta name=\"twitter:card\" content=\"summary_large_image\" \/>\n<meta name=\"twitter:label1\" content=\"Tiempo de lectura\" \/>\n\t<meta name=\"twitter:data1\" content=\"2 minutos\" \/>\n<script type=\"application\/ld+json\" class=\"yoast-schema-graph\">{\"@context\":\"https:\/\/schema.org\",\"@graph\":[{\"@type\":\"WebPage\",\"@id\":\"https:\/\/www.isqe.com\/ciscofy-3\/\",\"url\":\"https:\/\/www.isqe.com\/ciscofy-3\/\",\"name\":\"ciscofy - ISQe\",\"isPartOf\":{\"@id\":\"https:\/\/www.isqe.com\/#website\"},\"primaryImageOfPage\":{\"@id\":\"https:\/\/www.isqe.com\/ciscofy-3\/#primaryimage\"},\"image\":{\"@id\":\"https:\/\/www.isqe.com\/ciscofy-3\/#primaryimage\"},\"thumbnailUrl\":\"https:\/\/www.isqe.com\/wp-content\/uploads\/2022\/12\/ciscofy.png\",\"datePublished\":\"2022-12-20T09:54:24+00:00\",\"dateModified\":\"2026-04-17T08:25:23+00:00\",\"description\":\"O Projeto ciscofy visa impulsionar a prontid\u00e3o digital, a resili\u00eancia e as compet\u00eancias para melhorar a educa\u00e7\u00e3o online em tr\u00eas pilares...\",\"breadcrumb\":{\"@id\":\"https:\/\/www.isqe.com\/ciscofy-3\/#breadcrumb\"},\"inLanguage\":\"es\",\"potentialAction\":[{\"@type\":\"ReadAction\",\"target\":[\"https:\/\/www.isqe.com\/ciscofy-3\/\"]}]},{\"@type\":\"ImageObject\",\"inLanguage\":\"es\",\"@id\":\"https:\/\/www.isqe.com\/ciscofy-3\/#primaryimage\",\"url\":\"https:\/\/www.isqe.com\/wp-content\/uploads\/2022\/12\/ciscofy.png\",\"contentUrl\":\"https:\/\/www.isqe.com\/wp-content\/uploads\/2022\/12\/ciscofy.png\",\"width\":1440,\"height\":617},{\"@type\":\"BreadcrumbList\",\"@id\":\"https:\/\/www.isqe.com\/ciscofy-3\/#breadcrumb\",\"itemListElement\":[{\"@type\":\"ListItem\",\"position\":1,\"name\":\"In\u00edcio\",\"item\":\"https:\/\/www.isqe.com\/\"},{\"@type\":\"ListItem\",\"position\":2,\"name\":\"ciscofy\"}]},{\"@type\":\"WebSite\",\"@id\":\"https:\/\/www.isqe.com\/#website\",\"url\":\"https:\/\/www.isqe.com\/\",\"name\":\"ISQe\",\"description\":\"Engaging People\",\"publisher\":{\"@id\":\"https:\/\/www.isqe.com\/#organization\"},\"potentialAction\":[{\"@type\":\"SearchAction\",\"target\":{\"@type\":\"EntryPoint\",\"urlTemplate\":\"https:\/\/www.isqe.com\/?s={search_term_string}\"},\"query-input\":{\"@type\":\"PropertyValueSpecification\",\"valueRequired\":true,\"valueName\":\"search_term_string\"}}],\"inLanguage\":\"es\"},{\"@type\":\"Organization\",\"@id\":\"https:\/\/www.isqe.com\/#organization\",\"name\":\"ISQe\",\"url\":\"https:\/\/www.isqe.com\/\",\"logo\":{\"@type\":\"ImageObject\",\"inLanguage\":\"es\",\"@id\":\"https:\/\/www.isqe.com\/#\/schema\/logo\/image\/\",\"url\":\"https:\/\/www.isqe.com\/wp-content\/uploads\/2022\/01\/ISQe-logotipo-web.png\",\"contentUrl\":\"https:\/\/www.isqe.com\/wp-content\/uploads\/2022\/01\/ISQe-logotipo-web.png\",\"width\":842,\"height\":596,\"caption\":\"ISQe\"},\"image\":{\"@id\":\"https:\/\/www.isqe.com\/#\/schema\/logo\/image\/\"},\"sameAs\":[\"https:\/\/www.facebook.com\/ISQe.Engaging.People\",\"https:\/\/www.instagram.com\/isqe.engage.people\/\",\"https:\/\/pt.linkedin.com\/company\/isqe\",\"https:\/\/www.youtube.com\/channel\/UChrGaLoIk_sh__ZEoCzBjxA\/featured\"]}]}<\/script>\n<!-- \/ Yoast SEO plugin. -->","yoast_head_json":{"title":"ciscofy - ISQe","description":"O Projeto ciscofy visa impulsionar a prontid\u00e3o digital, a resili\u00eancia e as compet\u00eancias para melhorar a educa\u00e7\u00e3o online em tr\u00eas pilares...","robots":{"index":"index","follow":"follow","max-snippet":"max-snippet:-1","max-image-preview":"max-image-preview:large","max-video-preview":"max-video-preview:-1"},"canonical":"https:\/\/www.isqe.com\/es\/ciscofy-3\/","og_locale":"es_ES","og_type":"article","og_title":"ciscofy - ISQe","og_description":"O Projeto ciscofy visa impulsionar a prontid\u00e3o digital, a resili\u00eancia e as compet\u00eancias para melhorar a educa\u00e7\u00e3o online em tr\u00eas pilares...","og_url":"https:\/\/www.isqe.com\/es\/ciscofy-3\/","og_site_name":"ISQe","article_publisher":"https:\/\/www.facebook.com\/ISQe.Engaging.People","article_modified_time":"2026-04-17T08:25:23+00:00","og_image":[{"width":1440,"height":617,"url":"https:\/\/www.isqe.com\/wp-content\/uploads\/2022\/12\/ciscofy.png","type":"image\/png"}],"twitter_card":"summary_large_image","twitter_misc":{"Tiempo de lectura":"2 minutos"},"schema":{"@context":"https:\/\/schema.org","@graph":[{"@type":"WebPage","@id":"https:\/\/www.isqe.com\/ciscofy-3\/","url":"https:\/\/www.isqe.com\/ciscofy-3\/","name":"ciscofy - ISQe","isPartOf":{"@id":"https:\/\/www.isqe.com\/#website"},"primaryImageOfPage":{"@id":"https:\/\/www.isqe.com\/ciscofy-3\/#primaryimage"},"image":{"@id":"https:\/\/www.isqe.com\/ciscofy-3\/#primaryimage"},"thumbnailUrl":"https:\/\/www.isqe.com\/wp-content\/uploads\/2022\/12\/ciscofy.png","datePublished":"2022-12-20T09:54:24+00:00","dateModified":"2026-04-17T08:25:23+00:00","description":"O Projeto ciscofy visa impulsionar a prontid\u00e3o digital, a resili\u00eancia e as compet\u00eancias para melhorar a educa\u00e7\u00e3o online em tr\u00eas pilares...","breadcrumb":{"@id":"https:\/\/www.isqe.com\/ciscofy-3\/#breadcrumb"},"inLanguage":"es","potentialAction":[{"@type":"ReadAction","target":["https:\/\/www.isqe.com\/ciscofy-3\/"]}]},{"@type":"ImageObject","inLanguage":"es","@id":"https:\/\/www.isqe.com\/ciscofy-3\/#primaryimage","url":"https:\/\/www.isqe.com\/wp-content\/uploads\/2022\/12\/ciscofy.png","contentUrl":"https:\/\/www.isqe.com\/wp-content\/uploads\/2022\/12\/ciscofy.png","width":1440,"height":617},{"@type":"BreadcrumbList","@id":"https:\/\/www.isqe.com\/ciscofy-3\/#breadcrumb","itemListElement":[{"@type":"ListItem","position":1,"name":"In\u00edcio","item":"https:\/\/www.isqe.com\/"},{"@type":"ListItem","position":2,"name":"ciscofy"}]},{"@type":"WebSite","@id":"https:\/\/www.isqe.com\/#website","url":"https:\/\/www.isqe.com\/","name":"ISQe","description":"Engaging People","publisher":{"@id":"https:\/\/www.isqe.com\/#organization"},"potentialAction":[{"@type":"SearchAction","target":{"@type":"EntryPoint","urlTemplate":"https:\/\/www.isqe.com\/?s={search_term_string}"},"query-input":{"@type":"PropertyValueSpecification","valueRequired":true,"valueName":"search_term_string"}}],"inLanguage":"es"},{"@type":"Organization","@id":"https:\/\/www.isqe.com\/#organization","name":"ISQe","url":"https:\/\/www.isqe.com\/","logo":{"@type":"ImageObject","inLanguage":"es","@id":"https:\/\/www.isqe.com\/#\/schema\/logo\/image\/","url":"https:\/\/www.isqe.com\/wp-content\/uploads\/2022\/01\/ISQe-logotipo-web.png","contentUrl":"https:\/\/www.isqe.com\/wp-content\/uploads\/2022\/01\/ISQe-logotipo-web.png","width":842,"height":596,"caption":"ISQe"},"image":{"@id":"https:\/\/www.isqe.com\/#\/schema\/logo\/image\/"},"sameAs":["https:\/\/www.facebook.com\/ISQe.Engaging.People","https:\/\/www.instagram.com\/isqe.engage.people\/","https:\/\/pt.linkedin.com\/company\/isqe","https:\/\/www.youtube.com\/channel\/UChrGaLoIk_sh__ZEoCzBjxA\/featured"]}]}},"_links":{"self":[{"href":"https:\/\/www.isqe.com\/es\/wp-json\/wp\/v2\/pages\/18121","targetHints":{"allow":["GET"]}}],"collection":[{"href":"https:\/\/www.isqe.com\/es\/wp-json\/wp\/v2\/pages"}],"about":[{"href":"https:\/\/www.isqe.com\/es\/wp-json\/wp\/v2\/types\/page"}],"author":[{"embeddable":true,"href":"https:\/\/www.isqe.com\/es\/wp-json\/wp\/v2\/users\/7"}],"replies":[{"embeddable":true,"href":"https:\/\/www.isqe.com\/es\/wp-json\/wp\/v2\/comments?post=18121"}],"version-history":[{"count":3,"href":"https:\/\/www.isqe.com\/es\/wp-json\/wp\/v2\/pages\/18121\/revisions"}],"predecessor-version":[{"id":19654,"href":"https:\/\/www.isqe.com\/es\/wp-json\/wp\/v2\/pages\/18121\/revisions\/19654"}],"wp:featuredmedia":[{"embeddable":true,"href":"https:\/\/www.isqe.com\/es\/wp-json\/wp\/v2\/media\/18119"}],"wp:attachment":[{"href":"https:\/\/www.isqe.com\/es\/wp-json\/wp\/v2\/media?parent=18121"}],"curies":[{"name":"wp","href":"https:\/\/api.w.org\/{rel}","templated":true}]}}