{"id":17723,"date":"2022-09-02T16:58:15","date_gmt":"2022-09-02T16:58:15","guid":{"rendered":"https:\/\/www.isqe.com\/?page_id=17723"},"modified":"2023-03-01T17:50:30","modified_gmt":"2023-03-01T17:50:30","slug":"serious-games","status":"publish","type":"page","link":"https:\/\/www.isqe.com\/es\/serious-games\/","title":{"rendered":"Serious Games"},"content":{"rendered":"<div class=\"wpb-content-wrapper\"><div class=\"vc_row wpb_row section vc_row-fluid  vc_custom_1641394844318\" style=' text-align:left;'><div class=\"full_section_inner clearfix\"><div class=\"wpb_column vc_column_container vc_col-sm-12\"><div class=\"vc_column-inner\"><div class=\"wpb_wrapper\"><div class='q_elements_holder two_columns eh_two_columns_66_33 responsive_mode_from_768' ><div class='q_elements_item' data-animation='no' data-item-class='q_elements_holder_custom_735354' style='background-image: url(https:\/\/www.isqe.com\/wp-content\/uploads\/2022\/08\/SeriousGames_ISQe.jpg);background-position: center;background-size: cover;'><div class='q_elements_item_inner'><div class='q_elements_item_content q_elements_holder_custom_735354'><\/div><\/div><\/div><div class='q_elements_item' data-animation='no' data-item-class='q_elements_holder_custom_815052' style='background-color:#ed1b34;'><div class='q_elements_item_inner'><div class='q_elements_item_content q_elements_holder_custom_815052' style='padding:20% 10% 20% 10%'>\n\t<div class=\"wpb_text_column wpb_content_element\">\n\t\t<div class=\"wpb_wrapper\">\n\t\t\t<h2 style=\"text-align: left;\"><span style=\"color: #fff; font-size: 74px; text-transform: lowercase; letter-spacing: -4px; line-height: 0.9em;\">Serious Games<\/span><\/h2>\n\n\t\t<\/div>\n\t<\/div><div class=\"separator  small left\" style=\"margin-top: 12px;background-color: #9d0b0f;\"><\/div><div class=\"vc_empty_space\"  style=\"height: 100px\" >\n\t<span class=\"vc_empty_space_inner\">\n\t\t<span class=\"empty_space_image\"  ><\/span>\n\t<\/span>\n<\/div><\/div><\/div><\/div><\/div><\/div><\/div><\/div><\/div><\/div><div      class=\"vc_row wpb_row section vc_row-fluid  grid_section\" style='background-color:#ffffff; padding-top:87px; padding-bottom:0px; text-align:left;'><div class=\"section_inner clearfix\"><div class='section_inner_margin clearfix'><div class=\"wpb_column vc_column_container vc_col-sm-12\"><div class=\"vc_column-inner\"><div class=\"wpb_wrapper\"><div      class=\"vc_row wpb_row section vc_row-fluid vc_inner\" style=' text-align:left;'><div class=\"full_section_inner clearfix\"><div class=\"wpb_column vc_column_container vc_col-sm-12\"><div class=\"vc_column-inner\"><div class=\"wpb_wrapper\">\n\t<div class=\"wpb_text_column wpb_content_element\">\n\t\t<div class=\"wpb_wrapper\">\n\t\t\t<h1 style=\"text-align: center;\"><b><em>Serious Games<\/em> en su empresa.<\/b><\/h1>\n\n\t\t<\/div>\n\t<\/div><div class=\"separator  transparent\" style=\"margin-top: 80px;margin-bottom: 0px;\"><\/div>\n\t<div class=\"wpb_text_column wpb_content_element\">\n\t\t<div class=\"wpb_wrapper\">\n\t\t\t<p>El uso de <em><strong>Serious Games<\/strong><\/em> como ayuda para la formaci\u00f3n, adem\u00e1s de proporcionar una experiencia de aprendizaje digital, atractiva y enfocada, tambi\u00e9n permite una r\u00e1pida y eficaz asimilaci\u00f3n de los contenidos esenciales para el \u00e9xito de los negocios.<\/p>\n<p>&nbsp;<\/p>\n<p>El<strong> equipo de Digital Learning eXperience<\/strong> conoce los contextos de trabajo actuales y reconoce la importancia de reorientar los enfoques formativos hacia el binomio de empleados y necesidades actuales, proporcion\u00e1ndoles experiencias eficaces, significativas y enriquecedoras.<\/p>\n<p>&nbsp;<\/p>\n<p>En ISQe dise\u00f1amos, desarrollamos e implementamos una amplia diversidad de experiencias de aprendizaje digitales<strong>*<\/strong> capaces de motivar y (re)aproximar a los empleados a la formaci\u00f3n de una manera eficaz y efectiva.<\/p>\n<p>&nbsp;<\/p>\n<p>&nbsp;<\/p>\n<h6>*Experiencias inmersivas, realidad virtual\/realidad aumentada, gamificaci\u00f3n, serious games, v\u00eddeos interactivos, microaprendizaje, cuestionarios, infograf\u00edas interactivas, entre otros enfoques innovadores.<\/h6>\n\n\t\t<\/div>\n\t<\/div><div class=\"separator  transparent\" style=\"margin-top: 80px;margin-bottom: 0px;\"><\/div><\/div><\/div><\/div><\/div><\/div>\n\t<div class=\"wpb_text_column wpb_content_element\">\n\t\t<div class=\"wpb_wrapper\">\n\t\t\t<h1 style=\"text-align: center;\"><b>Cursos en Cat\u00e1logo<\/b><\/h1>\n\n\t\t<\/div>\n\t<\/div><div class=\"separator  transparent\" style=\"margin-top: 80px;margin-bottom: 0px;\"><\/div><\/div><\/div><\/div><\/div><\/div><\/div><div      class=\"vc_row wpb_row section vc_row-fluid  grid_section\" style='background-color:#ffffff; text-align:center;'><div class=\"section_inner clearfix\"><div class='section_inner_margin clearfix'><div class=\"wpb_column vc_column_container vc_col-sm-4\"><div class=\"vc_column-inner\"><div class=\"wpb_wrapper\"><div      class=\"vc_row wpb_row section vc_row-fluid vc_inner  use_row_as_box\" style=' text-align:left;'><div class=\"full_section_inner clearfix\"><div class=\"wpb_column vc_column_container vc_col-sm-12\"><div class=\"vc_column-inner\"><div class=\"wpb_wrapper\"><div class=\"separator  transparent\" style=\"margin-top: 6px;\"><\/div>\n\t<div class=\"wpb_text_column wpb_content_element\">\n\t\t<div class=\"wpb_wrapper\">\n\t\t\t<p style=\"text-align: center;\"><span style=\"color: #333333; font-size: 24px; font-weight: 900;\">RP<\/span><\/p>\n<p style=\"text-align: center;\">Riesgos Psicosociales<\/p>\n\n\t\t<\/div>\n\t<\/div><div class=\"separator  transparent\" style=\"margin-top: 20px;margin-bottom: 0px;\"><\/div><div class=\"separator  transparent\" style=\"margin-top: 20px;margin-bottom: 0px;\"><\/div><div class=\"separator  transparent\" style=\"margin-top: 20px;margin-bottom: 0px;\"><\/div>\n\t<div class=\"wpb_single_image wpb_content_element vc_align_center\">\n\t\t<div class=\"wpb_wrapper\">\n\t\t\t\n\t\t\t<div class=\"vc_single_image-wrapper   vc_box_border_grey\"><img loading=\"lazy\" decoding=\"async\" width=\"1920\" height=\"1080\" src=\"https:\/\/www.isqe.com\/wp-content\/uploads\/2022\/09\/image-02-1.png\" class=\"vc_single_image-img attachment-full\" alt=\"\" title=\"image-02\" srcset=\"https:\/\/www.isqe.com\/wp-content\/uploads\/2022\/09\/image-02-1.png 1920w, https:\/\/www.isqe.com\/wp-content\/uploads\/2022\/09\/image-02-1-300x169.png 300w, https:\/\/www.isqe.com\/wp-content\/uploads\/2022\/09\/image-02-1-1024x576.png 1024w, https:\/\/www.isqe.com\/wp-content\/uploads\/2022\/09\/image-02-1-768x432.png 768w, https:\/\/www.isqe.com\/wp-content\/uploads\/2022\/09\/image-02-1-1536x864.png 1536w, https:\/\/www.isqe.com\/wp-content\/uploads\/2022\/09\/image-02-1-18x10.png 18w, https:\/\/www.isqe.com\/wp-content\/uploads\/2022\/09\/image-02-1-700x394.png 700w, https:\/\/www.isqe.com\/wp-content\/uploads\/2022\/09\/image-02-1-539x303.png 539w\" sizes=\"auto, (max-width: 1920px) 100vw, 1920px\" \/><\/div>\n\t\t<\/div>\n\t<\/div>\n<div class=\"separator  transparent\" style=\"margin-top: 20px;margin-bottom: 0px;\"><\/div><div class=\"separator  transparent\" style=\"margin-top: 20px;margin-bottom: 0px;\"><\/div><div class=\"separator  transparent\" style=\"margin-top: 20px;margin-bottom: 0px;\"><\/div><div class=\"separator  transparent\" style=\"margin-top: 20px;margin-bottom: 0px;\"><\/div><div class=\"separator  transparent\" style=\"margin-top: 20px;margin-bottom: 0px;\"><\/div><div class=\"separator  transparent\" style=\"margin-top: 20px;margin-bottom: 0px;\"><\/div>\n\t<div class=\"wpb_text_column wpb_content_element\">\n\t\t<div class=\"wpb_wrapper\">\n\t\t\t<p style=\"text-align: center;\"><strong>SCENARIO BASED<\/strong><\/p>\n<p>&nbsp;<\/p>\n<p style=\"text-align: center;\">Con el objetivo de crear conciencia sobre las principales causas, s\u00edntomas, consecuencias y medios de prevenci\u00f3n de los Riesgos Psicosociales, este <strong><em>juego basado en escenarios<\/em><\/strong> crea el entorno adecuado para concienciar sobre estos temas.<\/p>\n\n\t\t<\/div>\n\t<\/div><\/div><\/div><\/div><\/div><\/div><div class=\"separator  transparent\" style=\"margin-top: 80px;margin-bottom: 0px;\"><\/div><a  itemprop=\"url\" href=\"https:\/\/www.isqe.com\/es\/curso-riscos-psicossociais\/\" target=\"_self\" data-hover-background-color=\"#000000\" data-hover-border-color=\"#000000\" class=\"qbutton  medium center default\" style=\"\">M\u00e1s informaci\u00f3n<\/a><div class=\"separator  transparent\" style=\"margin-top: 80px;margin-bottom: 0px;\"><\/div><\/div><\/div><\/div><div class=\"wpb_column vc_column_container vc_col-sm-4\"><div class=\"vc_column-inner\"><div class=\"wpb_wrapper\"><div      class=\"vc_row wpb_row section vc_row-fluid vc_inner  use_row_as_box\" style=' text-align:left;'><div class=\"full_section_inner clearfix\"><div class=\"wpb_column vc_column_container vc_col-sm-12\"><div class=\"vc_column-inner\"><div class=\"wpb_wrapper\"><div class=\"separator  transparent\" style=\"margin-top: 6px;\"><\/div>\n\t<div class=\"wpb_text_column wpb_content_element\">\n\t\t<div class=\"wpb_wrapper\">\n\t\t\t<p style=\"text-align: center;\"><span style=\"color: #333333; font-size: 24px; font-weight: 900;\">RGPD<\/span><\/p>\n<p style=\"text-align: center;\">Reglamento General de Protecci\u00f3n de Datos<\/p>\n\n\t\t<\/div>\n\t<\/div><\/div><\/div><\/div><\/div><\/div><div class=\"separator  transparent\" style=\"margin-top: 20px;margin-bottom: 0px;\"><\/div>\n\t<div class=\"wpb_single_image wpb_content_element vc_align_center\">\n\t\t<div class=\"wpb_wrapper\">\n\t\t\t\n\t\t\t<div class=\"vc_single_image-wrapper   vc_box_border_grey\"><img loading=\"lazy\" decoding=\"async\" width=\"300\" height=\"300\" src=\"https:\/\/www.isqe.com\/wp-content\/uploads\/2023\/03\/Untitled-400-\u00d7-400-px-300x300.png\" class=\"vc_single_image-img attachment-medium\" alt=\"\" title=\"Untitled (400 \u00d7 400 px)\" srcset=\"https:\/\/www.isqe.com\/wp-content\/uploads\/2023\/03\/Untitled-400-\u00d7-400-px-300x300.png 300w, https:\/\/www.isqe.com\/wp-content\/uploads\/2023\/03\/Untitled-400-\u00d7-400-px-150x150.png 150w, https:\/\/www.isqe.com\/wp-content\/uploads\/2023\/03\/Untitled-400-\u00d7-400-px-12x12.png 12w, https:\/\/www.isqe.com\/wp-content\/uploads\/2023\/03\/Untitled-400-\u00d7-400-px.png 400w\" sizes=\"auto, (max-width: 300px) 100vw, 300px\" \/><\/div>\n\t\t<\/div>\n\t<\/div>\n<div class=\"separator  transparent\" style=\"margin-top: 20px;margin-bottom: 0px;\"><\/div><div class=\"separator  transparent\" style=\"margin-top: 20px;margin-bottom: 0px;\"><\/div><div class=\"separator  transparent\" style=\"margin-top: 20px;margin-bottom: 0px;\"><\/div><div class=\"separator  transparent\" style=\"margin-top: 20px;margin-bottom: 0px;\"><\/div>\n\t<div class=\"wpb_text_column wpb_content_element\">\n\t\t<div class=\"wpb_wrapper\">\n\t\t\t<p style=\"text-align: center;\"><strong>JEOPARDY GAME<\/strong><\/p>\n<p>&nbsp;<\/p>\n<p style=\"text-align: center;\">Con el objetivo de consolidar los temas esenciales del Reglamento General de Protecci\u00f3n de Datos, <strong><em>Jeopardy game<\/em><\/strong> desaf\u00eda al empleado a invertir las reglas del juego.<\/p>\n\n\t\t<\/div>\n\t<\/div><div class=\"separator  transparent\" style=\"margin-top: 80px;margin-bottom: 0px;\"><\/div><a  itemprop=\"url\" href=\"https:\/\/www.isqe.com\/es\/curso-rgpd\/\" target=\"_self\"  class=\"qbutton  center default\" style=\"\">M\u00e1s informaci\u00f3n<\/a><div class=\"separator  transparent\" style=\"margin-top: 80px;margin-bottom: 0px;\"><\/div><\/div><\/div><\/div><div class=\"wpb_column vc_column_container vc_col-sm-4\"><div class=\"vc_column-inner\"><div class=\"wpb_wrapper\"><div      class=\"vc_row wpb_row section vc_row-fluid vc_inner  use_row_as_box\" style=' text-align:left;'><div class=\"full_section_inner clearfix\"><div class=\"wpb_column vc_column_container vc_col-sm-12\"><div class=\"vc_column-inner\"><div class=\"wpb_wrapper\"><div class=\"separator  transparent\" style=\"margin-top: 6px;\"><\/div>\n\t<div class=\"wpb_text_column wpb_content_element\">\n\t\t<div class=\"wpb_wrapper\">\n\t\t\t<p style=\"text-align: center;\"><span style=\"color: #333333; font-size: 24px; font-weight: 900;\">RGPC<\/span><\/p>\n<p style=\"text-align: center;\">R\u00e9gimen General de Prevenci\u00f3n de la Corrupci\u00f3n<\/p>\n\n\t\t<\/div>\n\t<\/div><\/div><\/div><\/div><\/div><\/div><div class=\"separator  transparent\" style=\"margin-top: 20px;margin-bottom: 0px;\"><\/div>\n\t<div class=\"wpb_single_image wpb_content_element vc_align_center\">\n\t\t<div class=\"wpb_wrapper\">\n\t\t\t\n\t\t\t<div class=\"vc_single_image-wrapper   vc_box_border_grey\"><img loading=\"lazy\" decoding=\"async\" width=\"400\" height=\"400\" src=\"https:\/\/www.isqe.com\/wp-content\/uploads\/2022\/08\/Untitled-400-\u00d7-400-px-3.png\" class=\"vc_single_image-img attachment-full\" alt=\"\" title=\"Untitled (400 \u00d7 400 px) (3)\" srcset=\"https:\/\/www.isqe.com\/wp-content\/uploads\/2022\/08\/Untitled-400-\u00d7-400-px-3.png 400w, https:\/\/www.isqe.com\/wp-content\/uploads\/2022\/08\/Untitled-400-\u00d7-400-px-3-300x300.png 300w, https:\/\/www.isqe.com\/wp-content\/uploads\/2022\/08\/Untitled-400-\u00d7-400-px-3-150x150.png 150w, https:\/\/www.isqe.com\/wp-content\/uploads\/2022\/08\/Untitled-400-\u00d7-400-px-3-12x12.png 12w\" sizes=\"auto, (max-width: 400px) 100vw, 400px\" \/><\/div>\n\t\t<\/div>\n\t<\/div>\n<div class=\"separator  transparent\" style=\"margin-top: 20px;margin-bottom: 0px;\"><\/div>\n\t<div class=\"wpb_text_column wpb_content_element\">\n\t\t<div class=\"wpb_wrapper\">\n\t\t\t<p style=\"text-align: center;\"><strong>JUEGO DE RULETA<\/strong><\/p>\n<p>&nbsp;<\/p>\n<p style=\"text-align: center;\">Con el objetivo de aclarar los temas esenciales del R\u00e9gimen General de Prevenci\u00f3n de la Corrupci\u00f3n, este <strong>juego de ruleta<\/strong> sirve de base para aprender contenidos esenciales sobre el tema.<\/p>\n\n\t\t<\/div>\n\t<\/div><div class=\"separator  transparent\" style=\"margin-top: 80px;margin-bottom: 0px;\"><\/div><a  itemprop=\"url\" href=\"https:\/\/www.isqe.com\/es\/curso-rgpc\/\" target=\"_self\"  class=\"qbutton  center default\" style=\"\">M\u00e1s informaci\u00f3n<\/a><div class=\"separator  transparent\" style=\"margin-top: 80px;margin-bottom: 0px;\"><\/div><\/div><\/div><\/div><\/div><\/div><\/div><div      class=\"vc_row wpb_row section vc_row-fluid\" style=' text-align:left;'><div class=\"full_section_inner clearfix\"><div class=\"wpb_column vc_column_container vc_col-sm-12\"><div class=\"vc_column-inner\"><div class=\"wpb_wrapper\"><div class=\"separator  transparent\" style=\"\"><\/div><div class=\"separator  transparent\" style=\"\"><\/div><\/div><\/div><\/div><\/div><\/div>\n<\/div>","protected":false},"excerpt":{"rendered":"Serious Games Serious Games na sua empresa. O recurso a Serious Games de suporte \u00e0 forma\u00e7\u00e3o, para al\u00e9m de possibilitar uma experi\u00eancia de aprendizagem digital, envolvente e focada, permite tamb\u00e9m a r\u00e1pida e eficaz assimila\u00e7\u00e3o dos conte\u00fados essenciais ao sucesso do neg\u00f3cio. &nbsp; A equipa...","protected":false},"author":7,"featured_media":17714,"parent":0,"menu_order":0,"comment_status":"open","ping_status":"open","template":"full_width.php","meta":{"_monsterinsights_skip_tracking":false,"_monsterinsights_sitenote_active":false,"_monsterinsights_sitenote_note":"","_monsterinsights_sitenote_category":0,"footnotes":""},"class_list":["post-17723","page","type-page","status-publish","has-post-thumbnail","hentry"],"yoast_head":"<!-- This site is optimized with the Yoast SEO plugin v26.6 - https:\/\/yoast.com\/wordpress\/plugins\/seo\/ -->\n<title>Serious Games - ISQe<\/title>\n<meta name=\"description\" content=\"O recurso a Serious Games \u00e9 uma das apostas do ISQe, possibilitando uma experi\u00eancia de aprendizagem educacional, digital, envolvente e focada\" \/>\n<meta name=\"robots\" content=\"index, follow, max-snippet:-1, max-image-preview:large, max-video-preview:-1\" \/>\n<link rel=\"canonical\" href=\"https:\/\/www.isqe.com\/es\/serious-games\/\" \/>\n<meta property=\"og:locale\" content=\"es_ES\" \/>\n<meta property=\"og:type\" content=\"article\" \/>\n<meta property=\"og:title\" content=\"Forma\u00e7\u00e3o com Serious Games para empresas - ISQe\" \/>\n<meta property=\"og:description\" content=\"O recurso a Serious Games \u00e9 uma das apostas do ISQe, possibilitando uma experi\u00eancia de aprendizagem educacional, digital, envolvente e focada\" \/>\n<meta property=\"og:url\" content=\"https:\/\/www.isqe.com\/es\/serious-games\/\" \/>\n<meta property=\"og:site_name\" content=\"ISQe\" \/>\n<meta property=\"article:publisher\" content=\"https:\/\/www.facebook.com\/ISQe.Engaging.People\" \/>\n<meta property=\"article:modified_time\" content=\"2023-03-01T17:50:30+00:00\" \/>\n<meta property=\"og:image\" content=\"https:\/\/www.isqe.com\/wp-content\/uploads\/2022\/08\/SeriousGames_ISQe.jpg\" \/>\n\t<meta property=\"og:image:width\" content=\"1200\" \/>\n\t<meta property=\"og:image:height\" content=\"500\" \/>\n\t<meta property=\"og:image:type\" content=\"image\/jpeg\" \/>\n<meta name=\"twitter:card\" content=\"summary_large_image\" \/>\n<meta name=\"twitter:title\" content=\"Forma\u00e7\u00e3o com Serious Games para empresas - ISQe\" \/>\n<meta name=\"twitter:image\" content=\"https:\/\/www.isqe.com\/wp-content\/uploads\/2022\/08\/SeriousGames_ISQe.jpg\" \/>\n<meta name=\"twitter:label1\" content=\"Tiempo de lectura\" \/>\n\t<meta name=\"twitter:data1\" content=\"3 minutos\" \/>\n<script type=\"application\/ld+json\" class=\"yoast-schema-graph\">{\"@context\":\"https:\/\/schema.org\",\"@graph\":[{\"@type\":\"WebPage\",\"@id\":\"https:\/\/www.isqe.com\/serious-games\/\",\"url\":\"https:\/\/www.isqe.com\/serious-games\/\",\"name\":\"Serious Games - ISQe\",\"isPartOf\":{\"@id\":\"https:\/\/www.isqe.com\/#website\"},\"primaryImageOfPage\":{\"@id\":\"https:\/\/www.isqe.com\/serious-games\/#primaryimage\"},\"image\":{\"@id\":\"https:\/\/www.isqe.com\/serious-games\/#primaryimage\"},\"thumbnailUrl\":\"https:\/\/www.isqe.com\/wp-content\/uploads\/2022\/08\/SeriousGames_ISQe.jpg\",\"datePublished\":\"2022-09-02T16:58:15+00:00\",\"dateModified\":\"2023-03-01T17:50:30+00:00\",\"description\":\"O recurso a Serious Games \u00e9 uma das apostas do ISQe, possibilitando uma experi\u00eancia de aprendizagem educacional, digital, envolvente e focada\",\"breadcrumb\":{\"@id\":\"https:\/\/www.isqe.com\/serious-games\/#breadcrumb\"},\"inLanguage\":\"es\",\"potentialAction\":[{\"@type\":\"ReadAction\",\"target\":[\"https:\/\/www.isqe.com\/serious-games\/\"]}]},{\"@type\":\"ImageObject\",\"inLanguage\":\"es\",\"@id\":\"https:\/\/www.isqe.com\/serious-games\/#primaryimage\",\"url\":\"https:\/\/www.isqe.com\/wp-content\/uploads\/2022\/08\/SeriousGames_ISQe.jpg\",\"contentUrl\":\"https:\/\/www.isqe.com\/wp-content\/uploads\/2022\/08\/SeriousGames_ISQe.jpg\",\"width\":1200,\"height\":500,\"caption\":\"ISQe digital learning\"},{\"@type\":\"BreadcrumbList\",\"@id\":\"https:\/\/www.isqe.com\/serious-games\/#breadcrumb\",\"itemListElement\":[{\"@type\":\"ListItem\",\"position\":1,\"name\":\"In\u00edcio\",\"item\":\"https:\/\/www.isqe.com\/\"},{\"@type\":\"ListItem\",\"position\":2,\"name\":\"Serious Games\"}]},{\"@type\":\"WebSite\",\"@id\":\"https:\/\/www.isqe.com\/#website\",\"url\":\"https:\/\/www.isqe.com\/\",\"name\":\"ISQe\",\"description\":\"Engaging People\",\"publisher\":{\"@id\":\"https:\/\/www.isqe.com\/#organization\"},\"potentialAction\":[{\"@type\":\"SearchAction\",\"target\":{\"@type\":\"EntryPoint\",\"urlTemplate\":\"https:\/\/www.isqe.com\/?s={search_term_string}\"},\"query-input\":{\"@type\":\"PropertyValueSpecification\",\"valueRequired\":true,\"valueName\":\"search_term_string\"}}],\"inLanguage\":\"es\"},{\"@type\":\"Organization\",\"@id\":\"https:\/\/www.isqe.com\/#organization\",\"name\":\"ISQe\",\"url\":\"https:\/\/www.isqe.com\/\",\"logo\":{\"@type\":\"ImageObject\",\"inLanguage\":\"es\",\"@id\":\"https:\/\/www.isqe.com\/#\/schema\/logo\/image\/\",\"url\":\"https:\/\/www.isqe.com\/wp-content\/uploads\/2022\/01\/ISQe-logotipo-web.png\",\"contentUrl\":\"https:\/\/www.isqe.com\/wp-content\/uploads\/2022\/01\/ISQe-logotipo-web.png\",\"width\":842,\"height\":596,\"caption\":\"ISQe\"},\"image\":{\"@id\":\"https:\/\/www.isqe.com\/#\/schema\/logo\/image\/\"},\"sameAs\":[\"https:\/\/www.facebook.com\/ISQe.Engaging.People\",\"https:\/\/www.instagram.com\/isqe.engage.people\/\",\"https:\/\/pt.linkedin.com\/company\/isqe\",\"https:\/\/www.youtube.com\/channel\/UChrGaLoIk_sh__ZEoCzBjxA\/featured\"]}]}<\/script>\n<!-- \/ Yoast SEO plugin. -->","yoast_head_json":{"title":"Serious Games - ISQe","description":"O recurso a Serious Games \u00e9 uma das apostas do ISQe, possibilitando uma experi\u00eancia de aprendizagem educacional, digital, envolvente e focada","robots":{"index":"index","follow":"follow","max-snippet":"max-snippet:-1","max-image-preview":"max-image-preview:large","max-video-preview":"max-video-preview:-1"},"canonical":"https:\/\/www.isqe.com\/es\/serious-games\/","og_locale":"es_ES","og_type":"article","og_title":"Forma\u00e7\u00e3o com Serious Games para empresas - ISQe","og_description":"O recurso a Serious Games \u00e9 uma das apostas do ISQe, possibilitando uma experi\u00eancia de aprendizagem educacional, digital, envolvente e focada","og_url":"https:\/\/www.isqe.com\/es\/serious-games\/","og_site_name":"ISQe","article_publisher":"https:\/\/www.facebook.com\/ISQe.Engaging.People","article_modified_time":"2023-03-01T17:50:30+00:00","og_image":[{"width":1200,"height":500,"url":"https:\/\/www.isqe.com\/wp-content\/uploads\/2022\/08\/SeriousGames_ISQe.jpg","type":"image\/jpeg"}],"twitter_card":"summary_large_image","twitter_title":"Forma\u00e7\u00e3o com Serious Games para empresas - ISQe","twitter_image":"https:\/\/www.isqe.com\/wp-content\/uploads\/2022\/08\/SeriousGames_ISQe.jpg","twitter_misc":{"Tiempo de lectura":"3 minutos"},"schema":{"@context":"https:\/\/schema.org","@graph":[{"@type":"WebPage","@id":"https:\/\/www.isqe.com\/serious-games\/","url":"https:\/\/www.isqe.com\/serious-games\/","name":"Serious Games - ISQe","isPartOf":{"@id":"https:\/\/www.isqe.com\/#website"},"primaryImageOfPage":{"@id":"https:\/\/www.isqe.com\/serious-games\/#primaryimage"},"image":{"@id":"https:\/\/www.isqe.com\/serious-games\/#primaryimage"},"thumbnailUrl":"https:\/\/www.isqe.com\/wp-content\/uploads\/2022\/08\/SeriousGames_ISQe.jpg","datePublished":"2022-09-02T16:58:15+00:00","dateModified":"2023-03-01T17:50:30+00:00","description":"O recurso a Serious Games \u00e9 uma das apostas do ISQe, possibilitando uma experi\u00eancia de aprendizagem educacional, digital, envolvente e focada","breadcrumb":{"@id":"https:\/\/www.isqe.com\/serious-games\/#breadcrumb"},"inLanguage":"es","potentialAction":[{"@type":"ReadAction","target":["https:\/\/www.isqe.com\/serious-games\/"]}]},{"@type":"ImageObject","inLanguage":"es","@id":"https:\/\/www.isqe.com\/serious-games\/#primaryimage","url":"https:\/\/www.isqe.com\/wp-content\/uploads\/2022\/08\/SeriousGames_ISQe.jpg","contentUrl":"https:\/\/www.isqe.com\/wp-content\/uploads\/2022\/08\/SeriousGames_ISQe.jpg","width":1200,"height":500,"caption":"ISQe digital learning"},{"@type":"BreadcrumbList","@id":"https:\/\/www.isqe.com\/serious-games\/#breadcrumb","itemListElement":[{"@type":"ListItem","position":1,"name":"In\u00edcio","item":"https:\/\/www.isqe.com\/"},{"@type":"ListItem","position":2,"name":"Serious Games"}]},{"@type":"WebSite","@id":"https:\/\/www.isqe.com\/#website","url":"https:\/\/www.isqe.com\/","name":"ISQe","description":"Engaging People","publisher":{"@id":"https:\/\/www.isqe.com\/#organization"},"potentialAction":[{"@type":"SearchAction","target":{"@type":"EntryPoint","urlTemplate":"https:\/\/www.isqe.com\/?s={search_term_string}"},"query-input":{"@type":"PropertyValueSpecification","valueRequired":true,"valueName":"search_term_string"}}],"inLanguage":"es"},{"@type":"Organization","@id":"https:\/\/www.isqe.com\/#organization","name":"ISQe","url":"https:\/\/www.isqe.com\/","logo":{"@type":"ImageObject","inLanguage":"es","@id":"https:\/\/www.isqe.com\/#\/schema\/logo\/image\/","url":"https:\/\/www.isqe.com\/wp-content\/uploads\/2022\/01\/ISQe-logotipo-web.png","contentUrl":"https:\/\/www.isqe.com\/wp-content\/uploads\/2022\/01\/ISQe-logotipo-web.png","width":842,"height":596,"caption":"ISQe"},"image":{"@id":"https:\/\/www.isqe.com\/#\/schema\/logo\/image\/"},"sameAs":["https:\/\/www.facebook.com\/ISQe.Engaging.People","https:\/\/www.instagram.com\/isqe.engage.people\/","https:\/\/pt.linkedin.com\/company\/isqe","https:\/\/www.youtube.com\/channel\/UChrGaLoIk_sh__ZEoCzBjxA\/featured"]}]}},"_links":{"self":[{"href":"https:\/\/www.isqe.com\/es\/wp-json\/wp\/v2\/pages\/17723","targetHints":{"allow":["GET"]}}],"collection":[{"href":"https:\/\/www.isqe.com\/es\/wp-json\/wp\/v2\/pages"}],"about":[{"href":"https:\/\/www.isqe.com\/es\/wp-json\/wp\/v2\/types\/page"}],"author":[{"embeddable":true,"href":"https:\/\/www.isqe.com\/es\/wp-json\/wp\/v2\/users\/7"}],"replies":[{"embeddable":true,"href":"https:\/\/www.isqe.com\/es\/wp-json\/wp\/v2\/comments?post=17723"}],"version-history":[{"count":69,"href":"https:\/\/www.isqe.com\/es\/wp-json\/wp\/v2\/pages\/17723\/revisions"}],"predecessor-version":[{"id":18182,"href":"https:\/\/www.isqe.com\/es\/wp-json\/wp\/v2\/pages\/17723\/revisions\/18182"}],"wp:featuredmedia":[{"embeddable":true,"href":"https:\/\/www.isqe.com\/es\/wp-json\/wp\/v2\/media\/17714"}],"wp:attachment":[{"href":"https:\/\/www.isqe.com\/es\/wp-json\/wp\/v2\/media?parent=17723"}],"curies":[{"name":"wp","href":"https:\/\/api.w.org\/{rel}","templated":true}]}}