{"id":16985,"date":"2022-04-17T08:58:04","date_gmt":"2022-04-17T08:58:04","guid":{"rendered":"https:\/\/www.isqe.com\/?page_id=16985"},"modified":"2022-08-03T10:26:20","modified_gmt":"2022-08-03T10:26:20","slug":"workinoffice-isqe","status":"publish","type":"page","link":"https:\/\/www.isqe.com\/es\/workinoffice-isqe\/","title":{"rendered":"WorkinOffice"},"content":{"rendered":"<div class=\"wpb-content-wrapper\"><div id=\"about\"  data-q_id=\"#about\"    class=\"vc_row wpb_row section vc_row-fluid  vc_custom_1645093743670 grid_section\" style='background-color:#ffffff; padding-top:200px; padding-bottom:200px; text-align:left;'><div class=\"section_inner clearfix\"><div class='section_inner_margin clearfix'><div class=\"wpb_column vc_column_container vc_col-sm-12\"><div class=\"vc_column-inner\"><div class=\"wpb_wrapper\"><div      class=\"vc_row wpb_row section vc_row-fluid vc_inner\" style=' text-align:left;'><div class=\"full_section_inner clearfix\"><div class=\"wpb_column vc_column_container vc_col-sm-6\"><div class=\"vc_column-inner\"><div class=\"wpb_wrapper\">\n\t<div class=\"wpb_single_image wpb_content_element vc_align_left\">\n\t\t<div class=\"wpb_wrapper\">\n\t\t\t\n\t\t\t<div class=\"vc_single_image-wrapper   vc_box_border_grey\"><img loading=\"lazy\" decoding=\"async\" width=\"119\" height=\"63\" src=\"https:\/\/www.isqe.com\/wp-content\/uploads\/2022\/02\/Work-in-office.png\" class=\"vc_single_image-img attachment-medium\" alt=\"\" title=\"Work-in-office\" srcset=\"https:\/\/www.isqe.com\/wp-content\/uploads\/2022\/02\/Work-in-office.png 119w, https:\/\/www.isqe.com\/wp-content\/uploads\/2022\/02\/Work-in-office-18x10.png 18w\" sizes=\"auto, (max-width: 119px) 100vw, 119px\" \/><\/div>\n\t\t<\/div>\n\t<\/div>\n<div class=\"separator  transparent\" style=\"margin-top: 50px;margin-bottom: 0px;\"><\/div>\n\t<div class=\"wpb_text_column wpb_content_element\">\n\t\t<div class=\"wpb_wrapper\">\n\t\t\t<p style=\"font-size: 20px; line-height: 1.5em;\"><span style=\"color: #ff6600;\"><em><strong>WorkinOffice<\/strong><\/em><\/span> \u00e9 uma solu\u00e7\u00e3o tecnol\u00f3gica de suporte \u00e0 gest\u00e3o de presen\u00e7as no local de trabalho. Permite ao colaborador reservar um posto de trabalho no dia pretendido em que ir\u00e1 deslocar-se ao escrit\u00f3rio da sua empresa.<\/p>\n<p>&nbsp;<\/p>\n<p style=\"font-size: 20px; line-height: 1.5em;\">\u00c9 uma solu\u00e7\u00e3o de presente e futuro que responde \u00e0s necessidades da gest\u00e3o empresarial moderna assente num modelo hibrido, em que a assiduidade se divide entre presencial e remota.<\/p>\n<p>&nbsp;<\/p>\n<p style=\"font-size: 20px; line-height: 1.5em;\">Los factores distintivos de <em><strong><span style=\"color: #ff6600;\">WorkinOffice<\/span> <\/strong><\/em>a capacidade de permitir gerir os pedidos de desloca\u00e7\u00e3o ao local de trabalho, mapear as salas onde est\u00e3o os colaboradores ou controlar eficazmente a capacidade do escrit\u00f3rio.<\/p>\n\n\t\t<\/div>\n\t<\/div><div class=\"separator  transparent\" style=\"margin-top: 93px;margin-bottom: 0px;\"><\/div><\/div><\/div><\/div><div class=\"wpb_column vc_column_container vc_col-sm-6\"><div class=\"vc_column-inner\"><div class=\"wpb_wrapper\"><\/div><\/div><\/div><\/div><\/div><\/div><\/div><\/div><\/div><\/div><\/div><div id=\"help\"  data-q_id=\"#about\"    class=\"vc_row wpb_row section vc_row-fluid  vc_custom_1649686586596 grid_section\" style='background-color:#ffffff; padding-top:200px; padding-bottom:200px; text-align:left;'><div class=\"section_inner clearfix\"><div class='section_inner_margin clearfix'><div class=\"wpb_column vc_column_container vc_col-sm-12\"><div class=\"vc_column-inner\"><div class=\"wpb_wrapper\"><div      class=\"vc_row wpb_row section vc_row-fluid vc_inner\" style=' text-align:left;'><div class=\"full_section_inner clearfix\"><div class=\"wpb_column vc_column_container vc_col-sm-6\"><div class=\"vc_column-inner\"><div class=\"wpb_wrapper\">\n\t<div class=\"wpb_text_column wpb_content_element\">\n\t\t<div class=\"wpb_wrapper\">\n\t\t\t\n\t\t<\/div>\n\t<\/div>\n\t<div class=\"wpb_text_column wpb_content_element\">\n\t\t<div class=\"wpb_wrapper\">\n\t\t\t<p>&nbsp;<\/p>\n\n\t\t<\/div>\n\t<\/div>\n\t<div class=\"wpb_single_image wpb_content_element vc_align_left\">\n\t\t<div class=\"wpb_wrapper\">\n\t\t\t\n\t\t\t<div class=\"vc_single_image-wrapper   vc_box_border_grey\"><img loading=\"lazy\" decoding=\"async\" width=\"2000\" height=\"1200\" src=\"https:\/\/www.isqe.com\/wp-content\/uploads\/2022\/05\/1-1.png\" class=\"vc_single_image-img attachment-full\" alt=\"\" title=\"1\" srcset=\"https:\/\/www.isqe.com\/wp-content\/uploads\/2022\/05\/1-1.png 2000w, https:\/\/www.isqe.com\/wp-content\/uploads\/2022\/05\/1-1-300x180.png 300w, https:\/\/www.isqe.com\/wp-content\/uploads\/2022\/05\/1-1-1024x614.png 1024w, https:\/\/www.isqe.com\/wp-content\/uploads\/2022\/05\/1-1-768x461.png 768w, https:\/\/www.isqe.com\/wp-content\/uploads\/2022\/05\/1-1-1536x922.png 1536w, https:\/\/www.isqe.com\/wp-content\/uploads\/2022\/05\/1-1-18x12.png 18w, https:\/\/www.isqe.com\/wp-content\/uploads\/2022\/05\/1-1-700x420.png 700w\" sizes=\"auto, (max-width: 2000px) 100vw, 2000px\" \/><\/div>\n\t\t<\/div>\n\t<\/div>\n<div class=\"separator  transparent\" style=\"\"><\/div>\n\t<div class=\"wpb_text_column wpb_content_element\">\n\t\t<div class=\"wpb_wrapper\">\n\t\t\t<p>&nbsp;<\/p>\n\n\t\t<\/div>\n\t<\/div><div class=\"separator  transparent\" style=\"\"><\/div>\n\t<div class=\"wpb_single_image wpb_content_element vc_align_left\">\n\t\t<div class=\"wpb_wrapper\">\n\t\t\t\n\t\t\t<div class=\"vc_single_image-wrapper   vc_box_border_grey\"><img loading=\"lazy\" decoding=\"async\" width=\"2000\" height=\"1200\" src=\"https:\/\/www.isqe.com\/wp-content\/uploads\/2022\/05\/2.png\" class=\"vc_single_image-img attachment-full\" alt=\"\" title=\"2\" srcset=\"https:\/\/www.isqe.com\/wp-content\/uploads\/2022\/05\/2.png 2000w, https:\/\/www.isqe.com\/wp-content\/uploads\/2022\/05\/2-300x180.png 300w, https:\/\/www.isqe.com\/wp-content\/uploads\/2022\/05\/2-1024x614.png 1024w, https:\/\/www.isqe.com\/wp-content\/uploads\/2022\/05\/2-768x461.png 768w, https:\/\/www.isqe.com\/wp-content\/uploads\/2022\/05\/2-1536x922.png 1536w, https:\/\/www.isqe.com\/wp-content\/uploads\/2022\/05\/2-18x12.png 18w, https:\/\/www.isqe.com\/wp-content\/uploads\/2022\/05\/2-700x420.png 700w\" sizes=\"auto, (max-width: 2000px) 100vw, 2000px\" \/><\/div>\n\t\t<\/div>\n\t<\/div>\n<\/div><\/div><\/div><div class=\"wpb_column vc_column_container vc_col-sm-6\"><div class=\"vc_column-inner\"><div class=\"wpb_wrapper\">\n\t<div class=\"wpb_text_column wpb_content_element\">\n\t\t<div class=\"wpb_wrapper\">\n\t\t\t<p style=\"text-align: left;\"><strong><span style=\"text-align: left; color: #9d0a0e; font-size: 70px; letter-spacing: -4px; line-height: 0.9em; font-weight: 900;\">Funciones<\/span><\/strong><\/p>\n\n\t\t<\/div>\n\t<\/div><div class=\"separator  transparent\" style=\"margin-top: 40px;\"><\/div>\n\t<div class=\"wpb_text_column wpb_content_element\">\n\t\t<div class=\"wpb_wrapper\">\n\t\t\t<p>Produto de nova gera\u00e7\u00e3o em cloud que se integra com qualquer plataforma de gest\u00e3o de recursos humanos.<\/p>\n\n\t\t<\/div>\n\t<\/div><div class=\"separator  transparent\" style=\"margin-top: 40px;\"><\/div>\n\t<div class=\"wpb_text_column wpb_content_element\">\n\t\t<div class=\"wpb_wrapper\">\n\t\t\t<p>Permite efetuar reserva e gest\u00e3o de postos de trabalho, reserva de salas de reuni\u00e3o ou qualquer outro espa\u00e7o f\u00edsico.<\/p>\n\n\t\t<\/div>\n\t<\/div><div class=\"separator  transparent\" style=\"margin-top: 40px;\"><\/div>\n\t<div class=\"wpb_text_column wpb_content_element\">\n\t\t<div class=\"wpb_wrapper\">\n\t\t\t<p>Permite programar a higieniza\u00e7\u00e3o dos postos de trabalho e criar rastreamento de contatos numa eventual situa\u00e7\u00e3o de pandemia.<\/p>\n\n\t\t<\/div>\n\t<\/div><div class=\"separator  transparent\" style=\"margin-top: 40px;margin-bottom: 0px;\"><\/div>\n\t<div class=\"wpb_text_column wpb_content_element\">\n\t\t<div class=\"wpb_wrapper\">\n\t\t\t<p>Oferece a flexibilidade e a escolha de quando trabalhar no escrit\u00f3rio ou em casa.<\/p>\n\n\t\t<\/div>\n\t<\/div><div class=\"separator  transparent\" style=\"margin-top: 40px;margin-bottom: 0px;\"><\/div>\n\t<div class=\"wpb_text_column wpb_content_element\">\n\t\t<div class=\"wpb_wrapper\">\n\t\t\t<p>Reduz os desafios relacionados com desloca\u00e7\u00f5es.<\/p>\n\n\t\t<\/div>\n\t<\/div><div class=\"separator  transparent\" style=\"margin-top: 40px;margin-bottom: 0px;\"><\/div>\n\t<div class=\"wpb_text_column wpb_content_element\">\n\t\t<div class=\"wpb_wrapper\">\n\t\t\t<p>Facilita o regresso dos colaboradores ao ambiente de trabalho.<\/p>\n\n\t\t<\/div>\n\t<\/div><div class=\"separator  transparent\" style=\"margin-top: 40px;margin-bottom: 0px;\"><\/div>\n\t<div class=\"wpb_text_column wpb_content_element\">\n\t\t<div class=\"wpb_wrapper\">\n\t\t\t<p>O acesso ao WorkinOffice \u00e9 feito atrav\u00e9s de um dispositivo m\u00f3vel ou um browser.<\/p>\n\n\t\t<\/div>\n\t<\/div><div class=\"separator  transparent\" style=\"margin-top: 40px;\"><\/div>\n\t<div class=\"wpb_text_column wpb_content_element\">\n\t\t<div class=\"wpb_wrapper\">\n\t\t\t<p>A vista virtual do escrit\u00f3rio \u00e9 disponibilizada num formato 2D ou 3D de forma a proporcionar uma experi\u00eancia mais interativa e apelativa aos colaboradores.<\/p>\n\n\t\t<\/div>\n\t<\/div><div class=\"separator  transparent\" style=\"margin-top: 40px;\"><\/div>\n\t<div class=\"wpb_text_column wpb_content_element\">\n\t\t<div class=\"wpb_wrapper\">\n\t\t\t<p>Permite recolher um conjunto alargado de indicadores que contribuem para uma melhor tomada de decis\u00f5es em investimento de espa\u00e7os e recursos.<\/p>\n\n\t\t<\/div>\n\t<\/div><\/div><\/div><\/div><\/div><\/div><\/div><\/div><\/div><\/div><\/div><\/div><div      class=\"vc_row wpb_row section vc_row-fluid\" style=' text-align:left;'><div class=\"full_section_inner clearfix\"><div class=\"wpb_column vc_column_container vc_col-sm-12\"><div class=\"vc_column-inner\"><div class=\"wpb_wrapper\">\n\t<div class=\"wpb_text_column wpb_content_element\">\n\t\t<div class=\"wpb_wrapper\">\n\t\t\t<h1 style=\"text-align: center;\"><strong>Solicitud de informaci\u00f3n<\/strong><\/h1>\n\n\t\t<\/div>\n\t<\/div><div      class=\"vc_row wpb_row section vc_row-fluid vc_inner\" style=' text-align:left;'><div class=\"full_section_inner clearfix\"><div class=\"wpb_column vc_column_container vc_col-sm-3\"><div class=\"vc_column-inner\"><div class=\"wpb_wrapper\"><\/div><\/div><\/div><div class=\"wpb_column vc_column_container vc_col-sm-6\"><div class=\"vc_column-inner\"><div class=\"wpb_wrapper\">\n<div class=\"wpcf7 no-js\" id=\"wpcf7-f17129-o1\" lang=\"pt-PT\" dir=\"ltr\" data-wpcf7-id=\"17129\">\n<div class=\"screen-reader-response\"><p role=\"status\" aria-live=\"polite\" aria-atomic=\"true\"><\/p> <ul><\/ul><\/div>\n<form action=\"\/es\/wp-json\/wp\/v2\/pages\/16985#wpcf7-f17129-o1\" method=\"post\" class=\"wpcf7-form init default\" aria-label=\"Formul\u00e1rio de contacto\" novalidate=\"novalidate\" data-status=\"init\" data-trp-original-action=\"\/es\/wp-json\/wp\/v2\/pages\/16985#wpcf7-f17129-o1\">\n<fieldset class=\"hidden-fields-container\"><input type=\"hidden\" name=\"_wpcf7\" value=\"17129\" \/><input type=\"hidden\" name=\"_wpcf7_version\" value=\"6.1.4\" \/><input type=\"hidden\" name=\"_wpcf7_locale\" value=\"pt_PT\" \/><input type=\"hidden\" name=\"_wpcf7_unit_tag\" value=\"wpcf7-f17129-o1\" \/><input type=\"hidden\" name=\"_wpcf7_container_post\" value=\"0\" \/><input type=\"hidden\" name=\"_wpcf7_posted_data_hash\" value=\"\" \/>\n<\/fieldset>\n<p><label> Nombre:<br \/>\n<span class=\"wpcf7-form-control-wrap\" data-name=\"your-name\"><input size=\"40\" maxlength=\"400\" class=\"wpcf7-form-control wpcf7-text wpcf7-validates-as-required\" aria-required=\"true\" aria-invalid=\"false\" value=\"\" type=\"text\" name=\"your-name\" \/><\/span> <\/label>\n<\/p>\n<p><label> Apellido:<br \/>\n<span class=\"wpcf7-form-control-wrap\" data-name=\"your-surname\"><input size=\"40\" maxlength=\"400\" class=\"wpcf7-form-control wpcf7-text wpcf7-validates-as-required\" aria-required=\"true\" aria-invalid=\"false\" value=\"\" type=\"text\" name=\"your-surname\" \/><\/span> <\/label>\n<\/p>\n<p><label> Correo electr\u00f3nico:<br \/>\n<span class=\"wpcf7-form-control-wrap\" data-name=\"your-email\"><input size=\"40\" maxlength=\"400\" class=\"wpcf7-form-control wpcf7-email wpcf7-validates-as-required wpcf7-text wpcf7-validates-as-email\" aria-required=\"true\" aria-invalid=\"false\" value=\"\" type=\"email\" name=\"your-email\" \/><\/span> <\/label>\n<\/p>\n<p><label> Tel\u00e9fono:<br \/>\n<span class=\"wpcf7-form-control-wrap\" data-name=\"tel-20\"><input size=\"40\" maxlength=\"400\" class=\"wpcf7-form-control wpcf7-tel wpcf7-validates-as-required wpcf7-text wpcf7-validates-as-tel\" aria-required=\"true\" aria-invalid=\"false\" value=\"\" type=\"tel\" name=\"tel-20\" \/><\/span> <\/label>\n<\/p>\n<p><label> Empresa:<br \/>\n<span class=\"wpcf7-form-control-wrap\" data-name=\"text-219\"><input size=\"40\" maxlength=\"400\" class=\"wpcf7-form-control wpcf7-text\" aria-invalid=\"false\" value=\"\" type=\"text\" name=\"text-219\" \/><\/span> <\/label>\n<\/p>\n<p><label> Asunto (opcional)<br \/>\n<span class=\"wpcf7-form-control-wrap\" data-name=\"your-subject\"><input size=\"40\" maxlength=\"400\" class=\"wpcf7-form-control wpcf7-text\" aria-invalid=\"false\" value=\"\" type=\"text\" name=\"your-subject\" \/><\/span> <\/label>\n<\/p>\n<p><label> Mensaje (opcional)<br \/>\n<span class=\"wpcf7-form-control-wrap\" data-name=\"your-message\"><textarea cols=\"40\" rows=\"10\" maxlength=\"2000\" class=\"wpcf7-form-control wpcf7-textarea\" aria-invalid=\"false\" name=\"your-message\"><\/textarea><\/span> <\/label>\n<\/p>\n<p><span class=\"wpcf7-form-control-wrap\" data-name=\"acceptance-756\"><span class=\"wpcf7-form-control wpcf7-acceptance\"><span class=\"wpcf7-list-item\"><label><input type=\"checkbox\" name=\"acceptance-756\" value=\"1\" aria-invalid=\"false\" \/><span class=\"wpcf7-list-item-label\">Autorizo a ISQe a almacenar y tratar mis datos personales.<\/span><\/label><\/span><\/span><\/span>\n<\/p>\n<p><span class=\"wpcf7-form-control-wrap\" data-name=\"acceptance-59\"><span class=\"wpcf7-form-control wpcf7-acceptance optional\"><span class=\"wpcf7-list-item\"><label><input type=\"checkbox\" name=\"acceptance-59\" value=\"1\" aria-invalid=\"false\" \/><span class=\"wpcf7-list-item-label\">Acepto recibir informaci\u00f3n comercial, noticias e invitaciones para eventos de ISQe.<\/span><\/label><\/span><\/span><\/span>\n<\/p>\n<p>.\n<\/p>\n<p><input class=\"wpcf7-form-control wpcf7-submit has-spinner\" type=\"submit\" value=\"Entregar\" \/>\n<\/p><div class=\"wpcf7-response-output\" aria-hidden=\"true\"><\/div>\n<input type=\"hidden\" name=\"trp-form-language\" value=\"es\"\/><\/form>\n<\/div>\n<\/div><\/div><\/div><div class=\"wpb_column vc_column_container vc_col-sm-3\"><div class=\"vc_column-inner\"><div class=\"wpb_wrapper\"><\/div><\/div><\/div><\/div><\/div><div      class=\"vc_row wpb_row section vc_row-fluid vc_inner\" style=' text-align:left;'><div class=\"full_section_inner clearfix\"><div class=\"wpb_column vc_column_container vc_col-sm-3\"><div class=\"vc_column-inner\"><div class=\"wpb_wrapper\">\n\t<div class=\"wpb_text_column wpb_content_element\">\n\t\t<div class=\"wpb_wrapper\">\n\t\t\t\n\t\t<\/div>\n\t<\/div><\/div><\/div><\/div><div class=\"wpb_column vc_column_container vc_col-sm-6\"><div class=\"vc_column-inner\"><div class=\"wpb_wrapper\">\n\t<div class=\"wpb_text_column wpb_content_element\">\n\t\t<div class=\"wpb_wrapper\">\n\t\t\t<p>Puede cambiar sus permisos de comunicaci\u00f3n en cualquier momento envi\u00e1ndonos un correo electr\u00f3nico con dicha indicaci\u00f3n a: <u><a href=\"mailto:infosec@isqe.com\">infosec@isqe.com<\/a><\/u><\/p>\n<p>&nbsp;<\/p>\n<p>Para obtener m\u00e1s informaci\u00f3n sobre nuestra pol\u00edtica de privacidad y seguridad de la informaci\u00f3n, consulte aqu\u00ed nuestra Pol\u00edtica de privacidad. <a href=\"https:\/\/www.isqe.com\/es\/politica-privacidade\/\">aqui<\/a> a nossa Pol\u00edtica de Privacidade.<\/p>\n\n\t\t<\/div>\n\t<\/div><div class=\"separator  transparent\" style=\"margin-top: 120px;\"><\/div><\/div><\/div><\/div><div class=\"wpb_column vc_column_container vc_col-sm-3\"><div class=\"vc_column-inner\"><div class=\"wpb_wrapper\"><\/div><\/div><\/div><\/div><\/div><\/div><\/div><\/div><\/div><\/div><div      class=\"vc_row wpb_row section vc_row-fluid\" style=' text-align:left;'><div class=\"full_section_inner clearfix\"><div class=\"wpb_column vc_column_container vc_col-sm-12\"><div class=\"vc_column-inner\"><div class=\"wpb_wrapper\">\n\t<div class=\"wpb_text_column wpb_content_element\">\n\t\t<div class=\"wpb_wrapper\">\n\t\t\t\n\t\t<\/div>\n\t<\/div><\/div><\/div><\/div><\/div><\/div>\n<\/div>","protected":false},"excerpt":{"rendered":"WorkinOffice \u00e9 uma solu\u00e7\u00e3o tecnol\u00f3gica de suporte \u00e0 gest\u00e3o de presen\u00e7as no local de trabalho. Permite ao colaborador reservar um posto de trabalho no dia pretendido em que ir\u00e1 deslocar-se ao escrit\u00f3rio da sua empresa. &nbsp; \u00c9 uma solu\u00e7\u00e3o de presente e futuro que responde...","protected":false},"author":3,"featured_media":16986,"parent":0,"menu_order":0,"comment_status":"open","ping_status":"open","template":"full_width.php","meta":{"_monsterinsights_skip_tracking":false,"_monsterinsights_sitenote_active":false,"_monsterinsights_sitenote_note":"","_monsterinsights_sitenote_category":0,"footnotes":""},"class_list":["post-16985","page","type-page","status-publish","has-post-thumbnail","hentry"],"yoast_head":"<!-- This site is optimized with the Yoast SEO plugin v26.6 - https:\/\/yoast.com\/wordpress\/plugins\/seo\/ -->\n<title>WorkinOffice - ISQe<\/title>\n<meta name=\"description\" content=\"A tecnologia tornou-se a mais poderosa aliada do neg\u00f3cio empresarial, transformando todos os processos em digitais.\" \/>\n<meta name=\"robots\" content=\"index, follow, max-snippet:-1, max-image-preview:large, max-video-preview:-1\" \/>\n<link rel=\"canonical\" href=\"https:\/\/www.isqe.com\/es\/workinoffice-isqe\/\" \/>\n<meta property=\"og:locale\" content=\"es_ES\" \/>\n<meta property=\"og:type\" content=\"article\" \/>\n<meta property=\"og:title\" content=\"WorkinOffice_ISQe\" \/>\n<meta property=\"og:description\" content=\"A tecnologia tornou-se a mais poderosa aliada do neg\u00f3cio empresarial, transformando todos os processos em digitais.\" \/>\n<meta property=\"og:url\" content=\"https:\/\/www.isqe.com\/es\/workinoffice-isqe\/\" \/>\n<meta property=\"og:site_name\" content=\"ISQe\" \/>\n<meta property=\"article:publisher\" content=\"https:\/\/www.facebook.com\/ISQe.Engaging.People\" \/>\n<meta property=\"article:modified_time\" content=\"2022-08-03T10:26:20+00:00\" \/>\n<meta property=\"og:image\" content=\"https:\/\/www.isqe.com\/wp-content\/uploads\/2022\/02\/work-in-office-isqe-banner_1.jpg\" \/>\n\t<meta property=\"og:image:width\" content=\"1920\" \/>\n\t<meta property=\"og:image:height\" content=\"850\" \/>\n\t<meta property=\"og:image:type\" content=\"image\/jpeg\" \/>\n<meta name=\"twitter:card\" content=\"summary_large_image\" \/>\n<meta name=\"twitter:title\" content=\"WorkinOffice_ISQe\" \/>\n<meta name=\"twitter:image\" content=\"https:\/\/www.isqe.com\/wp-content\/uploads\/2022\/02\/work-in-office-isqe-banner_1.jpg\" \/>\n<meta name=\"twitter:label1\" content=\"Tiempo de lectura\" \/>\n\t<meta name=\"twitter:data1\" content=\"3 minutos\" \/>\n<script type=\"application\/ld+json\" class=\"yoast-schema-graph\">{\"@context\":\"https:\/\/schema.org\",\"@graph\":[{\"@type\":\"WebPage\",\"@id\":\"https:\/\/www.isqe.com\/workinoffice-isqe\/\",\"url\":\"https:\/\/www.isqe.com\/workinoffice-isqe\/\",\"name\":\"WorkinOffice - ISQe\",\"isPartOf\":{\"@id\":\"https:\/\/www.isqe.com\/#website\"},\"primaryImageOfPage\":{\"@id\":\"https:\/\/www.isqe.com\/workinoffice-isqe\/#primaryimage\"},\"image\":{\"@id\":\"https:\/\/www.isqe.com\/workinoffice-isqe\/#primaryimage\"},\"thumbnailUrl\":\"https:\/\/www.isqe.com\/wp-content\/uploads\/2022\/02\/work-in-office-isqe-banner_1.jpg\",\"datePublished\":\"2022-04-17T08:58:04+00:00\",\"dateModified\":\"2022-08-03T10:26:20+00:00\",\"description\":\"A tecnologia tornou-se a mais poderosa aliada do neg\u00f3cio empresarial, transformando todos os processos em digitais.\",\"breadcrumb\":{\"@id\":\"https:\/\/www.isqe.com\/workinoffice-isqe\/#breadcrumb\"},\"inLanguage\":\"es\",\"potentialAction\":[{\"@type\":\"ReadAction\",\"target\":[\"https:\/\/www.isqe.com\/workinoffice-isqe\/\"]}]},{\"@type\":\"ImageObject\",\"inLanguage\":\"es\",\"@id\":\"https:\/\/www.isqe.com\/workinoffice-isqe\/#primaryimage\",\"url\":\"https:\/\/www.isqe.com\/wp-content\/uploads\/2022\/02\/work-in-office-isqe-banner_1.jpg\",\"contentUrl\":\"https:\/\/www.isqe.com\/wp-content\/uploads\/2022\/02\/work-in-office-isqe-banner_1.jpg\",\"width\":1920,\"height\":850,\"caption\":\"Produto ISQe_WorkinOffice\"},{\"@type\":\"BreadcrumbList\",\"@id\":\"https:\/\/www.isqe.com\/workinoffice-isqe\/#breadcrumb\",\"itemListElement\":[{\"@type\":\"ListItem\",\"position\":1,\"name\":\"In\u00edcio\",\"item\":\"https:\/\/www.isqe.com\/\"},{\"@type\":\"ListItem\",\"position\":2,\"name\":\"WorkinOffice\"}]},{\"@type\":\"WebSite\",\"@id\":\"https:\/\/www.isqe.com\/#website\",\"url\":\"https:\/\/www.isqe.com\/\",\"name\":\"ISQe\",\"description\":\"Engaging People\",\"publisher\":{\"@id\":\"https:\/\/www.isqe.com\/#organization\"},\"potentialAction\":[{\"@type\":\"SearchAction\",\"target\":{\"@type\":\"EntryPoint\",\"urlTemplate\":\"https:\/\/www.isqe.com\/?s={search_term_string}\"},\"query-input\":{\"@type\":\"PropertyValueSpecification\",\"valueRequired\":true,\"valueName\":\"search_term_string\"}}],\"inLanguage\":\"es\"},{\"@type\":\"Organization\",\"@id\":\"https:\/\/www.isqe.com\/#organization\",\"name\":\"ISQe\",\"url\":\"https:\/\/www.isqe.com\/\",\"logo\":{\"@type\":\"ImageObject\",\"inLanguage\":\"es\",\"@id\":\"https:\/\/www.isqe.com\/#\/schema\/logo\/image\/\",\"url\":\"https:\/\/www.isqe.com\/wp-content\/uploads\/2022\/01\/ISQe-logotipo-web.png\",\"contentUrl\":\"https:\/\/www.isqe.com\/wp-content\/uploads\/2022\/01\/ISQe-logotipo-web.png\",\"width\":842,\"height\":596,\"caption\":\"ISQe\"},\"image\":{\"@id\":\"https:\/\/www.isqe.com\/#\/schema\/logo\/image\/\"},\"sameAs\":[\"https:\/\/www.facebook.com\/ISQe.Engaging.People\",\"https:\/\/www.instagram.com\/isqe.engage.people\/\",\"https:\/\/pt.linkedin.com\/company\/isqe\",\"https:\/\/www.youtube.com\/channel\/UChrGaLoIk_sh__ZEoCzBjxA\/featured\"]}]}<\/script>\n<!-- \/ Yoast SEO plugin. -->","yoast_head_json":{"title":"WorkinOffice - ISQe","description":"A tecnologia tornou-se a mais poderosa aliada do neg\u00f3cio empresarial, transformando todos os processos em digitais.","robots":{"index":"index","follow":"follow","max-snippet":"max-snippet:-1","max-image-preview":"max-image-preview:large","max-video-preview":"max-video-preview:-1"},"canonical":"https:\/\/www.isqe.com\/es\/workinoffice-isqe\/","og_locale":"es_ES","og_type":"article","og_title":"WorkinOffice_ISQe","og_description":"A tecnologia tornou-se a mais poderosa aliada do neg\u00f3cio empresarial, transformando todos os processos em digitais.","og_url":"https:\/\/www.isqe.com\/es\/workinoffice-isqe\/","og_site_name":"ISQe","article_publisher":"https:\/\/www.facebook.com\/ISQe.Engaging.People","article_modified_time":"2022-08-03T10:26:20+00:00","og_image":[{"width":1920,"height":850,"url":"https:\/\/www.isqe.com\/wp-content\/uploads\/2022\/02\/work-in-office-isqe-banner_1.jpg","type":"image\/jpeg"}],"twitter_card":"summary_large_image","twitter_title":"WorkinOffice_ISQe","twitter_image":"https:\/\/www.isqe.com\/wp-content\/uploads\/2022\/02\/work-in-office-isqe-banner_1.jpg","twitter_misc":{"Tiempo de lectura":"3 minutos"},"schema":{"@context":"https:\/\/schema.org","@graph":[{"@type":"WebPage","@id":"https:\/\/www.isqe.com\/workinoffice-isqe\/","url":"https:\/\/www.isqe.com\/workinoffice-isqe\/","name":"WorkinOffice - ISQe","isPartOf":{"@id":"https:\/\/www.isqe.com\/#website"},"primaryImageOfPage":{"@id":"https:\/\/www.isqe.com\/workinoffice-isqe\/#primaryimage"},"image":{"@id":"https:\/\/www.isqe.com\/workinoffice-isqe\/#primaryimage"},"thumbnailUrl":"https:\/\/www.isqe.com\/wp-content\/uploads\/2022\/02\/work-in-office-isqe-banner_1.jpg","datePublished":"2022-04-17T08:58:04+00:00","dateModified":"2022-08-03T10:26:20+00:00","description":"A tecnologia tornou-se a mais poderosa aliada do neg\u00f3cio empresarial, transformando todos os processos em digitais.","breadcrumb":{"@id":"https:\/\/www.isqe.com\/workinoffice-isqe\/#breadcrumb"},"inLanguage":"es","potentialAction":[{"@type":"ReadAction","target":["https:\/\/www.isqe.com\/workinoffice-isqe\/"]}]},{"@type":"ImageObject","inLanguage":"es","@id":"https:\/\/www.isqe.com\/workinoffice-isqe\/#primaryimage","url":"https:\/\/www.isqe.com\/wp-content\/uploads\/2022\/02\/work-in-office-isqe-banner_1.jpg","contentUrl":"https:\/\/www.isqe.com\/wp-content\/uploads\/2022\/02\/work-in-office-isqe-banner_1.jpg","width":1920,"height":850,"caption":"Produto ISQe_WorkinOffice"},{"@type":"BreadcrumbList","@id":"https:\/\/www.isqe.com\/workinoffice-isqe\/#breadcrumb","itemListElement":[{"@type":"ListItem","position":1,"name":"In\u00edcio","item":"https:\/\/www.isqe.com\/"},{"@type":"ListItem","position":2,"name":"WorkinOffice"}]},{"@type":"WebSite","@id":"https:\/\/www.isqe.com\/#website","url":"https:\/\/www.isqe.com\/","name":"ISQe","description":"Engaging People","publisher":{"@id":"https:\/\/www.isqe.com\/#organization"},"potentialAction":[{"@type":"SearchAction","target":{"@type":"EntryPoint","urlTemplate":"https:\/\/www.isqe.com\/?s={search_term_string}"},"query-input":{"@type":"PropertyValueSpecification","valueRequired":true,"valueName":"search_term_string"}}],"inLanguage":"es"},{"@type":"Organization","@id":"https:\/\/www.isqe.com\/#organization","name":"ISQe","url":"https:\/\/www.isqe.com\/","logo":{"@type":"ImageObject","inLanguage":"es","@id":"https:\/\/www.isqe.com\/#\/schema\/logo\/image\/","url":"https:\/\/www.isqe.com\/wp-content\/uploads\/2022\/01\/ISQe-logotipo-web.png","contentUrl":"https:\/\/www.isqe.com\/wp-content\/uploads\/2022\/01\/ISQe-logotipo-web.png","width":842,"height":596,"caption":"ISQe"},"image":{"@id":"https:\/\/www.isqe.com\/#\/schema\/logo\/image\/"},"sameAs":["https:\/\/www.facebook.com\/ISQe.Engaging.People","https:\/\/www.instagram.com\/isqe.engage.people\/","https:\/\/pt.linkedin.com\/company\/isqe","https:\/\/www.youtube.com\/channel\/UChrGaLoIk_sh__ZEoCzBjxA\/featured"]}]}},"_links":{"self":[{"href":"https:\/\/www.isqe.com\/es\/wp-json\/wp\/v2\/pages\/16985","targetHints":{"allow":["GET"]}}],"collection":[{"href":"https:\/\/www.isqe.com\/es\/wp-json\/wp\/v2\/pages"}],"about":[{"href":"https:\/\/www.isqe.com\/es\/wp-json\/wp\/v2\/types\/page"}],"author":[{"embeddable":true,"href":"https:\/\/www.isqe.com\/es\/wp-json\/wp\/v2\/users\/3"}],"replies":[{"embeddable":true,"href":"https:\/\/www.isqe.com\/es\/wp-json\/wp\/v2\/comments?post=16985"}],"version-history":[{"count":43,"href":"https:\/\/www.isqe.com\/es\/wp-json\/wp\/v2\/pages\/16985\/revisions"}],"predecessor-version":[{"id":17622,"href":"https:\/\/www.isqe.com\/es\/wp-json\/wp\/v2\/pages\/16985\/revisions\/17622"}],"wp:featuredmedia":[{"embeddable":true,"href":"https:\/\/www.isqe.com\/es\/wp-json\/wp\/v2\/media\/16986"}],"wp:attachment":[{"href":"https:\/\/www.isqe.com\/es\/wp-json\/wp\/v2\/media?parent=16985"}],"curies":[{"name":"wp","href":"https:\/\/api.w.org\/{rel}","templated":true}]}}