{"id":15363,"date":"2021-12-29T16:37:46","date_gmt":"2021-12-29T16:37:46","guid":{"rendered":"https:\/\/www.isqe.com\/?page_id=15363"},"modified":"2022-06-09T20:09:01","modified_gmt":"2022-06-09T20:09:01","slug":"digital-business","status":"publish","type":"page","link":"https:\/\/www.isqe.com\/es\/digital-business\/","title":{"rendered":"Aplicaciones Empresariales"},"content":{"rendered":"<div class=\"wpb-content-wrapper\"><div class=\"vc_row wpb_row section vc_row-fluid  vc_custom_1641394844318\" style=' text-align:left;'><div class=\"full_section_inner clearfix\"><div class=\"wpb_column vc_column_container vc_col-sm-12\"><div class=\"vc_column-inner\"><div class=\"wpb_wrapper\"><div class='q_elements_holder two_columns eh_two_columns_66_33 responsive_mode_from_768' ><div class='q_elements_item' data-animation='no' data-item-class='q_elements_holder_custom_470370' style='background-image: url(https:\/\/www.isqe.com\/wp-content\/uploads\/2022\/01\/digital-business-ISQE.jpg);background-position: center;background-size: cover;'><div class='q_elements_item_inner'><div class='q_elements_item_content q_elements_holder_custom_470370'><\/div><\/div><\/div><div class='q_elements_item' data-animation='no' data-item-class='q_elements_holder_custom_126386' style='background-color:#ed1b34;'><div class='q_elements_item_inner'><div class='q_elements_item_content q_elements_holder_custom_126386' style='padding:20% 10% 20% 10%'>\n\t<div class=\"wpb_text_column wpb_content_element\">\n\t\t<div class=\"wpb_wrapper\">\n\t\t\t<h2 style=\"text-align: left;\"><span style=\"color: #fff; font-size: 74px; text-transform: lowercase; letter-spacing: -4px; line-height: 0.9em;\">Aplicaciones Empresariales<\/span><\/h2>\n\n\t\t<\/div>\n\t<\/div><div class=\"separator  small left\" style=\"margin-top: 12px;background-color: #9d0b0f;\"><\/div><div class=\"vc_empty_space\"  style=\"height: 100px\" >\n\t<span class=\"vc_empty_space_inner\">\n\t\t<span class=\"empty_space_image\"  ><\/span>\n\t<\/span>\n<\/div><\/div><\/div><\/div><\/div><\/div><\/div><\/div><\/div><\/div><div      class=\"vc_row wpb_row section vc_row-fluid  grid_section\" style='background-color:#ffffff; padding-top:87px; padding-bottom:0px; text-align:left;'><div class=\"section_inner clearfix\"><div class='section_inner_margin clearfix'><div class=\"wpb_column vc_column_container vc_col-sm-12\"><div class=\"vc_column-inner\"><div class=\"wpb_wrapper\">\n\t<div class=\"wpb_text_column wpb_content_element\">\n\t\t<div class=\"wpb_wrapper\">\n\t\t\t<div class=\"col-lg-12 col-sm-12 column\">\n<div class=\"ge-content ge-content-type-ckeditor\" data-ge-content-type=\"ckeditor\">\n<p class=\"p-subsubdetail\" align=\"center\"><strong>Transforme su empresa ahora. Las puertas del futuro est\u00e1n abiertas.<\/strong><\/p>\n<\/div>\n<\/div>\n\n\t\t<\/div>\n\t<\/div><div class=\"separator  transparent\" style=\"margin-top: 31px;margin-bottom: 19px;\"><\/div><div      class=\"vc_row wpb_row section vc_row-fluid vc_inner\" style=' text-align:left;'><div class=\"full_section_inner clearfix\"><div class=\"wpb_column vc_column_container vc_col-sm-12\"><div class=\"vc_column-inner\"><div class=\"wpb_wrapper\">\n\t<div class=\"wpb_text_column wpb_content_element\">\n\t\t<div class=\"wpb_wrapper\">\n\t\t\t<p>La tecnolog\u00eda se ha vuelto el aliado m\u00e1s poderoso de las empresas, ya que est\u00e1 transformando todos los procesos en digitales. Usarla como medio principal de relaci\u00f3n con los clientes ayuda a simplificar y aumentar el compromiso, la calidad del servicio y la retenci\u00f3n para obtener una relaci\u00f3n a largo plazo. Todas las empresas tienen que ser capaces de contactar con sus clientes y satisfacerlos a trav\u00e9s de experiencias basadas en software. Ese es el camino... \u00a1no se quede atr\u00e1s!<\/p>\n<p>&nbsp;<\/p>\n<p>&nbsp;<\/p>\n<h3 align=\"center\"><span style=\"color: #808080;\"><em>\u00ab... LAS TRANSFORMACIONES ACTUALES IMPLICAN FACTORES QUE MARCAN UNA NUEVA REVOLUCI\u00d3N: LA VELOCIDAD, EL ALCANCE Y EL IMPACTO EN LOS SISTEMAS\u00bb<\/em><\/span><\/h3>\n<p class=\"padding-top-20 padding-bottom-50\" align=\"center\">Foro Econ\u00f3mico Mundial<\/p>\n\n\t\t<\/div>\n\t<\/div><div class=\"separator  transparent\" style=\"margin-top: 93px;margin-bottom: 0px;\"><\/div><\/div><\/div><\/div><\/div><\/div><div      class=\"vc_row wpb_row section vc_row-fluid vc_inner\" style=' text-align:left;'><div class=\"full_section_inner clearfix\"><div class=\"wpb_column vc_column_container vc_col-sm-6\"><div class=\"vc_column-inner\"><div class=\"wpb_wrapper\">\n\t<div class=\"wpb_text_column wpb_content_element\">\n\t\t<div class=\"wpb_wrapper\">\n\t\t\t<p>Este cambio se ha podido realizar gracias a la tendencia hacia la automatizaci\u00f3n en esta nueva era que ha sido facilitada por el Internet de las cosas (IoT) y la inform\u00e1tica en la nube.<\/p>\n<p>&nbsp;<\/p>\n<p>Para transformar las empresas y permitir que los nuevos canales generen valor real, hay que replantearse las acciones e integrar lo digital en el centro del funcionamiento de las empresas, para convertirlo en parte de su ADN. Para lograr esto es muy importante estar atento y saber interactuar a la perfecci\u00f3n con los motores de la transformaci\u00f3n. Y, sobre todo, actuar con rapidez. Las empresas necesitan transformarse ya.<\/p>\n\n\t\t<\/div>\n\t<\/div><div class=\"separator  transparent\" style=\"margin-top: 93px;margin-bottom: 0px;\"><\/div><\/div><\/div><\/div><div class=\"wpb_column vc_column_container vc_col-sm-6\"><div class=\"vc_column-inner\"><div class=\"wpb_wrapper\">\n\t<div class=\"wpb_text_column wpb_content_element\">\n\t\t<div class=\"wpb_wrapper\">\n\t\t\t<p class=\"p-detail\">La econom\u00eda digital exige replantearse el papel del software en la organizaci\u00f3n. Las empresas se convierten en un negocio de software, sea cual sea el modelo de ingresos, pero, al igual que la propia transformaci\u00f3n digital en s\u00ed, las personas son el centro de toda la operaci\u00f3n. Esto significa compartir constantemente los conocimientos con el equipo e invertir en la formaci\u00f3n de los empleados.<\/p>\n<p>&nbsp;<\/p>\n<p class=\"p-detail\"><strong>En ISQe construimos soluciones de software a trav\u00e9s de metodolog\u00edas de desarrollo \u00e1giles, integramos DevOps en nuestra cultura y usamos las API para impulsar la eficiencia y aprovechar la innovaci\u00f3n con un enfoque en la calidad de la Experiencia de Usuario.<\/strong><\/p>\n\n\t\t<\/div>\n\t<\/div><div class=\"separator  transparent\" style=\"margin-top: 93px;margin-bottom: 0px;\"><\/div><\/div><\/div><\/div><\/div><\/div><\/div><\/div><\/div><\/div><\/div><\/div><div      class=\"vc_row wpb_row section vc_row-fluid  grid_section\" style='background-color:#ffffff; padding-top:87px; padding-bottom:0px; text-align:center;'><div class=\"section_inner clearfix\"><div class='section_inner_margin clearfix'><div class=\"wpb_column vc_column_container vc_col-sm-12\"><div class=\"vc_column-inner\"><div class=\"wpb_wrapper\">\n\t<div class=\"wpb_text_column wpb_content_element\">\n\t\t<div class=\"wpb_wrapper\">\n\t\t\t<h3 align=\"center\"><strong>DESCUBRA C\u00d3MO PODEMOS DIGITALIZAR SU EMPRESA.<\/strong><\/h3>\n\n\t\t<\/div>\n\t<\/div><div class=\"separator  transparent\" style=\"margin-top: 35px;margin-bottom: 17px;\"><\/div><a  itemprop=\"url\" href=\"https:\/\/www.isqe.com\/es\/software-development\/\" target=\"_self\" data-hover-background-color=\"#000000\" data-hover-border-color=\"#000000\" data-hover-color=\"#ffffff\" class=\"qbutton  default\" style=\"\">DESARROLLO DE SOFTWARE<\/a><div class=\"separator  transparent\" style=\"margin-top: 10px;margin-bottom: 10px;\"><\/div><\/div><\/div><\/div><\/div><\/div><\/div><div      class=\"vc_row wpb_row section vc_row-fluid  vc_custom_1640796038916 grid_section\" style='background-color:#ffffff; padding-top:87px; padding-bottom:0px; text-align:center;'><div class=\"section_inner clearfix\"><div class='section_inner_margin clearfix'><div class=\"wpb_column vc_column_container vc_col-sm-12\"><div class=\"vc_column-inner\"><div class=\"wpb_wrapper\"><a  itemprop=\"url\" href=\"https:\/\/www.isqe.com\/es\/web-mobile\/\" target=\"_self\" data-hover-background-color=\"#000000\" data-hover-border-color=\"#000000\" data-hover-color=\"#ffffff\" class=\"qbutton  default\" style=\"\">WEB Y M\u00d3VIL<\/a><div class=\"separator  transparent\" style=\"margin-top: 35px;margin-bottom: 17px;\"><\/div><\/div><\/div><\/div><\/div><\/div><\/div>\n<\/div>","protected":false},"excerpt":{"rendered":"Digital Business Transforme o seu neg\u00f3cio agora. As portas do futuro est\u00e3o abertas. A tecnologia tornou-se a mais poderosa aliada do neg\u00f3cio empresarial, transformando todos os processos em digitais. Utiliz\u00e1-la como principal meio de relacionamento com os clientes \u00e9 simplificar e aumentar o compromisso, a...","protected":false},"author":3,"featured_media":15998,"parent":0,"menu_order":0,"comment_status":"open","ping_status":"open","template":"full_width.php","meta":{"_monsterinsights_skip_tracking":false,"_monsterinsights_sitenote_active":false,"_monsterinsights_sitenote_note":"","_monsterinsights_sitenote_category":0,"footnotes":""},"class_list":["post-15363","page","type-page","status-publish","has-post-thumbnail","hentry"],"yoast_head":"<!-- This site is optimized with the Yoast SEO plugin v26.6 - https:\/\/yoast.com\/wordpress\/plugins\/seo\/ -->\n<title>Digital Business - ISQe<\/title>\n<meta name=\"description\" content=\"A tecnologia tornou-se a mais poderosa aliada do neg\u00f3cio empresarial, transformando todos os processos em digitais.\" \/>\n<meta name=\"robots\" content=\"index, follow, max-snippet:-1, max-image-preview:large, max-video-preview:-1\" \/>\n<link rel=\"canonical\" href=\"https:\/\/www.isqe.com\/es\/digital-business\/\" \/>\n<meta property=\"og:locale\" content=\"es_ES\" \/>\n<meta property=\"og:type\" content=\"article\" \/>\n<meta property=\"og:title\" content=\"Digital Business - ISQe\" \/>\n<meta property=\"og:description\" content=\"A tecnologia tornou-se a mais poderosa aliada do neg\u00f3cio empresarial, transformando todos os processos em digitais.\" \/>\n<meta property=\"og:url\" content=\"https:\/\/www.isqe.com\/es\/digital-business\/\" \/>\n<meta property=\"og:site_name\" content=\"ISQe\" \/>\n<meta property=\"article:publisher\" content=\"https:\/\/www.facebook.com\/ISQe.Engaging.People\" \/>\n<meta property=\"article:modified_time\" content=\"2022-06-09T20:09:01+00:00\" \/>\n<meta property=\"og:image\" content=\"https:\/\/www.isqe.com\/wp-content\/uploads\/2022\/01\/digital-business-ISQE.jpg\" \/>\n\t<meta property=\"og:image:width\" content=\"1289\" \/>\n\t<meta property=\"og:image:height\" content=\"468\" \/>\n\t<meta property=\"og:image:type\" content=\"image\/jpeg\" \/>\n<meta name=\"twitter:card\" content=\"summary_large_image\" \/>\n<meta name=\"twitter:label1\" content=\"Tiempo de lectura\" \/>\n\t<meta name=\"twitter:data1\" content=\"3 minutos\" \/>\n<script type=\"application\/ld+json\" class=\"yoast-schema-graph\">{\"@context\":\"https:\/\/schema.org\",\"@graph\":[{\"@type\":\"WebPage\",\"@id\":\"https:\/\/www.isqe.com\/digital-business\/\",\"url\":\"https:\/\/www.isqe.com\/digital-business\/\",\"name\":\"Digital Business - ISQe\",\"isPartOf\":{\"@id\":\"https:\/\/www.isqe.com\/#website\"},\"primaryImageOfPage\":{\"@id\":\"https:\/\/www.isqe.com\/digital-business\/#primaryimage\"},\"image\":{\"@id\":\"https:\/\/www.isqe.com\/digital-business\/#primaryimage\"},\"thumbnailUrl\":\"https:\/\/www.isqe.com\/wp-content\/uploads\/2022\/01\/digital-business-ISQE.jpg\",\"datePublished\":\"2021-12-29T16:37:46+00:00\",\"dateModified\":\"2022-06-09T20:09:01+00:00\",\"description\":\"A tecnologia tornou-se a mais poderosa aliada do neg\u00f3cio empresarial, transformando todos os processos em digitais.\",\"breadcrumb\":{\"@id\":\"https:\/\/www.isqe.com\/digital-business\/#breadcrumb\"},\"inLanguage\":\"es\",\"potentialAction\":[{\"@type\":\"ReadAction\",\"target\":[\"https:\/\/www.isqe.com\/digital-business\/\"]}]},{\"@type\":\"ImageObject\",\"inLanguage\":\"es\",\"@id\":\"https:\/\/www.isqe.com\/digital-business\/#primaryimage\",\"url\":\"https:\/\/www.isqe.com\/wp-content\/uploads\/2022\/01\/digital-business-ISQE.jpg\",\"contentUrl\":\"https:\/\/www.isqe.com\/wp-content\/uploads\/2022\/01\/digital-business-ISQE.jpg\",\"width\":1289,\"height\":468,\"caption\":\"digital-business-ISQE\"},{\"@type\":\"BreadcrumbList\",\"@id\":\"https:\/\/www.isqe.com\/digital-business\/#breadcrumb\",\"itemListElement\":[{\"@type\":\"ListItem\",\"position\":1,\"name\":\"In\u00edcio\",\"item\":\"https:\/\/www.isqe.com\/\"},{\"@type\":\"ListItem\",\"position\":2,\"name\":\"Digital Business\"}]},{\"@type\":\"WebSite\",\"@id\":\"https:\/\/www.isqe.com\/#website\",\"url\":\"https:\/\/www.isqe.com\/\",\"name\":\"ISQe\",\"description\":\"Engaging People\",\"publisher\":{\"@id\":\"https:\/\/www.isqe.com\/#organization\"},\"potentialAction\":[{\"@type\":\"SearchAction\",\"target\":{\"@type\":\"EntryPoint\",\"urlTemplate\":\"https:\/\/www.isqe.com\/?s={search_term_string}\"},\"query-input\":{\"@type\":\"PropertyValueSpecification\",\"valueRequired\":true,\"valueName\":\"search_term_string\"}}],\"inLanguage\":\"es\"},{\"@type\":\"Organization\",\"@id\":\"https:\/\/www.isqe.com\/#organization\",\"name\":\"ISQe\",\"url\":\"https:\/\/www.isqe.com\/\",\"logo\":{\"@type\":\"ImageObject\",\"inLanguage\":\"es\",\"@id\":\"https:\/\/www.isqe.com\/#\/schema\/logo\/image\/\",\"url\":\"https:\/\/www.isqe.com\/wp-content\/uploads\/2022\/01\/ISQe-logotipo-web.png\",\"contentUrl\":\"https:\/\/www.isqe.com\/wp-content\/uploads\/2022\/01\/ISQe-logotipo-web.png\",\"width\":842,\"height\":596,\"caption\":\"ISQe\"},\"image\":{\"@id\":\"https:\/\/www.isqe.com\/#\/schema\/logo\/image\/\"},\"sameAs\":[\"https:\/\/www.facebook.com\/ISQe.Engaging.People\",\"https:\/\/www.instagram.com\/isqe.engage.people\/\",\"https:\/\/pt.linkedin.com\/company\/isqe\",\"https:\/\/www.youtube.com\/channel\/UChrGaLoIk_sh__ZEoCzBjxA\/featured\"]}]}<\/script>\n<!-- \/ Yoast SEO plugin. -->","yoast_head_json":{"title":"Digital Business - ISQe","description":"A tecnologia tornou-se a mais poderosa aliada do neg\u00f3cio empresarial, transformando todos os processos em digitais.","robots":{"index":"index","follow":"follow","max-snippet":"max-snippet:-1","max-image-preview":"max-image-preview:large","max-video-preview":"max-video-preview:-1"},"canonical":"https:\/\/www.isqe.com\/es\/digital-business\/","og_locale":"es_ES","og_type":"article","og_title":"Digital Business - ISQe","og_description":"A tecnologia tornou-se a mais poderosa aliada do neg\u00f3cio empresarial, transformando todos os processos em digitais.","og_url":"https:\/\/www.isqe.com\/es\/digital-business\/","og_site_name":"ISQe","article_publisher":"https:\/\/www.facebook.com\/ISQe.Engaging.People","article_modified_time":"2022-06-09T20:09:01+00:00","og_image":[{"width":1289,"height":468,"url":"https:\/\/www.isqe.com\/wp-content\/uploads\/2022\/01\/digital-business-ISQE.jpg","type":"image\/jpeg"}],"twitter_card":"summary_large_image","twitter_misc":{"Tiempo de lectura":"3 minutos"},"schema":{"@context":"https:\/\/schema.org","@graph":[{"@type":"WebPage","@id":"https:\/\/www.isqe.com\/digital-business\/","url":"https:\/\/www.isqe.com\/digital-business\/","name":"Digital Business - ISQe","isPartOf":{"@id":"https:\/\/www.isqe.com\/#website"},"primaryImageOfPage":{"@id":"https:\/\/www.isqe.com\/digital-business\/#primaryimage"},"image":{"@id":"https:\/\/www.isqe.com\/digital-business\/#primaryimage"},"thumbnailUrl":"https:\/\/www.isqe.com\/wp-content\/uploads\/2022\/01\/digital-business-ISQE.jpg","datePublished":"2021-12-29T16:37:46+00:00","dateModified":"2022-06-09T20:09:01+00:00","description":"A tecnologia tornou-se a mais poderosa aliada do neg\u00f3cio empresarial, transformando todos os processos em digitais.","breadcrumb":{"@id":"https:\/\/www.isqe.com\/digital-business\/#breadcrumb"},"inLanguage":"es","potentialAction":[{"@type":"ReadAction","target":["https:\/\/www.isqe.com\/digital-business\/"]}]},{"@type":"ImageObject","inLanguage":"es","@id":"https:\/\/www.isqe.com\/digital-business\/#primaryimage","url":"https:\/\/www.isqe.com\/wp-content\/uploads\/2022\/01\/digital-business-ISQE.jpg","contentUrl":"https:\/\/www.isqe.com\/wp-content\/uploads\/2022\/01\/digital-business-ISQE.jpg","width":1289,"height":468,"caption":"digital-business-ISQE"},{"@type":"BreadcrumbList","@id":"https:\/\/www.isqe.com\/digital-business\/#breadcrumb","itemListElement":[{"@type":"ListItem","position":1,"name":"In\u00edcio","item":"https:\/\/www.isqe.com\/"},{"@type":"ListItem","position":2,"name":"Digital Business"}]},{"@type":"WebSite","@id":"https:\/\/www.isqe.com\/#website","url":"https:\/\/www.isqe.com\/","name":"ISQe","description":"Engaging People","publisher":{"@id":"https:\/\/www.isqe.com\/#organization"},"potentialAction":[{"@type":"SearchAction","target":{"@type":"EntryPoint","urlTemplate":"https:\/\/www.isqe.com\/?s={search_term_string}"},"query-input":{"@type":"PropertyValueSpecification","valueRequired":true,"valueName":"search_term_string"}}],"inLanguage":"es"},{"@type":"Organization","@id":"https:\/\/www.isqe.com\/#organization","name":"ISQe","url":"https:\/\/www.isqe.com\/","logo":{"@type":"ImageObject","inLanguage":"es","@id":"https:\/\/www.isqe.com\/#\/schema\/logo\/image\/","url":"https:\/\/www.isqe.com\/wp-content\/uploads\/2022\/01\/ISQe-logotipo-web.png","contentUrl":"https:\/\/www.isqe.com\/wp-content\/uploads\/2022\/01\/ISQe-logotipo-web.png","width":842,"height":596,"caption":"ISQe"},"image":{"@id":"https:\/\/www.isqe.com\/#\/schema\/logo\/image\/"},"sameAs":["https:\/\/www.facebook.com\/ISQe.Engaging.People","https:\/\/www.instagram.com\/isqe.engage.people\/","https:\/\/pt.linkedin.com\/company\/isqe","https:\/\/www.youtube.com\/channel\/UChrGaLoIk_sh__ZEoCzBjxA\/featured"]}]}},"_links":{"self":[{"href":"https:\/\/www.isqe.com\/es\/wp-json\/wp\/v2\/pages\/15363","targetHints":{"allow":["GET"]}}],"collection":[{"href":"https:\/\/www.isqe.com\/es\/wp-json\/wp\/v2\/pages"}],"about":[{"href":"https:\/\/www.isqe.com\/es\/wp-json\/wp\/v2\/types\/page"}],"author":[{"embeddable":true,"href":"https:\/\/www.isqe.com\/es\/wp-json\/wp\/v2\/users\/3"}],"replies":[{"embeddable":true,"href":"https:\/\/www.isqe.com\/es\/wp-json\/wp\/v2\/comments?post=15363"}],"version-history":[{"count":15,"href":"https:\/\/www.isqe.com\/es\/wp-json\/wp\/v2\/pages\/15363\/revisions"}],"predecessor-version":[{"id":16522,"href":"https:\/\/www.isqe.com\/es\/wp-json\/wp\/v2\/pages\/15363\/revisions\/16522"}],"wp:featuredmedia":[{"embeddable":true,"href":"https:\/\/www.isqe.com\/es\/wp-json\/wp\/v2\/media\/15998"}],"wp:attachment":[{"href":"https:\/\/www.isqe.com\/es\/wp-json\/wp\/v2\/media?parent=15363"}],"curies":[{"name":"wp","href":"https:\/\/api.w.org\/{rel}","templated":true}]}}