{"id":15347,"date":"2021-12-29T16:18:03","date_gmt":"2021-12-29T16:18:03","guid":{"rendered":"https:\/\/www.isqe.com\/?page_id=15347"},"modified":"2022-07-18T12:13:54","modified_gmt":"2022-07-18T12:13:54","slug":"learning-experience","status":"publish","type":"page","link":"https:\/\/www.isqe.com\/es\/learning-experience\/","title":{"rendered":"Experiencia de Aprendizaje"},"content":{"rendered":"<div class=\"wpb-content-wrapper\"><div class=\"vc_row wpb_row section vc_row-fluid  vc_custom_1641394844318\" style=' text-align:left;'><div class=\"full_section_inner clearfix\"><div class=\"wpb_column vc_column_container vc_col-sm-12\"><div class=\"vc_column-inner\"><div class=\"wpb_wrapper\"><div class='q_elements_holder two_columns eh_two_columns_66_33 responsive_mode_from_768' ><div class='q_elements_item' data-animation='no' data-item-class='q_elements_holder_custom_490046' style='background-image: url(https:\/\/www.isqe.com\/wp-content\/uploads\/2022\/01\/learning-experience-ISQE.jpg);background-position: center;background-size: cover;'><div class='q_elements_item_inner'><div class='q_elements_item_content q_elements_holder_custom_490046'><\/div><\/div><\/div><div class='q_elements_item' data-animation='no' data-item-class='q_elements_holder_custom_546700' style='background-color:#ed1b34;'><div class='q_elements_item_inner'><div class='q_elements_item_content q_elements_holder_custom_546700' style='padding:20% 10% 20% 10%'>\n\t<div class=\"wpb_text_column wpb_content_element\">\n\t\t<div class=\"wpb_wrapper\">\n\t\t\t<h2 style=\"text-align: left;\"><span style=\"color: #fff; font-size: 74px; text-transform: lowercase; letter-spacing: -4px; line-height: 0.9em;\">Experiencia de Aprendizaje<\/span><\/h2>\n\n\t\t<\/div>\n\t<\/div><div class=\"separator  small left\" style=\"margin-top: 12px;background-color: #9d0b0f;\"><\/div><div class=\"vc_empty_space\"  style=\"height: 100px\" >\n\t<span class=\"vc_empty_space_inner\">\n\t\t<span class=\"empty_space_image\"  ><\/span>\n\t<\/span>\n<\/div><\/div><\/div><\/div><\/div><\/div><\/div><\/div><\/div><\/div><div      class=\"vc_row wpb_row section vc_row-fluid  grid_section\" style='background-color:#ffffff; padding-top:87px; padding-bottom:0px; text-align:left;'><div class=\"section_inner clearfix\"><div class='section_inner_margin clearfix'><div class=\"wpb_column vc_column_container vc_col-sm-12\"><div class=\"vc_column-inner\"><div class=\"wpb_wrapper\"><div      class=\"vc_row wpb_row section vc_row-fluid vc_inner\" style=' text-align:left;'><div class=\"full_section_inner clearfix\"><div class=\"wpb_column vc_column_container vc_col-sm-6\"><div class=\"vc_column-inner\"><div class=\"wpb_wrapper\">\n\t<div class=\"wpb_text_column wpb_content_element\">\n\t\t<div class=\"wpb_wrapper\">\n\t\t\t<p class=\"p-detail\">El concepto de Experiencia de Aprendizaje Digital (Digital Learning Experience) permite acceder al aprendizaje en un entorno digital o en l\u00ednea, centrado en el usuario, en el que se valora la dimensi\u00f3n social del proceso de aprendizaje, reconociendo la importancia del aprendizaje entre pares, lo que garantiza una experiencia de aprendizaje inmersiva que da como resultado altas tasas de retenci\u00f3n y finalizaci\u00f3n. En un entorno corporativo, la capacitaci\u00f3n de las personas a trav\u00e9s de una Experiencia de Aprendizaje Digital representa la implementaci\u00f3n de un ciclo de aprendizaje continuo, lo que permite el aumento de conocimientos y competencias en las m\u00e1s diferentes \u00e1reas y contribuye a la mejora de competencias transversales, como el aumento de la competencia de resoluci\u00f3n de problemas, que se beneficia del inevitable desarrollo cognitivo.<\/p>\n\n\t\t<\/div>\n\t<\/div><div class=\"separator  transparent\" style=\"margin-top: 30px;margin-bottom: 0px;\"><\/div>\n\t<div class=\"wpb_text_column wpb_content_element\">\n\t\t<div class=\"wpb_wrapper\">\n\t\t\t<p class=\"p-detail\"><strong>En ISQe, el equipo de Digital Learning Experience dise\u00f1a, desarrolla e implementa experiencias de aprendizaje digitales a medida<\/strong>basadas en contenidos pedag\u00f3gicos innovadores, adecuados para contextos multidispositivo. El dise\u00f1o de nuestras soluciones de formaci\u00f3n es intuitivo, con instrucciones interactivas, marcadores de contenido y sistematizaci\u00f3n de conocimientos, algo que ha garantizado la satisfacci\u00f3n de nuestros clientes y, sobre todo, de sus empleados. El uso de la gamificaci\u00f3n, uno de los m\u00e9todos que demuestra claramente que tiene niveles de compromiso superiores con respecto a otros enfoques m\u00e1s tradicionales, es una apuesta fuerte de ISQe como garant\u00eda de \u00e9xito en todo el dise\u00f1o de itinerarios formativos y desarrollo de competencias de los recursos humanos de nuestros clientes.<\/p>\n\n\t\t<\/div>\n\t<\/div><div class=\"separator  transparent\" style=\"margin-top: 30px;margin-bottom: 0px;\"><\/div><\/div><\/div><\/div><div class=\"wpb_column vc_column_container vc_col-sm-6\"><div class=\"vc_column-inner\"><div class=\"wpb_wrapper\">\n\t<div class=\"wpb_text_column wpb_content_element\">\n\t\t<div class=\"wpb_wrapper\">\n\t\t\t<p class=\"p-detail\">En l\u00ednea con la innovaci\u00f3n continua necesaria en los procesos de formaci\u00f3n y gesti\u00f3n del talento, siendo tambi\u00e9n la retenci\u00f3n de empleados uno de los grandes retos actuales en las empresas y que depende mucho del desarrollo personal que la empresa permita al empleado, la introducci\u00f3n de nuevos m\u00e9todos en esta forma de distribuci\u00f3n del conocimiento usando la ya mencionada gamificaci\u00f3n, la realidad aumentada o los sistemas que integran inteligencia artificial, permite ir m\u00e1s all\u00e1 de los abordajes tradicionales de desarrollo de contenidos, lo que proporciona esencialmente una experiencia de usuario m\u00e1s atractiva y gratificante por ser m\u00e1s personalizada.<\/p>\n\n\t\t<\/div>\n\t<\/div><div class=\"separator  transparent\" style=\"margin-top: 30px;margin-bottom: 0px;\"><\/div>\n\t<div class=\"wpb_text_column wpb_content_element\">\n\t\t<div class=\"wpb_wrapper\">\n\t\t\t<p class=\"p-detail\">El segmento corporativo del mercado del aprendizaje digital y la gesti\u00f3n del talento, en el que ISQe se posiciona mayoritariamente, ha crecido de manera muy consistente a nivel global, y las empresas ahora est\u00e1n invirtiendo de forma estrat\u00e9gica en plataformas SaaS (Software as a Service) para el desarrollo profesional de sus empleados. Esta observaci\u00f3n nos permite llegar a la conclusi\u00f3n de que en la actualidad el SaaS es un factor determinante en la conexi\u00f3n entre organizaciones y personas a trav\u00e9s de plataformas en la nube y que muy pronto ser\u00e1 el soporte m\u00e1s utilizado para la implementaci\u00f3n de plataformas de desarrollo de talento y formaci\u00f3n.<\/p>\n\n\t\t<\/div>\n\t<\/div><div class=\"separator  transparent\" style=\"margin-top: 30px;margin-bottom: 0px;\"><\/div><\/div><\/div><\/div><\/div><\/div><\/div><\/div><\/div><\/div><\/div><\/div><div      class=\"vc_row wpb_row section vc_row-fluid  vc_custom_1640781262414 grid_section\" style=' padding-top:87px; padding-bottom:34px; text-align:left;'><div class=\"section_inner clearfix\"><div class='section_inner_margin clearfix'><div class=\"wpb_column vc_column_container vc_col-sm-12\"><div class=\"vc_column-inner\"><div class=\"wpb_wrapper\">\n\t<div class=\"wpb_video_widget wpb_content_element vc_clearfix   vc_video-aspect-ratio-169 vc_video-el-width-100 vc_video-align-center\" >\n\t\t<div class=\"wpb_wrapper\">\n\t\t\t\n\t\t\t<div class=\"wpb_video_wrapper\"><iframe loading=\"lazy\" title=\"ISQe Digital Learning Experience\" width=\"500\" height=\"281\" src=\"https:\/\/www.youtube.com\/embed\/IJrXqTYeSU4?feature=oembed\" frameborder=\"0\" allow=\"accelerometer; autoplay; clipboard-write; encrypted-media; gyroscope; picture-in-picture; web-share\" referrerpolicy=\"strict-origin-when-cross-origin\" allowfullscreen><\/iframe><\/div>\n\t\t<\/div>\n\t<\/div>\n<div class=\"separator  transparent\" style=\"margin-top: 93px;margin-bottom: 0px;\"><\/div>\n\t<div class=\"wpb_text_column wpb_content_element\">\n\t\t<div class=\"wpb_wrapper\">\n\t\t\t<p class=\"p-detail\">Debido a todos estos indicadores seguimos con mucha confianza. ISQe centra su oferta de mercado en soluciones de gesti\u00f3n del talento, as\u00ed como en el desarrollo de contenidos para el aprendizaje digital, ya ha desarrollado m\u00e1s de 80 proyectos de implementaci\u00f3n de los m\u00f3dulos de Reclutamiento, Evaluaci\u00f3n del Desempe\u00f1o y Compensaci\u00f3n, as\u00ed como de los m\u00f3dulos de gesti\u00f3n de formaci\u00f3n de aprendizaje mixto y Recursos Humanos de la suite de gesti\u00f3n del talento, todo ello en modalidad SaaS, de nuestro socio Cornerstone (reconocido por analistas de mercado como Gartner o Forrester como l\u00edder en el cuadrante de soluciones de gesti\u00f3n del talento), una soluci\u00f3n unificada en la nube que cubre todo el ciclo de vida del empleado en la organizaci\u00f3n. Asimismo, los m\u00e1s de 500 cursos de e-learning o aprendizaje virtual desarrollados mediante tecnolog\u00edas y metodolog\u00edas innovadoras, adem\u00e1s de innumerables aplicaciones empresariales a medida para varios clientes, nos permiten afrontar el futuro con confianza, esencialmente por nuestra experiencia y claramente por la demanda actual del mercado.<\/p>\n<p>&nbsp;<\/p>\n<p class=\"p-detail\">La formaci\u00f3n a distancia apoyada en la tecnolog\u00eda es desde hace tiempo una metodolog\u00eda de formaci\u00f3n adoptada por un amplio n\u00famero de empresas o instituciones de educaci\u00f3n y formaci\u00f3n. Muchas de estas organizaciones siguen asumiendo un modelo mixto de formaci\u00f3n entre el modo presencial y en l\u00ednea (b-learning o aprendizaje mixto) como el m\u00e1s adecuado en la formaci\u00f3n de sus empleados o alumnos, esto se debe a una mejor adaptaci\u00f3n a las materias objeto de estudio, a la pr\u00e1ctica profesional o simplemente a la dispersi\u00f3n geogr\u00e1fica de los participantes:<\/p>\n\n\t\t<\/div>\n\t<\/div><\/div><\/div><\/div><\/div><\/div><\/div><div      class=\"vc_row wpb_row section vc_row-fluid  grid_section\" style='background-color:#ffffff; padding-top:87px; padding-bottom:0px; text-align:left;'><div class=\"section_inner clearfix\"><div class='section_inner_margin clearfix'><div class=\"wpb_column vc_column_container vc_col-sm-12\"><div class=\"vc_column-inner\"><div class=\"wpb_wrapper\">\n\t<div class=\"wpb_single_image wpb_content_element vc_align_center\">\n\t\t<div class=\"wpb_wrapper\">\n\t\t\t\n\t\t\t<div class=\"vc_single_image-wrapper   vc_box_border_grey\"><img loading=\"lazy\" decoding=\"async\" width=\"900\" height=\"124\" src=\"https:\/\/www.isqe.com\/wp-content\/uploads\/2021\/12\/separador-passaro.png\" class=\"vc_single_image-img attachment-full\" alt=\"separador-isqe\" title=\"separador-passaro\" srcset=\"https:\/\/www.isqe.com\/wp-content\/uploads\/2021\/12\/separador-passaro.png 900w, https:\/\/www.isqe.com\/wp-content\/uploads\/2021\/12\/separador-passaro-300x41.png 300w, https:\/\/www.isqe.com\/wp-content\/uploads\/2021\/12\/separador-passaro-768x106.png 768w, https:\/\/www.isqe.com\/wp-content\/uploads\/2021\/12\/separador-passaro-700x96.png 700w\" sizes=\"auto, (max-width: 900px) 100vw, 900px\" \/><\/div>\n\t\t<\/div>\n\t<\/div>\n<div class=\"separator  transparent\" style=\"margin-top: 80px;\"><\/div>\n\t<div class=\"wpb_text_column wpb_content_element\">\n\t\t<div class=\"wpb_wrapper\">\n\t\t\t<h2 class=\"padding-top-50 padding-bottom-20\" align=\"center\"><strong>APRENDIZAJE DIGITAL EN FASE DE PANDEMIA<\/strong><\/h2>\n\n\t\t<\/div>\n\t<\/div><div class=\"separator  small center\" style=\"margin-top: 6px;background-color: #9d0b0f;\"><\/div><div class=\"separator  transparent\" style=\"margin-top: 31px;margin-bottom: 19px;\"><\/div><div      class=\"vc_row wpb_row section vc_row-fluid vc_inner\" style=' text-align:left;'><div class=\"full_section_inner clearfix\"><div class=\"wpb_column vc_column_container vc_col-sm-12\"><div class=\"vc_column-inner\"><div class=\"wpb_wrapper\">\n\t<div class=\"wpb_text_column wpb_content_element\">\n\t\t<div class=\"wpb_wrapper\">\n\t\t\t<div class=\"col-lg-12 col-sm-12 column\">\n<div class=\"ge-content ge-content-type-ckeditor\" data-ge-content-type=\"ckeditor\">\n<p class=\"p-detail\">La actual coyuntura econ\u00f3mica y social, asociada a la situaci\u00f3n de pandemia y a la imprevisibilidad resultante, obliga a revisar las previsiones de crecimiento de este m\u00e9todo de formaci\u00f3n y aprendizaje. En este sentido, el mercado del aprendizaje digital ha ido creciendo, sobre todo debido a la creciente demanda de plataformas de formaci\u00f3n en l\u00ednea derivada del cierre y confinamiento en el que se asume el teletrabajo como soluci\u00f3n de continuidad de negocio en muchos sectores del mercado. A su vez, este impulso previsto deber\u00eda tener un efecto de meseta en alg\u00fan momento de la fase de recuperaci\u00f3n y estabilizarse en l\u00ednea con las previsiones anteriores a la pandemia.<\/p>\n<\/div>\n<\/div>\n<div class=\"col-lg-12 col-sm-12 col-12 column padding-top-40\">\n<div class=\"ge-content ge-content-type-ckeditor\" data-ge-content-type=\"ckeditor\"><\/div>\n<\/div>\n\n\t\t<\/div>\n\t<\/div><\/div><\/div><\/div><\/div><\/div><\/div><\/div><\/div><\/div><\/div><\/div><div      class=\"vc_row wpb_row section vc_row-fluid  grid_section\" style='background-color:#ffffff; padding-top:87px; padding-bottom:0px; text-align:center;'><div class=\"section_inner clearfix\"><div class='section_inner_margin clearfix'><div class=\"wpb_column vc_column_container vc_col-sm-12\"><div class=\"vc_column-inner\"><div class=\"wpb_wrapper\">\n\t<div class=\"wpb_text_column wpb_content_element\">\n\t\t<div class=\"wpb_wrapper\">\n\t\t\t<p style=\"text-align: center;\">Para obtener m\u00e1s informaci\u00f3n sobre nuestros servicios, haga clic en el bot\u00f3n de M\u00e1s informaci\u00f3n.<\/p>\n\n\t\t<\/div>\n\t<\/div><div class=\"separator  transparent\" style=\"margin-top: 20px;\"><\/div><a  itemprop=\"url\" href=\"https:\/\/www.isqe.com\/es\/content-services\/\" target=\"_self\" data-hover-background-color=\"#000000\" data-hover-border-color=\"#000000\" data-hover-color=\"#ffffff\" class=\"qbutton  default\" style=\"\">M\u00e1s informaci\u00f3n<\/a><div class=\"separator  transparent\" style=\"margin-top: 35px;margin-bottom: 17px;\"><\/div><\/div><\/div><\/div><\/div><\/div><\/div><div      class=\"vc_row wpb_row section vc_row-fluid\" style=' text-align:left;'><div class=\"full_section_inner clearfix\"><div class=\"wpb_column vc_column_container vc_col-sm-12\"><div class=\"vc_column-inner\"><div class=\"wpb_wrapper\">\n\t<div class=\"wpb_text_column wpb_content_element\">\n\t\t<div class=\"wpb_wrapper\">\n\t\t\t<h2 style=\"text-align: left;\"><span style=\"color: #fff; font-size: 74px; text-transform: lowercase; letter-spacing: -4px; line-height: 0.9em;\">Experiencia de Aprendizaje<\/span><\/h2>\n\n\t\t<\/div>\n\t<\/div><\/div><\/div><\/div><\/div><\/div>\n<\/div>","protected":false},"excerpt":{"rendered":"Learning Experience O conceito de Experi\u00eancia de Aprendizagem Digital (Digital Learning Experience) permite uma aprendizagem em ambiente digital e\/ou online, centrada no utilizador, onde a dimens\u00e3o social do processo de aprendizagem \u00e9 valorizada, reconhecendo o valor do peer-learning, garantindo uma experi\u00eancia de aprendizagem envolvente que...","protected":false},"author":3,"featured_media":15994,"parent":0,"menu_order":0,"comment_status":"open","ping_status":"open","template":"full_width.php","meta":{"_monsterinsights_skip_tracking":false,"_monsterinsights_sitenote_active":false,"_monsterinsights_sitenote_note":"","_monsterinsights_sitenote_category":0,"footnotes":""},"class_list":["post-15347","page","type-page","status-publish","has-post-thumbnail","hentry"],"yoast_head":"<!-- This site is optimized with the Yoast SEO plugin v26.6 - https:\/\/yoast.com\/wordpress\/plugins\/seo\/ -->\n<title>Learning Experience - ISQe<\/title>\n<meta name=\"description\" content=\"Experi\u00eancia de Aprendizagem Digital (Digital Learning Experience) permite uma aprendizagem em ambiente digital centrada no utilizador.\" \/>\n<meta name=\"robots\" content=\"index, follow, max-snippet:-1, max-image-preview:large, max-video-preview:-1\" \/>\n<link rel=\"canonical\" href=\"https:\/\/www.isqe.com\/es\/learning-experience\/\" \/>\n<meta property=\"og:locale\" content=\"es_ES\" \/>\n<meta property=\"og:type\" content=\"article\" \/>\n<meta property=\"og:title\" content=\"Learning Experience - ISQe\" \/>\n<meta property=\"og:description\" content=\"Experi\u00eancia de Aprendizagem Digital (Digital Learning Experience) permite uma aprendizagem em ambiente digital centrada no utilizador.\" \/>\n<meta property=\"og:url\" content=\"https:\/\/www.isqe.com\/es\/learning-experience\/\" \/>\n<meta property=\"og:site_name\" content=\"ISQe\" \/>\n<meta property=\"article:publisher\" content=\"https:\/\/www.facebook.com\/ISQe.Engaging.People\" \/>\n<meta property=\"article:modified_time\" content=\"2022-07-18T12:13:54+00:00\" \/>\n<meta property=\"og:image\" content=\"https:\/\/www.isqe.com\/wp-content\/uploads\/2022\/01\/learning-experience-ISQE.jpg\" \/>\n\t<meta property=\"og:image:width\" content=\"1289\" \/>\n\t<meta property=\"og:image:height\" content=\"468\" \/>\n\t<meta property=\"og:image:type\" content=\"image\/jpeg\" \/>\n<meta name=\"twitter:card\" content=\"summary_large_image\" \/>\n<meta name=\"twitter:label1\" content=\"Tiempo de lectura\" \/>\n\t<meta name=\"twitter:data1\" content=\"6 minutos\" \/>\n<script type=\"application\/ld+json\" class=\"yoast-schema-graph\">{\"@context\":\"https:\/\/schema.org\",\"@graph\":[{\"@type\":\"WebPage\",\"@id\":\"https:\/\/www.isqe.com\/learning-experience\/\",\"url\":\"https:\/\/www.isqe.com\/learning-experience\/\",\"name\":\"Learning Experience - ISQe\",\"isPartOf\":{\"@id\":\"https:\/\/www.isqe.com\/#website\"},\"primaryImageOfPage\":{\"@id\":\"https:\/\/www.isqe.com\/learning-experience\/#primaryimage\"},\"image\":{\"@id\":\"https:\/\/www.isqe.com\/learning-experience\/#primaryimage\"},\"thumbnailUrl\":\"https:\/\/www.isqe.com\/wp-content\/uploads\/2022\/01\/learning-experience-ISQE.jpg\",\"datePublished\":\"2021-12-29T16:18:03+00:00\",\"dateModified\":\"2022-07-18T12:13:54+00:00\",\"description\":\"Experi\u00eancia de Aprendizagem Digital (Digital Learning Experience) permite uma aprendizagem em ambiente digital centrada no utilizador.\",\"breadcrumb\":{\"@id\":\"https:\/\/www.isqe.com\/learning-experience\/#breadcrumb\"},\"inLanguage\":\"es\",\"potentialAction\":[{\"@type\":\"ReadAction\",\"target\":[\"https:\/\/www.isqe.com\/learning-experience\/\"]}]},{\"@type\":\"ImageObject\",\"inLanguage\":\"es\",\"@id\":\"https:\/\/www.isqe.com\/learning-experience\/#primaryimage\",\"url\":\"https:\/\/www.isqe.com\/wp-content\/uploads\/2022\/01\/learning-experience-ISQE.jpg\",\"contentUrl\":\"https:\/\/www.isqe.com\/wp-content\/uploads\/2022\/01\/learning-experience-ISQE.jpg\",\"width\":1289,\"height\":468},{\"@type\":\"BreadcrumbList\",\"@id\":\"https:\/\/www.isqe.com\/learning-experience\/#breadcrumb\",\"itemListElement\":[{\"@type\":\"ListItem\",\"position\":1,\"name\":\"In\u00edcio\",\"item\":\"https:\/\/www.isqe.com\/\"},{\"@type\":\"ListItem\",\"position\":2,\"name\":\"Learning Experience\"}]},{\"@type\":\"WebSite\",\"@id\":\"https:\/\/www.isqe.com\/#website\",\"url\":\"https:\/\/www.isqe.com\/\",\"name\":\"ISQe\",\"description\":\"Engaging People\",\"publisher\":{\"@id\":\"https:\/\/www.isqe.com\/#organization\"},\"potentialAction\":[{\"@type\":\"SearchAction\",\"target\":{\"@type\":\"EntryPoint\",\"urlTemplate\":\"https:\/\/www.isqe.com\/?s={search_term_string}\"},\"query-input\":{\"@type\":\"PropertyValueSpecification\",\"valueRequired\":true,\"valueName\":\"search_term_string\"}}],\"inLanguage\":\"es\"},{\"@type\":\"Organization\",\"@id\":\"https:\/\/www.isqe.com\/#organization\",\"name\":\"ISQe\",\"url\":\"https:\/\/www.isqe.com\/\",\"logo\":{\"@type\":\"ImageObject\",\"inLanguage\":\"es\",\"@id\":\"https:\/\/www.isqe.com\/#\/schema\/logo\/image\/\",\"url\":\"https:\/\/www.isqe.com\/wp-content\/uploads\/2022\/01\/ISQe-logotipo-web.png\",\"contentUrl\":\"https:\/\/www.isqe.com\/wp-content\/uploads\/2022\/01\/ISQe-logotipo-web.png\",\"width\":842,\"height\":596,\"caption\":\"ISQe\"},\"image\":{\"@id\":\"https:\/\/www.isqe.com\/#\/schema\/logo\/image\/\"},\"sameAs\":[\"https:\/\/www.facebook.com\/ISQe.Engaging.People\",\"https:\/\/www.instagram.com\/isqe.engage.people\/\",\"https:\/\/pt.linkedin.com\/company\/isqe\",\"https:\/\/www.youtube.com\/channel\/UChrGaLoIk_sh__ZEoCzBjxA\/featured\"]}]}<\/script>\n<!-- \/ Yoast SEO plugin. -->","yoast_head_json":{"title":"Learning Experience - ISQe","description":"Experi\u00eancia de Aprendizagem Digital (Digital Learning Experience) permite uma aprendizagem em ambiente digital centrada no utilizador.","robots":{"index":"index","follow":"follow","max-snippet":"max-snippet:-1","max-image-preview":"max-image-preview:large","max-video-preview":"max-video-preview:-1"},"canonical":"https:\/\/www.isqe.com\/es\/learning-experience\/","og_locale":"es_ES","og_type":"article","og_title":"Learning Experience - ISQe","og_description":"Experi\u00eancia de Aprendizagem Digital (Digital Learning Experience) permite uma aprendizagem em ambiente digital centrada no utilizador.","og_url":"https:\/\/www.isqe.com\/es\/learning-experience\/","og_site_name":"ISQe","article_publisher":"https:\/\/www.facebook.com\/ISQe.Engaging.People","article_modified_time":"2022-07-18T12:13:54+00:00","og_image":[{"width":1289,"height":468,"url":"https:\/\/www.isqe.com\/wp-content\/uploads\/2022\/01\/learning-experience-ISQE.jpg","type":"image\/jpeg"}],"twitter_card":"summary_large_image","twitter_misc":{"Tiempo de lectura":"6 minutos"},"schema":{"@context":"https:\/\/schema.org","@graph":[{"@type":"WebPage","@id":"https:\/\/www.isqe.com\/learning-experience\/","url":"https:\/\/www.isqe.com\/learning-experience\/","name":"Learning Experience - ISQe","isPartOf":{"@id":"https:\/\/www.isqe.com\/#website"},"primaryImageOfPage":{"@id":"https:\/\/www.isqe.com\/learning-experience\/#primaryimage"},"image":{"@id":"https:\/\/www.isqe.com\/learning-experience\/#primaryimage"},"thumbnailUrl":"https:\/\/www.isqe.com\/wp-content\/uploads\/2022\/01\/learning-experience-ISQE.jpg","datePublished":"2021-12-29T16:18:03+00:00","dateModified":"2022-07-18T12:13:54+00:00","description":"Experi\u00eancia de Aprendizagem Digital (Digital Learning Experience) permite uma aprendizagem em ambiente digital centrada no utilizador.","breadcrumb":{"@id":"https:\/\/www.isqe.com\/learning-experience\/#breadcrumb"},"inLanguage":"es","potentialAction":[{"@type":"ReadAction","target":["https:\/\/www.isqe.com\/learning-experience\/"]}]},{"@type":"ImageObject","inLanguage":"es","@id":"https:\/\/www.isqe.com\/learning-experience\/#primaryimage","url":"https:\/\/www.isqe.com\/wp-content\/uploads\/2022\/01\/learning-experience-ISQE.jpg","contentUrl":"https:\/\/www.isqe.com\/wp-content\/uploads\/2022\/01\/learning-experience-ISQE.jpg","width":1289,"height":468},{"@type":"BreadcrumbList","@id":"https:\/\/www.isqe.com\/learning-experience\/#breadcrumb","itemListElement":[{"@type":"ListItem","position":1,"name":"In\u00edcio","item":"https:\/\/www.isqe.com\/"},{"@type":"ListItem","position":2,"name":"Learning Experience"}]},{"@type":"WebSite","@id":"https:\/\/www.isqe.com\/#website","url":"https:\/\/www.isqe.com\/","name":"ISQe","description":"Engaging People","publisher":{"@id":"https:\/\/www.isqe.com\/#organization"},"potentialAction":[{"@type":"SearchAction","target":{"@type":"EntryPoint","urlTemplate":"https:\/\/www.isqe.com\/?s={search_term_string}"},"query-input":{"@type":"PropertyValueSpecification","valueRequired":true,"valueName":"search_term_string"}}],"inLanguage":"es"},{"@type":"Organization","@id":"https:\/\/www.isqe.com\/#organization","name":"ISQe","url":"https:\/\/www.isqe.com\/","logo":{"@type":"ImageObject","inLanguage":"es","@id":"https:\/\/www.isqe.com\/#\/schema\/logo\/image\/","url":"https:\/\/www.isqe.com\/wp-content\/uploads\/2022\/01\/ISQe-logotipo-web.png","contentUrl":"https:\/\/www.isqe.com\/wp-content\/uploads\/2022\/01\/ISQe-logotipo-web.png","width":842,"height":596,"caption":"ISQe"},"image":{"@id":"https:\/\/www.isqe.com\/#\/schema\/logo\/image\/"},"sameAs":["https:\/\/www.facebook.com\/ISQe.Engaging.People","https:\/\/www.instagram.com\/isqe.engage.people\/","https:\/\/pt.linkedin.com\/company\/isqe","https:\/\/www.youtube.com\/channel\/UChrGaLoIk_sh__ZEoCzBjxA\/featured"]}]}},"_links":{"self":[{"href":"https:\/\/www.isqe.com\/es\/wp-json\/wp\/v2\/pages\/15347","targetHints":{"allow":["GET"]}}],"collection":[{"href":"https:\/\/www.isqe.com\/es\/wp-json\/wp\/v2\/pages"}],"about":[{"href":"https:\/\/www.isqe.com\/es\/wp-json\/wp\/v2\/types\/page"}],"author":[{"embeddable":true,"href":"https:\/\/www.isqe.com\/es\/wp-json\/wp\/v2\/users\/3"}],"replies":[{"embeddable":true,"href":"https:\/\/www.isqe.com\/es\/wp-json\/wp\/v2\/comments?post=15347"}],"version-history":[{"count":26,"href":"https:\/\/www.isqe.com\/es\/wp-json\/wp\/v2\/pages\/15347\/revisions"}],"predecessor-version":[{"id":16524,"href":"https:\/\/www.isqe.com\/es\/wp-json\/wp\/v2\/pages\/15347\/revisions\/16524"}],"wp:featuredmedia":[{"embeddable":true,"href":"https:\/\/www.isqe.com\/es\/wp-json\/wp\/v2\/media\/15994"}],"wp:attachment":[{"href":"https:\/\/www.isqe.com\/es\/wp-json\/wp\/v2\/media?parent=15347"}],"curies":[{"name":"wp","href":"https:\/\/api.w.org\/{rel}","templated":true}]}}