{"id":15298,"date":"2021-12-29T14:38:00","date_gmt":"2021-12-29T14:38:00","guid":{"rendered":"https:\/\/www.isqe.com\/?page_id=15298"},"modified":"2022-06-09T20:17:07","modified_gmt":"2022-06-09T20:17:07","slug":"parcerias-e-clientes","status":"publish","type":"page","link":"https:\/\/www.isqe.com\/es\/parcerias-e-clientes\/","title":{"rendered":"Alianzas y clientes"},"content":{"rendered":"<div class=\"wpb-content-wrapper\"><div class=\"vc_row wpb_row section vc_row-fluid  vc_custom_1641396260947\" style=' text-align:left;'><div class=\"full_section_inner clearfix\"><div class=\"wpb_column vc_column_container vc_col-sm-12\"><div class=\"vc_column-inner\"><div class=\"wpb_wrapper\"><div class='q_elements_holder two_columns eh_two_columns_66_33 responsive_mode_from_768' ><div class='q_elements_item' data-animation='no' data-item-class='q_elements_holder_custom_403745' style='background-image: url(https:\/\/www.isqe.com\/wp-content\/uploads\/2022\/01\/parcerias-e-clientes-ISQe.jpg);background-position: center;background-size: cover;'><div class='q_elements_item_inner'><div class='q_elements_item_content q_elements_holder_custom_403745'><\/div><\/div><\/div><div class='q_elements_item' data-animation='no' data-item-class='q_elements_holder_custom_959868' style='background-color:#ed1b34;'><div class='q_elements_item_inner'><div class='q_elements_item_content q_elements_holder_custom_959868' style='padding:20% 10% 20% 10%'>\n\t<div class=\"wpb_text_column wpb_content_element\">\n\t\t<div class=\"wpb_wrapper\">\n\t\t\t<h2 style=\"text-align: left;\"><span style=\"color: #fff; font-size: 74px; text-transform: lowercase; letter-spacing: -4px; line-height: 0.9em;\">alianzas y clientes<\/span><\/h2>\n\n\t\t<\/div>\n\t<\/div><div class=\"separator  small left\" style=\"margin-top: 12px;background-color: #9d0b0f;\"><\/div><div class=\"vc_empty_space\"  style=\"height: 100px\" >\n\t<span class=\"vc_empty_space_inner\">\n\t\t<span class=\"empty_space_image\"  ><\/span>\n\t<\/span>\n<\/div><\/div><\/div><\/div><\/div><\/div><\/div><\/div><\/div><\/div><div      class=\"vc_row wpb_row section vc_row-fluid  grid_section\" style='background-color:#ffffff; padding-top:87px; padding-bottom:0px; text-align:left;'><div class=\"section_inner clearfix\"><div class='section_inner_margin clearfix'><div class=\"wpb_column vc_column_container vc_col-sm-12\"><div class=\"vc_column-inner\"><div class=\"wpb_wrapper\">\n\t<div class=\"wpb_single_image wpb_content_element vc_align_center\">\n\t\t<div class=\"wpb_wrapper\">\n\t\t\t\n\t\t\t<div class=\"vc_single_image-wrapper   vc_box_border_grey\"><img loading=\"lazy\" decoding=\"async\" width=\"846\" height=\"132\" src=\"https:\/\/www.isqe.com\/wp-content\/uploads\/2022\/01\/cornestone-isqe-01.png\" class=\"vc_single_image-img attachment-full\" alt=\"\" title=\"cornestone-isqe-01\" srcset=\"https:\/\/www.isqe.com\/wp-content\/uploads\/2022\/01\/cornestone-isqe-01.png 846w, https:\/\/www.isqe.com\/wp-content\/uploads\/2022\/01\/cornestone-isqe-01-300x47.png 300w, https:\/\/www.isqe.com\/wp-content\/uploads\/2022\/01\/cornestone-isqe-01-768x120.png 768w, https:\/\/www.isqe.com\/wp-content\/uploads\/2022\/01\/cornestone-isqe-01-18x3.png 18w, https:\/\/www.isqe.com\/wp-content\/uploads\/2022\/01\/cornestone-isqe-01-700x109.png 700w\" sizes=\"auto, (max-width: 846px) 100vw, 846px\" \/><\/div>\n\t\t<\/div>\n\t<\/div>\n<div class=\"separator  small center\" style=\"margin-top: 6px;background-color: #9d0b0f;\"><\/div>\n\t<div class=\"wpb_text_column wpb_content_element\">\n\t\t<div class=\"wpb_wrapper\">\n\t\t\t<h2 style=\"text-align: center;\"><span style=\"color: #000000;\"><strong>CORNERSTONE<br \/>\n<\/strong><\/span><\/h2>\n\n\t\t<\/div>\n\t<\/div><div class=\"separator  transparent\" style=\"margin-top: 31px;margin-bottom: 19px;\"><\/div>\n\t<div class=\"wpb_text_column wpb_content_element\">\n\t\t<div class=\"wpb_wrapper\">\n\t\t\t<div class=\"row row-detail\">\n<div class=\"col-md-12 col-lg-12 col-sm-12 column text-center\">\n<div class=\"ge-content ge-content-type-ckeditor\" data-ge-content-type=\"ckeditor\">\n<p class=\"p-subdetail-text\" style=\"text-align: center;\">Cornerstone es l\u00edder en aplicaciones basadas en la nube para la gesti\u00f3n del talento.<\/p>\n<\/div>\n<\/div>\n<\/div>\n\n\t\t<\/div>\n\t<\/div><div class=\"separator  transparent\" style=\"margin-top: 31px;margin-bottom: 19px;\"><\/div><div      class=\"vc_row wpb_row section vc_row-fluid vc_inner\" style=' text-align:left;'><div class=\"full_section_inner clearfix\"><div class=\"wpb_column vc_column_container vc_col-sm-6\"><div class=\"vc_column-inner\"><div class=\"wpb_wrapper\">\n\t<div class=\"wpb_text_column wpb_content_element\">\n\t\t<div class=\"wpb_wrapper\">\n\t\t\t<p class=\"p-detail\">Cornerstone es l\u00edder en aplicaciones basadas en la nube para la gesti\u00f3n del talento. Las soluciones de la empresa ayudan a las organizaciones a contratar, formar, gestionar y animar a sus trabajadores, para aumentar su productividad. Nuestros clientes usan nuestra soluci\u00f3n para encontrar y contratar a los mejores talentos, desarrollar a los trabajadores durante su carrera, tratar con los trabajadores de forma eficaz, mejorar la ejecuci\u00f3n de su empresa, crear futuros l\u00edderes e integrarse con sus redes externas de clientes, proveedores y distribuidores.<\/p>\n<p class=\"p-detail\">Cornerstone OnDemand (CSOD) se fund\u00f3 en 1999, con sede en Los \u00c1ngeles, California. Tambi\u00e9n tiene oficinas en Londres, M\u00fanich, Madrid, Par\u00eds, Roma, Bombay, S\u00eddney, Tel Aviv, Auckland, Hong Kong y Tokio.<\/p>\n<p>&nbsp;<\/p>\n<p class=\"p-detail\">Cornerstone basa su oferta en el software on-demand (Software-as-a-Service), que ha puesto a disposici\u00f3n este modelo de negocio desde principios del a\u00f1o 2000, mucho antes que otros proveedores de software. Mientras otras empresas intentaban luchar contra el cambio de su software empresarial a un sistema on-demand m\u00e1s econ\u00f3mico, Cornerstone centr\u00f3 el 100% de su tiempo, energ\u00eda y atenci\u00f3n en la creaci\u00f3n del \u00fanico sistema integrado de desarrollo de talentos creado en Internet. Esta metodolog\u00eda nos permiti\u00f3 centrarnos en crear el mejor servicio posible y no tener que lidiar con los problemas de evoluci\u00f3n y adaptaci\u00f3n de un sistema anticuado a las tecnolog\u00edas actuales.<\/p>\n\n\t\t<\/div>\n\t<\/div><\/div><\/div><\/div><div class=\"wpb_column vc_column_container vc_col-sm-6\"><div class=\"vc_column-inner\"><div class=\"wpb_wrapper\">\n\t<div class=\"wpb_text_column wpb_content_element\">\n\t\t<div class=\"wpb_wrapper\">\n\t\t\t<p class=\"p-detail\">El 17 de marzo de 2011, Cornerstone OnDemand se convirti\u00f3 en una empresa abierta (Nasdaq: CSOD).<\/p>\n<p>&nbsp;<\/p>\n<p class=\"p-detail\">Cornerstone OnDemand ha proporcionado Software como Servicio (SaaS \u2013 hosted) desde el inicio y es utilizado a nivel mundial por millones de usuarios y muchos clientes de diferentes tama\u00f1os. La implementaci\u00f3n de las soluciones es extremadamente r\u00e1pida y Cornerstone ya ha sido implementado por numerosos clientes empresariales, como Barclays Plc., Kelly Services, Virgin Media, BMW, Companies House, London Borough of Croydon, UNHCR, Honda, US Treasury, BBC, Royal Mail, Manchester Airport Group, Danone, LVMH, Axa, BNP Paribas, etc.<\/p>\n<p>&nbsp;<\/p>\n<p class=\"p-detail\">Cornerstone es el \u00fanico vendedor independiente reconocido como el software l\u00edder en gesti\u00f3n del talento por tres de los mejores analistas de sectores. Cornerstone ha sido identificada como \u00abl\u00edder del mercado\u00bb en todos estos principales informes del sector publicados por los analistas de mercado Gartner, IDC y Forrester Research.<\/p>\n\n\t\t<\/div>\n\t<\/div><\/div><\/div><\/div><\/div><\/div><div class=\"separator  transparent\" style=\"margin-top: 31px;margin-bottom: 19px;\"><\/div><div class=\"separator  transparent\" style=\"margin-top: 31px;margin-bottom: 19px;\"><\/div>\n\t<div class=\"wpb_text_column wpb_content_element\">\n\t\t<div class=\"wpb_wrapper\">\n\t\t\t<h2 style=\"text-align: center;\"><span style=\"color: #000000; font-size: 60px;\"><strong>CLIENTES <span style=\"color: #ed1b34;\">ISQe<\/span><br \/>\n<\/strong><\/span><\/h2>\n\n\t\t<\/div>\n\t<\/div><div class=\"separator  transparent\" style=\"margin-top: 31px;margin-bottom: 19px;\"><\/div>\n\t<div class=\"wpb_text_column wpb_content_element\">\n\t\t<div class=\"wpb_wrapper\">\n\t\t\t<p style=\"text-align: center;\">Entre nuestros clientes se encuentran las principales empresas nacionales en las \u00e1reas de Banca, Seguros, Distribuci\u00f3n, Energ\u00eda y Telecomunicaciones. Entre los m\u00e1s de 200 clientes nacionales e internacionales con los que hemos establecido una relaci\u00f3n de confianza y proximidad, algunas de nuestras principales referencias son:<\/p>\n\n\t\t<\/div>\n\t<\/div><div class=\"separator  transparent\" style=\"margin-top: 31px;margin-bottom: 19px;\"><\/div>\n\t<div class=\"wpb_single_image wpb_content_element vc_align_center\">\n\t\t<div class=\"wpb_wrapper\">\n\t\t\t\n\t\t\t<div class=\"vc_single_image-wrapper   vc_box_border_grey\"><img loading=\"lazy\" decoding=\"async\" width=\"1291\" height=\"613\" src=\"https:\/\/www.isqe.com\/wp-content\/uploads\/2021\/12\/home_logotipos.jpg\" class=\"vc_single_image-img attachment-full\" alt=\"logotipos-parceiros-isqe\" title=\"home_logotipos\" srcset=\"https:\/\/www.isqe.com\/wp-content\/uploads\/2021\/12\/home_logotipos.jpg 1291w, https:\/\/www.isqe.com\/wp-content\/uploads\/2021\/12\/home_logotipos-300x142.jpg 300w, https:\/\/www.isqe.com\/wp-content\/uploads\/2021\/12\/home_logotipos-1024x486.jpg 1024w, https:\/\/www.isqe.com\/wp-content\/uploads\/2021\/12\/home_logotipos-768x365.jpg 768w, https:\/\/www.isqe.com\/wp-content\/uploads\/2021\/12\/home_logotipos-700x332.jpg 700w\" sizes=\"auto, (max-width: 1291px) 100vw, 1291px\" \/><\/div>\n\t\t<\/div>\n\t<\/div>\n<div class=\"separator  transparent\" style=\"margin-top: 31px;margin-bottom: 19px;\"><\/div><\/div><\/div><\/div><\/div><\/div><\/div>\n<\/div>","protected":false},"excerpt":{"rendered":"parcerias e clientes CORNERSTONE A Cornerstone \u00e9 l\u00edder em aplica\u00e7\u00f5es baseadas no Cloud para gest\u00e3o de talentos. A Cornerstone \u00e9 l\u00edder em aplica\u00e7\u00f5es baseadas no Cloud para gest\u00e3o de talentos. As solu\u00e7\u00f5es da empresa ajudam organiza\u00e7\u00f5es a recrutar, treinar, gerir e encorajar os seus trabalhadores,...","protected":false},"author":3,"featured_media":15893,"parent":0,"menu_order":0,"comment_status":"open","ping_status":"open","template":"full_width.php","meta":{"_monsterinsights_skip_tracking":false,"_monsterinsights_sitenote_active":false,"_monsterinsights_sitenote_note":"","_monsterinsights_sitenote_category":0,"footnotes":""},"class_list":["post-15298","page","type-page","status-publish","has-post-thumbnail","hentry"],"yoast_head":"<!-- This site is optimized with the Yoast SEO plugin v26.6 - https:\/\/yoast.com\/wordpress\/plugins\/seo\/ -->\n<title>Parcerias e Clientes - ISQe<\/title>\n<meta name=\"description\" content=\"Temos como Clientes as principais empresas nacionais na \u00e1rea da Banca, Seguros, Distribui\u00e7\u00e3o, Energia e Telecomunica\u00e7\u00f5es.\" \/>\n<meta name=\"robots\" content=\"index, follow, max-snippet:-1, max-image-preview:large, max-video-preview:-1\" \/>\n<link rel=\"canonical\" href=\"https:\/\/www.isqe.com\/es\/parcerias-e-clientes\/\" \/>\n<meta property=\"og:locale\" content=\"es_ES\" \/>\n<meta property=\"og:type\" content=\"article\" \/>\n<meta property=\"og:title\" content=\"Parcerias e Clientes - ISQe\" \/>\n<meta property=\"og:description\" content=\"Temos como Clientes as principais empresas nacionais na \u00e1rea da Banca, Seguros, Distribui\u00e7\u00e3o, Energia e Telecomunica\u00e7\u00f5es.\" \/>\n<meta property=\"og:url\" content=\"https:\/\/www.isqe.com\/es\/parcerias-e-clientes\/\" \/>\n<meta property=\"og:site_name\" content=\"ISQe\" \/>\n<meta property=\"article:publisher\" content=\"https:\/\/www.facebook.com\/ISQe.Engaging.People\" \/>\n<meta property=\"article:modified_time\" content=\"2022-06-09T20:17:07+00:00\" \/>\n<meta property=\"og:image\" content=\"https:\/\/www.isqe.com\/wp-content\/uploads\/2022\/01\/parcerias-e-clientes-ISQe.jpg\" \/>\n\t<meta property=\"og:image:width\" content=\"1289\" \/>\n\t<meta property=\"og:image:height\" content=\"468\" \/>\n\t<meta property=\"og:image:type\" content=\"image\/jpeg\" \/>\n<meta name=\"twitter:card\" content=\"summary_large_image\" \/>\n<meta name=\"twitter:label1\" content=\"Tiempo de lectura\" \/>\n\t<meta name=\"twitter:data1\" content=\"3 minutos\" \/>\n<script type=\"application\/ld+json\" class=\"yoast-schema-graph\">{\"@context\":\"https:\/\/schema.org\",\"@graph\":[{\"@type\":\"WebPage\",\"@id\":\"https:\/\/www.isqe.com\/parcerias-e-clientes\/\",\"url\":\"https:\/\/www.isqe.com\/parcerias-e-clientes\/\",\"name\":\"Parcerias e Clientes - ISQe\",\"isPartOf\":{\"@id\":\"https:\/\/www.isqe.com\/#website\"},\"primaryImageOfPage\":{\"@id\":\"https:\/\/www.isqe.com\/parcerias-e-clientes\/#primaryimage\"},\"image\":{\"@id\":\"https:\/\/www.isqe.com\/parcerias-e-clientes\/#primaryimage\"},\"thumbnailUrl\":\"https:\/\/www.isqe.com\/wp-content\/uploads\/2022\/01\/parcerias-e-clientes-ISQe.jpg\",\"datePublished\":\"2021-12-29T14:38:00+00:00\",\"dateModified\":\"2022-06-09T20:17:07+00:00\",\"description\":\"Temos como Clientes as principais empresas nacionais na \u00e1rea da Banca, Seguros, Distribui\u00e7\u00e3o, Energia e Telecomunica\u00e7\u00f5es.\",\"breadcrumb\":{\"@id\":\"https:\/\/www.isqe.com\/parcerias-e-clientes\/#breadcrumb\"},\"inLanguage\":\"es\",\"potentialAction\":[{\"@type\":\"ReadAction\",\"target\":[\"https:\/\/www.isqe.com\/parcerias-e-clientes\/\"]}]},{\"@type\":\"ImageObject\",\"inLanguage\":\"es\",\"@id\":\"https:\/\/www.isqe.com\/parcerias-e-clientes\/#primaryimage\",\"url\":\"https:\/\/www.isqe.com\/wp-content\/uploads\/2022\/01\/parcerias-e-clientes-ISQe.jpg\",\"contentUrl\":\"https:\/\/www.isqe.com\/wp-content\/uploads\/2022\/01\/parcerias-e-clientes-ISQe.jpg\",\"width\":1289,\"height\":468,\"caption\":\"parcerias-e-clientes-isqe\"},{\"@type\":\"BreadcrumbList\",\"@id\":\"https:\/\/www.isqe.com\/parcerias-e-clientes\/#breadcrumb\",\"itemListElement\":[{\"@type\":\"ListItem\",\"position\":1,\"name\":\"In\u00edcio\",\"item\":\"https:\/\/www.isqe.com\/\"},{\"@type\":\"ListItem\",\"position\":2,\"name\":\"Parcerias e Clientes\"}]},{\"@type\":\"WebSite\",\"@id\":\"https:\/\/www.isqe.com\/#website\",\"url\":\"https:\/\/www.isqe.com\/\",\"name\":\"ISQe\",\"description\":\"Engaging People\",\"publisher\":{\"@id\":\"https:\/\/www.isqe.com\/#organization\"},\"potentialAction\":[{\"@type\":\"SearchAction\",\"target\":{\"@type\":\"EntryPoint\",\"urlTemplate\":\"https:\/\/www.isqe.com\/?s={search_term_string}\"},\"query-input\":{\"@type\":\"PropertyValueSpecification\",\"valueRequired\":true,\"valueName\":\"search_term_string\"}}],\"inLanguage\":\"es\"},{\"@type\":\"Organization\",\"@id\":\"https:\/\/www.isqe.com\/#organization\",\"name\":\"ISQe\",\"url\":\"https:\/\/www.isqe.com\/\",\"logo\":{\"@type\":\"ImageObject\",\"inLanguage\":\"es\",\"@id\":\"https:\/\/www.isqe.com\/#\/schema\/logo\/image\/\",\"url\":\"https:\/\/www.isqe.com\/wp-content\/uploads\/2022\/01\/ISQe-logotipo-web.png\",\"contentUrl\":\"https:\/\/www.isqe.com\/wp-content\/uploads\/2022\/01\/ISQe-logotipo-web.png\",\"width\":842,\"height\":596,\"caption\":\"ISQe\"},\"image\":{\"@id\":\"https:\/\/www.isqe.com\/#\/schema\/logo\/image\/\"},\"sameAs\":[\"https:\/\/www.facebook.com\/ISQe.Engaging.People\",\"https:\/\/www.instagram.com\/isqe.engage.people\/\",\"https:\/\/pt.linkedin.com\/company\/isqe\",\"https:\/\/www.youtube.com\/channel\/UChrGaLoIk_sh__ZEoCzBjxA\/featured\"]}]}<\/script>\n<!-- \/ Yoast SEO plugin. -->","yoast_head_json":{"title":"Parcerias e Clientes - ISQe","description":"Temos como Clientes as principais empresas nacionais na \u00e1rea da Banca, Seguros, Distribui\u00e7\u00e3o, Energia e Telecomunica\u00e7\u00f5es.","robots":{"index":"index","follow":"follow","max-snippet":"max-snippet:-1","max-image-preview":"max-image-preview:large","max-video-preview":"max-video-preview:-1"},"canonical":"https:\/\/www.isqe.com\/es\/parcerias-e-clientes\/","og_locale":"es_ES","og_type":"article","og_title":"Parcerias e Clientes - ISQe","og_description":"Temos como Clientes as principais empresas nacionais na \u00e1rea da Banca, Seguros, Distribui\u00e7\u00e3o, Energia e Telecomunica\u00e7\u00f5es.","og_url":"https:\/\/www.isqe.com\/es\/parcerias-e-clientes\/","og_site_name":"ISQe","article_publisher":"https:\/\/www.facebook.com\/ISQe.Engaging.People","article_modified_time":"2022-06-09T20:17:07+00:00","og_image":[{"width":1289,"height":468,"url":"https:\/\/www.isqe.com\/wp-content\/uploads\/2022\/01\/parcerias-e-clientes-ISQe.jpg","type":"image\/jpeg"}],"twitter_card":"summary_large_image","twitter_misc":{"Tiempo de lectura":"3 minutos"},"schema":{"@context":"https:\/\/schema.org","@graph":[{"@type":"WebPage","@id":"https:\/\/www.isqe.com\/parcerias-e-clientes\/","url":"https:\/\/www.isqe.com\/parcerias-e-clientes\/","name":"Parcerias e Clientes - ISQe","isPartOf":{"@id":"https:\/\/www.isqe.com\/#website"},"primaryImageOfPage":{"@id":"https:\/\/www.isqe.com\/parcerias-e-clientes\/#primaryimage"},"image":{"@id":"https:\/\/www.isqe.com\/parcerias-e-clientes\/#primaryimage"},"thumbnailUrl":"https:\/\/www.isqe.com\/wp-content\/uploads\/2022\/01\/parcerias-e-clientes-ISQe.jpg","datePublished":"2021-12-29T14:38:00+00:00","dateModified":"2022-06-09T20:17:07+00:00","description":"Temos como Clientes as principais empresas nacionais na \u00e1rea da Banca, Seguros, Distribui\u00e7\u00e3o, Energia e Telecomunica\u00e7\u00f5es.","breadcrumb":{"@id":"https:\/\/www.isqe.com\/parcerias-e-clientes\/#breadcrumb"},"inLanguage":"es","potentialAction":[{"@type":"ReadAction","target":["https:\/\/www.isqe.com\/parcerias-e-clientes\/"]}]},{"@type":"ImageObject","inLanguage":"es","@id":"https:\/\/www.isqe.com\/parcerias-e-clientes\/#primaryimage","url":"https:\/\/www.isqe.com\/wp-content\/uploads\/2022\/01\/parcerias-e-clientes-ISQe.jpg","contentUrl":"https:\/\/www.isqe.com\/wp-content\/uploads\/2022\/01\/parcerias-e-clientes-ISQe.jpg","width":1289,"height":468,"caption":"parcerias-e-clientes-isqe"},{"@type":"BreadcrumbList","@id":"https:\/\/www.isqe.com\/parcerias-e-clientes\/#breadcrumb","itemListElement":[{"@type":"ListItem","position":1,"name":"In\u00edcio","item":"https:\/\/www.isqe.com\/"},{"@type":"ListItem","position":2,"name":"Parcerias e Clientes"}]},{"@type":"WebSite","@id":"https:\/\/www.isqe.com\/#website","url":"https:\/\/www.isqe.com\/","name":"ISQe","description":"Engaging People","publisher":{"@id":"https:\/\/www.isqe.com\/#organization"},"potentialAction":[{"@type":"SearchAction","target":{"@type":"EntryPoint","urlTemplate":"https:\/\/www.isqe.com\/?s={search_term_string}"},"query-input":{"@type":"PropertyValueSpecification","valueRequired":true,"valueName":"search_term_string"}}],"inLanguage":"es"},{"@type":"Organization","@id":"https:\/\/www.isqe.com\/#organization","name":"ISQe","url":"https:\/\/www.isqe.com\/","logo":{"@type":"ImageObject","inLanguage":"es","@id":"https:\/\/www.isqe.com\/#\/schema\/logo\/image\/","url":"https:\/\/www.isqe.com\/wp-content\/uploads\/2022\/01\/ISQe-logotipo-web.png","contentUrl":"https:\/\/www.isqe.com\/wp-content\/uploads\/2022\/01\/ISQe-logotipo-web.png","width":842,"height":596,"caption":"ISQe"},"image":{"@id":"https:\/\/www.isqe.com\/#\/schema\/logo\/image\/"},"sameAs":["https:\/\/www.facebook.com\/ISQe.Engaging.People","https:\/\/www.instagram.com\/isqe.engage.people\/","https:\/\/pt.linkedin.com\/company\/isqe","https:\/\/www.youtube.com\/channel\/UChrGaLoIk_sh__ZEoCzBjxA\/featured"]}]}},"_links":{"self":[{"href":"https:\/\/www.isqe.com\/es\/wp-json\/wp\/v2\/pages\/15298","targetHints":{"allow":["GET"]}}],"collection":[{"href":"https:\/\/www.isqe.com\/es\/wp-json\/wp\/v2\/pages"}],"about":[{"href":"https:\/\/www.isqe.com\/es\/wp-json\/wp\/v2\/types\/page"}],"author":[{"embeddable":true,"href":"https:\/\/www.isqe.com\/es\/wp-json\/wp\/v2\/users\/3"}],"replies":[{"embeddable":true,"href":"https:\/\/www.isqe.com\/es\/wp-json\/wp\/v2\/comments?post=15298"}],"version-history":[{"count":98,"href":"https:\/\/www.isqe.com\/es\/wp-json\/wp\/v2\/pages\/15298\/revisions"}],"predecessor-version":[{"id":17484,"href":"https:\/\/www.isqe.com\/es\/wp-json\/wp\/v2\/pages\/15298\/revisions\/17484"}],"wp:featuredmedia":[{"embeddable":true,"href":"https:\/\/www.isqe.com\/es\/wp-json\/wp\/v2\/media\/15893"}],"wp:attachment":[{"href":"https:\/\/www.isqe.com\/es\/wp-json\/wp\/v2\/media?parent=15298"}],"curies":[{"name":"wp","href":"https:\/\/api.w.org\/{rel}","templated":true}]}}