{"id":3,"date":"2022-06-14T19:00:34","date_gmt":"2022-06-14T19:00:34","guid":{"rendered":"https:\/\/www.isqe.com\/?page_id=3"},"modified":"2025-09-25T16:24:15","modified_gmt":"2025-09-25T16:24:15","slug":"politica-privacidade","status":"publish","type":"page","link":"https:\/\/www.isqe.com\/en\/politica-privacidade\/","title":{"rendered":"Pol\u00edtica de privacidade"},"content":{"rendered":"<div class=\"wpb-content-wrapper\"><div      class=\"vc_row wpb_row section vc_row-fluid  vc_custom_1641549143511\" style=' text-align:left;'><div class=\"full_section_inner clearfix\"><div class=\"wpb_column vc_column_container vc_col-sm-12 vc_col-has-fill\"><div class=\"vc_column-inner vc_custom_1640876880078\"><div class=\"wpb_wrapper\">\n\t<div class=\"wpb_text_column wpb_content_element\">\n\t\t<div class=\"wpb_wrapper\">\n\t\t\t<h2 class=\"padding-top-50 padding-bottom-20\" align=\"center\"><strong>ISQe Privacy and Information Security Policy<\/strong><\/h2>\n\n\t\t<\/div>\n\t<\/div><div class=\"separator  transparent\" style=\"margin-top: 30px;\"><\/div>\n\t<div class=\"wpb_text_column wpb_content_element  vc_custom_1758817431650\">\n\t\t<div class=\"wpb_wrapper\">\n\t\t\t<p>The ISQe Privacy and Information Security Policy defines the general principles that guide the protection and\nmanagement of assets under the responsibility of ISQe, within its Privacy and Information Security Management,\nensuring a systematic and effective approach to ensure the confidentiality, integrity, availability and quality of\nthe data and systems under its management. The ISQe Management when establishing the Privacy and Security\nManagement System (IS), assumes the commitments defined in this policy integrated into the Integrated\nManagement System (IS), aligned with the following standards and requirements:<\/p>\n<p>&nbsp;<\/p>\n<p>\u2022 ISO\/IEC 27001:2022 \u2013 Information Security, Cybersecurity and Privacy Protection: Information Security Management Systems (Requirements).<br \/>\n\u2022 ISO\/IEC 27701:2019 \u2013 Private Information Management (Privacy Information Management) extension.<br \/>\n\u2022 Applicable laws and regulations on information security, cybersecurity and data protection.<\/p>\n<p>&nbsp;<\/p>\n<p>The loss or theft of information or personal data may have serious legal, financial and\/or reputational\nconsequences, ISQe is committed to safeguarding the privacy, confidentiality, integrity and availability of your\ninformation or business partners. This information is an essential asset for ISQe, taking various forms such as\nphysical documents, electronic records or communications transmitted by digital means. Regardless of the\nsupport, use or format, it is essential to ensure adequate protection of information based on its relevance and\nvalue.<\/p>\n<p>This commitment includes the integration of privacy and information security requirements into organizational processes and ensuring that the resources necessary for their implementation are properly secured. The ISQe Management also recognizes its responsibility to stakeholders and commits itself to ensuring that:<\/p>\n<p>\u2022 There is adequate management in the field of Information Security, Cybersecurity and Privacy\nProtection;<br \/>\n\u2022 The information is protected against unauthorized access;<br \/>\n\u2022 The information is only accessible by people and processes duly authorized for this purpose;<br \/>\n\u2022 The integrity of information is maintained through the accuracy of information and processing\nmethods;<br \/>\n\u2022 All applicable laws and regulations are respected;<br \/>\n\u2022 Information security when business continuity is appropriate, maintained and regularly tested;<br \/>\n\u2022 All information security breaches detected or suspected are investigated by the competent areas;<br \/>\n\u2022 All your business partners know, always, the rules and principles relating to the protection and\nprocessing of personal data (transparency);<br \/>\n\u2022 Personal data is processed lawfully and impartially (lawfulness and loyalty);<br \/>\n\u2022 Personal data is collected and processed for specific, explicit and legitimate purposes (purpose\nlimitation) and stored only for the necessary period (retention limitation);<\/p>\n<p>\u2022 Personal data is adequate, relevant and limited to what is necessary, considering the purposes for which it is processed (data minimization);<br \/>\n\u2022 Personal data is accurate and, where necessary, rectified and updated (accuracy).<\/p>\n<p>&nbsp;<\/p>\n<p>Ensuring this commitment, ISQe maintains an Integrated Privacy and Information Security Management System (also referred to as the Integrated-IS System) consisting of this policy and other related documented information, being that it has been designed to maintain, review and continuously improve the privacy and security of information, based on an assessment and treatment of existing risks and ensuring compliance with the Continuous Improvement Cycle presented in the ISQe Government Model.<\/p>\n<p>&nbsp;<\/p>\n<p><strong>1.1. Objectives of the Integrated System<\/strong><br \/>\nThe main objectives of IS are:<\/p>\n<p>1. Provide information security in accordance with relevant business requirements, laws and regulations;<br \/>\n2. Manage the organization\u2019s assets while maintaining appropriate protection responsibilities;<br \/>\n3. Manage the organization\u2019s assets while maintaining appropriate protection responsibilities;<br \/>\n4. Ensure the access of authorized users and prevent unauthorized access to systems and services;<br \/>\n5. Prevent unauthorized physical access, damage and interference to the information and information\nprocessing resources of the organization;<br \/>\n6. Prevent exploitation of technical vulnerabilities;<br \/>\n7. Ensure that information security is designed and implemented within the lifecycle of information\nsystems development;<br \/>\n8. Ensure a consistent and effective approach to information security incident management, including\nreporting of events and security vulnerabilities;<br \/>\n9. Ensure information security continuity in the organization\u2019s business continuity management systems;<br \/>\n10. Contribute to a culture of information security, in a logic of continuous improvement;<br \/>\n11. Ensure that the data is processed in a lawful, fair and transparent manner;<br \/>\n12. Ensure that data is accurate and updated whenever necessary;<br \/>\n13. Ensure that the retention period of personal data is the minimum in accordance with legal\nrequirements or business continuity;<br \/>\n14. Ensure that personal data is processed in a manner that maintains its integrity and confidentiality.<\/p>\n<p>&nbsp;<\/p>\n<p><strong>2. Responsibilities<\/strong><\/p>\n<p>In the context of IS, the highest organ of the company is its Managing Director, who will be responsible for:<\/p>\n<p>\u2022 Ensure that the IS is part of, and integrated with the organization\u2019s processes and with the overall\nmanagement structure;<\/p>\n<p>\u2022 Maintain a formally operational Privacy and Information Security Committee, with the responsibility of planning, guiding, defining, monitoring and controlling initiatives and measures related to privacy and information security;<br \/>\n\u2022 Keep formally appointed the Chief Information Security Officer (CISO) who will be the privileged\ninterlocutor with the other structures of the organization in IS management activities within the scope of information security;<br \/>\n\u2022 Keep formally appointed the Data Protection Officer (DPO) - Data Protection Officer who will be the privileged interlocutor with the other structures of the organization in IS management activities within the scope of data privacy.<\/p>\n<p>All Department Coordinators should be aware of the need for business and support processes to comply with the organization\u2019s privacy and information security policies, as well as the obligation to implement, in their areas, the initiatives that are necessary for this.<\/p>\n<p>All employees, as well as third parties, who in some way may interact with information from business partners, employees and ISQe itself, are required to comply with and enforce all rules of privacy and information security, should promptly report to the CISO or DPO any event that may cause, or has caused, a breach of privacy or information security via email to infosec@ISQe.com.<\/p>\n<p>The employees, as well as third parties, may be disciplined or judicially liable in case of non-compliance with privacy and information security policies and standards established by ISQe.<\/p>\n<p>&nbsp;<\/p>\n<p><strong>3. Maintenance<\/strong><\/p>\n<p>The Privacy and Information Security Policy is periodically reviewed ensuring that it remains appropriate to ISQe, being communicated and made available to all employees, and other interested parties if necessary.<\/p>\n<p>Pedro Correia<br \/>\nManaging Director<\/p>\n\n\t\t<\/div>\n\t<\/div><div class=\"separator  transparent\" style=\"margin-top: 30px;\"><\/div><div class=\"separator  transparent\" style=\"\"><\/div>\n\t<div class=\"wpb_text_column wpb_content_element\">\n\t\t<div class=\"wpb_wrapper\">\n\t\t\t\n\t\t<\/div>\n\t<\/div><\/div><\/div><\/div><\/div><\/div>\n<\/div>","protected":false},"excerpt":{"rendered":"Pol\u00edtica de Privacidade e Seguran\u00e7a da Informa\u00e7\u00e3o\u00a0do ISQe A Pol\u00edtica de Privacidade e Seguran\u00e7a da Informa\u00e7\u00e3o do ISQe, define os princ\u00edpios gerais que orientam a protec\u00e7\u00e3o e a gest\u00e3o dos activos sob a responsabilidade do ISQe, no \u00e2mbito da sua Gest\u00e3o da Privacidade e Seguran\u00e7a...","protected":false},"author":3,"featured_media":0,"parent":0,"menu_order":0,"comment_status":"closed","ping_status":"open","template":"","meta":{"_monsterinsights_skip_tracking":false,"_monsterinsights_sitenote_active":false,"_monsterinsights_sitenote_note":"","_monsterinsights_sitenote_category":0,"footnotes":""},"class_list":["post-3","page","type-page","status-publish","hentry"],"yoast_head":"<!-- This site is optimized with the Yoast SEO plugin v26.6 - https:\/\/yoast.com\/wordpress\/plugins\/seo\/ -->\n<title>Pol\u00edtica de privacidade - ISQe<\/title>\n<meta name=\"description\" content=\"A prote\u00e7\u00e3o no tratamento de informa\u00e7\u00e3o de parceiros de neg\u00f3cio e dados pessoais sob responsabilidade do ISQe de forma consistente com os ...\" \/>\n<meta name=\"robots\" content=\"index, follow, max-snippet:-1, max-image-preview:large, max-video-preview:-1\" \/>\n<link rel=\"canonical\" href=\"https:\/\/www.isqe.com\/en\/politica-privacidade\/\" \/>\n<meta property=\"og:locale\" content=\"en_US\" \/>\n<meta property=\"og:type\" content=\"article\" \/>\n<meta property=\"og:title\" content=\"Pol\u00edtica de privacidade - ISQe\" \/>\n<meta property=\"og:description\" content=\"A prote\u00e7\u00e3o no tratamento de informa\u00e7\u00e3o de parceiros de neg\u00f3cio e dados pessoais sob responsabilidade do ISQe de forma consistente com os ...\" \/>\n<meta property=\"og:url\" content=\"https:\/\/www.isqe.com\/en\/politica-privacidade\/\" \/>\n<meta property=\"og:site_name\" content=\"ISQe\" \/>\n<meta property=\"article:publisher\" content=\"https:\/\/www.facebook.com\/ISQe.Engaging.People\" \/>\n<meta property=\"article:modified_time\" content=\"2025-09-25T16:24:15+00:00\" \/>\n<meta name=\"twitter:card\" content=\"summary_large_image\" \/>\n<meta name=\"twitter:label1\" content=\"Est. reading time\" \/>\n\t<meta name=\"twitter:data1\" content=\"7 minutes\" \/>\n<script type=\"application\/ld+json\" class=\"yoast-schema-graph\">{\"@context\":\"https:\/\/schema.org\",\"@graph\":[{\"@type\":\"WebPage\",\"@id\":\"https:\/\/www.isqe.com\/politica-privacidade\/\",\"url\":\"https:\/\/www.isqe.com\/politica-privacidade\/\",\"name\":\"Pol\u00edtica de privacidade - ISQe\",\"isPartOf\":{\"@id\":\"https:\/\/www.isqe.com\/#website\"},\"datePublished\":\"2022-06-14T19:00:34+00:00\",\"dateModified\":\"2025-09-25T16:24:15+00:00\",\"description\":\"A prote\u00e7\u00e3o no tratamento de informa\u00e7\u00e3o de parceiros de neg\u00f3cio e dados pessoais sob responsabilidade do ISQe de forma consistente com os ...\",\"breadcrumb\":{\"@id\":\"https:\/\/www.isqe.com\/politica-privacidade\/#breadcrumb\"},\"inLanguage\":\"en-US\",\"potentialAction\":[{\"@type\":\"ReadAction\",\"target\":[\"https:\/\/www.isqe.com\/politica-privacidade\/\"]}]},{\"@type\":\"BreadcrumbList\",\"@id\":\"https:\/\/www.isqe.com\/politica-privacidade\/#breadcrumb\",\"itemListElement\":[{\"@type\":\"ListItem\",\"position\":1,\"name\":\"In\u00edcio\",\"item\":\"https:\/\/www.isqe.com\/\"},{\"@type\":\"ListItem\",\"position\":2,\"name\":\"Pol\u00edtica de privacidade\"}]},{\"@type\":\"WebSite\",\"@id\":\"https:\/\/www.isqe.com\/#website\",\"url\":\"https:\/\/www.isqe.com\/\",\"name\":\"ISQe\",\"description\":\"Engaging People\",\"publisher\":{\"@id\":\"https:\/\/www.isqe.com\/#organization\"},\"potentialAction\":[{\"@type\":\"SearchAction\",\"target\":{\"@type\":\"EntryPoint\",\"urlTemplate\":\"https:\/\/www.isqe.com\/?s={search_term_string}\"},\"query-input\":{\"@type\":\"PropertyValueSpecification\",\"valueRequired\":true,\"valueName\":\"search_term_string\"}}],\"inLanguage\":\"en-US\"},{\"@type\":\"Organization\",\"@id\":\"https:\/\/www.isqe.com\/#organization\",\"name\":\"ISQe\",\"url\":\"https:\/\/www.isqe.com\/\",\"logo\":{\"@type\":\"ImageObject\",\"inLanguage\":\"en-US\",\"@id\":\"https:\/\/www.isqe.com\/#\/schema\/logo\/image\/\",\"url\":\"https:\/\/www.isqe.com\/wp-content\/uploads\/2022\/01\/ISQe-logotipo-web.png\",\"contentUrl\":\"https:\/\/www.isqe.com\/wp-content\/uploads\/2022\/01\/ISQe-logotipo-web.png\",\"width\":842,\"height\":596,\"caption\":\"ISQe\"},\"image\":{\"@id\":\"https:\/\/www.isqe.com\/#\/schema\/logo\/image\/\"},\"sameAs\":[\"https:\/\/www.facebook.com\/ISQe.Engaging.People\",\"https:\/\/www.instagram.com\/isqe.engage.people\/\",\"https:\/\/pt.linkedin.com\/company\/isqe\",\"https:\/\/www.youtube.com\/channel\/UChrGaLoIk_sh__ZEoCzBjxA\/featured\"]}]}<\/script>\n<!-- \/ Yoast SEO plugin. -->","yoast_head_json":{"title":"Pol\u00edtica de privacidade - ISQe","description":"A prote\u00e7\u00e3o no tratamento de informa\u00e7\u00e3o de parceiros de neg\u00f3cio e dados pessoais sob responsabilidade do ISQe de forma consistente com os ...","robots":{"index":"index","follow":"follow","max-snippet":"max-snippet:-1","max-image-preview":"max-image-preview:large","max-video-preview":"max-video-preview:-1"},"canonical":"https:\/\/www.isqe.com\/en\/politica-privacidade\/","og_locale":"en_US","og_type":"article","og_title":"Pol\u00edtica de privacidade - ISQe","og_description":"A prote\u00e7\u00e3o no tratamento de informa\u00e7\u00e3o de parceiros de neg\u00f3cio e dados pessoais sob responsabilidade do ISQe de forma consistente com os ...","og_url":"https:\/\/www.isqe.com\/en\/politica-privacidade\/","og_site_name":"ISQe","article_publisher":"https:\/\/www.facebook.com\/ISQe.Engaging.People","article_modified_time":"2025-09-25T16:24:15+00:00","twitter_card":"summary_large_image","twitter_misc":{"Est. reading time":"7 minutes"},"schema":{"@context":"https:\/\/schema.org","@graph":[{"@type":"WebPage","@id":"https:\/\/www.isqe.com\/politica-privacidade\/","url":"https:\/\/www.isqe.com\/politica-privacidade\/","name":"Pol\u00edtica de privacidade - ISQe","isPartOf":{"@id":"https:\/\/www.isqe.com\/#website"},"datePublished":"2022-06-14T19:00:34+00:00","dateModified":"2025-09-25T16:24:15+00:00","description":"A prote\u00e7\u00e3o no tratamento de informa\u00e7\u00e3o de parceiros de neg\u00f3cio e dados pessoais sob responsabilidade do ISQe de forma consistente com os ...","breadcrumb":{"@id":"https:\/\/www.isqe.com\/politica-privacidade\/#breadcrumb"},"inLanguage":"en-US","potentialAction":[{"@type":"ReadAction","target":["https:\/\/www.isqe.com\/politica-privacidade\/"]}]},{"@type":"BreadcrumbList","@id":"https:\/\/www.isqe.com\/politica-privacidade\/#breadcrumb","itemListElement":[{"@type":"ListItem","position":1,"name":"In\u00edcio","item":"https:\/\/www.isqe.com\/"},{"@type":"ListItem","position":2,"name":"Pol\u00edtica de privacidade"}]},{"@type":"WebSite","@id":"https:\/\/www.isqe.com\/#website","url":"https:\/\/www.isqe.com\/","name":"ISQe","description":"Engaging People","publisher":{"@id":"https:\/\/www.isqe.com\/#organization"},"potentialAction":[{"@type":"SearchAction","target":{"@type":"EntryPoint","urlTemplate":"https:\/\/www.isqe.com\/?s={search_term_string}"},"query-input":{"@type":"PropertyValueSpecification","valueRequired":true,"valueName":"search_term_string"}}],"inLanguage":"en-US"},{"@type":"Organization","@id":"https:\/\/www.isqe.com\/#organization","name":"ISQe","url":"https:\/\/www.isqe.com\/","logo":{"@type":"ImageObject","inLanguage":"en-US","@id":"https:\/\/www.isqe.com\/#\/schema\/logo\/image\/","url":"https:\/\/www.isqe.com\/wp-content\/uploads\/2022\/01\/ISQe-logotipo-web.png","contentUrl":"https:\/\/www.isqe.com\/wp-content\/uploads\/2022\/01\/ISQe-logotipo-web.png","width":842,"height":596,"caption":"ISQe"},"image":{"@id":"https:\/\/www.isqe.com\/#\/schema\/logo\/image\/"},"sameAs":["https:\/\/www.facebook.com\/ISQe.Engaging.People","https:\/\/www.instagram.com\/isqe.engage.people\/","https:\/\/pt.linkedin.com\/company\/isqe","https:\/\/www.youtube.com\/channel\/UChrGaLoIk_sh__ZEoCzBjxA\/featured"]}]}},"_links":{"self":[{"href":"https:\/\/www.isqe.com\/en\/wp-json\/wp\/v2\/pages\/3","targetHints":{"allow":["GET"]}}],"collection":[{"href":"https:\/\/www.isqe.com\/en\/wp-json\/wp\/v2\/pages"}],"about":[{"href":"https:\/\/www.isqe.com\/en\/wp-json\/wp\/v2\/types\/page"}],"author":[{"embeddable":true,"href":"https:\/\/www.isqe.com\/en\/wp-json\/wp\/v2\/users\/3"}],"replies":[{"embeddable":true,"href":"https:\/\/www.isqe.com\/en\/wp-json\/wp\/v2\/comments?post=3"}],"version-history":[{"count":22,"href":"https:\/\/www.isqe.com\/en\/wp-json\/wp\/v2\/pages\/3\/revisions"}],"predecessor-version":[{"id":19188,"href":"https:\/\/www.isqe.com\/en\/wp-json\/wp\/v2\/pages\/3\/revisions\/19188"}],"wp:attachment":[{"href":"https:\/\/www.isqe.com\/en\/wp-json\/wp\/v2\/media?parent=3"}],"curies":[{"name":"wp","href":"https:\/\/api.w.org\/{rel}","templated":true}]}}