{"id":19404,"date":"2026-01-13T12:09:57","date_gmt":"2026-01-13T12:09:57","guid":{"rendered":"https:\/\/www.isqe.com\/?page_id=19404"},"modified":"2026-01-13T12:13:04","modified_gmt":"2026-01-13T12:13:04","slug":"e-books-isqe","status":"publish","type":"page","link":"https:\/\/www.isqe.com\/en\/e-books-isqe\/","title":{"rendered":"e-Books"},"content":{"rendered":"<div class=\"wpb-content-wrapper\"><div class=\"vc_row wpb_row section vc_row-fluid  vc_custom_1641394844318\" style=' text-align:left;'><div class=\"full_section_inner clearfix\"><div class=\"wpb_column vc_column_container vc_col-sm-12\"><div class=\"vc_column-inner\"><div class=\"wpb_wrapper\"><div class='q_elements_holder two_columns eh_two_columns_66_33 responsive_mode_from_768' ><div class='q_elements_item' data-animation='no' data-item-class='q_elements_holder_custom_594662' style='background-image: url(https:\/\/www.isqe.com\/wp-content\/uploads\/2022\/01\/web-mobile-isqe.jpg);background-position: center;background-size: cover;'><div class='q_elements_item_inner'><div class='q_elements_item_content q_elements_holder_custom_594662'><\/div><\/div><\/div><div class='q_elements_item' data-animation='no' data-item-class='q_elements_holder_custom_346373' style='background-color:#ed1b34;'><div class='q_elements_item_inner'><div class='q_elements_item_content q_elements_holder_custom_346373' style='padding:20% 10% 20% 10%'>\n\t<div class=\"wpb_text_column wpb_content_element\">\n\t\t<div class=\"wpb_wrapper\">\n\t\t\t<h2 style=\"text-align: left;\"><span style=\"color: #fff; font-size: 74px; text-transform: lowercase; letter-spacing: -4px; line-height: 0.9em;\">e-Books<\/span><\/h2>\n\n\t\t<\/div>\n\t<\/div><div class=\"separator  small left\" style=\"margin-top: 12px;background-color: #9d0b0f;\"><\/div><div class=\"vc_empty_space\"  style=\"height: 100px\" >\n\t<span class=\"vc_empty_space_inner\">\n\t\t<span class=\"empty_space_image\"  ><\/span>\n\t<\/span>\n<\/div><\/div><\/div><\/div><\/div><\/div><\/div><\/div><\/div><\/div><div      class=\"vc_row wpb_row section vc_row-fluid  bg_ebooks_home vc_custom_1767012952706 grid_section\" style='background-color:#ffffff; padding-top:87px; padding-bottom:34px; text-align:center;'><div class=\"section_inner clearfix\"><div class='section_inner_margin clearfix'><div class=\"wpb_column vc_column_container vc_col-sm-6\"><div class=\"vc_column-inner\"><div class=\"wpb_wrapper\">\n\t<div class=\"wpb_single_image wpb_content_element vc_align_center\">\n\t\t<div class=\"wpb_wrapper\">\n\t\t\t\n\t\t\t<div class=\"vc_single_image-wrapper   vc_box_border_grey\"><img loading=\"lazy\" decoding=\"async\" width=\"1050\" height=\"487\" src=\"https:\/\/www.isqe.com\/wp-content\/uploads\/2025\/12\/ebook_img_01.jpg\" class=\"vc_single_image-img attachment-full\" alt=\"\" title=\"ebook_img_01\" srcset=\"https:\/\/www.isqe.com\/wp-content\/uploads\/2025\/12\/ebook_img_01.jpg 1050w, https:\/\/www.isqe.com\/wp-content\/uploads\/2025\/12\/ebook_img_01-300x139.jpg 300w, https:\/\/www.isqe.com\/wp-content\/uploads\/2025\/12\/ebook_img_01-1024x475.jpg 1024w, https:\/\/www.isqe.com\/wp-content\/uploads\/2025\/12\/ebook_img_01-768x356.jpg 768w, https:\/\/www.isqe.com\/wp-content\/uploads\/2025\/12\/ebook_img_01-18x8.jpg 18w, https:\/\/www.isqe.com\/wp-content\/uploads\/2025\/12\/ebook_img_01-700x325.jpg 700w\" sizes=\"auto, (max-width: 1050px) 100vw, 1050px\" \/><\/div>\n\t\t<\/div>\n\t<\/div>\n<div class=\"separator  transparent\" style=\"margin-top: 7px;margin-bottom: 38px;\"><\/div>\n\t<div class=\"wpb_text_column wpb_content_element\">\n\t\t<div class=\"wpb_wrapper\">\n\t\t\t<h3 style=\"text-align: center;\">Powerskills, the new DNA of Talent<\/h3>\n\n\t\t<\/div>\n\t<\/div>\n\t<div class=\"wpb_text_column wpb_content_element\">\n\t\t<div class=\"wpb_wrapper\">\n\t\t\t<p style=\"text-align: center;\">The Human Advantage:<br \/>\nThe New Talent Architecture based on Powerskills<\/p>\n\n\t\t<\/div>\n\t<\/div><div class=\"separator  transparent\" style=\"margin-top: 7px;margin-bottom: 38px;\"><\/div><a  itemprop=\"url\" href=\"https:\/\/learn.isqe.pt\/eBookPowerskillsISQe\/index.html#1\" target=\"_self\" data-hover-background-color=\"#000000\" data-hover-border-color=\"#000000\" class=\"qbutton  center default\" style=\"\">Request a free eBook<\/a><div class=\"vc_empty_space\"  style=\"height: 50px\" >\n\t<span class=\"vc_empty_space_inner\">\n\t\t<span class=\"empty_space_image\"  ><\/span>\n\t<\/span>\n<\/div><\/div><\/div><\/div><div class=\"wpb_column vc_column_container vc_col-sm-6\"><div class=\"vc_column-inner\"><div class=\"wpb_wrapper\">\n\t<div class=\"wpb_single_image wpb_content_element vc_align_center\">\n\t\t<div class=\"wpb_wrapper\">\n\t\t\t\n\t\t\t<div class=\"vc_single_image-wrapper   vc_box_border_grey\"><img loading=\"lazy\" decoding=\"async\" width=\"1050\" height=\"487\" src=\"https:\/\/www.isqe.com\/wp-content\/uploads\/2025\/12\/ebook_img_02.jpg\" class=\"vc_single_image-img attachment-full\" alt=\"\" title=\"ebook_img_02\" srcset=\"https:\/\/www.isqe.com\/wp-content\/uploads\/2025\/12\/ebook_img_02.jpg 1050w, https:\/\/www.isqe.com\/wp-content\/uploads\/2025\/12\/ebook_img_02-300x139.jpg 300w, https:\/\/www.isqe.com\/wp-content\/uploads\/2025\/12\/ebook_img_02-1024x475.jpg 1024w, https:\/\/www.isqe.com\/wp-content\/uploads\/2025\/12\/ebook_img_02-768x356.jpg 768w, https:\/\/www.isqe.com\/wp-content\/uploads\/2025\/12\/ebook_img_02-18x8.jpg 18w, https:\/\/www.isqe.com\/wp-content\/uploads\/2025\/12\/ebook_img_02-700x325.jpg 700w\" sizes=\"auto, (max-width: 1050px) 100vw, 1050px\" \/><\/div>\n\t\t<\/div>\n\t<\/div>\n<div class=\"separator  transparent\" style=\"margin-top: 7px;margin-bottom: 38px;\"><\/div>\n\t<div class=\"wpb_text_column wpb_content_element\">\n\t\t<div class=\"wpb_wrapper\">\n\t\t\t<h3 style=\"text-align: center;\">Leadership in the Age of AI Agents<\/h3>\n\n\t\t<\/div>\n\t<\/div>\n\t<div class=\"wpb_text_column wpb_content_element\">\n\t\t<div class=\"wpb_wrapper\">\n\t\t\t<p style=\"text-align: center;\">Connect 2025 Takeaways. Leaders, experts and strategic partners to discuss the future of talent management.<\/p>\n\n\t\t<\/div>\n\t<\/div><div class=\"separator  transparent\" style=\"margin-top: 7px;margin-bottom: 38px;\"><\/div><a  itemprop=\"url\" href=\"https:\/\/learn.isqe.pt\/eBookConnect2025Takeaways\/index.html#1\" target=\"_self\" data-hover-background-color=\"#000000\" data-hover-border-color=\"#000000\" class=\"qbutton  center default\" style=\"\">Request a free eBook<\/a><div class=\"vc_empty_space\"  style=\"height: 50px\" >\n\t<span class=\"vc_empty_space_inner\">\n\t\t<span class=\"empty_space_image\"  ><\/span>\n\t<\/span>\n<\/div><\/div><\/div><\/div><\/div><\/div><\/div>\n<\/div>","protected":false},"excerpt":{"rendered":"e-Books Powerskills o novo ADN do Talento The Human Advantage: A Nova Arquitetura do Talento baseada em Powerskills Solicitar ebook gratuito Leadership in the Age of AI Agents Connect 2025 Takeaways. L\u00edderes, especialistas e parceiros estrat\u00e9gicos para discutir o futuro da gest\u00e3o de talento. Solicitar...","protected":false},"author":10,"featured_media":16146,"parent":0,"menu_order":0,"comment_status":"closed","ping_status":"closed","template":"full_width.php","meta":{"_monsterinsights_skip_tracking":false,"_monsterinsights_sitenote_active":false,"_monsterinsights_sitenote_note":"","_monsterinsights_sitenote_category":0,"footnotes":""},"class_list":["post-19404","page","type-page","status-publish","has-post-thumbnail","hentry"],"yoast_head":"<!-- This site is optimized with the Yoast SEO plugin v26.6 - https:\/\/yoast.com\/wordpress\/plugins\/seo\/ -->\n<title>e-Books<\/title>\n<meta name=\"description\" content=\"O ISQe assume-se como uma empresa de refer\u00eancia no mercado portugu\u00eas no desenvolvimento e implementa\u00e7\u00e3o de solu\u00e7\u00f5es de gest\u00e3o do talento.\" \/>\n<meta name=\"robots\" content=\"index, follow, max-snippet:-1, max-image-preview:large, max-video-preview:-1\" \/>\n<link rel=\"canonical\" href=\"https:\/\/www.isqe.com\/en\/e-books-isqe\/\" \/>\n<meta property=\"og:locale\" content=\"en_US\" \/>\n<meta property=\"og:type\" content=\"article\" \/>\n<meta property=\"og:title\" content=\"e-Books\" \/>\n<meta property=\"og:description\" content=\"O ISQe assume-se como uma empresa de refer\u00eancia no mercado portugu\u00eas no desenvolvimento e implementa\u00e7\u00e3o de solu\u00e7\u00f5es de gest\u00e3o do talento.\" \/>\n<meta property=\"og:url\" content=\"https:\/\/www.isqe.com\/en\/e-books-isqe\/\" \/>\n<meta property=\"og:site_name\" content=\"ISQe\" \/>\n<meta property=\"article:publisher\" content=\"https:\/\/www.facebook.com\/ISQe.Engaging.People\" \/>\n<meta property=\"article:modified_time\" content=\"2026-01-13T12:13:04+00:00\" \/>\n<meta property=\"og:image\" content=\"https:\/\/www.isqe.com\/wp-content\/uploads\/2022\/01\/isqe-logo.jpg\" \/>\n\t<meta property=\"og:image:width\" content=\"1000\" \/>\n\t<meta property=\"og:image:height\" content=\"1000\" \/>\n\t<meta property=\"og:image:type\" content=\"image\/jpeg\" \/>\n<meta name=\"twitter:card\" content=\"summary_large_image\" \/>\n<meta name=\"twitter:label1\" content=\"Est. reading time\" \/>\n\t<meta name=\"twitter:data1\" content=\"5 minutes\" \/>\n<script type=\"application\/ld+json\" class=\"yoast-schema-graph\">{\"@context\":\"https:\/\/schema.org\",\"@graph\":[{\"@type\":\"WebPage\",\"@id\":\"https:\/\/www.isqe.com\/e-books-isqe\/\",\"url\":\"https:\/\/www.isqe.com\/e-books-isqe\/\",\"name\":\"e-Books\",\"isPartOf\":{\"@id\":\"https:\/\/www.isqe.com\/#website\"},\"primaryImageOfPage\":{\"@id\":\"https:\/\/www.isqe.com\/e-books-isqe\/#primaryimage\"},\"image\":{\"@id\":\"https:\/\/www.isqe.com\/e-books-isqe\/#primaryimage\"},\"thumbnailUrl\":\"https:\/\/www.isqe.com\/wp-content\/uploads\/2022\/01\/isqe-logo.jpg\",\"datePublished\":\"2026-01-13T12:09:57+00:00\",\"dateModified\":\"2026-01-13T12:13:04+00:00\",\"description\":\"O ISQe assume-se como uma empresa de refer\u00eancia no mercado portugu\u00eas no desenvolvimento e implementa\u00e7\u00e3o de solu\u00e7\u00f5es de gest\u00e3o do talento.\",\"breadcrumb\":{\"@id\":\"https:\/\/www.isqe.com\/e-books-isqe\/#breadcrumb\"},\"inLanguage\":\"en-US\",\"potentialAction\":[{\"@type\":\"ReadAction\",\"target\":[\"https:\/\/www.isqe.com\/e-books-isqe\/\"]}]},{\"@type\":\"ImageObject\",\"inLanguage\":\"en-US\",\"@id\":\"https:\/\/www.isqe.com\/e-books-isqe\/#primaryimage\",\"url\":\"https:\/\/www.isqe.com\/wp-content\/uploads\/2022\/01\/isqe-logo.jpg\",\"contentUrl\":\"https:\/\/www.isqe.com\/wp-content\/uploads\/2022\/01\/isqe-logo.jpg\",\"width\":1000,\"height\":1000},{\"@type\":\"BreadcrumbList\",\"@id\":\"https:\/\/www.isqe.com\/e-books-isqe\/#breadcrumb\",\"itemListElement\":[{\"@type\":\"ListItem\",\"position\":1,\"name\":\"In\u00edcio\",\"item\":\"https:\/\/www.isqe.com\/\"},{\"@type\":\"ListItem\",\"position\":2,\"name\":\"e-Books\"}]},{\"@type\":\"WebSite\",\"@id\":\"https:\/\/www.isqe.com\/#website\",\"url\":\"https:\/\/www.isqe.com\/\",\"name\":\"ISQe\",\"description\":\"Engaging People\",\"publisher\":{\"@id\":\"https:\/\/www.isqe.com\/#organization\"},\"potentialAction\":[{\"@type\":\"SearchAction\",\"target\":{\"@type\":\"EntryPoint\",\"urlTemplate\":\"https:\/\/www.isqe.com\/?s={search_term_string}\"},\"query-input\":{\"@type\":\"PropertyValueSpecification\",\"valueRequired\":true,\"valueName\":\"search_term_string\"}}],\"inLanguage\":\"en-US\"},{\"@type\":\"Organization\",\"@id\":\"https:\/\/www.isqe.com\/#organization\",\"name\":\"ISQe\",\"url\":\"https:\/\/www.isqe.com\/\",\"logo\":{\"@type\":\"ImageObject\",\"inLanguage\":\"en-US\",\"@id\":\"https:\/\/www.isqe.com\/#\/schema\/logo\/image\/\",\"url\":\"https:\/\/www.isqe.com\/wp-content\/uploads\/2022\/01\/ISQe-logotipo-web.png\",\"contentUrl\":\"https:\/\/www.isqe.com\/wp-content\/uploads\/2022\/01\/ISQe-logotipo-web.png\",\"width\":842,\"height\":596,\"caption\":\"ISQe\"},\"image\":{\"@id\":\"https:\/\/www.isqe.com\/#\/schema\/logo\/image\/\"},\"sameAs\":[\"https:\/\/www.facebook.com\/ISQe.Engaging.People\",\"https:\/\/www.instagram.com\/isqe.engage.people\/\",\"https:\/\/pt.linkedin.com\/company\/isqe\",\"https:\/\/www.youtube.com\/channel\/UChrGaLoIk_sh__ZEoCzBjxA\/featured\"]}]}<\/script>\n<!-- \/ Yoast SEO plugin. -->","yoast_head_json":{"title":"e-Books","description":"O ISQe assume-se como uma empresa de refer\u00eancia no mercado portugu\u00eas no desenvolvimento e implementa\u00e7\u00e3o de solu\u00e7\u00f5es de gest\u00e3o do talento.","robots":{"index":"index","follow":"follow","max-snippet":"max-snippet:-1","max-image-preview":"max-image-preview:large","max-video-preview":"max-video-preview:-1"},"canonical":"https:\/\/www.isqe.com\/en\/e-books-isqe\/","og_locale":"en_US","og_type":"article","og_title":"e-Books","og_description":"O ISQe assume-se como uma empresa de refer\u00eancia no mercado portugu\u00eas no desenvolvimento e implementa\u00e7\u00e3o de solu\u00e7\u00f5es de gest\u00e3o do talento.","og_url":"https:\/\/www.isqe.com\/en\/e-books-isqe\/","og_site_name":"ISQe","article_publisher":"https:\/\/www.facebook.com\/ISQe.Engaging.People","article_modified_time":"2026-01-13T12:13:04+00:00","og_image":[{"width":1000,"height":1000,"url":"https:\/\/www.isqe.com\/wp-content\/uploads\/2022\/01\/isqe-logo.jpg","type":"image\/jpeg"}],"twitter_card":"summary_large_image","twitter_misc":{"Est. reading time":"5 minutes"},"schema":{"@context":"https:\/\/schema.org","@graph":[{"@type":"WebPage","@id":"https:\/\/www.isqe.com\/e-books-isqe\/","url":"https:\/\/www.isqe.com\/e-books-isqe\/","name":"e-Books","isPartOf":{"@id":"https:\/\/www.isqe.com\/#website"},"primaryImageOfPage":{"@id":"https:\/\/www.isqe.com\/e-books-isqe\/#primaryimage"},"image":{"@id":"https:\/\/www.isqe.com\/e-books-isqe\/#primaryimage"},"thumbnailUrl":"https:\/\/www.isqe.com\/wp-content\/uploads\/2022\/01\/isqe-logo.jpg","datePublished":"2026-01-13T12:09:57+00:00","dateModified":"2026-01-13T12:13:04+00:00","description":"O ISQe assume-se como uma empresa de refer\u00eancia no mercado portugu\u00eas no desenvolvimento e implementa\u00e7\u00e3o de solu\u00e7\u00f5es de gest\u00e3o do talento.","breadcrumb":{"@id":"https:\/\/www.isqe.com\/e-books-isqe\/#breadcrumb"},"inLanguage":"en-US","potentialAction":[{"@type":"ReadAction","target":["https:\/\/www.isqe.com\/e-books-isqe\/"]}]},{"@type":"ImageObject","inLanguage":"en-US","@id":"https:\/\/www.isqe.com\/e-books-isqe\/#primaryimage","url":"https:\/\/www.isqe.com\/wp-content\/uploads\/2022\/01\/isqe-logo.jpg","contentUrl":"https:\/\/www.isqe.com\/wp-content\/uploads\/2022\/01\/isqe-logo.jpg","width":1000,"height":1000},{"@type":"BreadcrumbList","@id":"https:\/\/www.isqe.com\/e-books-isqe\/#breadcrumb","itemListElement":[{"@type":"ListItem","position":1,"name":"In\u00edcio","item":"https:\/\/www.isqe.com\/"},{"@type":"ListItem","position":2,"name":"e-Books"}]},{"@type":"WebSite","@id":"https:\/\/www.isqe.com\/#website","url":"https:\/\/www.isqe.com\/","name":"ISQe","description":"Engaging People","publisher":{"@id":"https:\/\/www.isqe.com\/#organization"},"potentialAction":[{"@type":"SearchAction","target":{"@type":"EntryPoint","urlTemplate":"https:\/\/www.isqe.com\/?s={search_term_string}"},"query-input":{"@type":"PropertyValueSpecification","valueRequired":true,"valueName":"search_term_string"}}],"inLanguage":"en-US"},{"@type":"Organization","@id":"https:\/\/www.isqe.com\/#organization","name":"ISQe","url":"https:\/\/www.isqe.com\/","logo":{"@type":"ImageObject","inLanguage":"en-US","@id":"https:\/\/www.isqe.com\/#\/schema\/logo\/image\/","url":"https:\/\/www.isqe.com\/wp-content\/uploads\/2022\/01\/ISQe-logotipo-web.png","contentUrl":"https:\/\/www.isqe.com\/wp-content\/uploads\/2022\/01\/ISQe-logotipo-web.png","width":842,"height":596,"caption":"ISQe"},"image":{"@id":"https:\/\/www.isqe.com\/#\/schema\/logo\/image\/"},"sameAs":["https:\/\/www.facebook.com\/ISQe.Engaging.People","https:\/\/www.instagram.com\/isqe.engage.people\/","https:\/\/pt.linkedin.com\/company\/isqe","https:\/\/www.youtube.com\/channel\/UChrGaLoIk_sh__ZEoCzBjxA\/featured"]}]}},"_links":{"self":[{"href":"https:\/\/www.isqe.com\/en\/wp-json\/wp\/v2\/pages\/19404","targetHints":{"allow":["GET"]}}],"collection":[{"href":"https:\/\/www.isqe.com\/en\/wp-json\/wp\/v2\/pages"}],"about":[{"href":"https:\/\/www.isqe.com\/en\/wp-json\/wp\/v2\/types\/page"}],"author":[{"embeddable":true,"href":"https:\/\/www.isqe.com\/en\/wp-json\/wp\/v2\/users\/10"}],"replies":[{"embeddable":true,"href":"https:\/\/www.isqe.com\/en\/wp-json\/wp\/v2\/comments?post=19404"}],"version-history":[{"count":6,"href":"https:\/\/www.isqe.com\/en\/wp-json\/wp\/v2\/pages\/19404\/revisions"}],"predecessor-version":[{"id":19412,"href":"https:\/\/www.isqe.com\/en\/wp-json\/wp\/v2\/pages\/19404\/revisions\/19412"}],"wp:featuredmedia":[{"embeddable":true,"href":"https:\/\/www.isqe.com\/en\/wp-json\/wp\/v2\/media\/16146"}],"wp:attachment":[{"href":"https:\/\/www.isqe.com\/en\/wp-json\/wp\/v2\/media?parent=19404"}],"curies":[{"name":"wp","href":"https:\/\/api.w.org\/{rel}","templated":true}]}}