{"id":18630,"date":"2024-04-11T07:29:14","date_gmt":"2024-04-11T07:29:14","guid":{"rendered":"https:\/\/www.isqe.com\/?page_id=18630"},"modified":"2026-01-12T16:36:40","modified_gmt":"2026-01-12T16:36:40","slug":"demonstracao","status":"publish","type":"page","link":"https:\/\/www.isqe.com\/en\/demonstracao\/","title":{"rendered":"Book a Demo"},"content":{"rendered":"<div class=\"wpb-content-wrapper\"><div id=\"help\"  data-q_id=\"#about\"    class=\"vc_row wpb_row section vc_row-fluid  vc_custom_1649686586596 grid_section\" style='background-color:#ffffff; padding-top:200px; padding-bottom:200px; text-align:left;'><div class=\"section_inner clearfix\"><div class='section_inner_margin clearfix'><div class=\"wpb_column vc_column_container vc_col-sm-12\"><div class=\"vc_column-inner\"><div class=\"wpb_wrapper\"><\/div><\/div><\/div><\/div><\/div><\/div><div      class=\"vc_row wpb_row section vc_row-fluid\" style=' text-align:left;'><div class=\"full_section_inner clearfix\"><div class=\"wpb_column vc_column_container vc_col-sm-12\"><div class=\"vc_column-inner\"><div class=\"wpb_wrapper\">\n\t<div class=\"wpb_text_column wpb_content_element\">\n\t\t<div class=\"wpb_wrapper\">\n\t\t\t<p style=\"text-align: center;\">Talk to one of our experts about your organization\u2019s specific needs and explore our solutions.<\/p>\n\n\t\t<\/div>\n\t<\/div><div class=\"separator  transparent\" style=\"\"><\/div>\n\t<div class=\"wpb_text_column wpb_content_element\">\n\t\t<div class=\"wpb_wrapper\">\n\t\t\t<h1 style=\"text-align: center;\"><strong>Book a Demo<\/strong><\/h1>\n\n\t\t<\/div>\n\t<\/div><div      class=\"vc_row wpb_row section vc_row-fluid vc_inner\" style=' text-align:left;'><div class=\"full_section_inner clearfix\"><div class=\"wpb_column vc_column_container vc_col-sm-3\"><div class=\"vc_column-inner\"><div class=\"wpb_wrapper\"><\/div><\/div><\/div><div class=\"wpb_column vc_column_container vc_col-sm-6\"><div class=\"vc_column-inner\"><div class=\"wpb_wrapper\">\n<div class=\"wpcf7 no-js\" id=\"wpcf7-f18629-o1\" lang=\"pt-PT\" dir=\"ltr\" data-wpcf7-id=\"18629\">\n<div class=\"screen-reader-response\"><p role=\"status\" aria-live=\"polite\" aria-atomic=\"true\"><\/p> <ul><\/ul><\/div>\n<form action=\"\/en\/wp-json\/wp\/v2\/pages\/18630#wpcf7-f18629-o1\" method=\"post\" class=\"wpcf7-form init default\" aria-label=\"Formul\u00e1rio de contacto\" novalidate=\"novalidate\" data-status=\"init\" data-trp-original-action=\"\/en\/wp-json\/wp\/v2\/pages\/18630#wpcf7-f18629-o1\">\n<fieldset class=\"hidden-fields-container\"><input type=\"hidden\" name=\"_wpcf7\" value=\"18629\" \/><input type=\"hidden\" name=\"_wpcf7_version\" value=\"6.1.4\" \/><input type=\"hidden\" name=\"_wpcf7_locale\" value=\"pt_PT\" \/><input type=\"hidden\" name=\"_wpcf7_unit_tag\" value=\"wpcf7-f18629-o1\" \/><input type=\"hidden\" name=\"_wpcf7_container_post\" value=\"0\" \/><input type=\"hidden\" name=\"_wpcf7_posted_data_hash\" value=\"\" \/>\n<\/fieldset>\n<p><label> First name:<br \/>\n<span class=\"wpcf7-form-control-wrap\" data-name=\"your-name\"><input size=\"40\" maxlength=\"400\" class=\"wpcf7-form-control wpcf7-text wpcf7-validates-as-required\" aria-required=\"true\" aria-invalid=\"false\" value=\"\" type=\"text\" name=\"your-name\" \/><\/span> <\/label>\n<\/p>\n<p><label> Surname:<br \/>\n<span class=\"wpcf7-form-control-wrap\" data-name=\"your-surname\"><input size=\"40\" maxlength=\"400\" class=\"wpcf7-form-control wpcf7-text wpcf7-validates-as-required\" aria-required=\"true\" aria-invalid=\"false\" value=\"\" type=\"text\" name=\"your-surname\" \/><\/span> <\/label>\n<\/p>\n<p><label> Email:<br \/>\n<span class=\"wpcf7-form-control-wrap\" data-name=\"your-email\"><input size=\"40\" maxlength=\"400\" class=\"wpcf7-form-control wpcf7-email wpcf7-validates-as-required wpcf7-text wpcf7-validates-as-email\" aria-required=\"true\" aria-invalid=\"false\" value=\"\" type=\"email\" name=\"your-email\" \/><\/span> <\/label>\n<\/p>\n<p><label> Phone:<br \/>\n<span class=\"wpcf7-form-control-wrap\" data-name=\"tel-20\"><input size=\"40\" maxlength=\"400\" class=\"wpcf7-form-control wpcf7-tel wpcf7-validates-as-required wpcf7-text wpcf7-validates-as-tel\" aria-required=\"true\" aria-invalid=\"false\" value=\"\" type=\"tel\" name=\"tel-20\" \/><\/span> <\/label>\n<\/p>\n<p><label> Company:<br \/>\n<span class=\"wpcf7-form-control-wrap\" data-name=\"text-219\"><input size=\"40\" maxlength=\"400\" class=\"wpcf7-form-control wpcf7-text\" aria-invalid=\"false\" value=\"\" type=\"text\" name=\"text-219\" \/><\/span> <\/label>\n<\/p>\n<p><label> Issue (choose one option):<br \/>\n<span class=\"wpcf7-form-control-wrap\" data-name=\"menu-354\"><select class=\"wpcf7-form-control wpcf7-select wpcf7-validates-as-required\" aria-required=\"true\" aria-invalid=\"false\" multiple=\"multiple\" name=\"menu-354[]\"><option value=\"Cornerstone Recruiting\">Cornerstone Recruiting<\/option><option value=\"Cornerstone Learning\">Cornerstone Learning<\/option><option value=\"Cornerstone Performance\">Cornerstone Performance<\/option><option value=\"Cornerstone HR\">Cornerstone HR<\/option><option value=\"Digitaliza\u00e7\u00e3o do OnBoarding\">Digitaliza\u00e7\u00e3o do OnBoarding<\/option><option value=\"Compliance Services\">Compliance Services<\/option><option value=\"Learning Resource Manager\">Learning Resource Manager<\/option><option value=\"hiPitch\">hiPitch<\/option><option value=\"Training Plans\">Training Plans<\/option><option value=\"WorkinOffice\">WorkinOffice<\/option><option value=\"Serious Games\">Serious Games<\/option><\/select><\/span> <\/label>\n<\/p>\n<p><label> Message (optional)<br \/>\n<span class=\"wpcf7-form-control-wrap\" data-name=\"your-message\"><textarea cols=\"40\" rows=\"10\" maxlength=\"2000\" class=\"wpcf7-form-control wpcf7-textarea\" aria-invalid=\"false\" name=\"your-message\"><\/textarea><\/span> <\/label>\n<\/p>\n<p><span class=\"wpcf7-form-control-wrap\" data-name=\"acceptance-756\"><span class=\"wpcf7-form-control wpcf7-acceptance\"><span class=\"wpcf7-list-item\"><label><input type=\"checkbox\" name=\"acceptance-756\" value=\"1\" aria-invalid=\"false\" \/><span class=\"wpcf7-list-item-label\">I give permission for ISQe to store and process my personal data.<\/span><\/label><\/span><\/span><\/span>\n<\/p>\n<p><span class=\"wpcf7-form-control-wrap\" data-name=\"acceptance-59\"><span class=\"wpcf7-form-control wpcf7-acceptance optional\"><span class=\"wpcf7-list-item\"><label><input type=\"checkbox\" name=\"acceptance-59\" value=\"1\" aria-invalid=\"false\" \/><span class=\"wpcf7-list-item-label\">I agree to receive commercial information, news and invitations to ISQe events.<\/span><\/label><\/span><\/span><\/span>\n<\/p>\n<p><input class=\"wpcf7-form-control wpcf7-submit has-spinner\" type=\"submit\" value=\"Submit\" \/>\n<\/p><div class=\"wpcf7-response-output\" aria-hidden=\"true\"><\/div>\n<input type=\"hidden\" name=\"trp-form-language\" value=\"en\"\/><\/form>\n<\/div>\n<\/div><\/div><\/div><div class=\"wpb_column vc_column_container vc_col-sm-3\"><div class=\"vc_column-inner\"><div class=\"wpb_wrapper\"><\/div><\/div><\/div><\/div><\/div><div      class=\"vc_row wpb_row section vc_row-fluid vc_inner\" style=' text-align:left;'><div class=\"full_section_inner clearfix\"><div class=\"wpb_column vc_column_container vc_col-sm-3\"><div class=\"vc_column-inner\"><div class=\"wpb_wrapper\">\n\t<div class=\"wpb_text_column wpb_content_element\">\n\t\t<div class=\"wpb_wrapper\">\n\t\t\t\n\t\t<\/div>\n\t<\/div><\/div><\/div><\/div><div class=\"wpb_column vc_column_container vc_col-sm-6\"><div class=\"vc_column-inner\"><div class=\"wpb_wrapper\">\n\t<div class=\"wpb_text_column wpb_content_element\">\n\t\t<div class=\"wpb_wrapper\">\n\t\t\t<p>N\u00e3o encontra aqui o que procura? Sem problema, a nossa equipa <strong>Comercial <\/strong>ter\u00e1 todo o prazer em ajudar. \ud83d\ude42<br \/>\nFale connosco directamente atrav\u00e9s do email <a href=\"mailto:hello@isqe.com\"><strong>hello@isqe.com<\/strong><\/a> e seguimos caminho consigo.<\/p>\n<p>&nbsp;<\/p>\n<h6><strong>Privacidade e Protec\u00e7\u00e3o de Dados (RGPD)<\/strong><\/h6>\n<div style=\"font-size: 14px;\">Para mais informa\u00e7\u00f5es sobre privacidade e seguran\u00e7a da informa\u00e7\u00e3o da ISQe, consulte a nossa Pol\u00edtica de Privacidade <a href=\"https:\/\/www.isqe.com\/en\/politica-privacidade\/\"><b>,here,<\/b><\/a> ou entre em contacto com o nosso DPO atrav\u00e9s do email<a href=\"mailto:infosec@isqe.com\"> <b>infosec@isqe.com<\/b><\/a>.<\/div>\n\n\t\t<\/div>\n\t<\/div><div class=\"separator  transparent\" style=\"margin-top: 120px;\"><\/div><\/div><\/div><\/div><div class=\"wpb_column vc_column_container vc_col-sm-3\"><div class=\"vc_column-inner\"><div class=\"wpb_wrapper\"><\/div><\/div><\/div><\/div><\/div><\/div><\/div><\/div><\/div><\/div><div      class=\"vc_row wpb_row section vc_row-fluid\" style=' text-align:left;'><div class=\"full_section_inner clearfix\"><div class=\"wpb_column vc_column_container vc_col-sm-12\"><div class=\"vc_column-inner\"><div class=\"wpb_wrapper\">\n\t<div class=\"wpb_text_column wpb_content_element\">\n\t\t<div class=\"wpb_wrapper\">\n\t\t\t\n\t\t<\/div>\n\t<\/div><\/div><\/div><\/div><\/div><\/div>\n<\/div>","protected":false},"excerpt":{"rendered":"Converse com um dos nossos especialistas sobre as necessidades espec\u00edficas da sua organiza\u00e7\u00e3o e conhe\u00e7a as nossas solu\u00e7\u00f5es. Agendar Demonstra\u00e7\u00e3o Nome Pr\u00f3prio: Apelido: Email: Telefone: Empresa: Assunto (escolha uma op\u00e7\u00e3o): Cornerstone RecruitingCornerstone LearningCornerstone PerformanceCornerstone HRDigitaliza\u00e7\u00e3o do OnBoardingCompliance ServicesLearning Resource ManagerhiPitchTraining PlansWorkinOfficeSerious Games Mensagem (opcional) Dou...","protected":false},"author":7,"featured_media":16516,"parent":0,"menu_order":0,"comment_status":"open","ping_status":"open","template":"full_width.php","meta":{"_monsterinsights_skip_tracking":false,"_monsterinsights_sitenote_active":false,"_monsterinsights_sitenote_note":"","_monsterinsights_sitenote_category":0,"footnotes":""},"class_list":["post-18630","page","type-page","status-publish","has-post-thumbnail","hentry"],"yoast_head":"<!-- This site is optimized with the Yoast SEO plugin v26.6 - https:\/\/yoast.com\/wordpress\/plugins\/seo\/ -->\n<title>Agendar Demonstra\u00e7\u00e3o - ISQe<\/title>\n<meta name=\"description\" content=\"Converse com um dos nossos especialistas sobre as necessidades espec\u00edficas da sua organiza\u00e7\u00e3o e conhe\u00e7a as nossas solu\u00e7\u00f5es.\" \/>\n<meta name=\"robots\" content=\"index, follow, max-snippet:-1, max-image-preview:large, max-video-preview:-1\" \/>\n<link rel=\"canonical\" href=\"https:\/\/www.isqe.com\/en\/demonstracao\/\" \/>\n<meta property=\"og:locale\" content=\"en_US\" \/>\n<meta property=\"og:type\" content=\"article\" \/>\n<meta property=\"og:title\" content=\"WorkinOffice_ISQe\" \/>\n<meta property=\"og:description\" content=\"Converse com um dos nossos especialistas sobre as necessidades espec\u00edficas da sua organiza\u00e7\u00e3o e conhe\u00e7a as nossas solu\u00e7\u00f5es.\" \/>\n<meta property=\"og:url\" content=\"https:\/\/www.isqe.com\/en\/demonstracao\/\" \/>\n<meta property=\"og:site_name\" content=\"ISQe\" \/>\n<meta property=\"article:publisher\" content=\"https:\/\/www.facebook.com\/ISQe.Engaging.People\" \/>\n<meta property=\"article:modified_time\" content=\"2026-01-12T16:36:40+00:00\" \/>\n<meta property=\"og:image\" content=\"https:\/\/www.isqe.com\/wp-content\/uploads\/2022\/02\/work-in-office-isqe-banner_1.jpg\" \/>\n\t<meta property=\"og:image:width\" content=\"1920\" \/>\n\t<meta property=\"og:image:height\" content=\"850\" \/>\n\t<meta property=\"og:image:type\" content=\"image\/jpeg\" \/>\n<meta name=\"twitter:card\" content=\"summary_large_image\" \/>\n<meta name=\"twitter:title\" content=\"WorkinOffice_ISQe\" \/>\n<meta name=\"twitter:image\" content=\"https:\/\/www.isqe.com\/wp-content\/uploads\/2022\/02\/work-in-office-isqe-banner_1.jpg\" \/>\n<meta name=\"twitter:label1\" content=\"Est. reading time\" \/>\n\t<meta name=\"twitter:data1\" content=\"1 minute\" \/>\n<script type=\"application\/ld+json\" class=\"yoast-schema-graph\">{\"@context\":\"https:\/\/schema.org\",\"@graph\":[{\"@type\":\"WebPage\",\"@id\":\"https:\/\/www.isqe.com\/demonstracao\/\",\"url\":\"https:\/\/www.isqe.com\/demonstracao\/\",\"name\":\"Agendar Demonstra\u00e7\u00e3o - ISQe\",\"isPartOf\":{\"@id\":\"https:\/\/www.isqe.com\/#website\"},\"primaryImageOfPage\":{\"@id\":\"https:\/\/www.isqe.com\/demonstracao\/#primaryimage\"},\"image\":{\"@id\":\"https:\/\/www.isqe.com\/demonstracao\/#primaryimage\"},\"thumbnailUrl\":\"https:\/\/www.isqe.com\/wp-content\/uploads\/2022\/01\/isqe-logo-01.jpg\",\"datePublished\":\"2024-04-11T07:29:14+00:00\",\"dateModified\":\"2026-01-12T16:36:40+00:00\",\"description\":\"Converse com um dos nossos especialistas sobre as necessidades espec\u00edficas da sua organiza\u00e7\u00e3o e conhe\u00e7a as nossas solu\u00e7\u00f5es.\",\"breadcrumb\":{\"@id\":\"https:\/\/www.isqe.com\/demonstracao\/#breadcrumb\"},\"inLanguage\":\"en-US\",\"potentialAction\":[{\"@type\":\"ReadAction\",\"target\":[\"https:\/\/www.isqe.com\/demonstracao\/\"]}]},{\"@type\":\"ImageObject\",\"inLanguage\":\"en-US\",\"@id\":\"https:\/\/www.isqe.com\/demonstracao\/#primaryimage\",\"url\":\"https:\/\/www.isqe.com\/wp-content\/uploads\/2022\/01\/isqe-logo-01.jpg\",\"contentUrl\":\"https:\/\/www.isqe.com\/wp-content\/uploads\/2022\/01\/isqe-logo-01.jpg\",\"width\":842,\"height\":596},{\"@type\":\"BreadcrumbList\",\"@id\":\"https:\/\/www.isqe.com\/demonstracao\/#breadcrumb\",\"itemListElement\":[{\"@type\":\"ListItem\",\"position\":1,\"name\":\"In\u00edcio\",\"item\":\"https:\/\/www.isqe.com\/\"},{\"@type\":\"ListItem\",\"position\":2,\"name\":\"Agendar Demonstra\u00e7\u00e3o\"}]},{\"@type\":\"WebSite\",\"@id\":\"https:\/\/www.isqe.com\/#website\",\"url\":\"https:\/\/www.isqe.com\/\",\"name\":\"ISQe\",\"description\":\"Engaging People\",\"publisher\":{\"@id\":\"https:\/\/www.isqe.com\/#organization\"},\"potentialAction\":[{\"@type\":\"SearchAction\",\"target\":{\"@type\":\"EntryPoint\",\"urlTemplate\":\"https:\/\/www.isqe.com\/?s={search_term_string}\"},\"query-input\":{\"@type\":\"PropertyValueSpecification\",\"valueRequired\":true,\"valueName\":\"search_term_string\"}}],\"inLanguage\":\"en-US\"},{\"@type\":\"Organization\",\"@id\":\"https:\/\/www.isqe.com\/#organization\",\"name\":\"ISQe\",\"url\":\"https:\/\/www.isqe.com\/\",\"logo\":{\"@type\":\"ImageObject\",\"inLanguage\":\"en-US\",\"@id\":\"https:\/\/www.isqe.com\/#\/schema\/logo\/image\/\",\"url\":\"https:\/\/www.isqe.com\/wp-content\/uploads\/2022\/01\/ISQe-logotipo-web.png\",\"contentUrl\":\"https:\/\/www.isqe.com\/wp-content\/uploads\/2022\/01\/ISQe-logotipo-web.png\",\"width\":842,\"height\":596,\"caption\":\"ISQe\"},\"image\":{\"@id\":\"https:\/\/www.isqe.com\/#\/schema\/logo\/image\/\"},\"sameAs\":[\"https:\/\/www.facebook.com\/ISQe.Engaging.People\",\"https:\/\/www.instagram.com\/isqe.engage.people\/\",\"https:\/\/pt.linkedin.com\/company\/isqe\",\"https:\/\/www.youtube.com\/channel\/UChrGaLoIk_sh__ZEoCzBjxA\/featured\"]}]}<\/script>\n<!-- \/ Yoast SEO plugin. -->","yoast_head_json":{"title":"Agendar Demonstra\u00e7\u00e3o - ISQe","description":"Talk to one of our experts about your organization\u2019s specific needs and explore our solutions.","robots":{"index":"index","follow":"follow","max-snippet":"max-snippet:-1","max-image-preview":"max-image-preview:large","max-video-preview":"max-video-preview:-1"},"canonical":"https:\/\/www.isqe.com\/en\/demonstracao\/","og_locale":"en_US","og_type":"article","og_title":"WorkinOffice_ISQe","og_description":"Converse com um dos nossos especialistas sobre as necessidades espec\u00edficas da sua organiza\u00e7\u00e3o e conhe\u00e7a as nossas solu\u00e7\u00f5es.","og_url":"https:\/\/www.isqe.com\/en\/demonstracao\/","og_site_name":"ISQe","article_publisher":"https:\/\/www.facebook.com\/ISQe.Engaging.People","article_modified_time":"2026-01-12T16:36:40+00:00","og_image":[{"width":1920,"height":850,"url":"https:\/\/www.isqe.com\/wp-content\/uploads\/2022\/02\/work-in-office-isqe-banner_1.jpg","type":"image\/jpeg"}],"twitter_card":"summary_large_image","twitter_title":"WorkinOffice_ISQe","twitter_image":"https:\/\/www.isqe.com\/wp-content\/uploads\/2022\/02\/work-in-office-isqe-banner_1.jpg","twitter_misc":{"Est. reading time":"1 minute"},"schema":{"@context":"https:\/\/schema.org","@graph":[{"@type":"WebPage","@id":"https:\/\/www.isqe.com\/demonstracao\/","url":"https:\/\/www.isqe.com\/demonstracao\/","name":"Agendar Demonstra\u00e7\u00e3o - ISQe","isPartOf":{"@id":"https:\/\/www.isqe.com\/#website"},"primaryImageOfPage":{"@id":"https:\/\/www.isqe.com\/demonstracao\/#primaryimage"},"image":{"@id":"https:\/\/www.isqe.com\/demonstracao\/#primaryimage"},"thumbnailUrl":"https:\/\/www.isqe.com\/wp-content\/uploads\/2022\/01\/isqe-logo-01.jpg","datePublished":"2024-04-11T07:29:14+00:00","dateModified":"2026-01-12T16:36:40+00:00","description":"Talk to one of our experts about your organization\u2019s specific needs and explore our solutions.","breadcrumb":{"@id":"https:\/\/www.isqe.com\/demonstracao\/#breadcrumb"},"inLanguage":"en-US","potentialAction":[{"@type":"ReadAction","target":["https:\/\/www.isqe.com\/demonstracao\/"]}]},{"@type":"ImageObject","inLanguage":"en-US","@id":"https:\/\/www.isqe.com\/demonstracao\/#primaryimage","url":"https:\/\/www.isqe.com\/wp-content\/uploads\/2022\/01\/isqe-logo-01.jpg","contentUrl":"https:\/\/www.isqe.com\/wp-content\/uploads\/2022\/01\/isqe-logo-01.jpg","width":842,"height":596},{"@type":"BreadcrumbList","@id":"https:\/\/www.isqe.com\/demonstracao\/#breadcrumb","itemListElement":[{"@type":"ListItem","position":1,"name":"In\u00edcio","item":"https:\/\/www.isqe.com\/"},{"@type":"ListItem","position":2,"name":"Agendar Demonstra\u00e7\u00e3o"}]},{"@type":"WebSite","@id":"https:\/\/www.isqe.com\/#website","url":"https:\/\/www.isqe.com\/","name":"ISQe","description":"Engaging People","publisher":{"@id":"https:\/\/www.isqe.com\/#organization"},"potentialAction":[{"@type":"SearchAction","target":{"@type":"EntryPoint","urlTemplate":"https:\/\/www.isqe.com\/?s={search_term_string}"},"query-input":{"@type":"PropertyValueSpecification","valueRequired":true,"valueName":"search_term_string"}}],"inLanguage":"en-US"},{"@type":"Organization","@id":"https:\/\/www.isqe.com\/#organization","name":"ISQe","url":"https:\/\/www.isqe.com\/","logo":{"@type":"ImageObject","inLanguage":"en-US","@id":"https:\/\/www.isqe.com\/#\/schema\/logo\/image\/","url":"https:\/\/www.isqe.com\/wp-content\/uploads\/2022\/01\/ISQe-logotipo-web.png","contentUrl":"https:\/\/www.isqe.com\/wp-content\/uploads\/2022\/01\/ISQe-logotipo-web.png","width":842,"height":596,"caption":"ISQe"},"image":{"@id":"https:\/\/www.isqe.com\/#\/schema\/logo\/image\/"},"sameAs":["https:\/\/www.facebook.com\/ISQe.Engaging.People","https:\/\/www.instagram.com\/isqe.engage.people\/","https:\/\/pt.linkedin.com\/company\/isqe","https:\/\/www.youtube.com\/channel\/UChrGaLoIk_sh__ZEoCzBjxA\/featured"]}]}},"_links":{"self":[{"href":"https:\/\/www.isqe.com\/en\/wp-json\/wp\/v2\/pages\/18630","targetHints":{"allow":["GET"]}}],"collection":[{"href":"https:\/\/www.isqe.com\/en\/wp-json\/wp\/v2\/pages"}],"about":[{"href":"https:\/\/www.isqe.com\/en\/wp-json\/wp\/v2\/types\/page"}],"author":[{"embeddable":true,"href":"https:\/\/www.isqe.com\/en\/wp-json\/wp\/v2\/users\/7"}],"replies":[{"embeddable":true,"href":"https:\/\/www.isqe.com\/en\/wp-json\/wp\/v2\/comments?post=18630"}],"version-history":[{"count":18,"href":"https:\/\/www.isqe.com\/en\/wp-json\/wp\/v2\/pages\/18630\/revisions"}],"predecessor-version":[{"id":19383,"href":"https:\/\/www.isqe.com\/en\/wp-json\/wp\/v2\/pages\/18630\/revisions\/19383"}],"wp:featuredmedia":[{"embeddable":true,"href":"https:\/\/www.isqe.com\/en\/wp-json\/wp\/v2\/media\/16516"}],"wp:attachment":[{"href":"https:\/\/www.isqe.com\/en\/wp-json\/wp\/v2\/media?parent=18630"}],"curies":[{"name":"wp","href":"https:\/\/api.w.org\/{rel}","templated":true}]}}