{"id":18254,"date":"2023-04-21T10:52:59","date_gmt":"2023-04-21T10:52:59","guid":{"rendered":"https:\/\/www.isqe.com\/?page_id=18254"},"modified":"2023-05-11T19:19:02","modified_gmt":"2023-05-11T19:19:02","slug":"manifesto-de-responsabilidade-ambiental","status":"publish","type":"page","link":"https:\/\/www.isqe.com\/en\/manifesto-de-responsabilidade-ambiental\/","title":{"rendered":"Environmental Responsibility Manifest"},"content":{"rendered":"<div class=\"wpb-content-wrapper\"><div      class=\"vc_row wpb_row section vc_row-fluid  vc_custom_1641549143511\" style=' text-align:left;'><div class=\"full_section_inner clearfix\"><div class=\"wpb_column vc_column_container vc_col-sm-12 vc_col-has-fill\"><div class=\"vc_column-inner vc_custom_1640876880078\"><div class=\"wpb_wrapper\">\n\t<div class=\"wpb_text_column wpb_content_element\">\n\t\t<div class=\"wpb_wrapper\">\n\t\t\t<h2 class=\"padding-top-50 padding-bottom-20\" align=\"center\"><strong>MANIFESTO DE RESPONSABILIDADE AMBIENTAL ISQE<\/strong><\/h2>\n\n\t\t<\/div>\n\t<\/div><div class=\"separator  transparent\" style=\"margin-top: 30px;\"><\/div>\n\t<div class=\"wpb_text_column wpb_content_element  vc_custom_1683832738830\">\n\t\t<div class=\"wpb_wrapper\">\n\t\t\t<p>Responsabilidade Ambiental \u00e9 um conjunto de atitudes, individuais ou empresariais, voltado para o desenvolvimento sustent\u00e1vel do planeta. Ou seja, estas atitudes devem levar em conta o crescimento econ\u00f3mico ajustado \u00e0 prote\u00e7\u00e3o do meio ambiente na atualidade e para as gera\u00e7\u00f5es futuras, garantindo a sustentabilidade.<\/p>\n<p>&nbsp;<\/p>\n<h2 style=\"text-align: center;\"><strong>ISQe Position<\/strong><\/h2>\n<p>&nbsp;<\/p>\n<p>Prevenindo comportamentos que possam prejudicar o meio ambiente, o ISQe tem vindo a aplicar diversas a\u00e7\u00f5es que servem como exemplos de atitudes para o desenvolvimento sustent\u00e1vel empresarial, promovendo responsabilidade e educa\u00e7\u00e3o ambiental de forma consciente.<\/p>\n<p>Exemplos de atitudes aplicadas e promovidas pelo ISQe aos seus colaboradores que envolvem a responsabilidade ambiental individual e empresarial:<\/p>\n<ul>\n<li>Realiza\u00e7\u00e3o de reciclagem de lixo (res\u00edduos s\u00f3lidos);<\/li>\n<li>Uso de forma racional, economizando a \u00e1gua sempre que poss\u00edvel;<\/li>\n<li>Poupan\u00e7a de eletricidade, aproveitando as grandes janelas existentes em cada sala e desligando as luzes sempre que poss\u00edvel;<\/li>\n<li>Facilitando o trabalho remoto, promovendo a diminui\u00e7\u00e3o da polui\u00e7\u00e3o usando menos o carro particular e\/ou transportes p\u00fablicos;<\/li>\n<li>Frota autom\u00f3vel com carros el\u00e9tricos e h\u00edbridos, mas com objetivo de 100% el\u00e9tricos;<\/li>\n<li>Utiliza\u00e7\u00e3o o papel com intelig\u00eancia minimizando as impress\u00f5es;<\/li>\n<li>Disponibiliza\u00e7\u00e3o de um contentor para reciclagem de pilhas\/baterias de equipamentos;<\/li>\n<li>Promo\u00e7\u00e3o da utiliza\u00e7\u00e3o de pilhas recarreg\u00e1veis;<\/li>\n<li>Distribui\u00e7\u00e3o a todos os colaboradores de um copo\/caneca para utiliza\u00e7\u00e3o pr\u00f3pria, reduzindo o consumo de copos de papel;<\/li>\n<li>Partilha sobre boas pr\u00e1ticas de sustentabilidade, nas reuni\u00f5es de onboarding.<\/li>\n<\/ul>\n<p>&nbsp;<\/p>\n<h2 style=\"text-align: center;\"><strong>LOCALIZA\u00c7\u00c3O DO ISQE<\/strong><\/h2>\n<p>O ISQe utiliza as instala\u00e7\u00f5es do ISQ (empresas do grupo), as quais demonstram preocupa\u00e7\u00f5es de responsabilidade ambiental, evidenciando-se com:<\/p>\n<ul>\n<li>Pain\u00e9is solares<\/li>\n<li>Realiza\u00e7\u00e3o de reciclagem de lixo (res\u00edduos s\u00f3lidos);<\/li>\n<\/ul>\n<ul>\n<li>Uso de forma racional, economizando a \u00e1gua com torneiras temporizadoras;<\/li>\n<li>Poupan\u00e7a de eletricidade, aproveitando as grandes janelas existentes em cada sala e desligando as luzes sempre que poss\u00edvel.<\/li>\n<\/ul>\n<p>&nbsp;<\/p>\n<h2 class=\"padding-top-50 padding-bottom-20\" align=\"center\"><strong>Final Statement<\/strong><\/h2>\n<p>&nbsp;<\/p>\n<div class=\"col-sm-12 column col-lg-12 padding-top-20 padding-bottom-10\">\n<div class=\"ge-content ge-content-type-ckeditor\" data-ge-content-type=\"ckeditor\">\n<p>O ISQe, representado pelo seu Managing Director, assume o compromisso de monitorizar a evolu\u00e7\u00e3o das melhores pr\u00e1ticas em mat\u00e9ria de responsabilidade ambiental, com vista \u00e0 melhoria continua.<\/p>\n<\/div>\n<\/div>\n<div class=\"col-sm-12 column col-lg-12 padding-top-20 padding-bottom-10\">\n<div class=\"ge-content ge-content-type-ckeditor\" data-ge-content-type=\"ckeditor\">\n<p>&nbsp;<\/p>\n<p>Pedro Correia<br \/>\nManaging Director<\/p>\n<\/div>\n<\/div>\n\n\t\t<\/div>\n\t<\/div><div class=\"separator  transparent\" style=\"margin-top: 30px;\"><\/div><div class=\"separator  transparent\" style=\"\"><\/div>\n\t<div class=\"wpb_text_column wpb_content_element\">\n\t\t<div class=\"wpb_wrapper\">\n\t\t\t\n\t\t<\/div>\n\t<\/div><\/div><\/div><\/div><\/div><\/div>\n<\/div>","protected":false},"excerpt":{"rendered":"MANIFESTO DE RESPONSABILIDADE AMBIENTAL ISQE Responsabilidade Ambiental \u00e9 um conjunto de atitudes, individuais ou empresariais, voltado para o desenvolvimento sustent\u00e1vel do planeta. Ou seja, estas atitudes devem levar em conta o crescimento econ\u00f3mico ajustado \u00e0 prote\u00e7\u00e3o do meio ambiente na atualidade e para as gera\u00e7\u00f5es...","protected":false},"author":7,"featured_media":0,"parent":0,"menu_order":0,"comment_status":"closed","ping_status":"open","template":"","meta":{"_monsterinsights_skip_tracking":false,"_monsterinsights_sitenote_active":false,"_monsterinsights_sitenote_note":"","_monsterinsights_sitenote_category":0,"footnotes":""},"class_list":["post-18254","page","type-page","status-publish","hentry"],"yoast_head":"<!-- This site is optimized with the Yoast SEO plugin v26.6 - https:\/\/yoast.com\/wordpress\/plugins\/seo\/ -->\n<title>Manifesto de Responsabilidade Ambiental - ISQe<\/title>\n<meta name=\"description\" content=\"O ISQe tem vindo a aplicar diversas a\u00e7\u00f5es que promovem a responsabilidade e educa\u00e7\u00e3o ambiental de forma consciente.\" \/>\n<meta name=\"robots\" content=\"index, follow, max-snippet:-1, max-image-preview:large, max-video-preview:-1\" \/>\n<link rel=\"canonical\" href=\"https:\/\/www.isqe.com\/en\/manifesto-de-responsabilidade-ambiental\/\" \/>\n<meta property=\"og:locale\" content=\"en_US\" \/>\n<meta property=\"og:type\" content=\"article\" \/>\n<meta property=\"og:title\" content=\"Manifesto de Responsabilidade Ambiental - ISQe\" \/>\n<meta property=\"og:description\" content=\"O ISQe tem vindo a aplicar diversas a\u00e7\u00f5es que promovem a responsabilidade e educa\u00e7\u00e3o ambiental de forma consciente.\" \/>\n<meta property=\"og:url\" content=\"https:\/\/www.isqe.com\/en\/manifesto-de-responsabilidade-ambiental\/\" \/>\n<meta property=\"og:site_name\" content=\"ISQe\" \/>\n<meta property=\"article:publisher\" content=\"https:\/\/www.facebook.com\/ISQe.Engaging.People\" \/>\n<meta property=\"article:modified_time\" content=\"2023-05-11T19:19:02+00:00\" \/>\n<meta name=\"twitter:card\" content=\"summary_large_image\" \/>\n<meta name=\"twitter:label1\" content=\"Est. reading time\" \/>\n\t<meta name=\"twitter:data1\" content=\"2 minutes\" \/>\n<script type=\"application\/ld+json\" class=\"yoast-schema-graph\">{\"@context\":\"https:\/\/schema.org\",\"@graph\":[{\"@type\":\"WebPage\",\"@id\":\"https:\/\/www.isqe.com\/manifesto-de-responsabilidade-ambiental\/\",\"url\":\"https:\/\/www.isqe.com\/manifesto-de-responsabilidade-ambiental\/\",\"name\":\"Manifesto de Responsabilidade Ambiental - ISQe\",\"isPartOf\":{\"@id\":\"https:\/\/www.isqe.com\/#website\"},\"datePublished\":\"2023-04-21T10:52:59+00:00\",\"dateModified\":\"2023-05-11T19:19:02+00:00\",\"description\":\"O ISQe tem vindo a aplicar diversas a\u00e7\u00f5es que promovem a responsabilidade e educa\u00e7\u00e3o ambiental de forma consciente.\",\"breadcrumb\":{\"@id\":\"https:\/\/www.isqe.com\/manifesto-de-responsabilidade-ambiental\/#breadcrumb\"},\"inLanguage\":\"en-US\",\"potentialAction\":[{\"@type\":\"ReadAction\",\"target\":[\"https:\/\/www.isqe.com\/manifesto-de-responsabilidade-ambiental\/\"]}]},{\"@type\":\"BreadcrumbList\",\"@id\":\"https:\/\/www.isqe.com\/manifesto-de-responsabilidade-ambiental\/#breadcrumb\",\"itemListElement\":[{\"@type\":\"ListItem\",\"position\":1,\"name\":\"In\u00edcio\",\"item\":\"https:\/\/www.isqe.com\/\"},{\"@type\":\"ListItem\",\"position\":2,\"name\":\"Manifesto de Responsabilidade Ambiental\"}]},{\"@type\":\"WebSite\",\"@id\":\"https:\/\/www.isqe.com\/#website\",\"url\":\"https:\/\/www.isqe.com\/\",\"name\":\"ISQe\",\"description\":\"Engaging People\",\"publisher\":{\"@id\":\"https:\/\/www.isqe.com\/#organization\"},\"potentialAction\":[{\"@type\":\"SearchAction\",\"target\":{\"@type\":\"EntryPoint\",\"urlTemplate\":\"https:\/\/www.isqe.com\/?s={search_term_string}\"},\"query-input\":{\"@type\":\"PropertyValueSpecification\",\"valueRequired\":true,\"valueName\":\"search_term_string\"}}],\"inLanguage\":\"en-US\"},{\"@type\":\"Organization\",\"@id\":\"https:\/\/www.isqe.com\/#organization\",\"name\":\"ISQe\",\"url\":\"https:\/\/www.isqe.com\/\",\"logo\":{\"@type\":\"ImageObject\",\"inLanguage\":\"en-US\",\"@id\":\"https:\/\/www.isqe.com\/#\/schema\/logo\/image\/\",\"url\":\"https:\/\/www.isqe.com\/wp-content\/uploads\/2022\/01\/ISQe-logotipo-web.png\",\"contentUrl\":\"https:\/\/www.isqe.com\/wp-content\/uploads\/2022\/01\/ISQe-logotipo-web.png\",\"width\":842,\"height\":596,\"caption\":\"ISQe\"},\"image\":{\"@id\":\"https:\/\/www.isqe.com\/#\/schema\/logo\/image\/\"},\"sameAs\":[\"https:\/\/www.facebook.com\/ISQe.Engaging.People\",\"https:\/\/www.instagram.com\/isqe.engage.people\/\",\"https:\/\/pt.linkedin.com\/company\/isqe\",\"https:\/\/www.youtube.com\/channel\/UChrGaLoIk_sh__ZEoCzBjxA\/featured\"]}]}<\/script>\n<!-- \/ Yoast SEO plugin. -->","yoast_head_json":{"title":"Manifesto de Responsabilidade Ambiental - ISQe","description":"O ISQe tem vindo a aplicar diversas a\u00e7\u00f5es que promovem a responsabilidade e educa\u00e7\u00e3o ambiental de forma consciente.","robots":{"index":"index","follow":"follow","max-snippet":"max-snippet:-1","max-image-preview":"max-image-preview:large","max-video-preview":"max-video-preview:-1"},"canonical":"https:\/\/www.isqe.com\/en\/manifesto-de-responsabilidade-ambiental\/","og_locale":"en_US","og_type":"article","og_title":"Manifesto de Responsabilidade Ambiental - ISQe","og_description":"O ISQe tem vindo a aplicar diversas a\u00e7\u00f5es que promovem a responsabilidade e educa\u00e7\u00e3o ambiental de forma consciente.","og_url":"https:\/\/www.isqe.com\/en\/manifesto-de-responsabilidade-ambiental\/","og_site_name":"ISQe","article_publisher":"https:\/\/www.facebook.com\/ISQe.Engaging.People","article_modified_time":"2023-05-11T19:19:02+00:00","twitter_card":"summary_large_image","twitter_misc":{"Est. reading time":"2 minutes"},"schema":{"@context":"https:\/\/schema.org","@graph":[{"@type":"WebPage","@id":"https:\/\/www.isqe.com\/manifesto-de-responsabilidade-ambiental\/","url":"https:\/\/www.isqe.com\/manifesto-de-responsabilidade-ambiental\/","name":"Manifesto de Responsabilidade Ambiental - ISQe","isPartOf":{"@id":"https:\/\/www.isqe.com\/#website"},"datePublished":"2023-04-21T10:52:59+00:00","dateModified":"2023-05-11T19:19:02+00:00","description":"O ISQe tem vindo a aplicar diversas a\u00e7\u00f5es que promovem a responsabilidade e educa\u00e7\u00e3o ambiental de forma consciente.","breadcrumb":{"@id":"https:\/\/www.isqe.com\/manifesto-de-responsabilidade-ambiental\/#breadcrumb"},"inLanguage":"en-US","potentialAction":[{"@type":"ReadAction","target":["https:\/\/www.isqe.com\/manifesto-de-responsabilidade-ambiental\/"]}]},{"@type":"BreadcrumbList","@id":"https:\/\/www.isqe.com\/manifesto-de-responsabilidade-ambiental\/#breadcrumb","itemListElement":[{"@type":"ListItem","position":1,"name":"In\u00edcio","item":"https:\/\/www.isqe.com\/"},{"@type":"ListItem","position":2,"name":"Manifesto de Responsabilidade Ambiental"}]},{"@type":"WebSite","@id":"https:\/\/www.isqe.com\/#website","url":"https:\/\/www.isqe.com\/","name":"ISQe","description":"Engaging People","publisher":{"@id":"https:\/\/www.isqe.com\/#organization"},"potentialAction":[{"@type":"SearchAction","target":{"@type":"EntryPoint","urlTemplate":"https:\/\/www.isqe.com\/?s={search_term_string}"},"query-input":{"@type":"PropertyValueSpecification","valueRequired":true,"valueName":"search_term_string"}}],"inLanguage":"en-US"},{"@type":"Organization","@id":"https:\/\/www.isqe.com\/#organization","name":"ISQe","url":"https:\/\/www.isqe.com\/","logo":{"@type":"ImageObject","inLanguage":"en-US","@id":"https:\/\/www.isqe.com\/#\/schema\/logo\/image\/","url":"https:\/\/www.isqe.com\/wp-content\/uploads\/2022\/01\/ISQe-logotipo-web.png","contentUrl":"https:\/\/www.isqe.com\/wp-content\/uploads\/2022\/01\/ISQe-logotipo-web.png","width":842,"height":596,"caption":"ISQe"},"image":{"@id":"https:\/\/www.isqe.com\/#\/schema\/logo\/image\/"},"sameAs":["https:\/\/www.facebook.com\/ISQe.Engaging.People","https:\/\/www.instagram.com\/isqe.engage.people\/","https:\/\/pt.linkedin.com\/company\/isqe","https:\/\/www.youtube.com\/channel\/UChrGaLoIk_sh__ZEoCzBjxA\/featured"]}]}},"_links":{"self":[{"href":"https:\/\/www.isqe.com\/en\/wp-json\/wp\/v2\/pages\/18254","targetHints":{"allow":["GET"]}}],"collection":[{"href":"https:\/\/www.isqe.com\/en\/wp-json\/wp\/v2\/pages"}],"about":[{"href":"https:\/\/www.isqe.com\/en\/wp-json\/wp\/v2\/types\/page"}],"author":[{"embeddable":true,"href":"https:\/\/www.isqe.com\/en\/wp-json\/wp\/v2\/users\/7"}],"replies":[{"embeddable":true,"href":"https:\/\/www.isqe.com\/en\/wp-json\/wp\/v2\/comments?post=18254"}],"version-history":[{"count":3,"href":"https:\/\/www.isqe.com\/en\/wp-json\/wp\/v2\/pages\/18254\/revisions"}],"predecessor-version":[{"id":18261,"href":"https:\/\/www.isqe.com\/en\/wp-json\/wp\/v2\/pages\/18254\/revisions\/18261"}],"wp:attachment":[{"href":"https:\/\/www.isqe.com\/en\/wp-json\/wp\/v2\/media?parent=18254"}],"curies":[{"name":"wp","href":"https:\/\/api.w.org\/{rel}","templated":true}]}}