{"id":17551,"date":"2022-06-20T19:36:05","date_gmt":"2022-06-20T19:36:05","guid":{"rendered":"https:\/\/www.isqe.com\/?page_id=17551"},"modified":"2022-08-23T11:27:31","modified_gmt":"2022-08-23T11:27:31","slug":"canal-de-denuncia","status":"publish","type":"page","link":"https:\/\/www.isqe.com\/en\/canal-de-denuncia\/","title":{"rendered":"Complaint Channel"},"content":{"rendered":"<div class=\"wpb-content-wrapper\"><div class=\"vc_row wpb_row section vc_row-fluid  vc_custom_1641549143511\" style=' text-align:left;'><div class=\"full_section_inner clearfix\"><div class=\"wpb_column vc_column_container vc_col-sm-12 vc_col-has-fill\"><div class=\"vc_column-inner vc_custom_1640876880078\"><div class=\"wpb_wrapper\">\n\t<div class=\"wpb_text_column wpb_content_element\">\n\t\t<div class=\"wpb_wrapper\">\n\t\t\t<h2 style=\"text-align: center;\"><strong>APRESENTAR DEN\u00daNCIA DE ATOS DE CORRUP\u00c7\u00c3O NO ISQE<\/strong><\/h2>\n\n\t\t<\/div>\n\t<\/div><div class=\"separator  transparent\" style=\"margin-top: 30px;\"><\/div>\n\t<div class=\"wpb_text_column wpb_content_element  vc_custom_1655806268716\">\n\t\t<div class=\"wpb_wrapper\">\n\t\t\t<p>Ao abrigo do <a href=\"https:\/\/files.dre.pt\/1s\/2021\/12\/23701\/0001900042.pdf\">Regime Geral de Preven\u00e7\u00e3o da Corrup\u00e7\u00e3o<\/a>, o ISQe disponibiliza, a qualquer interessado, um canal de den\u00fancia de atos de corrup\u00e7\u00e3o praticados por colaboradores do ISQe.<\/p>\n<p>&nbsp;<\/p>\n<p>Saiba mais sobre a pol\u00edtica de preven\u00e7\u00e3o da corrup\u00e7\u00e3o do ISQe <a href=\"https:\/\/www.isqe.com\/en\/politica-de-prevencao-da-corrupcao\/\">,here,<\/a>.<\/p>\n<p>&nbsp;<\/p>\n<p>Nos termos da lei, cabe ao Minist\u00e9rio P\u00fablico dirigir as investiga\u00e7\u00f5es relativas a suspeitas de crimes de corrup\u00e7\u00e3o. A apresenta\u00e7\u00e3o de den\u00fancias deve ser acompanhada de elementos que fundamentem a suspei\u00e7\u00e3o ou a indica\u00e7\u00e3o da localiza\u00e7\u00e3o onde os mesmos se encontrem.<\/p>\n<p>&nbsp;<\/p>\n<p>Se pretende apresentar uma den\u00fancia de atos de corrup\u00e7\u00e3o praticados por colaboradores do ISQe, por favor preencha o formul\u00e1rio abaixo.<\/p>\n\n\t\t<\/div>\n\t<\/div><div class=\"separator  transparent\" style=\"margin-top: 30px;\"><\/div>\n\t<div class=\"wpb_text_column wpb_content_element\">\n\t\t<div class=\"wpb_wrapper\">\n\t\t\t<h2 style=\"text-align: center;\"><strong>RGPD &#8211; Declara\u00e7\u00e3o de Privacidade<\/strong><\/h2>\n\n\t\t<\/div>\n\t<\/div>\n\t<div class=\"wpb_text_column wpb_content_element\">\n\t\t<div class=\"wpb_wrapper\">\n\t\t\t\n\t\t<\/div>\n\t<\/div><div class=\"separator  transparent\" style=\"margin-top: 30px;\"><\/div>\n\t<div class=\"wpb_text_column wpb_content_element  vc_custom_1661253921604\">\n\t\t<div class=\"wpb_wrapper\">\n\t\t\t<p style=\"text-align: left;\">De acordo com o Regulamento UE 2016\/679 e restante legisla\u00e7\u00e3o aplic\u00e1vel, autorizo a empresa ISQe e-Learning &#8211; Tecnologia e Inova\u00e7\u00e3o na forma\u00e7\u00e3o, SA a recolher e tratar os meus dados pessoais (nome, telefone e\/ou email), facultados por mim, de livre vontade, disponibilizados na presente plataforma para a finalidade de processamento da den\u00fancia enviada pelo remetente via Canal de Den\u00fancia do ISQe.<\/p>\n<p>&nbsp;<\/p>\n<p style=\"text-align: left;\">Pelo exerc\u00edcio do envio desta mensagem, assume o ISQe que o titular produziu consentimento para o tratamento dos seus dados pessoais para a finalidade espec\u00edfica acima identificada.<\/p>\n<p>&nbsp;<\/p>\n<p><strong>Exerc\u00edcios de direitos:<\/strong> No caso de o contacto ser an\u00f3nimo n\u00e3o existe possibilidade de acesso \u00e0 informa\u00e7\u00e3o comunicada ao ISQe, poder\u00e1 efetuar a retifica\u00e7\u00e3o se registar um novo contacto e poder\u00e1 realizar reclama\u00e7\u00e3o \u00e0 Autoridade de Controlo Local.<\/p>\n<p>&nbsp;<\/p>\n<p><strong>Per\u00edodo de reten\u00e7\u00e3o:<\/strong> A reten\u00e7\u00e3o dos dados \u00e9 feita durante 5 anos ap\u00f3s a oficializa\u00e7\u00e3o da den\u00fancia nas entidades, pelo que, ap\u00f3s esse prazo os dados ser\u00e3o eliminados ou pseudonimizados.<\/p>\n<p>&nbsp;<\/p>\n<p style=\"text-align: left;\">O ISQe gere ativamente medidas t\u00e9cnicas e administrativas adequadas \u00e0 prote\u00e7\u00e3o dos dados pessoais sob sua guarda.<\/p>\n<p>&nbsp;<\/p>\n<p><strong>Partilha de dados pessoais:<\/strong> Sem partilha, ou partilha com entidades diretas inerentes \u00e0 finalidade do tratamento em nome e benef\u00edcio \u00fanico desta e do Titular. Estas entidades possuem medidas t\u00e9cnicas e administrativas consideradas adequadas pelo ISQe.<\/p>\n<p>&nbsp;<\/p>\n<p><strong>D\u00favidas, esclarecimentos, exerc\u00edcio de direitos:<\/strong> infosec@isqe.com<\/p>\n\n\t\t<\/div>\n\t<\/div><div class=\"separator  transparent\" style=\"margin-top: 30px;\"><\/div>\n\t<div class=\"wpb_text_column wpb_content_element\">\n\t\t<div class=\"wpb_wrapper\">\n\t\t\t<h2 style=\"text-align: center;\"><strong>Formul\u00e1rio | Den\u00fancia de Corrup\u00e7\u00e3o <\/strong><\/h2>\n\n\t\t<\/div>\n\t<\/div><\/div><\/div><\/div><\/div><\/div><div      class=\"vc_row wpb_row section vc_row-fluid\" style=' text-align:left;'><div class=\"full_section_inner clearfix\"><div class=\"wpb_column vc_column_container vc_col-sm-12\"><div class=\"vc_column-inner\"><div class=\"wpb_wrapper\">\n<div class=\"wpcf7 no-js\" id=\"wpcf7-f17550-o1\" lang=\"pt-PT\" dir=\"ltr\" data-wpcf7-id=\"17550\">\n<div class=\"screen-reader-response\"><p role=\"status\" aria-live=\"polite\" aria-atomic=\"true\"><\/p> <ul><\/ul><\/div>\n<form action=\"\/en\/wp-json\/wp\/v2\/pages\/17551#wpcf7-f17550-o1\" method=\"post\" class=\"wpcf7-form init default\" aria-label=\"Formul\u00e1rio de contacto\" novalidate=\"novalidate\" data-status=\"init\" data-trp-original-action=\"\/en\/wp-json\/wp\/v2\/pages\/17551#wpcf7-f17550-o1\">\n<fieldset class=\"hidden-fields-container\"><input type=\"hidden\" name=\"_wpcf7\" value=\"17550\" \/><input type=\"hidden\" name=\"_wpcf7_version\" value=\"6.1.4\" \/><input type=\"hidden\" name=\"_wpcf7_locale\" value=\"pt_PT\" \/><input type=\"hidden\" name=\"_wpcf7_unit_tag\" value=\"wpcf7-f17550-o1\" \/><input type=\"hidden\" name=\"_wpcf7_container_post\" value=\"0\" \/><input type=\"hidden\" name=\"_wpcf7_posted_data_hash\" value=\"\" \/>\n<\/fieldset>\n<p><label> Indique qual a \u00e1rea de atividade em que se insere o ato de corrup\u00e7\u00e3o que pretende denunciar (Selecionar uma \u00e1rea): <\/label><br \/>\n<span class=\"wpcf7-form-control-wrap\" data-name=\"Area-denuncia-corrupcao\"><select class=\"wpcf7-form-control wpcf7-select wpcf7-validates-as-required\" aria-required=\"true\" aria-invalid=\"false\" name=\"Area-denuncia-corrupcao\"><option value=\"N\u00e3o sei qual \u00e9 a \u00e1rea espec\u00edfica da empresa\">N\u00e3o sei qual \u00e9 a \u00e1rea espec\u00edfica da empresa<\/option><option value=\"Dire\u00e7\u00e3o\">Dire\u00e7\u00e3o<\/option><option value=\"Finance &amp; Administration\">Finance &amp; Administration<\/option><option value=\"Human Resources\">Human Resources<\/option><option value=\"IT\">IT<\/option><option value=\"Procurement\">Procurement<\/option><option value=\"Quality\">Quality<\/option><option value=\"Sales &amp; Marketing\">Sales &amp; Marketing<\/option><option value=\"Talent Management Platforms\">Talent Management Platforms<\/option><option value=\"Business Apps\">Business Apps<\/option><option value=\"Digital Learning Experience\">Digital Learning Experience<\/option><\/select><\/span>\n<\/p>\n<p><label> Ato de corrup\u00e7\u00e3o (Descreva os factos de que tem conhecimento com o maior detalhe poss\u00edvel, por exemplo incluindo locais, pessoas e empresas envolvidas, modo de atuar, se foram feitos pagamentos e como, atrav\u00e9s de que meios, contas banc\u00e1rias e titulares, tentando ser o mais objetivo poss\u00edvel):<br \/>\n<span class=\"wpcf7-form-control-wrap\" data-name=\"Ato-de-corrupcao\"><textarea cols=\"40\" rows=\"10\" maxlength=\"2000\" class=\"wpcf7-form-control wpcf7-textarea wpcf7-validates-as-required\" aria-required=\"true\" aria-invalid=\"false\" name=\"Ato-de-corrupcao\"><\/textarea><\/span><\/label>\n<\/p>\n<p><label> Suspeitos (Indique todos os dados que sabe sobre as pessoas envolvidas na corrup\u00e7\u00e3o ou fraude):<br \/>\n<span class=\"wpcf7-form-control-wrap\" data-name=\"Suspeitos\"><textarea cols=\"40\" rows=\"10\" maxlength=\"2000\" class=\"wpcf7-form-control wpcf7-textarea wpcf7-validates-as-required\" aria-required=\"true\" aria-invalid=\"false\" name=\"Suspeitos\"><\/textarea><\/span><\/label>\n<\/p>\n<p><label> Data\/s ou per\u00edodo (Indique a data ou per\u00edodo de ocorr\u00eancia dos factos):<br \/>\n<span class=\"wpcf7-form-control-wrap\" data-name=\"Data-ou-periodo\"><textarea cols=\"40\" rows=\"10\" maxlength=\"2000\" class=\"wpcf7-form-control wpcf7-textarea wpcf7-validates-as-required\" aria-required=\"true\" aria-invalid=\"false\" name=\"Data-ou-periodo\"><\/textarea><\/span><\/label>\n<\/p>\n<p><label> Nome Pr\u00f3prio (opcional):<br \/>\n<span class=\"wpcf7-form-control-wrap\" data-name=\"nome-proprio\"><input size=\"40\" maxlength=\"400\" class=\"wpcf7-form-control wpcf7-text\" aria-invalid=\"false\" value=\"\" type=\"text\" name=\"nome-proprio\" \/><\/span> <\/label>\n<\/p>\n<p><label> Apelido (opcional):<br \/>\n<span class=\"wpcf7-form-control-wrap\" data-name=\"apelido\"><input size=\"40\" maxlength=\"400\" class=\"wpcf7-form-control wpcf7-text\" aria-invalid=\"false\" value=\"\" type=\"text\" name=\"apelido\" \/><\/span> <\/label>\n<\/p>\n<p><label> Telefone (opcional):<br \/>\n<span class=\"wpcf7-form-control-wrap\" data-name=\"telefone\"><input size=\"40\" maxlength=\"400\" class=\"wpcf7-form-control wpcf7-tel wpcf7-text wpcf7-validates-as-tel\" aria-invalid=\"false\" value=\"\" type=\"tel\" name=\"telefone\" \/><\/span> <\/label>\n<\/p>\n<p><label> Email (opcional):<br \/>\n<span class=\"wpcf7-form-control-wrap\" data-name=\"your-mail\"><input size=\"40\" maxlength=\"400\" class=\"wpcf7-form-control wpcf7-email wpcf7-text wpcf7-validates-as-email\" aria-invalid=\"false\" value=\"\" type=\"email\" name=\"your-mail\" \/><\/span> <\/label>\n<\/p>\n<p><span class=\"wpcf7-form-control-wrap\" data-name=\"Aceitacao-RGPD\"><span class=\"wpcf7-form-control wpcf7-acceptance\"><span class=\"wpcf7-list-item\"><label><input type=\"checkbox\" name=\"Aceitacao-RGPD\" value=\"1\" aria-invalid=\"false\" \/><span class=\"wpcf7-list-item-label\">Ao submeter este formul\u00e1rio, dou permiss\u00e3o para que o ISQe armazene e processe os meus dados pessoais no \u00e2mbito do acto de den\u00fancia.<\/span><\/label><\/span><\/span><\/span>\n<\/p>\n<p>.\n<\/p>\n<p><input class=\"wpcf7-form-control wpcf7-submit has-spinner\" type=\"submit\" value=\"Submit\" \/>\n<\/p><div class=\"wpcf7-response-output\" aria-hidden=\"true\"><\/div>\n<input type=\"hidden\" name=\"trp-form-language\" value=\"en\"\/><\/form>\n<\/div>\n<\/div><\/div><\/div><\/div><\/div><div      class=\"vc_row wpb_row section vc_row-fluid\" style=' text-align:left;'><div class=\"full_section_inner clearfix\"><div class=\"wpb_column vc_column_container vc_col-sm-12\"><div class=\"vc_column-inner\"><div class=\"wpb_wrapper\"><div class=\"separator  transparent\" style=\"\"><\/div>\n\t<div class=\"wpb_text_column wpb_content_element\">\n\t\t<div class=\"wpb_wrapper\">\n\t\t\t<p>You can change your communication permissions at any time, just send us an email with this indication to: <strong>infosec@isqe.com<\/strong><\/p>\n<p>&nbsp;<\/p>\n<p>For more information about our privacy and information security policy see <a href=\"https:\/\/www.isqe.com\/en\/politica-privacidade\/\"><u>,here,<\/u><\/a>.<\/p>\n\n\t\t<\/div>\n\t<\/div><\/div><\/div><\/div><\/div><\/div><div      class=\"vc_row wpb_row section vc_row-fluid\" style=' text-align:left;'><div class=\"full_section_inner clearfix\"><div class=\"wpb_column vc_column_container vc_col-sm-12\"><div class=\"vc_column-inner\"><div class=\"wpb_wrapper\"><div class=\"separator  transparent\" style=\"\"><\/div><div class=\"separator  transparent\" style=\"\"><\/div><\/div><\/div><\/div><\/div><\/div>\n<\/div>","protected":false},"excerpt":{"rendered":"APRESENTAR DEN\u00daNCIA DE ATOS DE CORRUP\u00c7\u00c3O NO ISQE Ao abrigo do Regime Geral de Preven\u00e7\u00e3o da Corrup\u00e7\u00e3o, o ISQe disponibiliza, a qualquer interessado, um canal de den\u00fancia de atos de corrup\u00e7\u00e3o praticados por colaboradores do ISQe. &nbsp; Saiba mais sobre a pol\u00edtica de preven\u00e7\u00e3o da...","protected":false},"author":7,"featured_media":0,"parent":0,"menu_order":0,"comment_status":"closed","ping_status":"open","template":"","meta":{"_monsterinsights_skip_tracking":false,"_monsterinsights_sitenote_active":false,"_monsterinsights_sitenote_note":"","_monsterinsights_sitenote_category":0,"footnotes":""},"class_list":["post-17551","page","type-page","status-publish","hentry"],"yoast_head":"<!-- This site is optimized with the Yoast SEO plugin v26.6 - https:\/\/yoast.com\/wordpress\/plugins\/seo\/ -->\n<title>Canal de Den\u00fancia - ISQe<\/title>\n<meta name=\"description\" content=\"O ISQe segue os requisitos apresentados no RGPC e disponibiliza um canal de den\u00fancia. O ISQe rege-se pelos padr\u00f5es mais exigentes ...\" \/>\n<meta name=\"robots\" content=\"index, follow, max-snippet:-1, max-image-preview:large, max-video-preview:-1\" \/>\n<link rel=\"canonical\" href=\"https:\/\/www.isqe.com\/en\/canal-de-denuncia\/\" \/>\n<meta property=\"og:locale\" content=\"en_US\" \/>\n<meta property=\"og:type\" content=\"article\" \/>\n<meta property=\"og:title\" content=\"Canal de Den\u00fancia - ISQe\" \/>\n<meta property=\"og:description\" content=\"O ISQe segue os requisitos apresentados no RGPC e disponibiliza um canal de den\u00fancia. O ISQe rege-se pelos padr\u00f5es mais exigentes ...\" \/>\n<meta property=\"og:url\" content=\"https:\/\/www.isqe.com\/en\/canal-de-denuncia\/\" \/>\n<meta property=\"og:site_name\" content=\"ISQe\" \/>\n<meta property=\"article:publisher\" content=\"https:\/\/www.facebook.com\/ISQe.Engaging.People\" \/>\n<meta property=\"article:modified_time\" content=\"2022-08-23T11:27:31+00:00\" \/>\n<meta name=\"twitter:card\" content=\"summary_large_image\" \/>\n<meta name=\"twitter:label1\" content=\"Est. reading time\" \/>\n\t<meta name=\"twitter:data1\" content=\"3 minutes\" \/>\n<script type=\"application\/ld+json\" class=\"yoast-schema-graph\">{\"@context\":\"https:\/\/schema.org\",\"@graph\":[{\"@type\":\"WebPage\",\"@id\":\"https:\/\/www.isqe.com\/canal-de-denuncia\/\",\"url\":\"https:\/\/www.isqe.com\/canal-de-denuncia\/\",\"name\":\"Canal de Den\u00fancia - ISQe\",\"isPartOf\":{\"@id\":\"https:\/\/www.isqe.com\/#website\"},\"datePublished\":\"2022-06-20T19:36:05+00:00\",\"dateModified\":\"2022-08-23T11:27:31+00:00\",\"description\":\"O ISQe segue os requisitos apresentados no RGPC e disponibiliza um canal de den\u00fancia. O ISQe rege-se pelos padr\u00f5es mais exigentes ...\",\"breadcrumb\":{\"@id\":\"https:\/\/www.isqe.com\/canal-de-denuncia\/#breadcrumb\"},\"inLanguage\":\"en-US\",\"potentialAction\":[{\"@type\":\"ReadAction\",\"target\":[\"https:\/\/www.isqe.com\/canal-de-denuncia\/\"]}]},{\"@type\":\"BreadcrumbList\",\"@id\":\"https:\/\/www.isqe.com\/canal-de-denuncia\/#breadcrumb\",\"itemListElement\":[{\"@type\":\"ListItem\",\"position\":1,\"name\":\"In\u00edcio\",\"item\":\"https:\/\/www.isqe.com\/\"},{\"@type\":\"ListItem\",\"position\":2,\"name\":\"Canal de Den\u00fancia\"}]},{\"@type\":\"WebSite\",\"@id\":\"https:\/\/www.isqe.com\/#website\",\"url\":\"https:\/\/www.isqe.com\/\",\"name\":\"ISQe\",\"description\":\"Engaging People\",\"publisher\":{\"@id\":\"https:\/\/www.isqe.com\/#organization\"},\"potentialAction\":[{\"@type\":\"SearchAction\",\"target\":{\"@type\":\"EntryPoint\",\"urlTemplate\":\"https:\/\/www.isqe.com\/?s={search_term_string}\"},\"query-input\":{\"@type\":\"PropertyValueSpecification\",\"valueRequired\":true,\"valueName\":\"search_term_string\"}}],\"inLanguage\":\"en-US\"},{\"@type\":\"Organization\",\"@id\":\"https:\/\/www.isqe.com\/#organization\",\"name\":\"ISQe\",\"url\":\"https:\/\/www.isqe.com\/\",\"logo\":{\"@type\":\"ImageObject\",\"inLanguage\":\"en-US\",\"@id\":\"https:\/\/www.isqe.com\/#\/schema\/logo\/image\/\",\"url\":\"https:\/\/www.isqe.com\/wp-content\/uploads\/2022\/01\/ISQe-logotipo-web.png\",\"contentUrl\":\"https:\/\/www.isqe.com\/wp-content\/uploads\/2022\/01\/ISQe-logotipo-web.png\",\"width\":842,\"height\":596,\"caption\":\"ISQe\"},\"image\":{\"@id\":\"https:\/\/www.isqe.com\/#\/schema\/logo\/image\/\"},\"sameAs\":[\"https:\/\/www.facebook.com\/ISQe.Engaging.People\",\"https:\/\/www.instagram.com\/isqe.engage.people\/\",\"https:\/\/pt.linkedin.com\/company\/isqe\",\"https:\/\/www.youtube.com\/channel\/UChrGaLoIk_sh__ZEoCzBjxA\/featured\"]}]}<\/script>\n<!-- \/ Yoast SEO plugin. -->","yoast_head_json":{"title":"Canal de Den\u00fancia - ISQe","description":"O ISQe segue os requisitos apresentados no RGPC e disponibiliza um canal de den\u00fancia. O ISQe rege-se pelos padr\u00f5es mais exigentes ...","robots":{"index":"index","follow":"follow","max-snippet":"max-snippet:-1","max-image-preview":"max-image-preview:large","max-video-preview":"max-video-preview:-1"},"canonical":"https:\/\/www.isqe.com\/en\/canal-de-denuncia\/","og_locale":"en_US","og_type":"article","og_title":"Canal de Den\u00fancia - ISQe","og_description":"O ISQe segue os requisitos apresentados no RGPC e disponibiliza um canal de den\u00fancia. O ISQe rege-se pelos padr\u00f5es mais exigentes ...","og_url":"https:\/\/www.isqe.com\/en\/canal-de-denuncia\/","og_site_name":"ISQe","article_publisher":"https:\/\/www.facebook.com\/ISQe.Engaging.People","article_modified_time":"2022-08-23T11:27:31+00:00","twitter_card":"summary_large_image","twitter_misc":{"Est. reading time":"3 minutes"},"schema":{"@context":"https:\/\/schema.org","@graph":[{"@type":"WebPage","@id":"https:\/\/www.isqe.com\/canal-de-denuncia\/","url":"https:\/\/www.isqe.com\/canal-de-denuncia\/","name":"Canal de Den\u00fancia - ISQe","isPartOf":{"@id":"https:\/\/www.isqe.com\/#website"},"datePublished":"2022-06-20T19:36:05+00:00","dateModified":"2022-08-23T11:27:31+00:00","description":"O ISQe segue os requisitos apresentados no RGPC e disponibiliza um canal de den\u00fancia. O ISQe rege-se pelos padr\u00f5es mais exigentes ...","breadcrumb":{"@id":"https:\/\/www.isqe.com\/canal-de-denuncia\/#breadcrumb"},"inLanguage":"en-US","potentialAction":[{"@type":"ReadAction","target":["https:\/\/www.isqe.com\/canal-de-denuncia\/"]}]},{"@type":"BreadcrumbList","@id":"https:\/\/www.isqe.com\/canal-de-denuncia\/#breadcrumb","itemListElement":[{"@type":"ListItem","position":1,"name":"In\u00edcio","item":"https:\/\/www.isqe.com\/"},{"@type":"ListItem","position":2,"name":"Canal de Den\u00fancia"}]},{"@type":"WebSite","@id":"https:\/\/www.isqe.com\/#website","url":"https:\/\/www.isqe.com\/","name":"ISQe","description":"Engaging People","publisher":{"@id":"https:\/\/www.isqe.com\/#organization"},"potentialAction":[{"@type":"SearchAction","target":{"@type":"EntryPoint","urlTemplate":"https:\/\/www.isqe.com\/?s={search_term_string}"},"query-input":{"@type":"PropertyValueSpecification","valueRequired":true,"valueName":"search_term_string"}}],"inLanguage":"en-US"},{"@type":"Organization","@id":"https:\/\/www.isqe.com\/#organization","name":"ISQe","url":"https:\/\/www.isqe.com\/","logo":{"@type":"ImageObject","inLanguage":"en-US","@id":"https:\/\/www.isqe.com\/#\/schema\/logo\/image\/","url":"https:\/\/www.isqe.com\/wp-content\/uploads\/2022\/01\/ISQe-logotipo-web.png","contentUrl":"https:\/\/www.isqe.com\/wp-content\/uploads\/2022\/01\/ISQe-logotipo-web.png","width":842,"height":596,"caption":"ISQe"},"image":{"@id":"https:\/\/www.isqe.com\/#\/schema\/logo\/image\/"},"sameAs":["https:\/\/www.facebook.com\/ISQe.Engaging.People","https:\/\/www.instagram.com\/isqe.engage.people\/","https:\/\/pt.linkedin.com\/company\/isqe","https:\/\/www.youtube.com\/channel\/UChrGaLoIk_sh__ZEoCzBjxA\/featured"]}]}},"_links":{"self":[{"href":"https:\/\/www.isqe.com\/en\/wp-json\/wp\/v2\/pages\/17551","targetHints":{"allow":["GET"]}}],"collection":[{"href":"https:\/\/www.isqe.com\/en\/wp-json\/wp\/v2\/pages"}],"about":[{"href":"https:\/\/www.isqe.com\/en\/wp-json\/wp\/v2\/types\/page"}],"author":[{"embeddable":true,"href":"https:\/\/www.isqe.com\/en\/wp-json\/wp\/v2\/users\/7"}],"replies":[{"embeddable":true,"href":"https:\/\/www.isqe.com\/en\/wp-json\/wp\/v2\/comments?post=17551"}],"version-history":[{"count":9,"href":"https:\/\/www.isqe.com\/en\/wp-json\/wp\/v2\/pages\/17551\/revisions"}],"predecessor-version":[{"id":17707,"href":"https:\/\/www.isqe.com\/en\/wp-json\/wp\/v2\/pages\/17551\/revisions\/17707"}],"wp:attachment":[{"href":"https:\/\/www.isqe.com\/en\/wp-json\/wp\/v2\/media?parent=17551"}],"curies":[{"name":"wp","href":"https:\/\/api.w.org\/{rel}","templated":true}]}}