{"id":17493,"date":"2022-06-20T17:25:47","date_gmt":"2022-06-20T17:25:47","guid":{"rendered":"https:\/\/www.isqe.com\/?page_id=17493"},"modified":"2022-06-21T10:07:19","modified_gmt":"2022-06-21T10:07:19","slug":"politica-de-prevencao-da-corrupcao","status":"publish","type":"page","link":"https:\/\/www.isqe.com\/en\/politica-de-prevencao-da-corrupcao\/","title":{"rendered":"Corruption Prevention Policy"},"content":{"rendered":"<div class=\"wpb-content-wrapper\"><div      class=\"vc_row wpb_row section vc_row-fluid  vc_custom_1641549143511\" style=' text-align:left;'><div class=\"full_section_inner clearfix\"><div class=\"wpb_column vc_column_container vc_col-sm-12 vc_col-has-fill\"><div class=\"vc_column-inner vc_custom_1640876880078\"><div class=\"wpb_wrapper\">\n\t<div class=\"wpb_text_column wpb_content_element\">\n\t\t<div class=\"wpb_wrapper\">\n\t\t\t<h2 class=\"padding-top-50 padding-bottom-20\" align=\"center\"><strong>Corruption Prevention Policy<\/strong><\/h2>\n\n\t\t<\/div>\n\t<\/div><div class=\"separator  transparent\" style=\"margin-top: 30px;\"><\/div>\n\t<div class=\"wpb_text_column wpb_content_element  vc_custom_1655746066385\">\n\t\t<div class=\"wpb_wrapper\">\n\t\t\t<p>ISQe follows the requirements set out in the General Regime for the Prevention of Corruption (RGPC), presenting yet another proof that it is governed by the most demanding standards in relations with its business partners, proposing to satisfy with quality, integrity and good conduct the same.<\/p>\n<p>All ISQe employees are responsible for ensuring proper behavior in the services provided. Only with everyone's commitment, ISQe can achieve its goals of quality, integrity and good conduct, proving to be a business partner aware of the requirements of the business in which it operates and the laws in force.<\/p>\n<p>&nbsp;<\/p>\n<h2 style=\"text-align: center;\"><strong>ISQe Position<\/strong><\/h2>\n<p>&nbsp;<\/p>\n<p>Preventing behaviors that may constitute corruption in the performance of its activity and relationship with business partners, ISQe does not allow its employees or third parties acting on its behalf to do the following:<\/p>\n<ul>\n<li>offering, promising or authorizing undue advantages to a person or entity, including facilitation payments, with a view to obtaining material or non-property advantages for themselves, ISQe or third parties;<\/li>\n<li>accept advantages for yourself, for ISQe or for third parties, when the acceptance could jeopardize the independence and exemption of these or ISQe, current or future, in relation to the offeror or its related party;<\/li>\n<li>use donations or sponsorships as a means of exerting unlawful influence or pressure in relation to any decision with an advantage for ISQe or a related party, and social adequacy with regard to the market sector and countries in which ISQe carries out its activity must always be maintained.<\/li>\n<\/ul>\n<p>&nbsp;<\/p>\n<h2 style=\"text-align: center;\"><strong>ISQe is committed to<\/strong><\/h2>\n<p>&nbsp;<\/p>\n<ul>\n<li>promote the effectiveness of the irregularities reporting mechanisms in force at ISQe;<\/li>\n<li>develop adequate processes and procedures to assess and mitigate the risk of corruption, namely the risk that partners, transactions or commercial\/institutional relationships may present to ISQe;<\/li>\n<li>promote among its business partners measures to prevent corruption and to recognize the principles and values provided for in the ISQe Code of Ethics and Standards of Conduct, in this area.<\/li>\n<\/ul>\n<p>&nbsp;<\/p>\n<h2 class=\"padding-top-50 padding-bottom-20\" align=\"center\"><strong>Final Statement<\/strong><\/h2>\n<p>&nbsp;<\/p>\n<div class=\"col-sm-12 column col-lg-12 padding-top-20 padding-bottom-10\">\n<div class=\"ge-content ge-content-type-ckeditor\" data-ge-content-type=\"ckeditor\">\n<p>ISQe, represented by its Managing Director, is committed to monitoring the evolution of best practices in terms of preventing the risk of corruption, with a view to continuous improvement.<\/p>\n<\/div>\n<\/div>\n<div class=\"col-sm-12 column col-lg-12 padding-top-20 padding-bottom-10\">\n<div class=\"ge-content ge-content-type-ckeditor\" data-ge-content-type=\"ckeditor\">\n<p>&nbsp;<\/p>\n<p>Pedro Correia<br \/>\nManaging Director<\/p>\n<\/div>\n<\/div>\n\n\t\t<\/div>\n\t<\/div><div class=\"separator  transparent\" style=\"margin-top: 30px;\"><\/div><div class=\"separator  transparent\" style=\"\"><\/div>\n\t<div class=\"wpb_text_column wpb_content_element\">\n\t\t<div class=\"wpb_wrapper\">\n\t\t\t\n\t\t<\/div>\n\t<\/div><\/div><\/div><\/div><\/div><\/div>\n<\/div>","protected":false},"excerpt":{"rendered":"POL\u00cdTICA DE PREVEN\u00c7\u00c3O DA CORRUP\u00c7\u00c3O DO ISQE O ISQe segue os requisitos apresentados pelo estabelecido no Regime Geral da Preven\u00e7\u00e3o da Corrup\u00e7\u00e3o (RGPC), apresentando mais uma prova que se rege pelos padr\u00f5es mais exigentes nas rela\u00e7\u00f5es com os seus parceiros de neg\u00f3cio, propondo-se satisfazer com...","protected":false},"author":7,"featured_media":0,"parent":0,"menu_order":0,"comment_status":"closed","ping_status":"open","template":"","meta":{"_monsterinsights_skip_tracking":false,"_monsterinsights_sitenote_active":false,"_monsterinsights_sitenote_note":"","_monsterinsights_sitenote_category":0,"footnotes":""},"class_list":["post-17493","page","type-page","status-publish","hentry"],"yoast_head":"<!-- This site is optimized with the Yoast SEO plugin v26.6 - https:\/\/yoast.com\/wordpress\/plugins\/seo\/ -->\n<title>Pol\u00edtica de Preven\u00e7\u00e3o da Corrup\u00e7\u00e3o - ISQe<\/title>\n<meta name=\"description\" content=\"O ISQe segue os requisitos apresentados pelo estabelecido no RGPC. O ISQe rege-se pelos padr\u00f5es mais exigentes nas rela\u00e7\u00f5es com...\" \/>\n<meta name=\"robots\" content=\"index, follow, max-snippet:-1, max-image-preview:large, max-video-preview:-1\" \/>\n<link rel=\"canonical\" href=\"https:\/\/www.isqe.com\/en\/politica-de-prevencao-da-corrupcao\/\" \/>\n<meta property=\"og:locale\" content=\"en_US\" \/>\n<meta property=\"og:type\" content=\"article\" \/>\n<meta property=\"og:title\" content=\"Pol\u00edtica de Preven\u00e7\u00e3o da Corrup\u00e7\u00e3o - ISQe\" \/>\n<meta property=\"og:description\" content=\"O ISQe segue os requisitos apresentados pelo estabelecido no RGPC. O ISQe rege-se pelos padr\u00f5es mais exigentes nas rela\u00e7\u00f5es com...\" \/>\n<meta property=\"og:url\" content=\"https:\/\/www.isqe.com\/en\/politica-de-prevencao-da-corrupcao\/\" \/>\n<meta property=\"og:site_name\" content=\"ISQe\" \/>\n<meta property=\"article:publisher\" content=\"https:\/\/www.facebook.com\/ISQe.Engaging.People\" \/>\n<meta property=\"article:modified_time\" content=\"2022-06-21T10:07:19+00:00\" \/>\n<meta name=\"twitter:card\" content=\"summary_large_image\" \/>\n<meta name=\"twitter:label1\" content=\"Est. reading time\" \/>\n\t<meta name=\"twitter:data1\" content=\"3 minutes\" \/>\n<script type=\"application\/ld+json\" class=\"yoast-schema-graph\">{\"@context\":\"https:\/\/schema.org\",\"@graph\":[{\"@type\":\"WebPage\",\"@id\":\"https:\/\/www.isqe.com\/politica-de-prevencao-da-corrupcao\/\",\"url\":\"https:\/\/www.isqe.com\/politica-de-prevencao-da-corrupcao\/\",\"name\":\"Pol\u00edtica de Preven\u00e7\u00e3o da Corrup\u00e7\u00e3o - ISQe\",\"isPartOf\":{\"@id\":\"https:\/\/www.isqe.com\/#website\"},\"datePublished\":\"2022-06-20T17:25:47+00:00\",\"dateModified\":\"2022-06-21T10:07:19+00:00\",\"description\":\"O ISQe segue os requisitos apresentados pelo estabelecido no RGPC. O ISQe rege-se pelos padr\u00f5es mais exigentes nas rela\u00e7\u00f5es com...\",\"breadcrumb\":{\"@id\":\"https:\/\/www.isqe.com\/politica-de-prevencao-da-corrupcao\/#breadcrumb\"},\"inLanguage\":\"en-US\",\"potentialAction\":[{\"@type\":\"ReadAction\",\"target\":[\"https:\/\/www.isqe.com\/politica-de-prevencao-da-corrupcao\/\"]}]},{\"@type\":\"BreadcrumbList\",\"@id\":\"https:\/\/www.isqe.com\/politica-de-prevencao-da-corrupcao\/#breadcrumb\",\"itemListElement\":[{\"@type\":\"ListItem\",\"position\":1,\"name\":\"In\u00edcio\",\"item\":\"https:\/\/www.isqe.com\/\"},{\"@type\":\"ListItem\",\"position\":2,\"name\":\"Pol\u00edtica de Preven\u00e7\u00e3o da Corrup\u00e7\u00e3o\"}]},{\"@type\":\"WebSite\",\"@id\":\"https:\/\/www.isqe.com\/#website\",\"url\":\"https:\/\/www.isqe.com\/\",\"name\":\"ISQe\",\"description\":\"Engaging People\",\"publisher\":{\"@id\":\"https:\/\/www.isqe.com\/#organization\"},\"potentialAction\":[{\"@type\":\"SearchAction\",\"target\":{\"@type\":\"EntryPoint\",\"urlTemplate\":\"https:\/\/www.isqe.com\/?s={search_term_string}\"},\"query-input\":{\"@type\":\"PropertyValueSpecification\",\"valueRequired\":true,\"valueName\":\"search_term_string\"}}],\"inLanguage\":\"en-US\"},{\"@type\":\"Organization\",\"@id\":\"https:\/\/www.isqe.com\/#organization\",\"name\":\"ISQe\",\"url\":\"https:\/\/www.isqe.com\/\",\"logo\":{\"@type\":\"ImageObject\",\"inLanguage\":\"en-US\",\"@id\":\"https:\/\/www.isqe.com\/#\/schema\/logo\/image\/\",\"url\":\"https:\/\/www.isqe.com\/wp-content\/uploads\/2022\/01\/ISQe-logotipo-web.png\",\"contentUrl\":\"https:\/\/www.isqe.com\/wp-content\/uploads\/2022\/01\/ISQe-logotipo-web.png\",\"width\":842,\"height\":596,\"caption\":\"ISQe\"},\"image\":{\"@id\":\"https:\/\/www.isqe.com\/#\/schema\/logo\/image\/\"},\"sameAs\":[\"https:\/\/www.facebook.com\/ISQe.Engaging.People\",\"https:\/\/www.instagram.com\/isqe.engage.people\/\",\"https:\/\/pt.linkedin.com\/company\/isqe\",\"https:\/\/www.youtube.com\/channel\/UChrGaLoIk_sh__ZEoCzBjxA\/featured\"]}]}<\/script>\n<!-- \/ Yoast SEO plugin. -->","yoast_head_json":{"title":"Pol\u00edtica de Preven\u00e7\u00e3o da Corrup\u00e7\u00e3o - ISQe","description":"O ISQe segue os requisitos apresentados pelo estabelecido no RGPC. O ISQe rege-se pelos padr\u00f5es mais exigentes nas rela\u00e7\u00f5es com...","robots":{"index":"index","follow":"follow","max-snippet":"max-snippet:-1","max-image-preview":"max-image-preview:large","max-video-preview":"max-video-preview:-1"},"canonical":"https:\/\/www.isqe.com\/en\/politica-de-prevencao-da-corrupcao\/","og_locale":"en_US","og_type":"article","og_title":"Pol\u00edtica de Preven\u00e7\u00e3o da Corrup\u00e7\u00e3o - ISQe","og_description":"O ISQe segue os requisitos apresentados pelo estabelecido no RGPC. O ISQe rege-se pelos padr\u00f5es mais exigentes nas rela\u00e7\u00f5es com...","og_url":"https:\/\/www.isqe.com\/en\/politica-de-prevencao-da-corrupcao\/","og_site_name":"ISQe","article_publisher":"https:\/\/www.facebook.com\/ISQe.Engaging.People","article_modified_time":"2022-06-21T10:07:19+00:00","twitter_card":"summary_large_image","twitter_misc":{"Est. reading time":"3 minutes"},"schema":{"@context":"https:\/\/schema.org","@graph":[{"@type":"WebPage","@id":"https:\/\/www.isqe.com\/politica-de-prevencao-da-corrupcao\/","url":"https:\/\/www.isqe.com\/politica-de-prevencao-da-corrupcao\/","name":"Pol\u00edtica de Preven\u00e7\u00e3o da Corrup\u00e7\u00e3o - ISQe","isPartOf":{"@id":"https:\/\/www.isqe.com\/#website"},"datePublished":"2022-06-20T17:25:47+00:00","dateModified":"2022-06-21T10:07:19+00:00","description":"O ISQe segue os requisitos apresentados pelo estabelecido no RGPC. O ISQe rege-se pelos padr\u00f5es mais exigentes nas rela\u00e7\u00f5es com...","breadcrumb":{"@id":"https:\/\/www.isqe.com\/politica-de-prevencao-da-corrupcao\/#breadcrumb"},"inLanguage":"en-US","potentialAction":[{"@type":"ReadAction","target":["https:\/\/www.isqe.com\/politica-de-prevencao-da-corrupcao\/"]}]},{"@type":"BreadcrumbList","@id":"https:\/\/www.isqe.com\/politica-de-prevencao-da-corrupcao\/#breadcrumb","itemListElement":[{"@type":"ListItem","position":1,"name":"In\u00edcio","item":"https:\/\/www.isqe.com\/"},{"@type":"ListItem","position":2,"name":"Pol\u00edtica de Preven\u00e7\u00e3o da Corrup\u00e7\u00e3o"}]},{"@type":"WebSite","@id":"https:\/\/www.isqe.com\/#website","url":"https:\/\/www.isqe.com\/","name":"ISQe","description":"Engaging People","publisher":{"@id":"https:\/\/www.isqe.com\/#organization"},"potentialAction":[{"@type":"SearchAction","target":{"@type":"EntryPoint","urlTemplate":"https:\/\/www.isqe.com\/?s={search_term_string}"},"query-input":{"@type":"PropertyValueSpecification","valueRequired":true,"valueName":"search_term_string"}}],"inLanguage":"en-US"},{"@type":"Organization","@id":"https:\/\/www.isqe.com\/#organization","name":"ISQe","url":"https:\/\/www.isqe.com\/","logo":{"@type":"ImageObject","inLanguage":"en-US","@id":"https:\/\/www.isqe.com\/#\/schema\/logo\/image\/","url":"https:\/\/www.isqe.com\/wp-content\/uploads\/2022\/01\/ISQe-logotipo-web.png","contentUrl":"https:\/\/www.isqe.com\/wp-content\/uploads\/2022\/01\/ISQe-logotipo-web.png","width":842,"height":596,"caption":"ISQe"},"image":{"@id":"https:\/\/www.isqe.com\/#\/schema\/logo\/image\/"},"sameAs":["https:\/\/www.facebook.com\/ISQe.Engaging.People","https:\/\/www.instagram.com\/isqe.engage.people\/","https:\/\/pt.linkedin.com\/company\/isqe","https:\/\/www.youtube.com\/channel\/UChrGaLoIk_sh__ZEoCzBjxA\/featured"]}]}},"_links":{"self":[{"href":"https:\/\/www.isqe.com\/en\/wp-json\/wp\/v2\/pages\/17493","targetHints":{"allow":["GET"]}}],"collection":[{"href":"https:\/\/www.isqe.com\/en\/wp-json\/wp\/v2\/pages"}],"about":[{"href":"https:\/\/www.isqe.com\/en\/wp-json\/wp\/v2\/types\/page"}],"author":[{"embeddable":true,"href":"https:\/\/www.isqe.com\/en\/wp-json\/wp\/v2\/users\/7"}],"replies":[{"embeddable":true,"href":"https:\/\/www.isqe.com\/en\/wp-json\/wp\/v2\/comments?post=17493"}],"version-history":[{"count":5,"href":"https:\/\/www.isqe.com\/en\/wp-json\/wp\/v2\/pages\/17493\/revisions"}],"predecessor-version":[{"id":17549,"href":"https:\/\/www.isqe.com\/en\/wp-json\/wp\/v2\/pages\/17493\/revisions\/17549"}],"wp:attachment":[{"href":"https:\/\/www.isqe.com\/en\/wp-json\/wp\/v2\/media?parent=17493"}],"curies":[{"name":"wp","href":"https:\/\/api.w.org\/{rel}","templated":true}]}}