{"id":16538,"date":"2022-01-17T14:46:53","date_gmt":"2022-01-17T14:46:53","guid":{"rendered":"https:\/\/www.isqe.com\/?page_id=16538"},"modified":"2026-04-16T15:26:05","modified_gmt":"2026-04-16T15:26:05","slug":"demo-or-die","status":"publish","type":"page","link":"https:\/\/www.isqe.com\/en\/demo-or-die\/","title":{"rendered":"Demo or die"},"content":{"rendered":"<div class=\"wpb-content-wrapper\"><div class=\"vc_row wpb_row section vc_row-fluid  vc_custom_1641394844318\" style=' text-align:left;'><div class=\"full_section_inner clearfix\"><div class=\"wpb_column vc_column_container vc_col-sm-12\"><div class=\"vc_column-inner\"><div class=\"wpb_wrapper\"><div class='q_elements_holder two_columns eh_two_columns_66_33 responsive_mode_from_768' ><div class='q_elements_item' data-animation='no' data-item-class='q_elements_holder_custom_545368' style='background-image: url(https:\/\/www.isqe.com\/wp-content\/uploads\/2022\/05\/Demo-or-Die.png);background-position: center;background-size: cover;'><div class='q_elements_item_inner'><div class='q_elements_item_content q_elements_holder_custom_545368'><\/div><\/div><\/div><div class='q_elements_item' data-animation='no' data-item-class='q_elements_holder_custom_885596' style='background-color:#ed1b34;'><div class='q_elements_item_inner'><div class='q_elements_item_content q_elements_holder_custom_885596' style='padding:20% 10% 20% 10%'>\n\t<div class=\"wpb_text_column wpb_content_element\">\n\t\t<div class=\"wpb_wrapper\">\n\t\t\t<h2 style=\"text-align: left;\"><span style=\"color: #fff; font-size: 74px; text-transform: lowercase; letter-spacing: -4px; line-height: 0.9em;\">Demo or die<br \/>\n<\/span><\/h2>\n\n\t\t<\/div>\n\t<\/div><div class=\"separator  small left\" style=\"margin-top: 12px;background-color: #9d0b0f;\"><\/div><div class=\"vc_empty_space\"  style=\"height: 100px\" >\n\t<span class=\"vc_empty_space_inner\">\n\t\t<span class=\"empty_space_image\"  ><\/span>\n\t<\/span>\n<\/div><\/div><\/div><\/div><\/div><\/div><\/div><\/div><\/div><\/div><div      class=\"vc_row wpb_row section vc_row-fluid  grid_section\" style='background-color:#ffffff; padding-top:87px; padding-bottom:0px; text-align:left;'><div class=\"section_inner clearfix\"><div class='section_inner_margin clearfix'><div class=\"wpb_column vc_column_container vc_col-sm-12\"><div class=\"vc_column-inner\"><div class=\"wpb_wrapper\"><div      class=\"vc_row wpb_row section vc_row-fluid vc_inner\" style=' text-align:left;'><div class=\"full_section_inner clearfix\"><div class=\"wpb_column vc_column_container vc_col-sm-12\"><div class=\"vc_column-inner\"><div class=\"wpb_wrapper\"><div class=\"separator  transparent\" style=\"\"><\/div><div class=\"separator  transparent\" style=\"\"><\/div>\n\t<div class=\"wpb_text_column wpb_content_element\">\n\t\t<div class=\"wpb_wrapper\">\n\t\t\t<p><b>DEMO OR DIE \u2014 Develop Engaging Massive Open Online Resources for Designers Innovative Education<\/b><br \/>\n<b><br \/>\nRefer\u00eancia:<\/b> 2020-1-PT01-KA202-078850<br \/>\n<b>In\u00edcio:<\/b> 01\/11\/2020<br \/>\n<b>End:<\/b> 31\/10\/2022<br \/>\n<b>Dura\u00e7\u00e3o:<\/b> 24 months<br \/>\n<b>Status:<\/b> closed<br \/>\n<b>Grant total:<\/b> 232,848 \u20ac<br \/>\n<b>Consortium:<\/b> FAN3D \/ AMFAN3D, ISQe, AITIIP, Brunel University London, LMS \u2013 University of Patras e EWF.<b><\/b><\/p>\n<p>&nbsp;<\/p>\n<p><strong>Summary:<\/strong><\/p>\n<p>DEMO OR DIE sought to democratise access to online training in 3D printing, bringing this technology closer to audiences that do not traditionally belong to industry, such as healthcare professionals, vocational education students and higher education students. The project arose from needs that became highly visible in the pandemic context, when 3D printing gained practical relevance, and turned that opportunity into an open, inclusive pedagogical proposal geared towards the development of digital and technical competences. Its results included an online curriculum in 3D printing, training content on the design and operation of desktop 3D printers, resources for remote learning and a platform facilitating open access to these materials, helping learners to understand not only the potential of the technology, but also its limitations and challenges.<br \/>\n<b><\/b><\/p>\n<p>&nbsp;<\/p>\n<p><strong>Website:<\/strong><a href=\"https:\/\/demoordieproject.eu\/\"> https:\/\/demoordieproject.eu\/<\/a><\/p>\n\n\t\t<\/div>\n\t<\/div><div class=\"separator  transparent\" style=\"margin-top: 30px;margin-bottom: 0px;\"><\/div><span class='q_social_icon_holder circle_social' data-color=\"#c3161c\" data-hover-background-color=\"#77b4b5\" data-hover-color=\"#ffffff\"><a itemprop='url' href='https:\/\/www.linkedin.com\/company\/demo-or-die\/' target='_self'><span class='fa-stack fa-lg' style='background-color: #828282;'><i class=\"qode_icon_font_awesome fa fa-linkedin\" style=\"color: #c3161c;\" ><\/i><\/span><\/a><\/span><\/div><\/div><\/div><div class=\"wpb_column vc_column_container vc_col-sm-12\"><div class=\"vc_column-inner\"><div class=\"wpb_wrapper\"><\/div><\/div><\/div><\/div><\/div><\/div><\/div><\/div><\/div><\/div><\/div><div      class=\"vc_row wpb_row section vc_row-fluid\" style=' text-align:left;'><div class=\"full_section_inner clearfix\"><div data-vc-parallax=\"1.5\" class=\"wpb_column vc_column_container vc_col-sm-4 vc_col-has-fill vc_general vc_parallax vc_parallax-content-moving\"><div class=\"vc_column-inner vc_custom_1652803394958\"><div class=\"wpb_wrapper\">\n\t<div class=\"wpb_text_column wpb_content_element\">\n\t\t<div class=\"wpb_wrapper\">\n\t\t\t\n\t\t<\/div>\n\t<\/div><\/div><\/div><\/div><div class=\"wpb_column vc_column_container vc_col-sm-4\"><div class=\"vc_column-inner\"><div class=\"wpb_wrapper\"><\/div><\/div><\/div><div class=\"wpb_column vc_column_container vc_col-sm-4\"><div class=\"vc_column-inner\"><div class=\"wpb_wrapper\">\n\t<div class=\"wpb_single_image wpb_content_element vc_align_center\">\n\t\t<div class=\"wpb_wrapper\">\n\t\t\t\n\t\t\t<div class=\"vc_single_image-wrapper   vc_box_border_grey\"><img loading=\"lazy\" decoding=\"async\" width=\"300\" height=\"63\" src=\"https:\/\/www.isqe.com\/wp-content\/uploads\/2022\/05\/EN-Co-Funded-by-the-EU_POS-300x63.png\" class=\"vc_single_image-img attachment-medium\" alt=\"\" title=\"EN Co-Funded by the EU_POS\" srcset=\"https:\/\/www.isqe.com\/wp-content\/uploads\/2022\/05\/EN-Co-Funded-by-the-EU_POS-300x63.png 300w, https:\/\/www.isqe.com\/wp-content\/uploads\/2022\/05\/EN-Co-Funded-by-the-EU_POS-1024x215.png 1024w, https:\/\/www.isqe.com\/wp-content\/uploads\/2022\/05\/EN-Co-Funded-by-the-EU_POS-768x161.png 768w, https:\/\/www.isqe.com\/wp-content\/uploads\/2022\/05\/EN-Co-Funded-by-the-EU_POS-1536x322.png 1536w, https:\/\/www.isqe.com\/wp-content\/uploads\/2022\/05\/EN-Co-Funded-by-the-EU_POS-2048x430.png 2048w, https:\/\/www.isqe.com\/wp-content\/uploads\/2022\/05\/EN-Co-Funded-by-the-EU_POS-18x4.png 18w, https:\/\/www.isqe.com\/wp-content\/uploads\/2022\/05\/EN-Co-Funded-by-the-EU_POS-700x147.png 700w\" sizes=\"auto, (max-width: 300px) 100vw, 300px\" \/><\/div>\n\t\t<\/div>\n\t<\/div>\n<\/div><\/div><\/div><\/div><\/div><div      class=\"vc_row wpb_row section vc_row-fluid\" style=' text-align:left;'><div class=\"full_section_inner clearfix\"><div class=\"wpb_column vc_column_container vc_col-sm-12\"><div class=\"vc_column-inner\"><div class=\"wpb_wrapper\"><div class=\"separator  transparent\" style=\"\"><\/div><div class=\"separator  transparent\" style=\"\"><\/div><\/div><\/div><\/div><\/div><\/div>\n<\/div>","protected":false},"excerpt":{"rendered":"Demo or die DEMO OR DIE \u2014 Develop Engaging Massive Open Online Resources for Designers Innovative Education Refer\u00eancia: 2020-1-PT01-KA202-078850 In\u00edcio: 01\/11\/2020 Fim: 31\/10\/2022 Dura\u00e7\u00e3o: 24 meses Status: closed Grant total: 232,848 \u20ac Cons\u00f3rcio: FAN3D \/ AMFAN3D, ISQe, AITIIP, Brunel University London, LMS \u2013 University of...","protected":false},"author":3,"featured_media":17335,"parent":0,"menu_order":0,"comment_status":"open","ping_status":"open","template":"full_width.php","meta":{"_monsterinsights_skip_tracking":false,"_monsterinsights_sitenote_active":false,"_monsterinsights_sitenote_note":"","_monsterinsights_sitenote_category":0,"footnotes":""},"class_list":["post-16538","page","type-page","status-publish","has-post-thumbnail","hentry"],"yoast_head":"<!-- This site is optimized with the Yoast SEO plugin v26.6 - https:\/\/yoast.com\/wordpress\/plugins\/seo\/ -->\n<title>Demo or die - ISQe<\/title>\n<meta name=\"description\" content=\"O projeto DEMO OR DIE foca-se nas necessidades espec\u00edficas de forma\u00e7\u00e3o\/compet\u00eancias identificadas durante a pandemia COVID-19...\" \/>\n<meta name=\"robots\" content=\"index, follow, max-snippet:-1, max-image-preview:large, max-video-preview:-1\" \/>\n<link rel=\"canonical\" href=\"https:\/\/www.isqe.com\/en\/demo-or-die\/\" \/>\n<meta property=\"og:locale\" content=\"en_US\" \/>\n<meta property=\"og:type\" content=\"article\" \/>\n<meta property=\"og:title\" content=\"Demo or die - ISQe\" \/>\n<meta property=\"og:description\" content=\"O projeto DEMO OR DIE foca-se nas necessidades espec\u00edficas de forma\u00e7\u00e3o\/compet\u00eancias identificadas durante a pandemia COVID-19...\" \/>\n<meta property=\"og:url\" content=\"https:\/\/www.isqe.com\/en\/demo-or-die\/\" \/>\n<meta property=\"og:site_name\" content=\"ISQe\" \/>\n<meta property=\"article:publisher\" content=\"https:\/\/www.facebook.com\/ISQe.Engaging.People\" \/>\n<meta property=\"article:modified_time\" content=\"2026-04-16T15:26:05+00:00\" \/>\n<meta property=\"og:image\" content=\"https:\/\/www.isqe.com\/wp-content\/uploads\/2022\/05\/Demo-or-Die.png\" \/>\n\t<meta property=\"og:image:width\" content=\"1440\" \/>\n\t<meta property=\"og:image:height\" content=\"617\" \/>\n\t<meta property=\"og:image:type\" content=\"image\/png\" \/>\n<meta name=\"twitter:card\" content=\"summary_large_image\" \/>\n<meta name=\"twitter:label1\" content=\"Est. reading time\" \/>\n\t<meta name=\"twitter:data1\" content=\"2 minutes\" \/>\n<script type=\"application\/ld+json\" class=\"yoast-schema-graph\">{\"@context\":\"https:\/\/schema.org\",\"@graph\":[{\"@type\":\"WebPage\",\"@id\":\"https:\/\/www.isqe.com\/demo-or-die\/\",\"url\":\"https:\/\/www.isqe.com\/demo-or-die\/\",\"name\":\"Demo or die - ISQe\",\"isPartOf\":{\"@id\":\"https:\/\/www.isqe.com\/#website\"},\"primaryImageOfPage\":{\"@id\":\"https:\/\/www.isqe.com\/demo-or-die\/#primaryimage\"},\"image\":{\"@id\":\"https:\/\/www.isqe.com\/demo-or-die\/#primaryimage\"},\"thumbnailUrl\":\"https:\/\/www.isqe.com\/wp-content\/uploads\/2022\/05\/Demo-or-Die.png\",\"datePublished\":\"2022-01-17T14:46:53+00:00\",\"dateModified\":\"2026-04-16T15:26:05+00:00\",\"description\":\"O projeto DEMO OR DIE foca-se nas necessidades espec\u00edficas de forma\u00e7\u00e3o\/compet\u00eancias identificadas durante a pandemia COVID-19...\",\"breadcrumb\":{\"@id\":\"https:\/\/www.isqe.com\/demo-or-die\/#breadcrumb\"},\"inLanguage\":\"en-US\",\"potentialAction\":[{\"@type\":\"ReadAction\",\"target\":[\"https:\/\/www.isqe.com\/demo-or-die\/\"]}]},{\"@type\":\"ImageObject\",\"inLanguage\":\"en-US\",\"@id\":\"https:\/\/www.isqe.com\/demo-or-die\/#primaryimage\",\"url\":\"https:\/\/www.isqe.com\/wp-content\/uploads\/2022\/05\/Demo-or-Die.png\",\"contentUrl\":\"https:\/\/www.isqe.com\/wp-content\/uploads\/2022\/05\/Demo-or-Die.png\",\"width\":1440,\"height\":617},{\"@type\":\"BreadcrumbList\",\"@id\":\"https:\/\/www.isqe.com\/demo-or-die\/#breadcrumb\",\"itemListElement\":[{\"@type\":\"ListItem\",\"position\":1,\"name\":\"In\u00edcio\",\"item\":\"https:\/\/www.isqe.com\/\"},{\"@type\":\"ListItem\",\"position\":2,\"name\":\"Demo or die\"}]},{\"@type\":\"WebSite\",\"@id\":\"https:\/\/www.isqe.com\/#website\",\"url\":\"https:\/\/www.isqe.com\/\",\"name\":\"ISQe\",\"description\":\"Engaging People\",\"publisher\":{\"@id\":\"https:\/\/www.isqe.com\/#organization\"},\"potentialAction\":[{\"@type\":\"SearchAction\",\"target\":{\"@type\":\"EntryPoint\",\"urlTemplate\":\"https:\/\/www.isqe.com\/?s={search_term_string}\"},\"query-input\":{\"@type\":\"PropertyValueSpecification\",\"valueRequired\":true,\"valueName\":\"search_term_string\"}}],\"inLanguage\":\"en-US\"},{\"@type\":\"Organization\",\"@id\":\"https:\/\/www.isqe.com\/#organization\",\"name\":\"ISQe\",\"url\":\"https:\/\/www.isqe.com\/\",\"logo\":{\"@type\":\"ImageObject\",\"inLanguage\":\"en-US\",\"@id\":\"https:\/\/www.isqe.com\/#\/schema\/logo\/image\/\",\"url\":\"https:\/\/www.isqe.com\/wp-content\/uploads\/2022\/01\/ISQe-logotipo-web.png\",\"contentUrl\":\"https:\/\/www.isqe.com\/wp-content\/uploads\/2022\/01\/ISQe-logotipo-web.png\",\"width\":842,\"height\":596,\"caption\":\"ISQe\"},\"image\":{\"@id\":\"https:\/\/www.isqe.com\/#\/schema\/logo\/image\/\"},\"sameAs\":[\"https:\/\/www.facebook.com\/ISQe.Engaging.People\",\"https:\/\/www.instagram.com\/isqe.engage.people\/\",\"https:\/\/pt.linkedin.com\/company\/isqe\",\"https:\/\/www.youtube.com\/channel\/UChrGaLoIk_sh__ZEoCzBjxA\/featured\"]}]}<\/script>\n<!-- \/ Yoast SEO plugin. -->","yoast_head_json":{"title":"Demo or die - ISQe","description":"O projeto DEMO OR DIE foca-se nas necessidades espec\u00edficas de forma\u00e7\u00e3o\/compet\u00eancias identificadas durante a pandemia COVID-19...","robots":{"index":"index","follow":"follow","max-snippet":"max-snippet:-1","max-image-preview":"max-image-preview:large","max-video-preview":"max-video-preview:-1"},"canonical":"https:\/\/www.isqe.com\/en\/demo-or-die\/","og_locale":"en_US","og_type":"article","og_title":"Demo or die - ISQe","og_description":"O projeto DEMO OR DIE foca-se nas necessidades espec\u00edficas de forma\u00e7\u00e3o\/compet\u00eancias identificadas durante a pandemia COVID-19...","og_url":"https:\/\/www.isqe.com\/en\/demo-or-die\/","og_site_name":"ISQe","article_publisher":"https:\/\/www.facebook.com\/ISQe.Engaging.People","article_modified_time":"2026-04-16T15:26:05+00:00","og_image":[{"width":1440,"height":617,"url":"https:\/\/www.isqe.com\/wp-content\/uploads\/2022\/05\/Demo-or-Die.png","type":"image\/png"}],"twitter_card":"summary_large_image","twitter_misc":{"Est. reading time":"2 minutes"},"schema":{"@context":"https:\/\/schema.org","@graph":[{"@type":"WebPage","@id":"https:\/\/www.isqe.com\/demo-or-die\/","url":"https:\/\/www.isqe.com\/demo-or-die\/","name":"Demo or die - ISQe","isPartOf":{"@id":"https:\/\/www.isqe.com\/#website"},"primaryImageOfPage":{"@id":"https:\/\/www.isqe.com\/demo-or-die\/#primaryimage"},"image":{"@id":"https:\/\/www.isqe.com\/demo-or-die\/#primaryimage"},"thumbnailUrl":"https:\/\/www.isqe.com\/wp-content\/uploads\/2022\/05\/Demo-or-Die.png","datePublished":"2022-01-17T14:46:53+00:00","dateModified":"2026-04-16T15:26:05+00:00","description":"O projeto DEMO OR DIE foca-se nas necessidades espec\u00edficas de forma\u00e7\u00e3o\/compet\u00eancias identificadas durante a pandemia COVID-19...","breadcrumb":{"@id":"https:\/\/www.isqe.com\/demo-or-die\/#breadcrumb"},"inLanguage":"en-US","potentialAction":[{"@type":"ReadAction","target":["https:\/\/www.isqe.com\/demo-or-die\/"]}]},{"@type":"ImageObject","inLanguage":"en-US","@id":"https:\/\/www.isqe.com\/demo-or-die\/#primaryimage","url":"https:\/\/www.isqe.com\/wp-content\/uploads\/2022\/05\/Demo-or-Die.png","contentUrl":"https:\/\/www.isqe.com\/wp-content\/uploads\/2022\/05\/Demo-or-Die.png","width":1440,"height":617},{"@type":"BreadcrumbList","@id":"https:\/\/www.isqe.com\/demo-or-die\/#breadcrumb","itemListElement":[{"@type":"ListItem","position":1,"name":"In\u00edcio","item":"https:\/\/www.isqe.com\/"},{"@type":"ListItem","position":2,"name":"Demo or die"}]},{"@type":"WebSite","@id":"https:\/\/www.isqe.com\/#website","url":"https:\/\/www.isqe.com\/","name":"ISQe","description":"Engaging People","publisher":{"@id":"https:\/\/www.isqe.com\/#organization"},"potentialAction":[{"@type":"SearchAction","target":{"@type":"EntryPoint","urlTemplate":"https:\/\/www.isqe.com\/?s={search_term_string}"},"query-input":{"@type":"PropertyValueSpecification","valueRequired":true,"valueName":"search_term_string"}}],"inLanguage":"en-US"},{"@type":"Organization","@id":"https:\/\/www.isqe.com\/#organization","name":"ISQe","url":"https:\/\/www.isqe.com\/","logo":{"@type":"ImageObject","inLanguage":"en-US","@id":"https:\/\/www.isqe.com\/#\/schema\/logo\/image\/","url":"https:\/\/www.isqe.com\/wp-content\/uploads\/2022\/01\/ISQe-logotipo-web.png","contentUrl":"https:\/\/www.isqe.com\/wp-content\/uploads\/2022\/01\/ISQe-logotipo-web.png","width":842,"height":596,"caption":"ISQe"},"image":{"@id":"https:\/\/www.isqe.com\/#\/schema\/logo\/image\/"},"sameAs":["https:\/\/www.facebook.com\/ISQe.Engaging.People","https:\/\/www.instagram.com\/isqe.engage.people\/","https:\/\/pt.linkedin.com\/company\/isqe","https:\/\/www.youtube.com\/channel\/UChrGaLoIk_sh__ZEoCzBjxA\/featured"]}]}},"_links":{"self":[{"href":"https:\/\/www.isqe.com\/en\/wp-json\/wp\/v2\/pages\/16538","targetHints":{"allow":["GET"]}}],"collection":[{"href":"https:\/\/www.isqe.com\/en\/wp-json\/wp\/v2\/pages"}],"about":[{"href":"https:\/\/www.isqe.com\/en\/wp-json\/wp\/v2\/types\/page"}],"author":[{"embeddable":true,"href":"https:\/\/www.isqe.com\/en\/wp-json\/wp\/v2\/users\/3"}],"replies":[{"embeddable":true,"href":"https:\/\/www.isqe.com\/en\/wp-json\/wp\/v2\/comments?post=16538"}],"version-history":[{"count":14,"href":"https:\/\/www.isqe.com\/en\/wp-json\/wp\/v2\/pages\/16538\/revisions"}],"predecessor-version":[{"id":19647,"href":"https:\/\/www.isqe.com\/en\/wp-json\/wp\/v2\/pages\/16538\/revisions\/19647"}],"wp:featuredmedia":[{"embeddable":true,"href":"https:\/\/www.isqe.com\/en\/wp-json\/wp\/v2\/media\/17335"}],"wp:attachment":[{"href":"https:\/\/www.isqe.com\/en\/wp-json\/wp\/v2\/media?parent=16538"}],"curies":[{"name":"wp","href":"https:\/\/api.w.org\/{rel}","templated":true}]}}