{"id":15499,"date":"2021-12-30T13:43:14","date_gmt":"2021-12-30T13:43:14","guid":{"rendered":"https:\/\/www.isqe.com\/?page_id=15499"},"modified":"2023-06-27T16:30:50","modified_gmt":"2023-06-27T16:30:50","slug":"trabalhar-no-isqe","status":"publish","type":"page","link":"https:\/\/www.isqe.com\/en\/trabalhar-no-isqe\/","title":{"rendered":"Working at ISQE"},"content":{"rendered":"<div class=\"wpb-content-wrapper\"><div class=\"vc_row wpb_row section vc_row-fluid  vc_custom_1641394844318\" style=' text-align:left;'><div class=\"full_section_inner clearfix\"><div class=\"wpb_column vc_column_container vc_col-sm-12\"><div class=\"vc_column-inner\"><div class=\"wpb_wrapper\"><div class='q_elements_holder two_columns eh_two_columns_66_33 responsive_mode_from_768' ><div class='q_elements_item' data-animation='no' data-item-class='q_elements_holder_custom_698545' style='background-image: url(https:\/\/www.isqe.com\/wp-content\/uploads\/2022\/01\/trabalhar-no-isqe-.jpg);background-position: center;background-size: cover;'><div class='q_elements_item_inner'><div class='q_elements_item_content q_elements_holder_custom_698545'><\/div><\/div><\/div><div class='q_elements_item' data-animation='no' data-item-class='q_elements_holder_custom_641272' style='background-color:#ed1b34;'><div class='q_elements_item_inner'><div class='q_elements_item_content q_elements_holder_custom_641272' style='padding:20% 10% 20% 10%'>\n\t<div class=\"wpb_text_column wpb_content_element\">\n\t\t<div class=\"wpb_wrapper\">\n\t\t\t<h2 style=\"text-align: left;\"><span style=\"color: #fff; font-size: 74px; text-transform: lowercase; letter-spacing: -4px; line-height: 0.9em;\">working @isqe<\/span><\/h2>\n\n\t\t<\/div>\n\t<\/div><div class=\"separator  small left\" style=\"margin-top: 12px;background-color: #9d0b0f;\"><\/div><div class=\"vc_empty_space\"  style=\"height: 100px\" >\n\t<span class=\"vc_empty_space_inner\">\n\t\t<span class=\"empty_space_image\"  ><\/span>\n\t<\/span>\n<\/div><\/div><\/div><\/div><\/div><\/div><\/div><\/div><\/div><\/div><div      class=\"vc_row wpb_row section vc_row-fluid  grid_section\" style='background-color:#ffffff; padding-top:87px; padding-bottom:0px; text-align:left;'><div class=\"section_inner clearfix\"><div class='section_inner_margin clearfix'><div class=\"wpb_column vc_column_container vc_col-sm-12\"><div class=\"vc_column-inner\"><div class=\"wpb_wrapper\"><div      class=\"vc_row wpb_row section vc_row-fluid vc_inner\" style=' text-align:left;'><div class=\"full_section_inner clearfix\"><div class=\"wpb_column vc_column_container vc_col-sm-12\"><div class=\"vc_column-inner\"><div class=\"wpb_wrapper\">\n\t<div class=\"wpb_text_column wpb_content_element\">\n\t\t<div class=\"wpb_wrapper\">\n\t\t\t<p>ISQe is specialized in <strong>developing interactive media resources and providing Software as a Service Solutions (SaaS).<\/strong><br \/>\nJoining ISQe means belonging to a group of highly qualified and inspiring people. It means to continue the pioneering journey in Portugal of a company that has successfully implemented hundreds of e-learning projects, training more than 1,500,000 users, and contributing to the sustained growth of a company which is today a leader in the implementation of talent management solutions, with projects in more than 80 countries.<\/p>\n<p>&nbsp;<\/p>\n<p>We employ will-power and develop talent. Learn about our current vacancies or send in a spontaneous application.<\/p>\n\n\t\t<\/div>\n\t<\/div><div class=\"separator  transparent\" style=\"margin-top: 10px;\"><\/div><a  itemprop=\"url\" href=\"https:\/\/engagingpeople.csod.com\/ux\/ats\/careersite\/4\/home\/?c=engagingpeople\" target=\"_self\" data-hover-background-color=\"#000000\" data-hover-border-color=\"#000000\" data-hover-color=\"#ffffff\" class=\"qbutton  default\" style=\"\">JOB OFFERS<\/a><div class=\"separator  transparent\" style=\"margin-top: 10px;\"><\/div><\/div><\/div><\/div><\/div><\/div><div      class=\"vc_row wpb_row section vc_row-fluid vc_inner\" style=' text-align:left;'><div class=\"full_section_inner clearfix\"><div class=\"wpb_column vc_column_container vc_col-sm-12\"><div class=\"vc_column-inner\"><div class=\"wpb_wrapper\"><a  itemprop=\"url\" href=\"https:\/\/engagingpeople.csod.com\/ux\/ats\/careersite\/4\/home\/?c=engagingpeople\" target=\"_self\" data-hover-background-color=\"#000000\" data-hover-border-color=\"#000000\" data-hover-color=\"#ffffff\" class=\"qbutton  default\" style=\"\">SPONTANEOUS APPLICATION<\/a><div class=\"separator  transparent\" style=\"margin-top: 70px;\"><\/div><\/div><\/div><\/div><\/div><\/div><\/div><\/div><\/div><\/div><\/div><\/div>\n<\/div>","protected":false},"excerpt":{"rendered":"trabalhar no isqe O ISQe \u00e9 especialista no desenvolvimento de recursos media interativos e na disponibiliza\u00e7\u00e3o de solu\u00e7\u00f5es Software as a Service (SaaS). Fazer parte do ISQe \u00e9 estar num grupo de pessoas altamente qualificadas e inspiradoras. \u00c9 continuar a jornada pioneira em Portugal de...","protected":false},"author":3,"featured_media":16022,"parent":0,"menu_order":0,"comment_status":"open","ping_status":"open","template":"full_width.php","meta":{"_monsterinsights_skip_tracking":false,"_monsterinsights_sitenote_active":false,"_monsterinsights_sitenote_note":"","_monsterinsights_sitenote_category":0,"footnotes":""},"class_list":["post-15499","page","type-page","status-publish","has-post-thumbnail","hentry"],"yoast_head":"<!-- This site is optimized with the Yoast SEO plugin v26.6 - https:\/\/yoast.com\/wordpress\/plugins\/seo\/ -->\n<title>Trabalhar no ISQe - ISQe<\/title>\n<meta name=\"description\" content=\"O ISQe \u00e9 especialista no desenvolvimento de recursos media interativos e na disponibiliza\u00e7\u00e3o de solu\u00e7\u00f5es Software as a Service (SaaS).\" \/>\n<meta name=\"robots\" content=\"index, follow, max-snippet:-1, max-image-preview:large, max-video-preview:-1\" \/>\n<link rel=\"canonical\" href=\"https:\/\/www.isqe.com\/en\/trabalhar-no-isqe\/\" \/>\n<meta property=\"og:locale\" content=\"en_US\" \/>\n<meta property=\"og:type\" content=\"article\" \/>\n<meta property=\"og:title\" content=\"Trabalhar no ISQe - ISQe\" \/>\n<meta property=\"og:description\" content=\"O ISQe \u00e9 especialista no desenvolvimento de recursos media interativos e na disponibiliza\u00e7\u00e3o de solu\u00e7\u00f5es Software as a Service (SaaS).\" \/>\n<meta property=\"og:url\" content=\"https:\/\/www.isqe.com\/en\/trabalhar-no-isqe\/\" \/>\n<meta property=\"og:site_name\" content=\"ISQe\" \/>\n<meta property=\"article:publisher\" content=\"https:\/\/www.facebook.com\/ISQe.Engaging.People\" \/>\n<meta property=\"article:modified_time\" content=\"2023-06-27T16:30:50+00:00\" \/>\n<meta property=\"og:image\" content=\"https:\/\/www.isqe.com\/wp-content\/uploads\/2022\/01\/trabalhar-no-isqe-.jpg\" \/>\n\t<meta property=\"og:image:width\" content=\"1289\" \/>\n\t<meta property=\"og:image:height\" content=\"468\" \/>\n\t<meta property=\"og:image:type\" content=\"image\/jpeg\" \/>\n<meta name=\"twitter:card\" content=\"summary_large_image\" \/>\n<meta name=\"twitter:label1\" content=\"Est. reading time\" \/>\n\t<meta name=\"twitter:data1\" content=\"1 minute\" \/>\n<script type=\"application\/ld+json\" class=\"yoast-schema-graph\">{\"@context\":\"https:\/\/schema.org\",\"@graph\":[{\"@type\":\"WebPage\",\"@id\":\"https:\/\/www.isqe.com\/trabalhar-no-isqe\/\",\"url\":\"https:\/\/www.isqe.com\/trabalhar-no-isqe\/\",\"name\":\"Trabalhar no ISQe - ISQe\",\"isPartOf\":{\"@id\":\"https:\/\/www.isqe.com\/#website\"},\"primaryImageOfPage\":{\"@id\":\"https:\/\/www.isqe.com\/trabalhar-no-isqe\/#primaryimage\"},\"image\":{\"@id\":\"https:\/\/www.isqe.com\/trabalhar-no-isqe\/#primaryimage\"},\"thumbnailUrl\":\"https:\/\/www.isqe.com\/wp-content\/uploads\/2022\/01\/trabalhar-no-isqe-.jpg\",\"datePublished\":\"2021-12-30T13:43:14+00:00\",\"dateModified\":\"2023-06-27T16:30:50+00:00\",\"description\":\"O ISQe \u00e9 especialista no desenvolvimento de recursos media interativos e na disponibiliza\u00e7\u00e3o de solu\u00e7\u00f5es Software as a Service (SaaS).\",\"breadcrumb\":{\"@id\":\"https:\/\/www.isqe.com\/trabalhar-no-isqe\/#breadcrumb\"},\"inLanguage\":\"en-US\",\"potentialAction\":[{\"@type\":\"ReadAction\",\"target\":[\"https:\/\/www.isqe.com\/trabalhar-no-isqe\/\"]}]},{\"@type\":\"ImageObject\",\"inLanguage\":\"en-US\",\"@id\":\"https:\/\/www.isqe.com\/trabalhar-no-isqe\/#primaryimage\",\"url\":\"https:\/\/www.isqe.com\/wp-content\/uploads\/2022\/01\/trabalhar-no-isqe-.jpg\",\"contentUrl\":\"https:\/\/www.isqe.com\/wp-content\/uploads\/2022\/01\/trabalhar-no-isqe-.jpg\",\"width\":1289,\"height\":468},{\"@type\":\"BreadcrumbList\",\"@id\":\"https:\/\/www.isqe.com\/trabalhar-no-isqe\/#breadcrumb\",\"itemListElement\":[{\"@type\":\"ListItem\",\"position\":1,\"name\":\"In\u00edcio\",\"item\":\"https:\/\/www.isqe.com\/\"},{\"@type\":\"ListItem\",\"position\":2,\"name\":\"Trabalhar no ISQe\"}]},{\"@type\":\"WebSite\",\"@id\":\"https:\/\/www.isqe.com\/#website\",\"url\":\"https:\/\/www.isqe.com\/\",\"name\":\"ISQe\",\"description\":\"Engaging People\",\"publisher\":{\"@id\":\"https:\/\/www.isqe.com\/#organization\"},\"potentialAction\":[{\"@type\":\"SearchAction\",\"target\":{\"@type\":\"EntryPoint\",\"urlTemplate\":\"https:\/\/www.isqe.com\/?s={search_term_string}\"},\"query-input\":{\"@type\":\"PropertyValueSpecification\",\"valueRequired\":true,\"valueName\":\"search_term_string\"}}],\"inLanguage\":\"en-US\"},{\"@type\":\"Organization\",\"@id\":\"https:\/\/www.isqe.com\/#organization\",\"name\":\"ISQe\",\"url\":\"https:\/\/www.isqe.com\/\",\"logo\":{\"@type\":\"ImageObject\",\"inLanguage\":\"en-US\",\"@id\":\"https:\/\/www.isqe.com\/#\/schema\/logo\/image\/\",\"url\":\"https:\/\/www.isqe.com\/wp-content\/uploads\/2022\/01\/ISQe-logotipo-web.png\",\"contentUrl\":\"https:\/\/www.isqe.com\/wp-content\/uploads\/2022\/01\/ISQe-logotipo-web.png\",\"width\":842,\"height\":596,\"caption\":\"ISQe\"},\"image\":{\"@id\":\"https:\/\/www.isqe.com\/#\/schema\/logo\/image\/\"},\"sameAs\":[\"https:\/\/www.facebook.com\/ISQe.Engaging.People\",\"https:\/\/www.instagram.com\/isqe.engage.people\/\",\"https:\/\/pt.linkedin.com\/company\/isqe\",\"https:\/\/www.youtube.com\/channel\/UChrGaLoIk_sh__ZEoCzBjxA\/featured\"]}]}<\/script>\n<!-- \/ Yoast SEO plugin. -->","yoast_head_json":{"title":"Trabalhar no ISQe - ISQe","description":"ISQe is specialized in developing interactive media resources and providing Software as a Service (SaaS) solutions.?","robots":{"index":"index","follow":"follow","max-snippet":"max-snippet:-1","max-image-preview":"max-image-preview:large","max-video-preview":"max-video-preview:-1"},"canonical":"https:\/\/www.isqe.com\/en\/trabalhar-no-isqe\/","og_locale":"en_US","og_type":"article","og_title":"Trabalhar no ISQe - ISQe","og_description":"O ISQe \u00e9 especialista no desenvolvimento de recursos media interativos e na disponibiliza\u00e7\u00e3o de solu\u00e7\u00f5es Software as a Service (SaaS).","og_url":"https:\/\/www.isqe.com\/en\/trabalhar-no-isqe\/","og_site_name":"ISQe","article_publisher":"https:\/\/www.facebook.com\/ISQe.Engaging.People","article_modified_time":"2023-06-27T16:30:50+00:00","og_image":[{"width":1289,"height":468,"url":"https:\/\/www.isqe.com\/wp-content\/uploads\/2022\/01\/trabalhar-no-isqe-.jpg","type":"image\/jpeg"}],"twitter_card":"summary_large_image","twitter_misc":{"Est. reading time":"1 minute"},"schema":{"@context":"https:\/\/schema.org","@graph":[{"@type":"WebPage","@id":"https:\/\/www.isqe.com\/trabalhar-no-isqe\/","url":"https:\/\/www.isqe.com\/trabalhar-no-isqe\/","name":"Trabalhar no ISQe - ISQe","isPartOf":{"@id":"https:\/\/www.isqe.com\/#website"},"primaryImageOfPage":{"@id":"https:\/\/www.isqe.com\/trabalhar-no-isqe\/#primaryimage"},"image":{"@id":"https:\/\/www.isqe.com\/trabalhar-no-isqe\/#primaryimage"},"thumbnailUrl":"https:\/\/www.isqe.com\/wp-content\/uploads\/2022\/01\/trabalhar-no-isqe-.jpg","datePublished":"2021-12-30T13:43:14+00:00","dateModified":"2023-06-27T16:30:50+00:00","description":"ISQe is specialized in developing interactive media resources and providing Software as a Service (SaaS) solutions.?","breadcrumb":{"@id":"https:\/\/www.isqe.com\/trabalhar-no-isqe\/#breadcrumb"},"inLanguage":"en-US","potentialAction":[{"@type":"ReadAction","target":["https:\/\/www.isqe.com\/trabalhar-no-isqe\/"]}]},{"@type":"ImageObject","inLanguage":"en-US","@id":"https:\/\/www.isqe.com\/trabalhar-no-isqe\/#primaryimage","url":"https:\/\/www.isqe.com\/wp-content\/uploads\/2022\/01\/trabalhar-no-isqe-.jpg","contentUrl":"https:\/\/www.isqe.com\/wp-content\/uploads\/2022\/01\/trabalhar-no-isqe-.jpg","width":1289,"height":468},{"@type":"BreadcrumbList","@id":"https:\/\/www.isqe.com\/trabalhar-no-isqe\/#breadcrumb","itemListElement":[{"@type":"ListItem","position":1,"name":"In\u00edcio","item":"https:\/\/www.isqe.com\/"},{"@type":"ListItem","position":2,"name":"Trabalhar no ISQe"}]},{"@type":"WebSite","@id":"https:\/\/www.isqe.com\/#website","url":"https:\/\/www.isqe.com\/","name":"ISQe","description":"Engaging People","publisher":{"@id":"https:\/\/www.isqe.com\/#organization"},"potentialAction":[{"@type":"SearchAction","target":{"@type":"EntryPoint","urlTemplate":"https:\/\/www.isqe.com\/?s={search_term_string}"},"query-input":{"@type":"PropertyValueSpecification","valueRequired":true,"valueName":"search_term_string"}}],"inLanguage":"en-US"},{"@type":"Organization","@id":"https:\/\/www.isqe.com\/#organization","name":"ISQe","url":"https:\/\/www.isqe.com\/","logo":{"@type":"ImageObject","inLanguage":"en-US","@id":"https:\/\/www.isqe.com\/#\/schema\/logo\/image\/","url":"https:\/\/www.isqe.com\/wp-content\/uploads\/2022\/01\/ISQe-logotipo-web.png","contentUrl":"https:\/\/www.isqe.com\/wp-content\/uploads\/2022\/01\/ISQe-logotipo-web.png","width":842,"height":596,"caption":"ISQe"},"image":{"@id":"https:\/\/www.isqe.com\/#\/schema\/logo\/image\/"},"sameAs":["https:\/\/www.facebook.com\/ISQe.Engaging.People","https:\/\/www.instagram.com\/isqe.engage.people\/","https:\/\/pt.linkedin.com\/company\/isqe","https:\/\/www.youtube.com\/channel\/UChrGaLoIk_sh__ZEoCzBjxA\/featured"]}]}},"_links":{"self":[{"href":"https:\/\/www.isqe.com\/en\/wp-json\/wp\/v2\/pages\/15499","targetHints":{"allow":["GET"]}}],"collection":[{"href":"https:\/\/www.isqe.com\/en\/wp-json\/wp\/v2\/pages"}],"about":[{"href":"https:\/\/www.isqe.com\/en\/wp-json\/wp\/v2\/types\/page"}],"author":[{"embeddable":true,"href":"https:\/\/www.isqe.com\/en\/wp-json\/wp\/v2\/users\/3"}],"replies":[{"embeddable":true,"href":"https:\/\/www.isqe.com\/en\/wp-json\/wp\/v2\/comments?post=15499"}],"version-history":[{"count":19,"href":"https:\/\/www.isqe.com\/en\/wp-json\/wp\/v2\/pages\/15499\/revisions"}],"predecessor-version":[{"id":17487,"href":"https:\/\/www.isqe.com\/en\/wp-json\/wp\/v2\/pages\/15499\/revisions\/17487"}],"wp:featuredmedia":[{"embeddable":true,"href":"https:\/\/www.isqe.com\/en\/wp-json\/wp\/v2\/media\/16022"}],"wp:attachment":[{"href":"https:\/\/www.isqe.com\/en\/wp-json\/wp\/v2\/media?parent=15499"}],"curies":[{"name":"wp","href":"https:\/\/api.w.org\/{rel}","templated":true}]}}