{"id":15456,"date":"2021-12-30T11:30:45","date_gmt":"2021-12-30T11:30:45","guid":{"rendered":"https:\/\/www.isqe.com\/?page_id=15456"},"modified":"2022-06-09T19:58:36","modified_gmt":"2022-06-09T19:58:36","slug":"end-user-support","status":"publish","type":"page","link":"https:\/\/www.isqe.com\/en\/end-user-support\/","title":{"rendered":"End User Support"},"content":{"rendered":"<div class=\"wpb-content-wrapper\"><div class=\"vc_row wpb_row section vc_row-fluid  vc_custom_1641394844318\" style=' text-align:left;'><div class=\"full_section_inner clearfix\"><div class=\"wpb_column vc_column_container vc_col-sm-12\"><div class=\"vc_column-inner\"><div class=\"wpb_wrapper\"><div class='q_elements_holder two_columns eh_two_columns_66_33 responsive_mode_from_768' ><div class='q_elements_item' data-animation='no' data-item-class='q_elements_holder_custom_999808' style='background-image: url(https:\/\/www.isqe.com\/wp-content\/uploads\/2022\/01\/end-user-support-ISQE.jpg);background-position: center;background-size: cover;'><div class='q_elements_item_inner'><div class='q_elements_item_content q_elements_holder_custom_999808'><\/div><\/div><\/div><div class='q_elements_item' data-animation='no' data-item-class='q_elements_holder_custom_786935' style='background-color:#ed1b34;'><div class='q_elements_item_inner'><div class='q_elements_item_content q_elements_holder_custom_786935' style='padding:20% 10% 20% 10%'>\n\t<div class=\"wpb_text_column wpb_content_element\">\n\t\t<div class=\"wpb_wrapper\">\n\t\t\t<h2 style=\"text-align: left;\"><span style=\"color: #fff; font-size: 74px; text-transform: lowercase; letter-spacing: -4px; line-height: 0.9em;\">END USER SUPPORT<br \/>\n<\/span><\/h2>\n\n\t\t<\/div>\n\t<\/div><div class=\"separator  small left\" style=\"margin-top: 12px;background-color: #9d0b0f;\"><\/div><div class=\"vc_empty_space\"  style=\"height: 100px\" >\n\t<span class=\"vc_empty_space_inner\">\n\t\t<span class=\"empty_space_image\"  ><\/span>\n\t<\/span>\n<\/div><\/div><\/div><\/div><\/div><\/div><\/div><\/div><\/div><\/div><div      class=\"vc_row wpb_row section vc_row-fluid  grid_section\" style='background-color:#ffffff; padding-top:87px; padding-bottom:0px; text-align:center;'><div class=\"section_inner clearfix\"><div class='section_inner_margin clearfix'><div class=\"wpb_column vc_column_container vc_col-sm-12\"><div class=\"vc_column-inner\"><div class=\"wpb_wrapper\">\n\t<div class=\"wpb_text_column wpb_content_element\">\n\t\t<div class=\"wpb_wrapper\">\n\t\t\t<p style=\"text-align: center; font-size: 24px;\"><span style=\"color: #000000;\"><strong>Support and Maintenance Service \u2013 Supply Guarantee<\/strong><\/span><\/p>\n\n\t\t<\/div>\n\t<\/div><div class=\"separator  transparent\" style=\"margin-top: 31px;margin-bottom: 0px;\"><\/div>\n\t<div class=\"wpb_text_column wpb_content_element\">\n\t\t<div class=\"wpb_wrapper\">\n\t\t\t<p style=\"text-align: left;\">With implementation of each project, we envisage a maintenance and support period after system goes live.<\/p>\n\n\t\t<\/div>\n\t<\/div><div class=\"separator  transparent\" style=\"margin-top: 31px;margin-bottom: 0px;\"><\/div><div      class=\"vc_row wpb_row section vc_row-fluid vc_inner\" style=' text-align:left;'><div class=\"full_section_inner clearfix\"><div class=\"wpb_column vc_column_container vc_col-sm-6\"><div class=\"vc_column-inner\"><div class=\"wpb_wrapper\"><div class=\"separator  small left\" style=\"margin-top: 2px;background-color: #000000;\"><\/div>\n\t<div class=\"wpb_text_column wpb_content_element\">\n\t\t<div class=\"wpb_wrapper\">\n\t\t\t<p><strong>Support Team Skills<\/strong><\/p>\n<p>&nbsp;<\/p>\n<p>All of ISQE\u2019s support team have the skills needed to provide client support and are certified as required by the Cornerstone Software house in the case of Cornerstone on Demand projects.<\/p>\n\n\t\t<\/div>\n\t<\/div><\/div><\/div><\/div><\/div><\/div><div      class=\"vc_row wpb_row section vc_row-fluid vc_inner\" style=' text-align:center;'><div class=\"full_section_inner clearfix\"><div class=\"wpb_column vc_column_container vc_col-sm-12\"><div class=\"vc_column-inner\"><div class=\"wpb_wrapper\"><div class=\"separator  transparent\" style=\"margin-top: 31px;margin-bottom: 0px;\"><\/div>\n\t<div class=\"wpb_text_column wpb_content_element\">\n\t\t<div class=\"wpb_wrapper\">\n\t\t\t<p style=\"text-align: center; font-size: 24px;\"><span style=\"color: #000000;\"><strong>Support Model<\/strong><\/span><\/p>\n\n\t\t<\/div>\n\t<\/div><div class=\"separator  transparent\" style=\"margin-top: 31px;margin-bottom: 0px;\"><\/div><\/div><\/div><\/div><\/div><\/div><div      class=\"vc_row wpb_row section vc_row-fluid vc_inner\" style=' text-align:left;'><div class=\"full_section_inner clearfix\"><div class=\"wpb_column vc_column_container vc_col-sm-12\"><div class=\"vc_column-inner\"><div class=\"wpb_wrapper\"><div class=\"separator  small left\" style=\"margin-top: 2px;background-color: #000000;\"><\/div>\n\t<div class=\"wpb_text_column wpb_content_element\">\n\t\t<div class=\"wpb_wrapper\">\n\t\t\t<p><strong>Cornerstone onDemand Projects<\/strong><\/p>\n<p>&nbsp;<\/p>\n<p>Cornerstone OnDemand has been shown to have a relationship model with three focal points, contributing to a full rate of retention. We believe that, over the course of our partnership, there is room for constant dialogue on business impacts, solution strategies and configurations. We have team members with the profile for each of these areas.<\/p>\n\n\t\t<\/div>\n\t<\/div>\n\t<div class=\"wpb_single_image wpb_content_element vc_align_center\">\n\t\t<div class=\"wpb_wrapper\">\n\t\t\t\n\t\t\t<div class=\"vc_single_image-wrapper   vc_box_border_grey\"><img loading=\"lazy\" decoding=\"async\" width=\"851\" height=\"462\" src=\"https:\/\/www.isqe.com\/wp-content\/uploads\/2021\/12\/Imagem11.png\" class=\"vc_single_image-img attachment-full\" alt=\"end-user-client-cornerstone\" title=\"Imagem11\" srcset=\"https:\/\/www.isqe.com\/wp-content\/uploads\/2021\/12\/Imagem11.png 851w, https:\/\/www.isqe.com\/wp-content\/uploads\/2021\/12\/Imagem11-300x163.png 300w, https:\/\/www.isqe.com\/wp-content\/uploads\/2021\/12\/Imagem11-768x417.png 768w, https:\/\/www.isqe.com\/wp-content\/uploads\/2021\/12\/Imagem11-700x380.png 700w\" sizes=\"auto, (max-width: 851px) 100vw, 851px\" \/><\/div>\n\t\t<\/div>\n\t<\/div>\n\n\t<div class=\"wpb_text_column wpb_content_element\">\n\t\t<div class=\"wpb_wrapper\">\n\t\t\t<p>On the client portal, the client will be able to open tickets (in line with the SLA presented) where he will have an all-round product specialist who will find the best solution for the issue raised.<\/p>\n\n\t\t<\/div>\n\t<\/div><div class=\"separator  transparent\" style=\"margin-top: 31px;margin-bottom: 0px;\"><\/div><\/div><\/div><\/div><\/div><\/div><div      class=\"vc_row wpb_row section vc_row-fluid vc_inner\" style=' text-align:left;'><div class=\"full_section_inner clearfix\"><div class=\"wpb_column vc_column_container vc_col-sm-12\"><div class=\"vc_column-inner\"><div class=\"wpb_wrapper\"><div class=\"separator  small left\" style=\"margin-top: 2px;background-color: #000000;\"><\/div>\n\t<div class=\"wpb_text_column wpb_content_element\">\n\t\t<div class=\"wpb_wrapper\">\n\t\t\t<p><strong>Service management \u2013 Incident and Problem Management<\/strong><br \/>\nBeyond the project life cycle, management in line with the systematised methodologies described, we also offer a structured Support Service. By means of the SLA terms formalising the service baseline, we provide an assurance that pre-established business needs are effectively delivered in accordance with the quality attributes. SLAs are also established for support, incident management and response to general issues. A commitment is therefore made to supporting users at all stages and in all their actions in the system. Any non-compliance with SLAs relating to availability will have financial impacts. This method demonstrates our confidence in the quality of the platform, which has proven its worth, and also our total client-orientation. In addition, in the light of good service practices, all SLAs contain a description matched to levels of business criticality, from service requests with no impact on productivity through to the definition of major incidents, allowing for efficient management of resources and focus on client satisfaction.<\/p>\n<p>&nbsp;<\/p>\n<p>All interaction relating to support requests and SLA management is managed in a client portal, offering transparency and the convenience of self-service. This information is the source of analysis with a view to learning the causes related to the service events and the taking of proactive action, on a continuous improvement basis.<\/p>\n\n\t\t<\/div>\n\t<\/div><div class=\"separator  transparent\" style=\"margin-top: 31px;margin-bottom: 0px;\"><\/div><\/div><\/div><\/div><\/div><\/div><div      class=\"vc_row wpb_row section vc_row-fluid vc_inner\" style=' text-align:left;'><div class=\"full_section_inner clearfix\"><div class=\"wpb_column vc_column_container vc_col-sm-6\"><div class=\"vc_column-inner\"><div class=\"wpb_wrapper\"><div class=\"separator  small left\" style=\"margin-top: 2px;background-color: #000000;\"><\/div>\n\t<div class=\"wpb_text_column wpb_content_element\">\n\t\t<div class=\"wpb_wrapper\">\n\t\t\t<p><strong>Helpdesk and processing of incidents<\/strong><\/p>\n<p>&nbsp;<\/p>\n<p>ISQe has a \u201cHelpdesk Complaints Processing\u201d process that describes the whole process from identification and analysis of the complaint or support request through to the moment it is closed, triggered after the logging of a complaint or support request.<\/p>\n\n\t\t<\/div>\n\t<\/div><div class=\"separator  transparent\" style=\"margin-top: 31px;margin-bottom: 0px;\"><\/div><\/div><\/div><\/div><div class=\"wpb_column vc_column_container vc_col-sm-6\"><div class=\"vc_column-inner\"><div class=\"wpb_wrapper\"><div class=\"separator  small left\" style=\"margin-top: 2px;background-color: #000000;\"><\/div>\n\t<div class=\"wpb_text_column wpb_content_element\">\n\t\t<div class=\"wpb_wrapper\">\n\t\t\t<p><strong>Monitoring and Service Levels Reports<\/strong><\/p>\n<p>&nbsp;<\/p>\n<p>The communication plan provides for monitoring\/progress reports, and management responsibility is assigned to the project or client manager and stakeholder communication at the agreed intervals.<\/p>\n\n\t\t<\/div>\n\t<\/div><div class=\"separator  transparent\" style=\"margin-top: 31px;margin-bottom: 0px;\"><\/div><\/div><\/div><\/div><\/div><\/div><\/div><\/div><\/div><\/div><\/div><\/div>\n<\/div>","protected":false},"excerpt":{"rendered":"END USER SUPPORT Servi\u00e7o de Suporte e Manuten\u00e7\u00e3o \u2013 Garantia de fornecimento Com a implementa\u00e7\u00e3o de cada projeto, contemplamos um per\u00edodo de manuten\u00e7\u00e3o e suporte ap\u00f3s entrada em produ\u00e7\u00e3o. Compet\u00eancia da Equipa de Suporte &nbsp; Toda a equipa de suporte do ISQe re\u00fane as compet\u00eancias...","protected":false},"author":3,"featured_media":16012,"parent":0,"menu_order":0,"comment_status":"open","ping_status":"open","template":"full_width.php","meta":{"_monsterinsights_skip_tracking":false,"_monsterinsights_sitenote_active":false,"_monsterinsights_sitenote_note":"","_monsterinsights_sitenote_category":0,"footnotes":""},"class_list":["post-15456","page","type-page","status-publish","has-post-thumbnail","hentry"],"yoast_head":"<!-- This site is optimized with the Yoast SEO plugin v26.6 - https:\/\/yoast.com\/wordpress\/plugins\/seo\/ -->\n<title>End User Support - ISQe<\/title>\n<meta name=\"description\" content=\"End User Support - Servi\u00e7o de suporte e manuten\u00e7\u00e3o com garantia de fornecimento com a implementa\u00e7\u00e3o de cada projeto.\" \/>\n<meta name=\"robots\" content=\"index, follow, max-snippet:-1, max-image-preview:large, max-video-preview:-1\" \/>\n<link rel=\"canonical\" href=\"https:\/\/www.isqe.com\/en\/end-user-support\/\" \/>\n<meta property=\"og:locale\" content=\"en_US\" \/>\n<meta property=\"og:type\" content=\"article\" \/>\n<meta property=\"og:title\" content=\"End User Support - ISQe\" \/>\n<meta property=\"og:description\" content=\"End User Support - Servi\u00e7o de suporte e manuten\u00e7\u00e3o com garantia de fornecimento com a implementa\u00e7\u00e3o de cada projeto.\" \/>\n<meta property=\"og:url\" content=\"https:\/\/www.isqe.com\/en\/end-user-support\/\" \/>\n<meta property=\"og:site_name\" content=\"ISQe\" \/>\n<meta property=\"article:publisher\" content=\"https:\/\/www.facebook.com\/ISQe.Engaging.People\" \/>\n<meta property=\"article:modified_time\" content=\"2022-06-09T19:58:36+00:00\" \/>\n<meta property=\"og:image\" content=\"https:\/\/www.isqe.com\/wp-content\/uploads\/2022\/01\/end-user-support-ISQE.jpg\" \/>\n\t<meta property=\"og:image:width\" content=\"1289\" \/>\n\t<meta property=\"og:image:height\" content=\"468\" \/>\n\t<meta property=\"og:image:type\" content=\"image\/jpeg\" \/>\n<meta name=\"twitter:card\" content=\"summary_large_image\" \/>\n<meta name=\"twitter:label1\" content=\"Est. reading time\" \/>\n\t<meta name=\"twitter:data1\" content=\"4 minutes\" \/>\n<script type=\"application\/ld+json\" class=\"yoast-schema-graph\">{\"@context\":\"https:\/\/schema.org\",\"@graph\":[{\"@type\":\"WebPage\",\"@id\":\"https:\/\/www.isqe.com\/end-user-support\/\",\"url\":\"https:\/\/www.isqe.com\/end-user-support\/\",\"name\":\"End User Support - ISQe\",\"isPartOf\":{\"@id\":\"https:\/\/www.isqe.com\/#website\"},\"primaryImageOfPage\":{\"@id\":\"https:\/\/www.isqe.com\/end-user-support\/#primaryimage\"},\"image\":{\"@id\":\"https:\/\/www.isqe.com\/end-user-support\/#primaryimage\"},\"thumbnailUrl\":\"https:\/\/www.isqe.com\/wp-content\/uploads\/2022\/01\/end-user-support-ISQE.jpg\",\"datePublished\":\"2021-12-30T11:30:45+00:00\",\"dateModified\":\"2022-06-09T19:58:36+00:00\",\"description\":\"End User Support - Servi\u00e7o de suporte e manuten\u00e7\u00e3o com garantia de fornecimento com a implementa\u00e7\u00e3o de cada projeto.\",\"breadcrumb\":{\"@id\":\"https:\/\/www.isqe.com\/end-user-support\/#breadcrumb\"},\"inLanguage\":\"en-US\",\"potentialAction\":[{\"@type\":\"ReadAction\",\"target\":[\"https:\/\/www.isqe.com\/end-user-support\/\"]}]},{\"@type\":\"ImageObject\",\"inLanguage\":\"en-US\",\"@id\":\"https:\/\/www.isqe.com\/end-user-support\/#primaryimage\",\"url\":\"https:\/\/www.isqe.com\/wp-content\/uploads\/2022\/01\/end-user-support-ISQE.jpg\",\"contentUrl\":\"https:\/\/www.isqe.com\/wp-content\/uploads\/2022\/01\/end-user-support-ISQE.jpg\",\"width\":1289,\"height\":468,\"caption\":\"end-user-support-isqe\"},{\"@type\":\"BreadcrumbList\",\"@id\":\"https:\/\/www.isqe.com\/end-user-support\/#breadcrumb\",\"itemListElement\":[{\"@type\":\"ListItem\",\"position\":1,\"name\":\"In\u00edcio\",\"item\":\"https:\/\/www.isqe.com\/\"},{\"@type\":\"ListItem\",\"position\":2,\"name\":\"End User Support\"}]},{\"@type\":\"WebSite\",\"@id\":\"https:\/\/www.isqe.com\/#website\",\"url\":\"https:\/\/www.isqe.com\/\",\"name\":\"ISQe\",\"description\":\"Engaging People\",\"publisher\":{\"@id\":\"https:\/\/www.isqe.com\/#organization\"},\"potentialAction\":[{\"@type\":\"SearchAction\",\"target\":{\"@type\":\"EntryPoint\",\"urlTemplate\":\"https:\/\/www.isqe.com\/?s={search_term_string}\"},\"query-input\":{\"@type\":\"PropertyValueSpecification\",\"valueRequired\":true,\"valueName\":\"search_term_string\"}}],\"inLanguage\":\"en-US\"},{\"@type\":\"Organization\",\"@id\":\"https:\/\/www.isqe.com\/#organization\",\"name\":\"ISQe\",\"url\":\"https:\/\/www.isqe.com\/\",\"logo\":{\"@type\":\"ImageObject\",\"inLanguage\":\"en-US\",\"@id\":\"https:\/\/www.isqe.com\/#\/schema\/logo\/image\/\",\"url\":\"https:\/\/www.isqe.com\/wp-content\/uploads\/2022\/01\/ISQe-logotipo-web.png\",\"contentUrl\":\"https:\/\/www.isqe.com\/wp-content\/uploads\/2022\/01\/ISQe-logotipo-web.png\",\"width\":842,\"height\":596,\"caption\":\"ISQe\"},\"image\":{\"@id\":\"https:\/\/www.isqe.com\/#\/schema\/logo\/image\/\"},\"sameAs\":[\"https:\/\/www.facebook.com\/ISQe.Engaging.People\",\"https:\/\/www.instagram.com\/isqe.engage.people\/\",\"https:\/\/pt.linkedin.com\/company\/isqe\",\"https:\/\/www.youtube.com\/channel\/UChrGaLoIk_sh__ZEoCzBjxA\/featured\"]}]}<\/script>\n<!-- \/ Yoast SEO plugin. -->","yoast_head_json":{"title":"End User Support - ISQe","description":"End User Support - Servi\u00e7o de suporte e manuten\u00e7\u00e3o com garantia de fornecimento com a implementa\u00e7\u00e3o de cada projeto.","robots":{"index":"index","follow":"follow","max-snippet":"max-snippet:-1","max-image-preview":"max-image-preview:large","max-video-preview":"max-video-preview:-1"},"canonical":"https:\/\/www.isqe.com\/en\/end-user-support\/","og_locale":"en_US","og_type":"article","og_title":"End User Support - ISQe","og_description":"End User Support - Servi\u00e7o de suporte e manuten\u00e7\u00e3o com garantia de fornecimento com a implementa\u00e7\u00e3o de cada projeto.","og_url":"https:\/\/www.isqe.com\/en\/end-user-support\/","og_site_name":"ISQe","article_publisher":"https:\/\/www.facebook.com\/ISQe.Engaging.People","article_modified_time":"2022-06-09T19:58:36+00:00","og_image":[{"width":1289,"height":468,"url":"https:\/\/www.isqe.com\/wp-content\/uploads\/2022\/01\/end-user-support-ISQE.jpg","type":"image\/jpeg"}],"twitter_card":"summary_large_image","twitter_misc":{"Est. reading time":"4 minutes"},"schema":{"@context":"https:\/\/schema.org","@graph":[{"@type":"WebPage","@id":"https:\/\/www.isqe.com\/end-user-support\/","url":"https:\/\/www.isqe.com\/end-user-support\/","name":"End User Support - ISQe","isPartOf":{"@id":"https:\/\/www.isqe.com\/#website"},"primaryImageOfPage":{"@id":"https:\/\/www.isqe.com\/end-user-support\/#primaryimage"},"image":{"@id":"https:\/\/www.isqe.com\/end-user-support\/#primaryimage"},"thumbnailUrl":"https:\/\/www.isqe.com\/wp-content\/uploads\/2022\/01\/end-user-support-ISQE.jpg","datePublished":"2021-12-30T11:30:45+00:00","dateModified":"2022-06-09T19:58:36+00:00","description":"End User Support - Servi\u00e7o de suporte e manuten\u00e7\u00e3o com garantia de fornecimento com a implementa\u00e7\u00e3o de cada projeto.","breadcrumb":{"@id":"https:\/\/www.isqe.com\/end-user-support\/#breadcrumb"},"inLanguage":"en-US","potentialAction":[{"@type":"ReadAction","target":["https:\/\/www.isqe.com\/end-user-support\/"]}]},{"@type":"ImageObject","inLanguage":"en-US","@id":"https:\/\/www.isqe.com\/end-user-support\/#primaryimage","url":"https:\/\/www.isqe.com\/wp-content\/uploads\/2022\/01\/end-user-support-ISQE.jpg","contentUrl":"https:\/\/www.isqe.com\/wp-content\/uploads\/2022\/01\/end-user-support-ISQE.jpg","width":1289,"height":468,"caption":"end-user-support-isqe"},{"@type":"BreadcrumbList","@id":"https:\/\/www.isqe.com\/end-user-support\/#breadcrumb","itemListElement":[{"@type":"ListItem","position":1,"name":"In\u00edcio","item":"https:\/\/www.isqe.com\/"},{"@type":"ListItem","position":2,"name":"End User Support"}]},{"@type":"WebSite","@id":"https:\/\/www.isqe.com\/#website","url":"https:\/\/www.isqe.com\/","name":"ISQe","description":"Engaging People","publisher":{"@id":"https:\/\/www.isqe.com\/#organization"},"potentialAction":[{"@type":"SearchAction","target":{"@type":"EntryPoint","urlTemplate":"https:\/\/www.isqe.com\/?s={search_term_string}"},"query-input":{"@type":"PropertyValueSpecification","valueRequired":true,"valueName":"search_term_string"}}],"inLanguage":"en-US"},{"@type":"Organization","@id":"https:\/\/www.isqe.com\/#organization","name":"ISQe","url":"https:\/\/www.isqe.com\/","logo":{"@type":"ImageObject","inLanguage":"en-US","@id":"https:\/\/www.isqe.com\/#\/schema\/logo\/image\/","url":"https:\/\/www.isqe.com\/wp-content\/uploads\/2022\/01\/ISQe-logotipo-web.png","contentUrl":"https:\/\/www.isqe.com\/wp-content\/uploads\/2022\/01\/ISQe-logotipo-web.png","width":842,"height":596,"caption":"ISQe"},"image":{"@id":"https:\/\/www.isqe.com\/#\/schema\/logo\/image\/"},"sameAs":["https:\/\/www.facebook.com\/ISQe.Engaging.People","https:\/\/www.instagram.com\/isqe.engage.people\/","https:\/\/pt.linkedin.com\/company\/isqe","https:\/\/www.youtube.com\/channel\/UChrGaLoIk_sh__ZEoCzBjxA\/featured"]}]}},"_links":{"self":[{"href":"https:\/\/www.isqe.com\/en\/wp-json\/wp\/v2\/pages\/15456","targetHints":{"allow":["GET"]}}],"collection":[{"href":"https:\/\/www.isqe.com\/en\/wp-json\/wp\/v2\/pages"}],"about":[{"href":"https:\/\/www.isqe.com\/en\/wp-json\/wp\/v2\/types\/page"}],"author":[{"embeddable":true,"href":"https:\/\/www.isqe.com\/en\/wp-json\/wp\/v2\/users\/3"}],"replies":[{"embeddable":true,"href":"https:\/\/www.isqe.com\/en\/wp-json\/wp\/v2\/comments?post=15456"}],"version-history":[{"count":24,"href":"https:\/\/www.isqe.com\/en\/wp-json\/wp\/v2\/pages\/15456\/revisions"}],"predecessor-version":[{"id":17482,"href":"https:\/\/www.isqe.com\/en\/wp-json\/wp\/v2\/pages\/15456\/revisions\/17482"}],"wp:featuredmedia":[{"embeddable":true,"href":"https:\/\/www.isqe.com\/en\/wp-json\/wp\/v2\/media\/16012"}],"wp:attachment":[{"href":"https:\/\/www.isqe.com\/en\/wp-json\/wp\/v2\/media?parent=15456"}],"curies":[{"name":"wp","href":"https:\/\/api.w.org\/{rel}","templated":true}]}}