{"id":15438,"date":"2021-12-30T10:58:15","date_gmt":"2021-12-30T10:58:15","guid":{"rendered":"https:\/\/www.isqe.com\/?page_id=15438"},"modified":"2025-10-15T09:41:05","modified_gmt":"2025-10-15T09:41:05","slug":"web-mobile","status":"publish","type":"page","link":"https:\/\/www.isqe.com\/en\/web-mobile\/","title":{"rendered":"People &#038; Tech"},"content":{"rendered":"<div class=\"wpb-content-wrapper\"><div class=\"vc_row wpb_row section vc_row-fluid  vc_custom_1641394844318\" style=' text-align:left;'><div class=\"full_section_inner clearfix\"><div class=\"wpb_column vc_column_container vc_col-sm-12\"><div class=\"vc_column-inner\"><div class=\"wpb_wrapper\"><div class='q_elements_holder two_columns eh_two_columns_66_33 responsive_mode_from_768' ><div class='q_elements_item' data-animation='no' data-item-class='q_elements_holder_custom_510205' style='background-image: url(https:\/\/www.isqe.com\/wp-content\/uploads\/2022\/01\/web-mobile-isqe.jpg);background-position: center;background-size: cover;'><div class='q_elements_item_inner'><div class='q_elements_item_content q_elements_holder_custom_510205'><\/div><\/div><\/div><div class='q_elements_item' data-animation='no' data-item-class='q_elements_holder_custom_204048' style='background-color:#ed1b34;'><div class='q_elements_item_inner'><div class='q_elements_item_content q_elements_holder_custom_204048' style='padding:20% 10% 20% 10%'>\n\t<div class=\"wpb_text_column wpb_content_element\">\n\t\t<div class=\"wpb_wrapper\">\n\t\t\t<h2 style=\"text-align: left;\"><span style=\"color: #fff; font-size: 74px; text-transform: lowercase; letter-spacing: -4px; line-height: 0.9em;\">People &amp; Tech<\/span><\/h2>\n\n\t\t<\/div>\n\t<\/div><div class=\"separator  small left\" style=\"margin-top: 12px;background-color: #9d0b0f;\"><\/div><div class=\"vc_empty_space\"  style=\"height: 100px\" >\n\t<span class=\"vc_empty_space_inner\">\n\t\t<span class=\"empty_space_image\"  ><\/span>\n\t<\/span>\n<\/div><\/div><\/div><\/div><\/div><\/div><\/div><\/div><\/div><\/div><div      class=\"vc_row wpb_row section vc_row-fluid  grid_section\" style='background-color:#ffffff; padding-top:87px; padding-bottom:0px; text-align:center;'><div class=\"section_inner clearfix\"><div class='section_inner_margin clearfix'><div class=\"wpb_column vc_column_container vc_col-sm-12\"><div class=\"vc_column-inner\"><div class=\"wpb_wrapper\"><div      class=\"vc_row wpb_row section vc_row-fluid vc_inner\" style=' text-align:center;'><div class=\"full_section_inner clearfix\"><div class=\"wpb_column vc_column_container vc_col-sm-6\"><div class=\"vc_column-inner\"><div class=\"wpb_wrapper\">\n\t<div class=\"wpb_text_column wpb_content_element\">\n\t\t<div class=\"wpb_wrapper\">\n\t\t\t<p style=\"text-align: left;\">At ISQe, we develop digital solutions that enhance the learning experience by combining modern design, intuitive usability, and full adaptation to each organization\u2019s context. Our platforms and software are designed to work seamlessly across all devices, desktop, tablet, or mobile, ensuring consistent visuals focused on user experience and accessibility.<\/p>\n\n\t\t<\/div>\n\t<\/div><\/div><\/div><\/div><div class=\"wpb_column vc_column_container vc_col-sm-6\"><div class=\"vc_column-inner\"><div class=\"wpb_wrapper\">\n\t<div class=\"wpb_text_column wpb_content_element\">\n\t\t<div class=\"wpb_wrapper\">\n\t\t\t<p style=\"text-align: left;\">With this approach, we offer fully integrated web customization solutions that connect with talent and learning management platforms such as Cornerstone, and we also develop SaaS (Software as a Service) platforms, ensuring continuous innovation and scalability for our clients.<\/p>\n\n\t\t<\/div>\n\t<\/div><\/div><\/div><\/div><\/div><\/div><\/div><\/div><\/div><\/div><\/div><\/div><div      class=\"vc_row wpb_row section vc_row-fluid\" style=' text-align:left;'><div class=\"full_section_inner clearfix\"><div class=\"wpb_column vc_column_container vc_col-sm-12\"><div class=\"vc_column-inner\"><div class=\"wpb_wrapper\"><div class=\"vc_empty_space\"  style=\"height: 50px\" >\n\t<span class=\"vc_empty_space_inner\">\n\t\t<span class=\"empty_space_image\"  ><\/span>\n\t<\/span>\n<\/div><\/div><\/div><\/div><\/div><\/div><div      class=\"vc_row wpb_row section vc_row-fluid  vc_custom_1760521273995 grid_section\" style=' text-align:left;'><div class=\"section_inner clearfix\"><div class='section_inner_margin clearfix'><div class=\"wpb_column vc_column_container vc_col-sm-12\"><div class=\"vc_column-inner\"><div class=\"wpb_wrapper\"><div      class=\"vc_row wpb_row section vc_row-fluid vc_inner  vc_custom_1760355164587\" style=' text-align:left;'><div class=\"full_section_inner clearfix\"><div class=\"wpb_column vc_column_container vc_col-sm-12\"><div class=\"vc_column-inner vc_custom_1760356325434\"><div class=\"wpb_wrapper\">\n\t<div class=\"wpb_text_column wpb_content_element\">\n\t\t<div class=\"wpb_wrapper\">\n\t\t\t<h2 style=\"text-align: center;\"><span style=\"color: #ffffff;\"><strong>WEB CUSTOMIZATION<\/strong><\/span><\/h2>\n\n\t\t<\/div>\n\t<\/div><div class=\"separator  small center\" style=\"margin-top: 6px;background-color: #ffffff;\"><\/div><\/div><\/div><\/div><\/div><\/div><div      class=\"vc_row wpb_row section vc_row-fluid vc_inner\" style=' text-align:left;'><div class=\"full_section_inner clearfix\"><div class=\"wpb_column vc_column_container vc_col-sm-6\"><div class=\"vc_column-inner\"><div class=\"wpb_wrapper\">\n\t<div class=\"wpb_text_column wpb_content_element\">\n\t\t<div class=\"wpb_wrapper\">\n\t\t\t<p style=\"text-align: left;\"><span style=\"color: #ffffff;\">As a reference in this area, we highlight one of the software solutions developed by ISQe, PAGES, a content management system that allows users to create, customize, and manage pages easily and quickly, without the need for technical knowledge.<\/span><\/p>\n\n\t\t<\/div>\n\t<\/div><\/div><\/div><\/div><div class=\"wpb_column vc_column_container vc_col-sm-6\"><div class=\"vc_column-inner\"><div class=\"wpb_wrapper\">\n\t<div class=\"wpb_text_column wpb_content_element\">\n\t\t<div class=\"wpb_wrapper\">\n\t\t\t<p style=\"text-align: left;\"><span style=\"color: #ffffff;\">The platform enables unique learning experiences, fully integrated with Cornerstone, where administrators can drag and drop elements, customize content, define layouts, and create pages that align with their organization\u2019s identity.<\/span><\/p>\n\n\t\t<\/div>\n\t<\/div><\/div><\/div><\/div><\/div><\/div><div      class=\"vc_row wpb_row section vc_row-fluid vc_inner  vc_custom_1760355164587\" style=' text-align:left;'><div class=\"full_section_inner clearfix\"><div class=\"wpb_column vc_column_container vc_col-sm-12\"><div class=\"vc_column-inner vc_custom_1760356325434\"><div class=\"wpb_wrapper\">\n\t<div class=\"wpb_text_column wpb_content_element\">\n\t\t<div class=\"wpb_wrapper\">\n\t\t\t<p class=\"font_strong\" style=\"text-align: left;\"><span style=\"color: #ffffff;\">Main advantages<\/span><\/p>\n\n\t\t<\/div>\n\t<\/div><\/div><\/div><\/div><\/div><\/div><div      class=\"vc_row wpb_row section vc_row-fluid vc_inner\" style=' text-align:left;'><div class=\"full_section_inner clearfix\"><div class=\"wpb_column vc_column_container vc_col-sm-4\"><div class=\"vc_column-inner vc_custom_1760356513916\"><div class=\"wpb_wrapper\">\n\t<div class=\"wpb_text_column wpb_content_element  vc_custom_1760356377094\">\n\t\t<div class=\"wpb_wrapper\">\n\t\t\t<p style=\"text-align: center;\"><strong>Quick and intuitive page customization in Cornerstone<\/strong><\/p>\n\n\t\t<\/div>\n\t<\/div><\/div><\/div><\/div><div class=\"wpb_column vc_column_container vc_col-sm-4\"><div class=\"vc_column-inner vc_custom_1760356520389\"><div class=\"wpb_wrapper\">\n\t<div class=\"wpb_text_column wpb_content_element  vc_custom_1760356405903\">\n\t\t<div class=\"wpb_wrapper\">\n\t\t\t<p style=\"text-align: center;\"><strong>Consistent, user-friendly and modern experience<\/strong><\/p>\n\n\t\t<\/div>\n\t<\/div><\/div><\/div><\/div><div class=\"wpb_column vc_column_container vc_col-sm-4\"><div class=\"vc_column-inner vc_custom_1760356525835\"><div class=\"wpb_wrapper\">\n\t<div class=\"wpb_text_column wpb_content_element  vc_custom_1760356416268\">\n\t\t<div class=\"wpb_wrapper\">\n\t\t\t<p style=\"text-align: center;\"><strong>Greater autonomy and flexibility in content management<\/strong><\/p>\n\n\t\t<\/div>\n\t<\/div><\/div><\/div><\/div><\/div><\/div><div      class=\"vc_row wpb_row section vc_row-fluid vc_inner\" style=' text-align:left;'><div class=\"full_section_inner clearfix\"><div class=\"wpb_column vc_column_container vc_col-sm-4\"><div class=\"vc_column-inner vc_custom_1760356534244\"><div class=\"wpb_wrapper\">\n\t<div class=\"wpb_text_column wpb_content_element  vc_custom_1760356433977\">\n\t\t<div class=\"wpb_wrapper\">\n\t\t\t<p style=\"text-align: center;\"><strong>Predefined models, fully adaptable and customizable to your company\u2019s context<\/strong><\/p>\n\n\t\t<\/div>\n\t<\/div><\/div><\/div><\/div><div class=\"wpb_column vc_column_container vc_col-sm-4\"><div class=\"vc_column-inner vc_custom_1760356541206\"><div class=\"wpb_wrapper\">\n\t<div class=\"wpb_text_column wpb_content_element  vc_custom_1760356448568\">\n\t\t<div class=\"wpb_wrapper\">\n\t\t\t<p style=\"text-align: center;\"><strong>Immediate and automatic integration with the Cornerstone platform<\/strong><\/p>\n\n\t\t<\/div>\n\t<\/div><\/div><\/div><\/div><div class=\"wpb_column vc_column_container vc_col-sm-4\"><div class=\"vc_column-inner\"><div class=\"wpb_wrapper\"><\/div><\/div><\/div><\/div><\/div><\/div><\/div><\/div><\/div><\/div><\/div><div      class=\"vc_row wpb_row section vc_row-fluid  vc_custom_1760521267113 grid_section\" style=' text-align:left;'><div class=\"section_inner clearfix\"><div class='section_inner_margin clearfix'><div class=\"wpb_column vc_column_container vc_col-sm-12\"><div class=\"vc_column-inner\"><div class=\"wpb_wrapper\"><div      class=\"vc_row wpb_row section vc_row-fluid vc_inner  vc_custom_1760355164587\" style=' text-align:left;'><div class=\"full_section_inner clearfix\"><div class=\"wpb_column vc_column_container vc_col-sm-12\"><div class=\"vc_column-inner vc_custom_1760356325434\"><div class=\"wpb_wrapper\">\n\t<div class=\"wpb_text_column wpb_content_element\">\n\t\t<div class=\"wpb_wrapper\">\n\t\t\t<h2 style=\"text-align: center;\"><span style=\"color: #000000;\"><strong>SaaS Platforms<\/strong><\/span><\/h2>\n\n\t\t<\/div>\n\t<\/div><div class=\"separator  small center\" style=\"margin-top: 6px;background-color: #0a0a0a;\"><\/div><\/div><\/div><\/div><\/div><\/div><div      class=\"vc_row wpb_row section vc_row-fluid vc_inner\" style=' text-align:left;'><div class=\"full_section_inner clearfix\"><div class=\"wpb_column vc_column_container vc_col-sm-6\"><div class=\"vc_column-inner\"><div class=\"wpb_wrapper\">\n\t<div class=\"wpb_text_column wpb_content_element\">\n\t\t<div class=\"wpb_wrapper\">\n\t\t\t<p style=\"text-align: left;\">ISQe is also committed to developing SaaS (Software as a Service) platforms designed to ensure scalability, flexibility and continuous innovation.<\/p>\n\n\t\t<\/div>\n\t<\/div><\/div><\/div><\/div><div class=\"wpb_column vc_column_container vc_col-sm-6\"><div class=\"vc_column-inner\"><div class=\"wpb_wrapper\">\n\t<div class=\"wpb_text_column wpb_content_element\">\n\t\t<div class=\"wpb_wrapper\">\n\t\t\t<p style=\"text-align: left;\">This model allows our clients to access solutions that are always up to date, secure and easily integrable with their digital ecosystems.<\/p>\n\n\t\t<\/div>\n\t<\/div><\/div><\/div><\/div><\/div><\/div><div      class=\"vc_row wpb_row section vc_row-fluid vc_inner  vc_custom_1760355164587\" style=' text-align:left;'><div class=\"full_section_inner clearfix\"><div class=\"wpb_column vc_column_container vc_col-sm-12\"><div class=\"vc_column-inner vc_custom_1760356325434\"><div class=\"wpb_wrapper\">\n\t<div class=\"wpb_text_column wpb_content_element\">\n\t\t<div class=\"wpb_wrapper\">\n\t\t\t<p class=\"font_strong\" style=\"text-align: left;\">With SaaS, we offer:<\/p>\n\n\t\t<\/div>\n\t<\/div><\/div><\/div><\/div><\/div><\/div><div      class=\"vc_row wpb_row section vc_row-fluid vc_inner\" style=' text-align:left;'><div class=\"full_section_inner clearfix\"><div class=\"wpb_column vc_column_container vc_col-sm-4\"><div class=\"vc_column-inner vc_custom_1760356513916\"><div class=\"wpb_wrapper\">\n\t<div class=\"wpb_text_column wpb_content_element  vc_custom_1760520961918\">\n\t\t<div class=\"wpb_wrapper\">\n\t\t\t<p style=\"text-align: center;\"><strong>Reduced infrastructure and maintenance costs<\/strong><\/p>\n\n\t\t<\/div>\n\t<\/div><\/div><\/div><\/div><div class=\"wpb_column vc_column_container vc_col-sm-4\"><div class=\"vc_column-inner vc_custom_1760356520389\"><div class=\"wpb_wrapper\">\n\t<div class=\"wpb_text_column wpb_content_element  vc_custom_1760520972473\">\n\t\t<div class=\"wpb_wrapper\">\n\t\t\t<p style=\"text-align: center;\"><strong>Automatic and continuous updates without service interruptions<\/strong><\/p>\n\n\t\t<\/div>\n\t<\/div><\/div><\/div><\/div><div class=\"wpb_column vc_column_container vc_col-sm-4\"><div class=\"vc_column-inner vc_custom_1760356525835\"><div class=\"wpb_wrapper\">\n\t<div class=\"wpb_text_column wpb_content_element  vc_custom_1760520982538\">\n\t\t<div class=\"wpb_wrapper\">\n\t\t\t<p style=\"text-align: center;\"><strong>Greater accessibility, with access from any location and device<\/strong><\/p>\n\n\t\t<\/div>\n\t<\/div><\/div><\/div><\/div><\/div><\/div><div      class=\"vc_row wpb_row section vc_row-fluid vc_inner\" style=' text-align:left;'><div class=\"full_section_inner clearfix\"><div class=\"wpb_column vc_column_container vc_col-sm-4\"><div class=\"vc_column-inner vc_custom_1760356534244\"><div class=\"wpb_wrapper\">\n\t<div class=\"wpb_text_column wpb_content_element  vc_custom_1760520994380\">\n\t\t<div class=\"wpb_wrapper\">\n\t\t\t<p style=\"text-align: center;\"><strong>Scalability, keeping pace with the growth and needs of the organization<\/strong><\/p>\n\n\t\t<\/div>\n\t<\/div><\/div><\/div><\/div><div class=\"wpb_column vc_column_container vc_col-sm-4\"><div class=\"vc_column-inner vc_custom_1760356541206\"><div class=\"wpb_wrapper\">\n\t<div class=\"wpb_text_column wpb_content_element  vc_custom_1760521012254\">\n\t\t<div class=\"wpb_wrapper\">\n\t\t\t<p style=\"text-align: center;\"><strong>Simplified integration with talent and learning management platforms such as Cornerstone<\/strong><\/p>\n\n\t\t<\/div>\n\t<\/div><\/div><\/div><\/div><div class=\"wpb_column vc_column_container vc_col-sm-4\"><div class=\"vc_column-inner\"><div class=\"wpb_wrapper\"><\/div><\/div><\/div><\/div><\/div><\/div><\/div><\/div><\/div><\/div><\/div><div      class=\"vc_row wpb_row section vc_row-fluid  vc_custom_1760521258702 grid_section\" style=' text-align:left;'><div class=\"section_inner clearfix\"><div class='section_inner_margin clearfix'><div class=\"wpb_column vc_column_container vc_col-sm-12\"><div class=\"vc_column-inner\"><div class=\"wpb_wrapper\"><div      class=\"vc_row wpb_row section vc_row-fluid vc_inner  vc_custom_1760355164587\" style=' text-align:left;'><div class=\"full_section_inner clearfix\"><div class=\"wpb_column vc_column_container vc_col-sm-12\"><div class=\"vc_column-inner vc_custom_1760356325434\"><div class=\"wpb_wrapper\">\n\t<div class=\"wpb_single_image wpb_content_element vc_align_center\">\n\t\t<div class=\"wpb_wrapper\">\n\t\t\t\n\t\t\t<div class=\"vc_single_image-wrapper   vc_box_border_grey\"><img loading=\"lazy\" decoding=\"async\" width=\"900\" height=\"124\" src=\"https:\/\/www.isqe.com\/wp-content\/uploads\/2021\/12\/separador-passaro.png\" class=\"vc_single_image-img attachment-full\" alt=\"separador-isqe\" title=\"separador-passaro\" srcset=\"https:\/\/www.isqe.com\/wp-content\/uploads\/2021\/12\/separador-passaro.png 900w, https:\/\/www.isqe.com\/wp-content\/uploads\/2021\/12\/separador-passaro-300x41.png 300w, https:\/\/www.isqe.com\/wp-content\/uploads\/2021\/12\/separador-passaro-768x106.png 768w, https:\/\/www.isqe.com\/wp-content\/uploads\/2021\/12\/separador-passaro-700x96.png 700w\" sizes=\"auto, (max-width: 900px) 100vw, 900px\" \/><\/div>\n\t\t<\/div>\n\t<\/div>\n<\/div><\/div><\/div><\/div><\/div><div      class=\"vc_row wpb_row section vc_row-fluid vc_inner\" style=' text-align:left;'><div class=\"full_section_inner clearfix\"><div class=\"wpb_column vc_column_container vc_col-sm-6\"><div class=\"vc_column-inner\"><div class=\"wpb_wrapper\">\n\t<div class=\"wpb_text_column wpb_content_element\">\n\t\t<div class=\"wpb_wrapper\">\n\t\t\t<p style=\"text-align: left;\">ISQe also maintains complementary expertise in multimedia, gamification, web and graphic design, as well as video editing within the context of talent management platforms, to enrich the digital learning experience.<\/p>\n\n\t\t<\/div>\n\t<\/div><\/div><\/div><\/div><div class=\"wpb_column vc_column_container vc_col-sm-6\"><div class=\"vc_column-inner\"><div class=\"wpb_wrapper\">\n\t<div class=\"wpb_text_column wpb_content_element\">\n\t\t<div class=\"wpb_wrapper\">\n\t\t\t<p style=\"text-align: left;\">These services play a complementary role in meeting the client\u2019s needs without diverting the main focus of our value proposition.<\/p>\n\n\t\t<\/div>\n\t<\/div><\/div><\/div><\/div><\/div><\/div><\/div><\/div><\/div><\/div><\/div><\/div>\n<\/div>","protected":false},"excerpt":{"rendered":"People &amp; Tech Na ISQe desenvolvemos solu\u00e7\u00f5es digitais que elevam a experi\u00eancia de aprendizagem, combinando design moderno, usabilidade intuitiva e total adapta\u00e7\u00e3o ao contexto de cada organiza\u00e7\u00e3o. As nossas plataformas e softwares s\u00e3o concebidos para funcionar em qualquer dispositivo (desktop, tablet ou mobile) garantindo sempre...","protected":false},"author":3,"featured_media":16010,"parent":0,"menu_order":0,"comment_status":"open","ping_status":"open","template":"full_width.php","meta":{"_monsterinsights_skip_tracking":false,"_monsterinsights_sitenote_active":false,"_monsterinsights_sitenote_note":"","_monsterinsights_sitenote_category":0,"footnotes":""},"class_list":["post-15438","page","type-page","status-publish","has-post-thumbnail","hentry"],"yoast_head":"<!-- This site is optimized with the Yoast SEO plugin v26.6 - https:\/\/yoast.com\/wordpress\/plugins\/seo\/ -->\n<title>People &amp; Tech - ISQe<\/title>\n<meta name=\"description\" content=\"Web &amp; Mobile - Criatividade \u00e9 o ingrediente que nos distingue e nos concede a prefer\u00eancia dos nossos clientes.\" \/>\n<meta name=\"robots\" content=\"index, follow, max-snippet:-1, max-image-preview:large, max-video-preview:-1\" \/>\n<link rel=\"canonical\" href=\"https:\/\/www.isqe.com\/en\/web-mobile\/\" \/>\n<meta property=\"og:locale\" content=\"en_US\" \/>\n<meta property=\"og:type\" content=\"article\" \/>\n<meta property=\"og:title\" content=\"People &amp; Tech - ISQe\" \/>\n<meta property=\"og:description\" content=\"Web &amp; Mobile - Criatividade \u00e9 o ingrediente que nos distingue e nos concede a prefer\u00eancia dos nossos clientes.\" \/>\n<meta property=\"og:url\" content=\"https:\/\/www.isqe.com\/en\/web-mobile\/\" \/>\n<meta property=\"og:site_name\" content=\"ISQe\" \/>\n<meta property=\"article:publisher\" content=\"https:\/\/www.facebook.com\/ISQe.Engaging.People\" \/>\n<meta property=\"article:modified_time\" content=\"2025-10-15T09:41:05+00:00\" \/>\n<meta property=\"og:image\" content=\"https:\/\/www.isqe.com\/wp-content\/uploads\/2022\/01\/web-mobile-isqe.jpg\" \/>\n\t<meta property=\"og:image:width\" content=\"1289\" \/>\n\t<meta property=\"og:image:height\" content=\"468\" \/>\n\t<meta property=\"og:image:type\" content=\"image\/jpeg\" \/>\n<meta name=\"twitter:card\" content=\"summary_large_image\" \/>\n<meta name=\"twitter:label1\" content=\"Est. reading time\" \/>\n\t<meta name=\"twitter:data1\" content=\"5 minutes\" \/>\n<script type=\"application\/ld+json\" class=\"yoast-schema-graph\">{\"@context\":\"https:\/\/schema.org\",\"@graph\":[{\"@type\":\"WebPage\",\"@id\":\"https:\/\/www.isqe.com\/web-mobile\/\",\"url\":\"https:\/\/www.isqe.com\/web-mobile\/\",\"name\":\"People & Tech - ISQe\",\"isPartOf\":{\"@id\":\"https:\/\/www.isqe.com\/#website\"},\"primaryImageOfPage\":{\"@id\":\"https:\/\/www.isqe.com\/web-mobile\/#primaryimage\"},\"image\":{\"@id\":\"https:\/\/www.isqe.com\/web-mobile\/#primaryimage\"},\"thumbnailUrl\":\"https:\/\/www.isqe.com\/wp-content\/uploads\/2022\/01\/web-mobile-isqe.jpg\",\"datePublished\":\"2021-12-30T10:58:15+00:00\",\"dateModified\":\"2025-10-15T09:41:05+00:00\",\"description\":\"Web & Mobile - Criatividade \u00e9 o ingrediente que nos distingue e nos concede a prefer\u00eancia dos nossos clientes.\",\"breadcrumb\":{\"@id\":\"https:\/\/www.isqe.com\/web-mobile\/#breadcrumb\"},\"inLanguage\":\"en-US\",\"potentialAction\":[{\"@type\":\"ReadAction\",\"target\":[\"https:\/\/www.isqe.com\/web-mobile\/\"]}]},{\"@type\":\"ImageObject\",\"inLanguage\":\"en-US\",\"@id\":\"https:\/\/www.isqe.com\/web-mobile\/#primaryimage\",\"url\":\"https:\/\/www.isqe.com\/wp-content\/uploads\/2022\/01\/web-mobile-isqe.jpg\",\"contentUrl\":\"https:\/\/www.isqe.com\/wp-content\/uploads\/2022\/01\/web-mobile-isqe.jpg\",\"width\":1289,\"height\":468,\"caption\":\"web-mobile-isqe\"},{\"@type\":\"BreadcrumbList\",\"@id\":\"https:\/\/www.isqe.com\/web-mobile\/#breadcrumb\",\"itemListElement\":[{\"@type\":\"ListItem\",\"position\":1,\"name\":\"In\u00edcio\",\"item\":\"https:\/\/www.isqe.com\/\"},{\"@type\":\"ListItem\",\"position\":2,\"name\":\"People &#038; Tech\"}]},{\"@type\":\"WebSite\",\"@id\":\"https:\/\/www.isqe.com\/#website\",\"url\":\"https:\/\/www.isqe.com\/\",\"name\":\"ISQe\",\"description\":\"Engaging People\",\"publisher\":{\"@id\":\"https:\/\/www.isqe.com\/#organization\"},\"potentialAction\":[{\"@type\":\"SearchAction\",\"target\":{\"@type\":\"EntryPoint\",\"urlTemplate\":\"https:\/\/www.isqe.com\/?s={search_term_string}\"},\"query-input\":{\"@type\":\"PropertyValueSpecification\",\"valueRequired\":true,\"valueName\":\"search_term_string\"}}],\"inLanguage\":\"en-US\"},{\"@type\":\"Organization\",\"@id\":\"https:\/\/www.isqe.com\/#organization\",\"name\":\"ISQe\",\"url\":\"https:\/\/www.isqe.com\/\",\"logo\":{\"@type\":\"ImageObject\",\"inLanguage\":\"en-US\",\"@id\":\"https:\/\/www.isqe.com\/#\/schema\/logo\/image\/\",\"url\":\"https:\/\/www.isqe.com\/wp-content\/uploads\/2022\/01\/ISQe-logotipo-web.png\",\"contentUrl\":\"https:\/\/www.isqe.com\/wp-content\/uploads\/2022\/01\/ISQe-logotipo-web.png\",\"width\":842,\"height\":596,\"caption\":\"ISQe\"},\"image\":{\"@id\":\"https:\/\/www.isqe.com\/#\/schema\/logo\/image\/\"},\"sameAs\":[\"https:\/\/www.facebook.com\/ISQe.Engaging.People\",\"https:\/\/www.instagram.com\/isqe.engage.people\/\",\"https:\/\/pt.linkedin.com\/company\/isqe\",\"https:\/\/www.youtube.com\/channel\/UChrGaLoIk_sh__ZEoCzBjxA\/featured\"]}]}<\/script>\n<!-- \/ Yoast SEO plugin. -->","yoast_head_json":{"title":"People & Tech - ISQe","description":"Web & Mobile - Criatividade \u00e9 o ingrediente que nos distingue e nos concede a prefer\u00eancia dos nossos clientes.","robots":{"index":"index","follow":"follow","max-snippet":"max-snippet:-1","max-image-preview":"max-image-preview:large","max-video-preview":"max-video-preview:-1"},"canonical":"https:\/\/www.isqe.com\/en\/web-mobile\/","og_locale":"en_US","og_type":"article","og_title":"People & Tech - ISQe","og_description":"Web & Mobile - Criatividade \u00e9 o ingrediente que nos distingue e nos concede a prefer\u00eancia dos nossos clientes.","og_url":"https:\/\/www.isqe.com\/en\/web-mobile\/","og_site_name":"ISQe","article_publisher":"https:\/\/www.facebook.com\/ISQe.Engaging.People","article_modified_time":"2025-10-15T09:41:05+00:00","og_image":[{"width":1289,"height":468,"url":"https:\/\/www.isqe.com\/wp-content\/uploads\/2022\/01\/web-mobile-isqe.jpg","type":"image\/jpeg"}],"twitter_card":"summary_large_image","twitter_misc":{"Est. reading time":"5 minutes"},"schema":{"@context":"https:\/\/schema.org","@graph":[{"@type":"WebPage","@id":"https:\/\/www.isqe.com\/web-mobile\/","url":"https:\/\/www.isqe.com\/web-mobile\/","name":"People & Tech - ISQe","isPartOf":{"@id":"https:\/\/www.isqe.com\/#website"},"primaryImageOfPage":{"@id":"https:\/\/www.isqe.com\/web-mobile\/#primaryimage"},"image":{"@id":"https:\/\/www.isqe.com\/web-mobile\/#primaryimage"},"thumbnailUrl":"https:\/\/www.isqe.com\/wp-content\/uploads\/2022\/01\/web-mobile-isqe.jpg","datePublished":"2021-12-30T10:58:15+00:00","dateModified":"2025-10-15T09:41:05+00:00","description":"Web & Mobile - Criatividade \u00e9 o ingrediente que nos distingue e nos concede a prefer\u00eancia dos nossos clientes.","breadcrumb":{"@id":"https:\/\/www.isqe.com\/web-mobile\/#breadcrumb"},"inLanguage":"en-US","potentialAction":[{"@type":"ReadAction","target":["https:\/\/www.isqe.com\/web-mobile\/"]}]},{"@type":"ImageObject","inLanguage":"en-US","@id":"https:\/\/www.isqe.com\/web-mobile\/#primaryimage","url":"https:\/\/www.isqe.com\/wp-content\/uploads\/2022\/01\/web-mobile-isqe.jpg","contentUrl":"https:\/\/www.isqe.com\/wp-content\/uploads\/2022\/01\/web-mobile-isqe.jpg","width":1289,"height":468,"caption":"web-mobile-isqe"},{"@type":"BreadcrumbList","@id":"https:\/\/www.isqe.com\/web-mobile\/#breadcrumb","itemListElement":[{"@type":"ListItem","position":1,"name":"In\u00edcio","item":"https:\/\/www.isqe.com\/"},{"@type":"ListItem","position":2,"name":"People &#038; Tech"}]},{"@type":"WebSite","@id":"https:\/\/www.isqe.com\/#website","url":"https:\/\/www.isqe.com\/","name":"ISQe","description":"Engaging People","publisher":{"@id":"https:\/\/www.isqe.com\/#organization"},"potentialAction":[{"@type":"SearchAction","target":{"@type":"EntryPoint","urlTemplate":"https:\/\/www.isqe.com\/?s={search_term_string}"},"query-input":{"@type":"PropertyValueSpecification","valueRequired":true,"valueName":"search_term_string"}}],"inLanguage":"en-US"},{"@type":"Organization","@id":"https:\/\/www.isqe.com\/#organization","name":"ISQe","url":"https:\/\/www.isqe.com\/","logo":{"@type":"ImageObject","inLanguage":"en-US","@id":"https:\/\/www.isqe.com\/#\/schema\/logo\/image\/","url":"https:\/\/www.isqe.com\/wp-content\/uploads\/2022\/01\/ISQe-logotipo-web.png","contentUrl":"https:\/\/www.isqe.com\/wp-content\/uploads\/2022\/01\/ISQe-logotipo-web.png","width":842,"height":596,"caption":"ISQe"},"image":{"@id":"https:\/\/www.isqe.com\/#\/schema\/logo\/image\/"},"sameAs":["https:\/\/www.facebook.com\/ISQe.Engaging.People","https:\/\/www.instagram.com\/isqe.engage.people\/","https:\/\/pt.linkedin.com\/company\/isqe","https:\/\/www.youtube.com\/channel\/UChrGaLoIk_sh__ZEoCzBjxA\/featured"]}]}},"_links":{"self":[{"href":"https:\/\/www.isqe.com\/en\/wp-json\/wp\/v2\/pages\/15438","targetHints":{"allow":["GET"]}}],"collection":[{"href":"https:\/\/www.isqe.com\/en\/wp-json\/wp\/v2\/pages"}],"about":[{"href":"https:\/\/www.isqe.com\/en\/wp-json\/wp\/v2\/types\/page"}],"author":[{"embeddable":true,"href":"https:\/\/www.isqe.com\/en\/wp-json\/wp\/v2\/users\/3"}],"replies":[{"embeddable":true,"href":"https:\/\/www.isqe.com\/en\/wp-json\/wp\/v2\/comments?post=15438"}],"version-history":[{"count":32,"href":"https:\/\/www.isqe.com\/en\/wp-json\/wp\/v2\/pages\/15438\/revisions"}],"predecessor-version":[{"id":19207,"href":"https:\/\/www.isqe.com\/en\/wp-json\/wp\/v2\/pages\/15438\/revisions\/19207"}],"wp:featuredmedia":[{"embeddable":true,"href":"https:\/\/www.isqe.com\/en\/wp-json\/wp\/v2\/media\/16010"}],"wp:attachment":[{"href":"https:\/\/www.isqe.com\/en\/wp-json\/wp\/v2\/media?parent=15438"}],"curies":[{"name":"wp","href":"https:\/\/api.w.org\/{rel}","templated":true}]}}