{"id":15398,"date":"2021-12-30T08:53:01","date_gmt":"2021-12-30T08:53:01","guid":{"rendered":"https:\/\/www.isqe.com\/?page_id=15398"},"modified":"2022-04-01T16:04:33","modified_gmt":"2022-04-01T16:04:33","slug":"content-services","status":"publish","type":"page","link":"https:\/\/www.isqe.com\/en\/content-services\/","title":{"rendered":"Content Services"},"content":{"rendered":"<div class=\"wpb-content-wrapper\"><div class=\"vc_row wpb_row section vc_row-fluid  vc_custom_1641394844318\" style=' text-align:left;'><div class=\"full_section_inner clearfix\"><div class=\"wpb_column vc_column_container vc_col-sm-12\"><div class=\"vc_column-inner\"><div class=\"wpb_wrapper\"><div class='q_elements_holder two_columns eh_two_columns_66_33 responsive_mode_from_768' ><div class='q_elements_item' data-animation='no' data-item-class='q_elements_holder_custom_946696' style='background-image: url(https:\/\/www.isqe.com\/wp-content\/uploads\/2022\/01\/content-services_1_isqe.jpg);background-position: center;background-size: cover;'><div class='q_elements_item_inner'><div class='q_elements_item_content q_elements_holder_custom_946696'><\/div><\/div><\/div><div class='q_elements_item' data-animation='no' data-item-class='q_elements_holder_custom_961275' style='background-color:#ed1b34;'><div class='q_elements_item_inner'><div class='q_elements_item_content q_elements_holder_custom_961275' style='padding:20% 10% 20% 10%'>\n\t<div class=\"wpb_text_column wpb_content_element\">\n\t\t<div class=\"wpb_wrapper\">\n\t\t\t<h2 style=\"text-align: left;\"><span style=\"color: #fff; font-size: 74px; text-transform: lowercase; letter-spacing: -4px; line-height: 0.9em;\">Content Services<\/span><\/h2>\n\n\t\t<\/div>\n\t<\/div><div class=\"separator  small left\" style=\"margin-top: 12px;background-color: #9d0b0f;\"><\/div><div class=\"vc_empty_space\"  style=\"height: 100px\" >\n\t<span class=\"vc_empty_space_inner\">\n\t\t<span class=\"empty_space_image\"  ><\/span>\n\t<\/span>\n<\/div><\/div><\/div><\/div><\/div><\/div><\/div><\/div><\/div><\/div><div      class=\"vc_row wpb_row section vc_row-fluid  grid_section\" style='background-color:#ffffff; padding-top:87px; padding-bottom:0px; text-align:left;'><div class=\"section_inner clearfix\"><div class='section_inner_margin clearfix'><div class=\"wpb_column vc_column_container vc_col-sm-12\"><div class=\"vc_column-inner\"><div class=\"wpb_wrapper\">\n\t<div class=\"wpb_text_column wpb_content_element\">\n\t\t<div class=\"wpb_wrapper\">\n\t\t\t<p style=\"text-align: center; font-size: 24px;\"><strong><b>Multidisciplinary team, specialists in pedagogical design, development of multimedia content and quality assurance<\/b><\/strong><\/p>\n\n\t\t<\/div>\n\t<\/div><div class=\"separator  transparent\" style=\"margin-top: 31px;margin-bottom: 19px;\"><\/div>\n\t<div class=\"wpb_text_column wpb_content_element\">\n\t\t<div class=\"wpb_wrapper\">\n\t\t\t<p>Our focus is to create meaningful learning experiences with a positive impact, meaning they generate enthusiasm for the topic, engagement with the learning journey and promote long-term learning.<\/p>\n<p>&nbsp;<\/p>\n<p>We design memorable and innovative learning experiences with a goal to train and develop employee skills'.<\/p>\n\n\t\t<\/div>\n\t<\/div><div class=\"separator  transparent\" style=\"margin-top: 20px;margin-bottom: 0px;\"><\/div><div class=\"separator  transparent\" style=\"margin-top: 20px;margin-bottom: 0px;\"><\/div><div      class=\"vc_row wpb_row section vc_row-fluid vc_inner\" style=' text-align:left;'><div class=\"full_section_inner clearfix\"><div class=\"wpb_column vc_column_container vc_col-sm-12\"><div class=\"vc_column-inner\"><div class=\"wpb_wrapper\">\n\t<div class=\"wpb_text_column wpb_content_element\">\n\t\t<div class=\"wpb_wrapper\">\n\t\t\t<p style=\"text-align: center; font-size: 24px;\"><strong>Experience and focus on solutions that meet objectives<\/strong><\/p>\n\n\t\t<\/div>\n\t<\/div><div class=\"separator  transparent\" style=\"margin-top: 31px;margin-bottom: 0px;\"><\/div>\n\t<div class=\"wpb_text_column wpb_content_element\">\n\t\t<div class=\"wpb_wrapper\">\n\t\t\t<p>ISQe has wide experience of developing training solutions and specialist contents. The experience accumulated over several years of operating in the market and with companies from different sectors offers a series of advantages in working with us:<\/p>\n\n\t\t<\/div>\n\t<\/div><div class=\"separator  transparent\" style=\"margin-top: 50px;margin-bottom: 0px;\"><\/div><\/div><\/div><\/div><\/div><\/div><div      class=\"vc_row wpb_row section vc_row-fluid vc_inner\" style=' text-align:left;'><div class=\"full_section_inner clearfix\"><div class=\"wpb_column vc_column_container vc_col-sm-3\"><div class=\"vc_column-inner\"><div class=\"wpb_wrapper\"><div class=\"separator  small left\" style=\"margin-top: 2px;background-color: #000000;\"><\/div>\n\t<div class=\"wpb_text_column wpb_content_element\">\n\t\t<div class=\"wpb_wrapper\">\n\t\t\t<p><strong>Digital Learning Experience<\/strong><\/p>\n<p>&nbsp;<\/p>\n<p>Design of rewarding digital experiences \u2013 memorable learning journeys (UX and UI Design).<\/p>\n<p>&nbsp;<\/p>\n<p>Development of customised learning experiences in different formats (immersive VR\/AR experiences, gamification, games, interactive videos, microlearning, quizzes, infographics, communication and engagement plans).<\/p>\n\n\t\t<\/div>\n\t<\/div><\/div><\/div><\/div><div class=\"wpb_column vc_column_container vc_col-sm-3\"><div class=\"vc_column-inner\"><div class=\"wpb_wrapper\"><div class=\"separator  small left\" style=\"margin-top: 2px;background-color: #000000;\"><\/div>\n\t<div class=\"wpb_text_column wpb_content_element\">\n\t\t<div class=\"wpb_wrapper\">\n\t\t\t<p><strong>Digital Content Library<\/strong><\/p>\n<p>&nbsp;<\/p>\n<p>Standard courses for corporate licensing in various thematic areas (eLearning courses)<\/p>\n<p>&nbsp;<\/p>\n<p>Course Catalogue Subscriptions, Content Anytime or partners \u201c\u00c0 la carte\u201d<\/p>\n\n\t\t<\/div>\n\t<\/div><\/div><\/div><\/div><div class=\"wpb_column vc_column_container vc_col-sm-3\"><div class=\"vc_column-inner\"><div class=\"wpb_wrapper\"><div class=\"separator  small left\" style=\"margin-top: 2px;background-color: #000000;\"><\/div>\n\t<div class=\"wpb_text_column wpb_content_element\">\n\t\t<div class=\"wpb_wrapper\">\n\t\t\t<p><strong>L&amp;D Experts Development<\/strong><\/p>\n<p>&nbsp;<\/p>\n<p class=\"p-detail\">Preparation of internal Learning &amp; Development teams<br \/>\nContent development framework<br \/>\nInstructional design<br \/>\nE-Tutor;<br \/>\nAuthoring tools (Storyline)<\/p>\n\n\t\t<\/div>\n\t<\/div><\/div><\/div><\/div><div class=\"wpb_column vc_column_container vc_col-sm-3\"><div class=\"vc_column-inner\"><div class=\"wpb_wrapper\"><div class=\"separator  small left\" style=\"margin-top: 2px;background-color: #000000;\"><\/div>\n\t<div class=\"wpb_text_column wpb_content_element\">\n\t\t<div class=\"wpb_wrapper\">\n\t\t\t<p><strong>Outsoursing<\/strong><\/p>\n<p>&nbsp;<\/p>\n<p>Outsourcing services in Instructional Design, Technological Web and Mobile Development, Platforms and Helpdesk Administration.<\/p>\n\n\t\t<\/div>\n\t<\/div><\/div><\/div><\/div><\/div><\/div><\/div><\/div><\/div><\/div><\/div><\/div><div      class=\"vc_row wpb_row section vc_row-fluid  grid_section\" style='background-color:#ffffff; padding-top:87px; padding-bottom:0px; text-align:center;'><div class=\"section_inner clearfix\"><div class='section_inner_margin clearfix'><div class=\"wpb_column vc_column_container vc_col-sm-12\"><div class=\"vc_column-inner\"><div class=\"wpb_wrapper\">\n\t<div class=\"wpb_text_column wpb_content_element\">\n\t\t<div class=\"wpb_wrapper\">\n\t\t\t<h5 class=\"margin-top-20\" align=\"center\"><strong>FRAMEWORK DIGITAL LEARNING<\/strong><\/h5>\n<p>&nbsp;<\/p>\n<h2 class=\"p-subsubdetail margin-top-20\" align=\"center\"><strong>Framework digital learning<\/strong><\/h2>\n\n\t\t<\/div>\n\t<\/div><div class=\"separator  transparent\" style=\"margin-top: 31px;margin-bottom: 19px;\"><\/div>\n\t<div class=\"wpb_single_image wpb_content_element vc_align_center\">\n\t\t<div class=\"wpb_wrapper\">\n\t\t\t\n\t\t\t<div class=\"vc_single_image-wrapper   vc_box_border_grey\"><img decoding=\"async\" class=\"vc_single_image-img\" src=\"https:\/\/www.isqe.com\/wp-content\/uploads\/2021\/12\/framework_dle-1110x323.png\" width=\"1110\" height=\"323\" alt=\"Framework Digital\" title=\"framework_dle\" loading=\"lazy\" \/><\/div>\n\t\t<\/div>\n\t<\/div>\n<div class=\"separator  transparent\" style=\"margin-top: 31px;margin-bottom: 19px;\"><\/div>\n\t<div class=\"wpb_single_image wpb_content_element vc_align_center\">\n\t\t<div class=\"wpb_wrapper\">\n\t\t\t\n\t\t\t<div class=\"vc_single_image-wrapper   vc_box_border_grey\"><img loading=\"lazy\" decoding=\"async\" width=\"425\" height=\"270\" src=\"https:\/\/www.isqe.com\/wp-content\/uploads\/2021\/12\/Imagem12.png\" class=\"vc_single_image-img attachment-full\" alt=\"oferta de conteudos digitais\" title=\"Imagem1(2)\" srcset=\"https:\/\/www.isqe.com\/wp-content\/uploads\/2021\/12\/Imagem12.png 425w, https:\/\/www.isqe.com\/wp-content\/uploads\/2021\/12\/Imagem12-300x191.png 300w\" sizes=\"auto, (max-width: 425px) 100vw, 425px\" \/><\/div>\n\t\t<\/div>\n\t<\/div>\n<div class=\"separator  transparent\" style=\"margin-top: 31px;margin-bottom: 19px;\"><\/div>\n\t<div class=\"wpb_text_column wpb_content_element\">\n\t\t<div class=\"wpb_wrapper\">\n\t\t\t<p style=\"text-align: center;\">Our digital contents are complemented by the  Content Anytime course catalogue promoted by our partner Cornerstone. This is a repository of pre-defined and catalogued contents, providing access to a vast range of topics and contents, to suit the Client\u2019s interest.<\/p>\n\n\t\t<\/div>\n\t<\/div><div class=\"separator  transparent\" style=\"margin-top: 31px;margin-bottom: 19px;\"><\/div><a  itemprop=\"url\" href=\"https:\/\/www.isqe.com\/en\/documents\/files\/CCA_Overview_ISQe.pdf\/\" target=\"_self\" data-hover-background-color=\"#000000\" data-hover-border-color=\"#000000\" data-hover-color=\"#ffffff\" class=\"qbutton  default\" style=\"\">CORNERSTONE CONTENT ANYTIME<\/a><div class=\"separator  transparent\" style=\"margin-top: 50px;margin-bottom: 0px;\"><\/div><\/div><\/div><\/div><\/div><\/div><\/div>\n<\/div>","protected":false},"excerpt":{"rendered":"Content Services Equipa multidisciplinar, especialista em desenho pedag\u00f3gico, desenvolvimento de conte\u00fados multim\u00e9dia e quality assurance O nosso foco consiste em criar experi\u00eancias de aprendizagem com significado e impacto positivo, isto \u00e9, que geram entusiasmo com o tema, o engagement com a learning journey e promove...","protected":false},"author":3,"featured_media":16002,"parent":0,"menu_order":0,"comment_status":"open","ping_status":"open","template":"full_width.php","meta":{"_monsterinsights_skip_tracking":false,"_monsterinsights_sitenote_active":false,"_monsterinsights_sitenote_note":"","_monsterinsights_sitenote_category":0,"footnotes":""},"class_list":["post-15398","page","type-page","status-publish","has-post-thumbnail","hentry"],"yoast_head":"<!-- This site is optimized with the Yoast SEO plugin v26.6 - https:\/\/yoast.com\/wordpress\/plugins\/seo\/ -->\n<title>Content Services - ISQe<\/title>\n<meta name=\"description\" content=\"O nosso foco \u00e9 criar experi\u00eancias de aprendizagem com significado e impacto positivo. Desenvolvemos conte\u00fados multim\u00e9dia e quality assurance.\" \/>\n<meta name=\"robots\" content=\"index, follow, max-snippet:-1, max-image-preview:large, max-video-preview:-1\" \/>\n<link rel=\"canonical\" href=\"https:\/\/www.isqe.com\/en\/content-services\/\" \/>\n<meta property=\"og:locale\" content=\"en_US\" \/>\n<meta property=\"og:type\" content=\"article\" \/>\n<meta property=\"og:title\" content=\"Content Services - ISQe\" \/>\n<meta property=\"og:description\" content=\"O nosso foco \u00e9 criar experi\u00eancias de aprendizagem com significado e impacto positivo. Desenvolvemos conte\u00fados multim\u00e9dia e quality assurance.\" \/>\n<meta property=\"og:url\" content=\"https:\/\/www.isqe.com\/en\/content-services\/\" \/>\n<meta property=\"og:site_name\" content=\"ISQe\" \/>\n<meta property=\"article:publisher\" content=\"https:\/\/www.facebook.com\/ISQe.Engaging.People\" \/>\n<meta property=\"article:modified_time\" content=\"2022-04-01T16:04:33+00:00\" \/>\n<meta property=\"og:image\" content=\"https:\/\/www.isqe.com\/wp-content\/uploads\/2022\/01\/content-services_1_isqe.jpg\" \/>\n\t<meta property=\"og:image:width\" content=\"1289\" \/>\n\t<meta property=\"og:image:height\" content=\"468\" \/>\n\t<meta property=\"og:image:type\" content=\"image\/jpeg\" \/>\n<meta name=\"twitter:card\" content=\"summary_large_image\" \/>\n<meta name=\"twitter:label1\" content=\"Est. reading time\" \/>\n\t<meta name=\"twitter:data1\" content=\"3 minutes\" \/>\n<script type=\"application\/ld+json\" class=\"yoast-schema-graph\">{\"@context\":\"https:\/\/schema.org\",\"@graph\":[{\"@type\":\"WebPage\",\"@id\":\"https:\/\/www.isqe.com\/content-services\/\",\"url\":\"https:\/\/www.isqe.com\/content-services\/\",\"name\":\"Content Services - ISQe\",\"isPartOf\":{\"@id\":\"https:\/\/www.isqe.com\/#website\"},\"primaryImageOfPage\":{\"@id\":\"https:\/\/www.isqe.com\/content-services\/#primaryimage\"},\"image\":{\"@id\":\"https:\/\/www.isqe.com\/content-services\/#primaryimage\"},\"thumbnailUrl\":\"https:\/\/www.isqe.com\/wp-content\/uploads\/2022\/01\/content-services_1_isqe.jpg\",\"datePublished\":\"2021-12-30T08:53:01+00:00\",\"dateModified\":\"2022-04-01T16:04:33+00:00\",\"description\":\"O nosso foco \u00e9 criar experi\u00eancias de aprendizagem com significado e impacto positivo. Desenvolvemos conte\u00fados multim\u00e9dia e quality assurance.\",\"breadcrumb\":{\"@id\":\"https:\/\/www.isqe.com\/content-services\/#breadcrumb\"},\"inLanguage\":\"en-US\",\"potentialAction\":[{\"@type\":\"ReadAction\",\"target\":[\"https:\/\/www.isqe.com\/content-services\/\"]}]},{\"@type\":\"ImageObject\",\"inLanguage\":\"en-US\",\"@id\":\"https:\/\/www.isqe.com\/content-services\/#primaryimage\",\"url\":\"https:\/\/www.isqe.com\/wp-content\/uploads\/2022\/01\/content-services_1_isqe.jpg\",\"contentUrl\":\"https:\/\/www.isqe.com\/wp-content\/uploads\/2022\/01\/content-services_1_isqe.jpg\",\"width\":1289,\"height\":468,\"caption\":\"Content Services\"},{\"@type\":\"BreadcrumbList\",\"@id\":\"https:\/\/www.isqe.com\/content-services\/#breadcrumb\",\"itemListElement\":[{\"@type\":\"ListItem\",\"position\":1,\"name\":\"In\u00edcio\",\"item\":\"https:\/\/www.isqe.com\/\"},{\"@type\":\"ListItem\",\"position\":2,\"name\":\"Content Services\"}]},{\"@type\":\"WebSite\",\"@id\":\"https:\/\/www.isqe.com\/#website\",\"url\":\"https:\/\/www.isqe.com\/\",\"name\":\"ISQe\",\"description\":\"Engaging People\",\"publisher\":{\"@id\":\"https:\/\/www.isqe.com\/#organization\"},\"potentialAction\":[{\"@type\":\"SearchAction\",\"target\":{\"@type\":\"EntryPoint\",\"urlTemplate\":\"https:\/\/www.isqe.com\/?s={search_term_string}\"},\"query-input\":{\"@type\":\"PropertyValueSpecification\",\"valueRequired\":true,\"valueName\":\"search_term_string\"}}],\"inLanguage\":\"en-US\"},{\"@type\":\"Organization\",\"@id\":\"https:\/\/www.isqe.com\/#organization\",\"name\":\"ISQe\",\"url\":\"https:\/\/www.isqe.com\/\",\"logo\":{\"@type\":\"ImageObject\",\"inLanguage\":\"en-US\",\"@id\":\"https:\/\/www.isqe.com\/#\/schema\/logo\/image\/\",\"url\":\"https:\/\/www.isqe.com\/wp-content\/uploads\/2022\/01\/ISQe-logotipo-web.png\",\"contentUrl\":\"https:\/\/www.isqe.com\/wp-content\/uploads\/2022\/01\/ISQe-logotipo-web.png\",\"width\":842,\"height\":596,\"caption\":\"ISQe\"},\"image\":{\"@id\":\"https:\/\/www.isqe.com\/#\/schema\/logo\/image\/\"},\"sameAs\":[\"https:\/\/www.facebook.com\/ISQe.Engaging.People\",\"https:\/\/www.instagram.com\/isqe.engage.people\/\",\"https:\/\/pt.linkedin.com\/company\/isqe\",\"https:\/\/www.youtube.com\/channel\/UChrGaLoIk_sh__ZEoCzBjxA\/featured\"]}]}<\/script>\n<!-- \/ Yoast SEO plugin. -->","yoast_head_json":{"title":"Content Services - ISQe","description":"O nosso foco \u00e9 criar experi\u00eancias de aprendizagem com significado e impacto positivo. Desenvolvemos conte\u00fados multim\u00e9dia e quality assurance.","robots":{"index":"index","follow":"follow","max-snippet":"max-snippet:-1","max-image-preview":"max-image-preview:large","max-video-preview":"max-video-preview:-1"},"canonical":"https:\/\/www.isqe.com\/en\/content-services\/","og_locale":"en_US","og_type":"article","og_title":"Content Services - ISQe","og_description":"O nosso foco \u00e9 criar experi\u00eancias de aprendizagem com significado e impacto positivo. Desenvolvemos conte\u00fados multim\u00e9dia e quality assurance.","og_url":"https:\/\/www.isqe.com\/en\/content-services\/","og_site_name":"ISQe","article_publisher":"https:\/\/www.facebook.com\/ISQe.Engaging.People","article_modified_time":"2022-04-01T16:04:33+00:00","og_image":[{"width":1289,"height":468,"url":"https:\/\/www.isqe.com\/wp-content\/uploads\/2022\/01\/content-services_1_isqe.jpg","type":"image\/jpeg"}],"twitter_card":"summary_large_image","twitter_misc":{"Est. reading time":"3 minutes"},"schema":{"@context":"https:\/\/schema.org","@graph":[{"@type":"WebPage","@id":"https:\/\/www.isqe.com\/content-services\/","url":"https:\/\/www.isqe.com\/content-services\/","name":"Content Services - ISQe","isPartOf":{"@id":"https:\/\/www.isqe.com\/#website"},"primaryImageOfPage":{"@id":"https:\/\/www.isqe.com\/content-services\/#primaryimage"},"image":{"@id":"https:\/\/www.isqe.com\/content-services\/#primaryimage"},"thumbnailUrl":"https:\/\/www.isqe.com\/wp-content\/uploads\/2022\/01\/content-services_1_isqe.jpg","datePublished":"2021-12-30T08:53:01+00:00","dateModified":"2022-04-01T16:04:33+00:00","description":"O nosso foco \u00e9 criar experi\u00eancias de aprendizagem com significado e impacto positivo. Desenvolvemos conte\u00fados multim\u00e9dia e quality assurance.","breadcrumb":{"@id":"https:\/\/www.isqe.com\/content-services\/#breadcrumb"},"inLanguage":"en-US","potentialAction":[{"@type":"ReadAction","target":["https:\/\/www.isqe.com\/content-services\/"]}]},{"@type":"ImageObject","inLanguage":"en-US","@id":"https:\/\/www.isqe.com\/content-services\/#primaryimage","url":"https:\/\/www.isqe.com\/wp-content\/uploads\/2022\/01\/content-services_1_isqe.jpg","contentUrl":"https:\/\/www.isqe.com\/wp-content\/uploads\/2022\/01\/content-services_1_isqe.jpg","width":1289,"height":468,"caption":"Content Services"},{"@type":"BreadcrumbList","@id":"https:\/\/www.isqe.com\/content-services\/#breadcrumb","itemListElement":[{"@type":"ListItem","position":1,"name":"In\u00edcio","item":"https:\/\/www.isqe.com\/"},{"@type":"ListItem","position":2,"name":"Content Services"}]},{"@type":"WebSite","@id":"https:\/\/www.isqe.com\/#website","url":"https:\/\/www.isqe.com\/","name":"ISQe","description":"Engaging People","publisher":{"@id":"https:\/\/www.isqe.com\/#organization"},"potentialAction":[{"@type":"SearchAction","target":{"@type":"EntryPoint","urlTemplate":"https:\/\/www.isqe.com\/?s={search_term_string}"},"query-input":{"@type":"PropertyValueSpecification","valueRequired":true,"valueName":"search_term_string"}}],"inLanguage":"en-US"},{"@type":"Organization","@id":"https:\/\/www.isqe.com\/#organization","name":"ISQe","url":"https:\/\/www.isqe.com\/","logo":{"@type":"ImageObject","inLanguage":"en-US","@id":"https:\/\/www.isqe.com\/#\/schema\/logo\/image\/","url":"https:\/\/www.isqe.com\/wp-content\/uploads\/2022\/01\/ISQe-logotipo-web.png","contentUrl":"https:\/\/www.isqe.com\/wp-content\/uploads\/2022\/01\/ISQe-logotipo-web.png","width":842,"height":596,"caption":"ISQe"},"image":{"@id":"https:\/\/www.isqe.com\/#\/schema\/logo\/image\/"},"sameAs":["https:\/\/www.facebook.com\/ISQe.Engaging.People","https:\/\/www.instagram.com\/isqe.engage.people\/","https:\/\/pt.linkedin.com\/company\/isqe","https:\/\/www.youtube.com\/channel\/UChrGaLoIk_sh__ZEoCzBjxA\/featured"]}]}},"_links":{"self":[{"href":"https:\/\/www.isqe.com\/en\/wp-json\/wp\/v2\/pages\/15398","targetHints":{"allow":["GET"]}}],"collection":[{"href":"https:\/\/www.isqe.com\/en\/wp-json\/wp\/v2\/pages"}],"about":[{"href":"https:\/\/www.isqe.com\/en\/wp-json\/wp\/v2\/types\/page"}],"author":[{"embeddable":true,"href":"https:\/\/www.isqe.com\/en\/wp-json\/wp\/v2\/users\/3"}],"replies":[{"embeddable":true,"href":"https:\/\/www.isqe.com\/en\/wp-json\/wp\/v2\/comments?post=15398"}],"version-history":[{"count":45,"href":"https:\/\/www.isqe.com\/en\/wp-json\/wp\/v2\/pages\/15398\/revisions"}],"predecessor-version":[{"id":17110,"href":"https:\/\/www.isqe.com\/en\/wp-json\/wp\/v2\/pages\/15398\/revisions\/17110"}],"wp:featuredmedia":[{"embeddable":true,"href":"https:\/\/www.isqe.com\/en\/wp-json\/wp\/v2\/media\/16002"}],"wp:attachment":[{"href":"https:\/\/www.isqe.com\/en\/wp-json\/wp\/v2\/media?parent=15398"}],"curies":[{"name":"wp","href":"https:\/\/api.w.org\/{rel}","templated":true}]}}