{"id":15375,"date":"2021-12-30T08:24:43","date_gmt":"2021-12-30T08:24:43","guid":{"rendered":"https:\/\/www.isqe.com\/?page_id=15375"},"modified":"2022-07-27T11:24:52","modified_gmt":"2022-07-27T11:24:52","slug":"talent-management-platforms","status":"publish","type":"page","link":"https:\/\/www.isqe.com\/en\/talent-management-platforms\/","title":{"rendered":"Talent Management Platforms"},"content":{"rendered":"<div class=\"wpb-content-wrapper\"><div class=\"vc_row wpb_row section vc_row-fluid  vc_custom_1641394844318\" style=' text-align:left;'><div class=\"full_section_inner clearfix\"><div class=\"wpb_column vc_column_container vc_col-sm-12\"><div class=\"vc_column-inner\"><div class=\"wpb_wrapper\"><div class='q_elements_holder two_columns eh_two_columns_66_33 responsive_mode_from_768' ><div class='q_elements_item' data-animation='no' data-item-class='q_elements_holder_custom_741351' style='background-image: url(https:\/\/www.isqe.com\/wp-content\/uploads\/2022\/01\/talent-management-platforms-ISQe.jpg);background-position: center;background-size: cover;'><div class='q_elements_item_inner'><div class='q_elements_item_content q_elements_holder_custom_741351'><\/div><\/div><\/div><div class='q_elements_item' data-animation='no' data-item-class='q_elements_holder_custom_803837' style='background-color:#ed1b34;'><div class='q_elements_item_inner'><div class='q_elements_item_content q_elements_holder_custom_803837' style='padding:20% 10% 20% 10%'>\n\t<div class=\"wpb_text_column wpb_content_element\">\n\t\t<div class=\"wpb_wrapper\">\n\t\t\t<h2 style=\"text-align: left;\"><span style=\"color: #fff; font-size: 74px; text-transform: lowercase; letter-spacing: -4px; line-height: 0.9em;\">TALENT MANAGEMENT PLATFORMS<\/span><\/h2>\n\n\t\t<\/div>\n\t<\/div><div class=\"separator  small left\" style=\"margin-top: 12px;background-color: #9d0b0f;\"><\/div><div class=\"vc_empty_space\"  style=\"height: 100px\" >\n\t<span class=\"vc_empty_space_inner\">\n\t\t<span class=\"empty_space_image\"  ><\/span>\n\t<\/span>\n<\/div><\/div><\/div><\/div><\/div><\/div><\/div><\/div><\/div><\/div><div      class=\"vc_row wpb_row section vc_row-fluid  grid_section\" style='background-color:#ffffff; padding-top:87px; padding-bottom:0px; text-align:left;'><div class=\"section_inner clearfix\"><div class='section_inner_margin clearfix'><div class=\"wpb_column vc_column_container vc_col-sm-12\"><div class=\"vc_column-inner\"><div class=\"wpb_wrapper\">\n\t<div class=\"wpb_text_column wpb_content_element\">\n\t\t<div class=\"wpb_wrapper\">\n\t\t\t<p style=\"text-align: center; font-size: 24px;\"><b>Implementing SaaS, Change Management and Digital Learning Solutions<\/b><\/p>\n\n\t\t<\/div>\n\t<\/div><div class=\"separator  transparent\" style=\"margin-top: 31px;margin-bottom: 19px;\"><\/div><div      class=\"vc_row wpb_row section vc_row-fluid vc_inner\" style=' text-align:left;'><div class=\"full_section_inner clearfix\"><div class=\"wpb_column vc_column_container vc_col-sm-12\"><div class=\"vc_column-inner\"><div class=\"wpb_wrapper\">\n\t<div class=\"wpb_text_column wpb_content_element\">\n\t\t<div class=\"wpb_wrapper\">\n\t\t\t<p><strong>One-stop solution, market leader, outstanding usability.<\/strong><\/p>\n\n\t\t<\/div>\n\t<\/div><div class=\"separator  transparent\" style=\"margin-top: 20px;margin-bottom: 0px;\"><\/div><\/div><\/div><\/div><\/div><\/div><div      class=\"vc_row wpb_row section vc_row-fluid vc_inner\" style=' text-align:left;'><div class=\"full_section_inner clearfix\"><div class=\"wpb_column vc_column_container vc_col-sm-6\"><div class=\"vc_column-inner\"><div class=\"wpb_wrapper\"><div class=\"separator  small left\" style=\"margin-top: 2px;background-color: #000000;\"><\/div>\n\t<div class=\"wpb_text_column wpb_content_element\">\n\t\t<div class=\"wpb_wrapper\">\n\t\t\t<p class=\"p-detail\">The talent management solution we implement is based on the Cornerstone on demand solution, provided by ISQe\u2019s partner Cornerstone (CSOD), recognised around the world as the leader in talent management solutions, with the following distinctive features.<\/p>\n\n\t\t<\/div>\n\t<\/div><div class=\"separator  transparent\" style=\"margin-top: 20px;margin-bottom: 0px;\"><\/div><div class=\"separator  small left\" style=\"margin-top: 2px;background-color: #000000;\"><\/div>\n\t<div class=\"wpb_text_column wpb_content_element\">\n\t\t<div class=\"wpb_wrapper\">\n\t\t\t<p><strong>Client-oriented and simple user interface<\/strong>, as recognised by clients and analysts, from different interaction perspectives (end user, manager, power user or HR manager). This is a distinctive feature of our intuitive solution and one that makes all the difference. One of the features of the CSOD platform, recognised by independent specialists and clients alike, is precisely its simplicity and an intuitive user interface. A global survey was conducted by Sierra-Cedar in 2015-2016 for HR systems which ranked CSOD as one of the leaders for client satisfaction and user experience. In view of the company\u2019s size and the demand for self-service and manager services, this is another distinctive feature of the solution.<\/p>\n\n\t\t<\/div>\n\t<\/div><div class=\"separator  transparent\" style=\"margin-top: 20px;margin-bottom: 0px;\"><\/div><div class=\"separator  small left\" style=\"margin-top: 2px;background-color: #000000;\"><\/div>\n\t<div class=\"wpb_text_column wpb_content_element\">\n\t\t<div class=\"wpb_wrapper\">\n\t\t\t<p>The Cornerstone solution is a\u00a0<strong>scalable one-stop solution<\/strong>\u00a0that provides a complete suite for managing talent in the organization for the areas of recruitment, training, performance management and human resources.<\/p>\n\n\t\t<\/div>\n\t<\/div><\/div><\/div><\/div><div class=\"wpb_column vc_column_container vc_col-sm-6\"><div class=\"vc_column-inner\"><div class=\"wpb_wrapper\"><div class=\"separator  small left\" style=\"margin-top: 2px;background-color: #000000;\"><\/div>\n\t<div class=\"wpb_text_column wpb_content_element\">\n\t\t<div class=\"wpb_wrapper\">\n\t\t\t<p>Cornerstone is a company 100% dedicated to Training and Talent Management, focussing all its efforts on innovation and development in HR, seeking to serve and support its Clients in creating value on the basis of best practices, benefiting from a global knowledge network in this key area.<\/p>\n\n\t\t<\/div>\n\t<\/div><div class=\"separator  transparent\" style=\"margin-top: 20px;margin-bottom: 0px;\"><\/div><div class=\"separator  small left\" style=\"margin-top: 2px;background-color: #000000;\"><\/div>\n\t<div class=\"wpb_text_column wpb_content_element\">\n\t\t<div class=\"wpb_wrapper\">\n\t\t\t<p>Cornerstone has been named by analysts as the leader in talent and training management, in a ranking based on the company\u2019s integrated vision and its ability to implement that vision. In short, the Cornerstone is the recognised world leader and can boast vast international experience and an outstanding reputation for user experience.<\/p>\n\n\t\t<\/div>\n\t<\/div><div class=\"separator  transparent\" style=\"margin-top: 20px;margin-bottom: 0px;\"><\/div><div class=\"separator  small left\" style=\"margin-top: 2px;background-color: #000000;\"><\/div>\n\t<div class=\"wpb_text_column wpb_content_element\">\n\t\t<div class=\"wpb_wrapper\">\n\t\t\t<p>CSOD has been singled out internationally by Forrester, Gartner and IDC as an innovative \u201cmarket leader\u201d, known for its unrivalled standards.<\/p>\n\n\t\t<\/div>\n\t<\/div><\/div><\/div><\/div><\/div><\/div><\/div><\/div><\/div><\/div><\/div><\/div><div      class=\"vc_row wpb_row section vc_row-fluid  vc_custom_1640781262414 grid_section\" style=' padding-top:87px; padding-bottom:34px; text-align:left;'><div class=\"section_inner clearfix\"><div class='section_inner_margin clearfix'><div class=\"wpb_column vc_column_container vc_col-sm-12\"><div class=\"vc_column-inner\"><div class=\"wpb_wrapper\">\n\t<div class=\"wpb_text_column wpb_content_element\">\n\t\t<div class=\"wpb_wrapper\">\n\t\t\t<p><strong>ISQe as specialist implementation partner, on a collaborative basis<\/strong><\/p>\n<p>&nbsp;<\/p>\n<p>The close relationship between ISQe and Cornerstone has already contributed to the success of many organisations. We are at the forefront with leading national and international clients who have the ambition to assert their global operations. We understand their requirements and know how to guarantee resource efficiency and process coordination, and we have the know-how to train and valorise talent.<\/p>\n<p>&nbsp;<\/p>\n<p>At the same time, we recognise that the non-tech dimension plays a central role. We advocate collaborative management from project kick-off with the Client\u2019s key resources, contributing to quality and knowledge transfer, through to the post-project phase, with a view to sustainability and seizing opportunities.<\/p>\n<p>&nbsp;<\/p>\n<p>Bringing together technical, functional and relational attributes, ISQe is fully committed to being a long-term partner for the client and to contributing to the successful strategic management of its human potential.<\/p>\n\n\t\t<\/div>\n\t<\/div><\/div><\/div><\/div><\/div><\/div><\/div><div      class=\"vc_row wpb_row section vc_row-fluid  grid_section\" style='background-color:#ffffff; padding-top:87px; padding-bottom:0px; text-align:left;'><div class=\"section_inner clearfix\"><div class='section_inner_margin clearfix'><div class=\"wpb_column vc_column_container vc_col-sm-12\"><div class=\"vc_column-inner\"><div class=\"wpb_wrapper\">\n\t<div class=\"wpb_single_image wpb_content_element vc_align_center\">\n\t\t<div class=\"wpb_wrapper\">\n\t\t\t\n\t\t\t<div class=\"vc_single_image-wrapper   vc_box_border_grey\"><img loading=\"lazy\" decoding=\"async\" width=\"900\" height=\"124\" src=\"https:\/\/www.isqe.com\/wp-content\/uploads\/2021\/12\/separador-passaro.png\" class=\"vc_single_image-img attachment-full\" alt=\"separador-isqe\" title=\"separador-passaro\" srcset=\"https:\/\/www.isqe.com\/wp-content\/uploads\/2021\/12\/separador-passaro.png 900w, https:\/\/www.isqe.com\/wp-content\/uploads\/2021\/12\/separador-passaro-300x41.png 300w, https:\/\/www.isqe.com\/wp-content\/uploads\/2021\/12\/separador-passaro-768x106.png 768w, https:\/\/www.isqe.com\/wp-content\/uploads\/2021\/12\/separador-passaro-700x96.png 700w\" sizes=\"auto, (max-width: 900px) 100vw, 900px\" \/><\/div>\n\t\t<\/div>\n\t<\/div>\n<div class=\"separator  transparent\" style=\"margin-top: 31px;margin-bottom: 19px;\"><\/div><\/div><\/div><\/div><\/div><\/div><\/div><div      class=\"vc_row wpb_row section vc_row-fluid  vc_custom_1640781262414 grid_section\" style=' padding-top:87px; padding-bottom:34px; text-align:left;'><div class=\"section_inner clearfix\"><div class='section_inner_margin clearfix'><div class=\"wpb_column vc_column_container vc_col-sm-12\"><div class=\"vc_column-inner\"><div class=\"wpb_wrapper\">\n\t<div class=\"wpb_text_column wpb_content_element\">\n\t\t<div class=\"wpb_wrapper\">\n\t\t\t<p><strong>Coverage of Implementation, Technological and Functional requirements<\/strong><\/p>\n<p>&nbsp;<\/p>\n<p>In terms of coverage, we offer unified management over the entire life cycle, ensuring uniform information architecture in line with client needs and software customisation capability, maximising benefits and mitigating the project execution risks.<\/p>\n<p>&nbsp;<\/p>\n<p>Our value proposition comes with a guarantee of our ability to respond to challenges, making provision from the outset for future scalability into other talent management areas and processes such as training, recruitment, career management and performance assessment and management. In the non-tech dimension, our focus is on relationship management, mobilisation and knowledge transfer, prioritising various enablers: change management, project management and service management.<\/p>\n<p>&nbsp;<\/p>\n<p>National and international references from across the economy will vouch for our experience.<\/p>\n<p>&nbsp;<\/p>\n<p>&nbsp;<\/p>\n<p>Relationship development, leading to the prime attribute: trust<\/p>\n<p>&nbsp;<\/p>\n<p>Cornerstone\u2019s track record and the satisfaction of its clients and users confirm its success in technical and service implementation, as well as endorsing its established standards of usability.<\/p>\n\n\t\t<\/div>\n\t<\/div><div class=\"separator  transparent\" style=\"margin-top: 31px;margin-bottom: 19px;\"><\/div><\/div><\/div><\/div><\/div><\/div><\/div>\n<\/div>","protected":false},"excerpt":{"rendered":"TALENT MANAGEMENT PLATFORMS Servi\u00e7os de Implementa\u00e7\u00e3o de Solu\u00e7\u00f5es SAaS, Gest\u00e3o da Mudan\u00e7a e Digital Learning Solu\u00e7\u00e3o unificada, l\u00edder de mercado, de excel\u00eancia de usabilidade. A solu\u00e7\u00e3o de gest\u00e3o de Talento que implementamos \u00e9 suportada na solu\u00e7\u00e3o Cornerstone on demand, da Cornerstone (CSOD), da qual o...","protected":false},"author":3,"featured_media":0,"parent":0,"menu_order":0,"comment_status":"open","ping_status":"open","template":"full_width.php","meta":{"_monsterinsights_skip_tracking":false,"_monsterinsights_sitenote_active":false,"_monsterinsights_sitenote_note":"","_monsterinsights_sitenote_category":0,"footnotes":""},"class_list":["post-15375","page","type-page","status-publish","hentry"],"yoast_head":"<!-- This site is optimized with the Yoast SEO plugin v26.6 - https:\/\/yoast.com\/wordpress\/plugins\/seo\/ -->\n<title>Talent Management Platforms - ISQe<\/title>\n<meta name=\"description\" content=\"Talent Management Platforms - Servi\u00e7os de implementa\u00e7\u00e3o de solu\u00e7\u00f5es Saas, gest\u00e3o da mudan\u00e7a e digital learning.\" \/>\n<meta name=\"robots\" content=\"index, follow, max-snippet:-1, max-image-preview:large, max-video-preview:-1\" \/>\n<link rel=\"canonical\" href=\"https:\/\/www.isqe.com\/en\/talent-management-platforms\/\" \/>\n<meta property=\"og:locale\" content=\"en_US\" \/>\n<meta property=\"og:type\" content=\"article\" \/>\n<meta property=\"og:title\" content=\"Talent Management Platforms - ISQe\" \/>\n<meta property=\"og:description\" content=\"Talent Management Platforms - Servi\u00e7os de implementa\u00e7\u00e3o de solu\u00e7\u00f5es Saas, gest\u00e3o da mudan\u00e7a e digital learning.\" \/>\n<meta property=\"og:url\" content=\"https:\/\/www.isqe.com\/en\/talent-management-platforms\/\" \/>\n<meta property=\"og:site_name\" content=\"ISQe\" \/>\n<meta property=\"article:publisher\" content=\"https:\/\/www.facebook.com\/ISQe.Engaging.People\" \/>\n<meta property=\"article:modified_time\" content=\"2022-07-27T11:24:52+00:00\" \/>\n<meta name=\"twitter:card\" content=\"summary_large_image\" \/>\n<meta name=\"twitter:label1\" content=\"Est. reading time\" \/>\n\t<meta name=\"twitter:data1\" content=\"5 minutes\" \/>\n<script type=\"application\/ld+json\" class=\"yoast-schema-graph\">{\"@context\":\"https:\/\/schema.org\",\"@graph\":[{\"@type\":\"WebPage\",\"@id\":\"https:\/\/www.isqe.com\/talent-management-platforms\/\",\"url\":\"https:\/\/www.isqe.com\/talent-management-platforms\/\",\"name\":\"Talent Management Platforms - ISQe\",\"isPartOf\":{\"@id\":\"https:\/\/www.isqe.com\/#website\"},\"datePublished\":\"2021-12-30T08:24:43+00:00\",\"dateModified\":\"2022-07-27T11:24:52+00:00\",\"description\":\"Talent Management Platforms - Servi\u00e7os de implementa\u00e7\u00e3o de solu\u00e7\u00f5es Saas, gest\u00e3o da mudan\u00e7a e digital learning.\",\"breadcrumb\":{\"@id\":\"https:\/\/www.isqe.com\/talent-management-platforms\/#breadcrumb\"},\"inLanguage\":\"en-US\",\"potentialAction\":[{\"@type\":\"ReadAction\",\"target\":[\"https:\/\/www.isqe.com\/talent-management-platforms\/\"]}]},{\"@type\":\"BreadcrumbList\",\"@id\":\"https:\/\/www.isqe.com\/talent-management-platforms\/#breadcrumb\",\"itemListElement\":[{\"@type\":\"ListItem\",\"position\":1,\"name\":\"In\u00edcio\",\"item\":\"https:\/\/www.isqe.com\/\"},{\"@type\":\"ListItem\",\"position\":2,\"name\":\"Talent Management Platforms\"}]},{\"@type\":\"WebSite\",\"@id\":\"https:\/\/www.isqe.com\/#website\",\"url\":\"https:\/\/www.isqe.com\/\",\"name\":\"ISQe\",\"description\":\"Engaging People\",\"publisher\":{\"@id\":\"https:\/\/www.isqe.com\/#organization\"},\"potentialAction\":[{\"@type\":\"SearchAction\",\"target\":{\"@type\":\"EntryPoint\",\"urlTemplate\":\"https:\/\/www.isqe.com\/?s={search_term_string}\"},\"query-input\":{\"@type\":\"PropertyValueSpecification\",\"valueRequired\":true,\"valueName\":\"search_term_string\"}}],\"inLanguage\":\"en-US\"},{\"@type\":\"Organization\",\"@id\":\"https:\/\/www.isqe.com\/#organization\",\"name\":\"ISQe\",\"url\":\"https:\/\/www.isqe.com\/\",\"logo\":{\"@type\":\"ImageObject\",\"inLanguage\":\"en-US\",\"@id\":\"https:\/\/www.isqe.com\/#\/schema\/logo\/image\/\",\"url\":\"https:\/\/www.isqe.com\/wp-content\/uploads\/2022\/01\/ISQe-logotipo-web.png\",\"contentUrl\":\"https:\/\/www.isqe.com\/wp-content\/uploads\/2022\/01\/ISQe-logotipo-web.png\",\"width\":842,\"height\":596,\"caption\":\"ISQe\"},\"image\":{\"@id\":\"https:\/\/www.isqe.com\/#\/schema\/logo\/image\/\"},\"sameAs\":[\"https:\/\/www.facebook.com\/ISQe.Engaging.People\",\"https:\/\/www.instagram.com\/isqe.engage.people\/\",\"https:\/\/pt.linkedin.com\/company\/isqe\",\"https:\/\/www.youtube.com\/channel\/UChrGaLoIk_sh__ZEoCzBjxA\/featured\"]}]}<\/script>\n<!-- \/ Yoast SEO plugin. -->","yoast_head_json":{"title":"Talent Management Platforms - ISQe","description":"Talent Management Platforms - Servi\u00e7os de implementa\u00e7\u00e3o de solu\u00e7\u00f5es Saas, gest\u00e3o da mudan\u00e7a e digital learning.","robots":{"index":"index","follow":"follow","max-snippet":"max-snippet:-1","max-image-preview":"max-image-preview:large","max-video-preview":"max-video-preview:-1"},"canonical":"https:\/\/www.isqe.com\/en\/talent-management-platforms\/","og_locale":"en_US","og_type":"article","og_title":"Talent Management Platforms - ISQe","og_description":"Talent Management Platforms - Servi\u00e7os de implementa\u00e7\u00e3o de solu\u00e7\u00f5es Saas, gest\u00e3o da mudan\u00e7a e digital learning.","og_url":"https:\/\/www.isqe.com\/en\/talent-management-platforms\/","og_site_name":"ISQe","article_publisher":"https:\/\/www.facebook.com\/ISQe.Engaging.People","article_modified_time":"2022-07-27T11:24:52+00:00","twitter_card":"summary_large_image","twitter_misc":{"Est. reading time":"5 minutes"},"schema":{"@context":"https:\/\/schema.org","@graph":[{"@type":"WebPage","@id":"https:\/\/www.isqe.com\/talent-management-platforms\/","url":"https:\/\/www.isqe.com\/talent-management-platforms\/","name":"Talent Management Platforms - ISQe","isPartOf":{"@id":"https:\/\/www.isqe.com\/#website"},"datePublished":"2021-12-30T08:24:43+00:00","dateModified":"2022-07-27T11:24:52+00:00","description":"Talent Management Platforms - Servi\u00e7os de implementa\u00e7\u00e3o de solu\u00e7\u00f5es Saas, gest\u00e3o da mudan\u00e7a e digital learning.","breadcrumb":{"@id":"https:\/\/www.isqe.com\/talent-management-platforms\/#breadcrumb"},"inLanguage":"en-US","potentialAction":[{"@type":"ReadAction","target":["https:\/\/www.isqe.com\/talent-management-platforms\/"]}]},{"@type":"BreadcrumbList","@id":"https:\/\/www.isqe.com\/talent-management-platforms\/#breadcrumb","itemListElement":[{"@type":"ListItem","position":1,"name":"In\u00edcio","item":"https:\/\/www.isqe.com\/"},{"@type":"ListItem","position":2,"name":"Talent Management Platforms"}]},{"@type":"WebSite","@id":"https:\/\/www.isqe.com\/#website","url":"https:\/\/www.isqe.com\/","name":"ISQe","description":"Engaging People","publisher":{"@id":"https:\/\/www.isqe.com\/#organization"},"potentialAction":[{"@type":"SearchAction","target":{"@type":"EntryPoint","urlTemplate":"https:\/\/www.isqe.com\/?s={search_term_string}"},"query-input":{"@type":"PropertyValueSpecification","valueRequired":true,"valueName":"search_term_string"}}],"inLanguage":"en-US"},{"@type":"Organization","@id":"https:\/\/www.isqe.com\/#organization","name":"ISQe","url":"https:\/\/www.isqe.com\/","logo":{"@type":"ImageObject","inLanguage":"en-US","@id":"https:\/\/www.isqe.com\/#\/schema\/logo\/image\/","url":"https:\/\/www.isqe.com\/wp-content\/uploads\/2022\/01\/ISQe-logotipo-web.png","contentUrl":"https:\/\/www.isqe.com\/wp-content\/uploads\/2022\/01\/ISQe-logotipo-web.png","width":842,"height":596,"caption":"ISQe"},"image":{"@id":"https:\/\/www.isqe.com\/#\/schema\/logo\/image\/"},"sameAs":["https:\/\/www.facebook.com\/ISQe.Engaging.People","https:\/\/www.instagram.com\/isqe.engage.people\/","https:\/\/pt.linkedin.com\/company\/isqe","https:\/\/www.youtube.com\/channel\/UChrGaLoIk_sh__ZEoCzBjxA\/featured"]}]}},"_links":{"self":[{"href":"https:\/\/www.isqe.com\/en\/wp-json\/wp\/v2\/pages\/15375","targetHints":{"allow":["GET"]}}],"collection":[{"href":"https:\/\/www.isqe.com\/en\/wp-json\/wp\/v2\/pages"}],"about":[{"href":"https:\/\/www.isqe.com\/en\/wp-json\/wp\/v2\/types\/page"}],"author":[{"embeddable":true,"href":"https:\/\/www.isqe.com\/en\/wp-json\/wp\/v2\/users\/3"}],"replies":[{"embeddable":true,"href":"https:\/\/www.isqe.com\/en\/wp-json\/wp\/v2\/comments?post=15375"}],"version-history":[{"count":30,"href":"https:\/\/www.isqe.com\/en\/wp-json\/wp\/v2\/pages\/15375\/revisions"}],"predecessor-version":[{"id":17601,"href":"https:\/\/www.isqe.com\/en\/wp-json\/wp\/v2\/pages\/15375\/revisions\/17601"}],"wp:attachment":[{"href":"https:\/\/www.isqe.com\/en\/wp-json\/wp\/v2\/media?parent=15375"}],"curies":[{"name":"wp","href":"https:\/\/api.w.org\/{rel}","templated":true}]}}