{"id":15347,"date":"2021-12-29T16:18:03","date_gmt":"2021-12-29T16:18:03","guid":{"rendered":"https:\/\/www.isqe.com\/?page_id=15347"},"modified":"2022-07-18T12:13:54","modified_gmt":"2022-07-18T12:13:54","slug":"learning-experience","status":"publish","type":"page","link":"https:\/\/www.isqe.com\/en\/learning-experience\/","title":{"rendered":"Learning Experience"},"content":{"rendered":"<div class=\"wpb-content-wrapper\"><div class=\"vc_row wpb_row section vc_row-fluid  vc_custom_1641394844318\" style=' text-align:left;'><div class=\"full_section_inner clearfix\"><div class=\"wpb_column vc_column_container vc_col-sm-12\"><div class=\"vc_column-inner\"><div class=\"wpb_wrapper\"><div class='q_elements_holder two_columns eh_two_columns_66_33 responsive_mode_from_768' ><div class='q_elements_item' data-animation='no' data-item-class='q_elements_holder_custom_908669' style='background-image: url(https:\/\/www.isqe.com\/wp-content\/uploads\/2022\/01\/learning-experience-ISQE.jpg);background-position: center;background-size: cover;'><div class='q_elements_item_inner'><div class='q_elements_item_content q_elements_holder_custom_908669'><\/div><\/div><\/div><div class='q_elements_item' data-animation='no' data-item-class='q_elements_holder_custom_601461' style='background-color:#ed1b34;'><div class='q_elements_item_inner'><div class='q_elements_item_content q_elements_holder_custom_601461' style='padding:20% 10% 20% 10%'>\n\t<div class=\"wpb_text_column wpb_content_element\">\n\t\t<div class=\"wpb_wrapper\">\n\t\t\t<h2 style=\"text-align: left;\"><span style=\"color: #fff; font-size: 74px; text-transform: lowercase; letter-spacing: -4px; line-height: 0.9em;\">Learning Experience<\/span><\/h2>\n\n\t\t<\/div>\n\t<\/div><div class=\"separator  small left\" style=\"margin-top: 12px;background-color: #9d0b0f;\"><\/div><div class=\"vc_empty_space\"  style=\"height: 100px\" >\n\t<span class=\"vc_empty_space_inner\">\n\t\t<span class=\"empty_space_image\"  ><\/span>\n\t<\/span>\n<\/div><\/div><\/div><\/div><\/div><\/div><\/div><\/div><\/div><\/div><div      class=\"vc_row wpb_row section vc_row-fluid  grid_section\" style='background-color:#ffffff; padding-top:87px; padding-bottom:0px; text-align:left;'><div class=\"section_inner clearfix\"><div class='section_inner_margin clearfix'><div class=\"wpb_column vc_column_container vc_col-sm-12\"><div class=\"vc_column-inner\"><div class=\"wpb_wrapper\"><div      class=\"vc_row wpb_row section vc_row-fluid vc_inner\" style=' text-align:left;'><div class=\"full_section_inner clearfix\"><div class=\"wpb_column vc_column_container vc_col-sm-6\"><div class=\"vc_column-inner\"><div class=\"wpb_wrapper\">\n\t<div class=\"wpb_text_column wpb_content_element\">\n\t\t<div class=\"wpb_wrapper\">\n\t\t\t<p class=\"p-detail\">The Digital Learning Experience concept for user-centered learning in a digital and\/or online environment, where the social dimension of the learning process is valued, recognising the value of peer-learning, ensuring an engaging learning experience that results in high rates of retention and completion. In the corporate environment, empowering people through a Digital Learning Experience is to implement a continuous learning cycle, enabling them to increase their knowledge and skills in the most diverse areas, as well as helping to improve transversal skills, such as problem solving, which will benefit from the inevitable cognitive development.<\/p>\n\n\t\t<\/div>\n\t<\/div><div class=\"separator  transparent\" style=\"margin-top: 30px;margin-bottom: 0px;\"><\/div>\n\t<div class=\"wpb_text_column wpb_content_element\">\n\t\t<div class=\"wpb_wrapper\">\n\t\t\t<p class=\"p-detail\"><strong>At ISQe, the Digital Learning Experience team designs, develops and implements customised digital learning experiences<\/strong>, based on innovative pedagogical contents, suited to multi-device contexts. Our training solutions are designed to be intuitive, with interactive instructions, content bookmarks and systematic organisation of knowledge. This has ensured the satisfaction of our clients and, above all, of their employees. ISQe is strongly committed to gamification, a method that has been clearly proved to achieve better levels of engagement than other more traditional approaches. This has ensured success throughout the design of training paths and skills development for our clients\u2019 human resources.<\/p>\n\n\t\t<\/div>\n\t<\/div><div class=\"separator  transparent\" style=\"margin-top: 30px;margin-bottom: 0px;\"><\/div><\/div><\/div><\/div><div class=\"wpb_column vc_column_container vc_col-sm-6\"><div class=\"vc_column-inner\"><div class=\"wpb_wrapper\">\n\t<div class=\"wpb_text_column wpb_content_element\">\n\t\t<div class=\"wpb_wrapper\">\n\t\t\t<p class=\"p-detail\">In line with the necessary continuous innovation in training and talent management processes, given that employee retention is another of the great challenges facing companies today, highly dependent on the personal development the company provides for the employee, the introduction of new approaches in this form of knowledge distribution, using gamification, as mentioned, augmented reality or systems that harness artificial intelligence, allows us to move beyond traditional content development approaches, providing users with an experience that is more attractive and gratifying due to being more personalised.<\/p>\n\n\t\t<\/div>\n\t<\/div><div class=\"separator  transparent\" style=\"margin-top: 30px;margin-bottom: 0px;\"><\/div>\n\t<div class=\"wpb_text_column wpb_content_element\">\n\t\t<div class=\"wpb_wrapper\">\n\t\t\t<p class=\"p-detail\">The corporate segment of the digital learning and talent management market, in which ISQe predominantly positions itself, has presented highly consistent growth worldwide, with companies today investing strategically more in SaaS (Software as a Service) platforms to develop their employees\u2019 careers. This enables us to conclude that SaaS is today a crucial factor in linking organisations and people through cloud platforms and will quickly become the most widely used resource for implementation of talent development and training platforms.<\/p>\n\n\t\t<\/div>\n\t<\/div><div class=\"separator  transparent\" style=\"margin-top: 30px;margin-bottom: 0px;\"><\/div><\/div><\/div><\/div><\/div><\/div><\/div><\/div><\/div><\/div><\/div><\/div><div      class=\"vc_row wpb_row section vc_row-fluid  vc_custom_1640781262414 grid_section\" style=' padding-top:87px; padding-bottom:34px; text-align:left;'><div class=\"section_inner clearfix\"><div class='section_inner_margin clearfix'><div class=\"wpb_column vc_column_container vc_col-sm-12\"><div class=\"vc_column-inner\"><div class=\"wpb_wrapper\">\n\t<div class=\"wpb_video_widget wpb_content_element vc_clearfix   vc_video-aspect-ratio-169 vc_video-el-width-100 vc_video-align-center\" >\n\t\t<div class=\"wpb_wrapper\">\n\t\t\t\n\t\t\t<div class=\"wpb_video_wrapper\"><iframe loading=\"lazy\" title=\"ISQe Digital Learning Experience\" width=\"500\" height=\"281\" src=\"https:\/\/www.youtube.com\/embed\/IJrXqTYeSU4?feature=oembed\" frameborder=\"0\" allow=\"accelerometer; autoplay; clipboard-write; encrypted-media; gyroscope; picture-in-picture; web-share\" referrerpolicy=\"strict-origin-when-cross-origin\" allowfullscreen><\/iframe><\/div>\n\t\t<\/div>\n\t<\/div>\n<div class=\"separator  transparent\" style=\"margin-top: 93px;margin-bottom: 0px;\"><\/div>\n\t<div class=\"wpb_text_column wpb_content_element\">\n\t\t<div class=\"wpb_wrapper\">\n\t\t\t<p class=\"p-detail\">All these indicators give us confidence in the future. ISQe\u2019s market offering is focussed on talent management solutions and content development for digital learning. Working on a Software as a Service basis, we have carried out more than 80 projects implementing recruitment, performance assessment and compensation modules, as well as the training management, blended learning and human resources modules of the talent management suite of our partner Cornerstone (recognised by market analysts such as Gartner and Forrester as the leading provider of talent management software), a unified cloud solution that covers the entire life cycle of the employee in the organisation. Our experience of developing more than 500 e-learning courses using innovative technologies and methodologies, as well as countless business apps customised for our different clients, enables us to look to the future with confidence, thanks essentially to our track record and to the high levels of demand in the market.<\/p>\n<p>&nbsp;<\/p>\n<p class=\"p-detail\">Tech-based distance learning has long been used as a training methodology by a vast number of companies, as well as educational and training institutions. Many of these organisations also use a  combination of face-to-face and online training (blended learning, or b-learning) as the most appropriate model for training their workforce or students, because it is better suited to the subject matter of practical skills being taught, or merely because the participants are spread between different locations:<\/p>\n\n\t\t<\/div>\n\t<\/div><\/div><\/div><\/div><\/div><\/div><\/div><div      class=\"vc_row wpb_row section vc_row-fluid  grid_section\" style='background-color:#ffffff; padding-top:87px; padding-bottom:0px; text-align:left;'><div class=\"section_inner clearfix\"><div class='section_inner_margin clearfix'><div class=\"wpb_column vc_column_container vc_col-sm-12\"><div class=\"vc_column-inner\"><div class=\"wpb_wrapper\">\n\t<div class=\"wpb_single_image wpb_content_element vc_align_center\">\n\t\t<div class=\"wpb_wrapper\">\n\t\t\t\n\t\t\t<div class=\"vc_single_image-wrapper   vc_box_border_grey\"><img loading=\"lazy\" decoding=\"async\" width=\"900\" height=\"124\" src=\"https:\/\/www.isqe.com\/wp-content\/uploads\/2021\/12\/separador-passaro.png\" class=\"vc_single_image-img attachment-full\" alt=\"separador-isqe\" title=\"separador-passaro\" srcset=\"https:\/\/www.isqe.com\/wp-content\/uploads\/2021\/12\/separador-passaro.png 900w, https:\/\/www.isqe.com\/wp-content\/uploads\/2021\/12\/separador-passaro-300x41.png 300w, https:\/\/www.isqe.com\/wp-content\/uploads\/2021\/12\/separador-passaro-768x106.png 768w, https:\/\/www.isqe.com\/wp-content\/uploads\/2021\/12\/separador-passaro-700x96.png 700w\" sizes=\"auto, (max-width: 900px) 100vw, 900px\" \/><\/div>\n\t\t<\/div>\n\t<\/div>\n<div class=\"separator  transparent\" style=\"margin-top: 80px;\"><\/div>\n\t<div class=\"wpb_text_column wpb_content_element\">\n\t\t<div class=\"wpb_wrapper\">\n\t\t\t<h2 class=\"padding-top-50 padding-bottom-20\" align=\"center\"><strong>DIGITAL LEARNING DURING THE PANDEMIC<\/strong><\/h2>\n\n\t\t<\/div>\n\t<\/div><div class=\"separator  small center\" style=\"margin-top: 6px;background-color: #9d0b0f;\"><\/div><div class=\"separator  transparent\" style=\"margin-top: 31px;margin-bottom: 19px;\"><\/div><div      class=\"vc_row wpb_row section vc_row-fluid vc_inner\" style=' text-align:left;'><div class=\"full_section_inner clearfix\"><div class=\"wpb_column vc_column_container vc_col-sm-12\"><div class=\"vc_column-inner\"><div class=\"wpb_wrapper\">\n\t<div class=\"wpb_text_column wpb_content_element\">\n\t\t<div class=\"wpb_wrapper\">\n\t\t\t<div class=\"col-lg-12 col-sm-12 column\">\n<div class=\"ge-content ge-content-type-ckeditor\" data-ge-content-type=\"ckeditor\">\n<p class=\"p-detail\">The current economic and social situation resulting from the pandemic and the consequent unpredictability of developments has obliged us to reassess our forecasts for growth in this training and learning method. The digital learning market has been growing, above all because of the upsurge in demand for online training platforms prompted by lockdowns, when home working presented itself as the solution for business continuity in many market sectors. This expected boost should reach a plateau at some point during the upturn, and then stabilise in line with pre-pandemic forecasts.<\/p>\n<\/div>\n<\/div>\n<div class=\"col-lg-12 col-sm-12 col-12 column padding-top-40\">\n<div class=\"ge-content ge-content-type-ckeditor\" data-ge-content-type=\"ckeditor\"><\/div>\n<\/div>\n\n\t\t<\/div>\n\t<\/div><\/div><\/div><\/div><\/div><\/div><\/div><\/div><\/div><\/div><\/div><\/div><div      class=\"vc_row wpb_row section vc_row-fluid  grid_section\" style='background-color:#ffffff; padding-top:87px; padding-bottom:0px; text-align:center;'><div class=\"section_inner clearfix\"><div class='section_inner_margin clearfix'><div class=\"wpb_column vc_column_container vc_col-sm-12\"><div class=\"vc_column-inner\"><div class=\"wpb_wrapper\">\n\t<div class=\"wpb_text_column wpb_content_element\">\n\t\t<div class=\"wpb_wrapper\">\n\t\t\t<p style=\"text-align: center;\">To learn more about our services, click on learn more.<\/p>\n\n\t\t<\/div>\n\t<\/div><div class=\"separator  transparent\" style=\"margin-top: 20px;\"><\/div><a  itemprop=\"url\" href=\"https:\/\/www.isqe.com\/en\/content-services\/\" target=\"_self\" data-hover-background-color=\"#000000\" data-hover-border-color=\"#000000\" data-hover-color=\"#ffffff\" class=\"qbutton  default\" style=\"\">LEARN MORE<\/a><div class=\"separator  transparent\" style=\"margin-top: 35px;margin-bottom: 17px;\"><\/div><\/div><\/div><\/div><\/div><\/div><\/div><div      class=\"vc_row wpb_row section vc_row-fluid\" style=' text-align:left;'><div class=\"full_section_inner clearfix\"><div class=\"wpb_column vc_column_container vc_col-sm-12\"><div class=\"vc_column-inner\"><div class=\"wpb_wrapper\">\n\t<div class=\"wpb_text_column wpb_content_element\">\n\t\t<div class=\"wpb_wrapper\">\n\t\t\t<h2 style=\"text-align: left;\"><span style=\"color: #fff; font-size: 74px; text-transform: lowercase; letter-spacing: -4px; line-height: 0.9em;\">Learning Experience<\/span><\/h2>\n\n\t\t<\/div>\n\t<\/div><\/div><\/div><\/div><\/div><\/div>\n<\/div>","protected":false},"excerpt":{"rendered":"Learning Experience O conceito de Experi\u00eancia de Aprendizagem Digital (Digital Learning Experience) permite uma aprendizagem em ambiente digital e\/ou online, centrada no utilizador, onde a dimens\u00e3o social do processo de aprendizagem \u00e9 valorizada, reconhecendo o valor do peer-learning, garantindo uma experi\u00eancia de aprendizagem envolvente que...","protected":false},"author":3,"featured_media":15994,"parent":0,"menu_order":0,"comment_status":"open","ping_status":"open","template":"full_width.php","meta":{"_monsterinsights_skip_tracking":false,"_monsterinsights_sitenote_active":false,"_monsterinsights_sitenote_note":"","_monsterinsights_sitenote_category":0,"footnotes":""},"class_list":["post-15347","page","type-page","status-publish","has-post-thumbnail","hentry"],"yoast_head":"<!-- This site is optimized with the Yoast SEO plugin v26.6 - https:\/\/yoast.com\/wordpress\/plugins\/seo\/ -->\n<title>Learning Experience - ISQe<\/title>\n<meta name=\"description\" content=\"Experi\u00eancia de Aprendizagem Digital (Digital Learning Experience) permite uma aprendizagem em ambiente digital centrada no utilizador.\" \/>\n<meta name=\"robots\" content=\"index, follow, max-snippet:-1, max-image-preview:large, max-video-preview:-1\" \/>\n<link rel=\"canonical\" href=\"https:\/\/www.isqe.com\/en\/learning-experience\/\" \/>\n<meta property=\"og:locale\" content=\"en_US\" \/>\n<meta property=\"og:type\" content=\"article\" \/>\n<meta property=\"og:title\" content=\"Learning Experience - ISQe\" \/>\n<meta property=\"og:description\" content=\"Experi\u00eancia de Aprendizagem Digital (Digital Learning Experience) permite uma aprendizagem em ambiente digital centrada no utilizador.\" \/>\n<meta property=\"og:url\" content=\"https:\/\/www.isqe.com\/en\/learning-experience\/\" \/>\n<meta property=\"og:site_name\" content=\"ISQe\" \/>\n<meta property=\"article:publisher\" content=\"https:\/\/www.facebook.com\/ISQe.Engaging.People\" \/>\n<meta property=\"article:modified_time\" content=\"2022-07-18T12:13:54+00:00\" \/>\n<meta property=\"og:image\" content=\"https:\/\/www.isqe.com\/wp-content\/uploads\/2022\/01\/learning-experience-ISQE.jpg\" \/>\n\t<meta property=\"og:image:width\" content=\"1289\" \/>\n\t<meta property=\"og:image:height\" content=\"468\" \/>\n\t<meta property=\"og:image:type\" content=\"image\/jpeg\" \/>\n<meta name=\"twitter:card\" content=\"summary_large_image\" \/>\n<meta name=\"twitter:label1\" content=\"Est. reading time\" \/>\n\t<meta name=\"twitter:data1\" content=\"6 minutes\" \/>\n<script type=\"application\/ld+json\" class=\"yoast-schema-graph\">{\"@context\":\"https:\/\/schema.org\",\"@graph\":[{\"@type\":\"WebPage\",\"@id\":\"https:\/\/www.isqe.com\/learning-experience\/\",\"url\":\"https:\/\/www.isqe.com\/learning-experience\/\",\"name\":\"Learning Experience - ISQe\",\"isPartOf\":{\"@id\":\"https:\/\/www.isqe.com\/#website\"},\"primaryImageOfPage\":{\"@id\":\"https:\/\/www.isqe.com\/learning-experience\/#primaryimage\"},\"image\":{\"@id\":\"https:\/\/www.isqe.com\/learning-experience\/#primaryimage\"},\"thumbnailUrl\":\"https:\/\/www.isqe.com\/wp-content\/uploads\/2022\/01\/learning-experience-ISQE.jpg\",\"datePublished\":\"2021-12-29T16:18:03+00:00\",\"dateModified\":\"2022-07-18T12:13:54+00:00\",\"description\":\"Experi\u00eancia de Aprendizagem Digital (Digital Learning Experience) permite uma aprendizagem em ambiente digital centrada no utilizador.\",\"breadcrumb\":{\"@id\":\"https:\/\/www.isqe.com\/learning-experience\/#breadcrumb\"},\"inLanguage\":\"en-US\",\"potentialAction\":[{\"@type\":\"ReadAction\",\"target\":[\"https:\/\/www.isqe.com\/learning-experience\/\"]}]},{\"@type\":\"ImageObject\",\"inLanguage\":\"en-US\",\"@id\":\"https:\/\/www.isqe.com\/learning-experience\/#primaryimage\",\"url\":\"https:\/\/www.isqe.com\/wp-content\/uploads\/2022\/01\/learning-experience-ISQE.jpg\",\"contentUrl\":\"https:\/\/www.isqe.com\/wp-content\/uploads\/2022\/01\/learning-experience-ISQE.jpg\",\"width\":1289,\"height\":468},{\"@type\":\"BreadcrumbList\",\"@id\":\"https:\/\/www.isqe.com\/learning-experience\/#breadcrumb\",\"itemListElement\":[{\"@type\":\"ListItem\",\"position\":1,\"name\":\"In\u00edcio\",\"item\":\"https:\/\/www.isqe.com\/\"},{\"@type\":\"ListItem\",\"position\":2,\"name\":\"Learning Experience\"}]},{\"@type\":\"WebSite\",\"@id\":\"https:\/\/www.isqe.com\/#website\",\"url\":\"https:\/\/www.isqe.com\/\",\"name\":\"ISQe\",\"description\":\"Engaging People\",\"publisher\":{\"@id\":\"https:\/\/www.isqe.com\/#organization\"},\"potentialAction\":[{\"@type\":\"SearchAction\",\"target\":{\"@type\":\"EntryPoint\",\"urlTemplate\":\"https:\/\/www.isqe.com\/?s={search_term_string}\"},\"query-input\":{\"@type\":\"PropertyValueSpecification\",\"valueRequired\":true,\"valueName\":\"search_term_string\"}}],\"inLanguage\":\"en-US\"},{\"@type\":\"Organization\",\"@id\":\"https:\/\/www.isqe.com\/#organization\",\"name\":\"ISQe\",\"url\":\"https:\/\/www.isqe.com\/\",\"logo\":{\"@type\":\"ImageObject\",\"inLanguage\":\"en-US\",\"@id\":\"https:\/\/www.isqe.com\/#\/schema\/logo\/image\/\",\"url\":\"https:\/\/www.isqe.com\/wp-content\/uploads\/2022\/01\/ISQe-logotipo-web.png\",\"contentUrl\":\"https:\/\/www.isqe.com\/wp-content\/uploads\/2022\/01\/ISQe-logotipo-web.png\",\"width\":842,\"height\":596,\"caption\":\"ISQe\"},\"image\":{\"@id\":\"https:\/\/www.isqe.com\/#\/schema\/logo\/image\/\"},\"sameAs\":[\"https:\/\/www.facebook.com\/ISQe.Engaging.People\",\"https:\/\/www.instagram.com\/isqe.engage.people\/\",\"https:\/\/pt.linkedin.com\/company\/isqe\",\"https:\/\/www.youtube.com\/channel\/UChrGaLoIk_sh__ZEoCzBjxA\/featured\"]}]}<\/script>\n<!-- \/ Yoast SEO plugin. -->","yoast_head_json":{"title":"Learning Experience - ISQe","description":"Experi\u00eancia de Aprendizagem Digital (Digital Learning Experience) permite uma aprendizagem em ambiente digital centrada no utilizador.","robots":{"index":"index","follow":"follow","max-snippet":"max-snippet:-1","max-image-preview":"max-image-preview:large","max-video-preview":"max-video-preview:-1"},"canonical":"https:\/\/www.isqe.com\/en\/learning-experience\/","og_locale":"en_US","og_type":"article","og_title":"Learning Experience - ISQe","og_description":"Experi\u00eancia de Aprendizagem Digital (Digital Learning Experience) permite uma aprendizagem em ambiente digital centrada no utilizador.","og_url":"https:\/\/www.isqe.com\/en\/learning-experience\/","og_site_name":"ISQe","article_publisher":"https:\/\/www.facebook.com\/ISQe.Engaging.People","article_modified_time":"2022-07-18T12:13:54+00:00","og_image":[{"width":1289,"height":468,"url":"https:\/\/www.isqe.com\/wp-content\/uploads\/2022\/01\/learning-experience-ISQE.jpg","type":"image\/jpeg"}],"twitter_card":"summary_large_image","twitter_misc":{"Est. reading time":"6 minutes"},"schema":{"@context":"https:\/\/schema.org","@graph":[{"@type":"WebPage","@id":"https:\/\/www.isqe.com\/learning-experience\/","url":"https:\/\/www.isqe.com\/learning-experience\/","name":"Learning Experience - ISQe","isPartOf":{"@id":"https:\/\/www.isqe.com\/#website"},"primaryImageOfPage":{"@id":"https:\/\/www.isqe.com\/learning-experience\/#primaryimage"},"image":{"@id":"https:\/\/www.isqe.com\/learning-experience\/#primaryimage"},"thumbnailUrl":"https:\/\/www.isqe.com\/wp-content\/uploads\/2022\/01\/learning-experience-ISQE.jpg","datePublished":"2021-12-29T16:18:03+00:00","dateModified":"2022-07-18T12:13:54+00:00","description":"Experi\u00eancia de Aprendizagem Digital (Digital Learning Experience) permite uma aprendizagem em ambiente digital centrada no utilizador.","breadcrumb":{"@id":"https:\/\/www.isqe.com\/learning-experience\/#breadcrumb"},"inLanguage":"en-US","potentialAction":[{"@type":"ReadAction","target":["https:\/\/www.isqe.com\/learning-experience\/"]}]},{"@type":"ImageObject","inLanguage":"en-US","@id":"https:\/\/www.isqe.com\/learning-experience\/#primaryimage","url":"https:\/\/www.isqe.com\/wp-content\/uploads\/2022\/01\/learning-experience-ISQE.jpg","contentUrl":"https:\/\/www.isqe.com\/wp-content\/uploads\/2022\/01\/learning-experience-ISQE.jpg","width":1289,"height":468},{"@type":"BreadcrumbList","@id":"https:\/\/www.isqe.com\/learning-experience\/#breadcrumb","itemListElement":[{"@type":"ListItem","position":1,"name":"In\u00edcio","item":"https:\/\/www.isqe.com\/"},{"@type":"ListItem","position":2,"name":"Learning Experience"}]},{"@type":"WebSite","@id":"https:\/\/www.isqe.com\/#website","url":"https:\/\/www.isqe.com\/","name":"ISQe","description":"Engaging People","publisher":{"@id":"https:\/\/www.isqe.com\/#organization"},"potentialAction":[{"@type":"SearchAction","target":{"@type":"EntryPoint","urlTemplate":"https:\/\/www.isqe.com\/?s={search_term_string}"},"query-input":{"@type":"PropertyValueSpecification","valueRequired":true,"valueName":"search_term_string"}}],"inLanguage":"en-US"},{"@type":"Organization","@id":"https:\/\/www.isqe.com\/#organization","name":"ISQe","url":"https:\/\/www.isqe.com\/","logo":{"@type":"ImageObject","inLanguage":"en-US","@id":"https:\/\/www.isqe.com\/#\/schema\/logo\/image\/","url":"https:\/\/www.isqe.com\/wp-content\/uploads\/2022\/01\/ISQe-logotipo-web.png","contentUrl":"https:\/\/www.isqe.com\/wp-content\/uploads\/2022\/01\/ISQe-logotipo-web.png","width":842,"height":596,"caption":"ISQe"},"image":{"@id":"https:\/\/www.isqe.com\/#\/schema\/logo\/image\/"},"sameAs":["https:\/\/www.facebook.com\/ISQe.Engaging.People","https:\/\/www.instagram.com\/isqe.engage.people\/","https:\/\/pt.linkedin.com\/company\/isqe","https:\/\/www.youtube.com\/channel\/UChrGaLoIk_sh__ZEoCzBjxA\/featured"]}]}},"_links":{"self":[{"href":"https:\/\/www.isqe.com\/en\/wp-json\/wp\/v2\/pages\/15347","targetHints":{"allow":["GET"]}}],"collection":[{"href":"https:\/\/www.isqe.com\/en\/wp-json\/wp\/v2\/pages"}],"about":[{"href":"https:\/\/www.isqe.com\/en\/wp-json\/wp\/v2\/types\/page"}],"author":[{"embeddable":true,"href":"https:\/\/www.isqe.com\/en\/wp-json\/wp\/v2\/users\/3"}],"replies":[{"embeddable":true,"href":"https:\/\/www.isqe.com\/en\/wp-json\/wp\/v2\/comments?post=15347"}],"version-history":[{"count":26,"href":"https:\/\/www.isqe.com\/en\/wp-json\/wp\/v2\/pages\/15347\/revisions"}],"predecessor-version":[{"id":16524,"href":"https:\/\/www.isqe.com\/en\/wp-json\/wp\/v2\/pages\/15347\/revisions\/16524"}],"wp:featuredmedia":[{"embeddable":true,"href":"https:\/\/www.isqe.com\/en\/wp-json\/wp\/v2\/media\/15994"}],"wp:attachment":[{"href":"https:\/\/www.isqe.com\/en\/wp-json\/wp\/v2\/media?parent=15347"}],"curies":[{"name":"wp","href":"https:\/\/api.w.org\/{rel}","templated":true}]}}